{"id":24,"date":"2017-02-13T16:31:31","date_gmt":"2017-02-13T18:31:31","guid":{"rendered":"https:\/\/wp.ufpel.edu.br\/ndh\/?page_id=24"},"modified":"2022-04-06T09:51:00","modified_gmt":"2022-04-06T12:51:00","slug":"acervo","status":"publish","type":"page","link":"https:\/\/wp.ufpel.edu.br\/ndh\/acervo\/","title":{"rendered":"Acervo"},"content":{"rendered":"<p>O N\u00facleo de Documenta\u00e7\u00e3o Hist\u00f3rica (NDH), ao longo dos anos, vem acumulando um acervo documental caracterizado pela sua heterogeneidade, de conte\u00fado e tipos de materiais proveniente de doa\u00e7\u00f5es e arrecada\u00e7\u00f5es diversas, abordando principalmente assuntos referentes a movimentos sociais (oper\u00e1rio, urbanos, MST, etc.), a hist\u00f3ria de Pelotas e regi\u00e3o e a hist\u00f3ria da Universidade Federal de Pelotas.<\/p>\n<p>Possui in\u00fameros jornais, revistas, panfletos, folhetos, etc., al\u00e9m de um acervo bibliogr\u00e1fico bastante amplo, composto de livros, peri\u00f3dicos, teses, disserta\u00e7\u00f5es, relat\u00f3rios, artigos e monografias, todos a disposi\u00e7\u00e3o dos estudantes e pesquisadores.<\/p>\n<p>Tamb\u00e9m faz parte do acervo documental do NDH o arquivo permanente da Delegacia Regional do Trabalho (DRT) que abarca as d\u00e9cadas de 1930 a 1960 e o arquivo de Processos Judiciais da Justi\u00e7a do Trabalho da Comarca de Pelotas, das d\u00e9cadas de 1940 a 1990,\u00a0os documentos do Gr\u00eamio Estudantil do CEFET-RS e do DCE &#8211; UFPel, doados em regime de comodato e, tamb\u00e9m, o manuscrito in\u00e9dito de Jo\u00e3o Sim\u00f5es Lopes Neto, Artinha de Leitura que foi repassado para o Instituto Jo\u00e3o Sim\u00f5es Lopes Neto, em Pelotas. Outro importante acervo sob guarda do NDH \u00e9 a cole\u00e7\u00e3o com 241 folhetos doados pela Igreja Positivista do Brasil e pela Capela Positivista de Porto Alegre ao Prof. Dr. Paulo Pezat.<\/p>\n<h3 align=\"center\"><\/h3>\n","protected":false},"excerpt":{"rendered":"<p>O N\u00facleo de Documenta\u00e7\u00e3o Hist\u00f3rica (NDH), ao longo dos anos, vem acumulando um acervo documental caracterizado pela sua heterogeneidade, de conte\u00fado e tipos de materiais proveniente de doa\u00e7\u00f5es e arrecada\u00e7\u00f5es diversas, abordando principalmente assuntos referentes a movimentos sociais (oper\u00e1rio, urbanos, MST, etc.), a hist\u00f3ria de Pelotas e regi\u00e3o e a hist\u00f3ria da Universidade Federal de [&hellip;]<\/p>\n","protected":false},"author":718,"featured_media":0,"parent":0,"menu_order":0,"comment_status":"closed","ping_status":"closed","template":"","meta":{"jetpack_post_was_ever_published":false,"footnotes":""},"class_list":["post-24","page","type-page","status-publish","hentry"],"jetpack_sharing_enabled":true,"jetpack_shortlink":"https:\/\/wp.me\/P9qy4R-o","jetpack_likes_enabled":true,"jetpack-related-posts":[],"_links":{"self":[{"href":"https:\/\/wp.ufpel.edu.br\/ndh\/wp-json\/wp\/v2\/pages\/24","targetHints":{"allow":["GET"]}}],"collection":[{"href":"https:\/\/wp.ufpel.edu.br\/ndh\/wp-json\/wp\/v2\/pages"}],"about":[{"href":"https:\/\/wp.ufpel.edu.br\/ndh\/wp-json\/wp\/v2\/types\/page"}],"author":[{"embeddable":true,"href":"https:\/\/wp.ufpel.edu.br\/ndh\/wp-json\/wp\/v2\/users\/718"}],"replies":[{"embeddable":true,"href":"https:\/\/wp.ufpel.edu.br\/ndh\/wp-json\/wp\/v2\/comments?post=24"}],"version-history":[{"count":7,"href":"https:\/\/wp.ufpel.edu.br\/ndh\/wp-json\/wp\/v2\/pages\/24\/revisions"}],"predecessor-version":[{"id":3576,"href":"https:\/\/wp.ufpel.edu.br\/ndh\/wp-json\/wp\/v2\/pages\/24\/revisions\/3576"}],"wp:attachment":[{"href":"https:\/\/wp.ufpel.edu.br\/ndh\/wp-json\/wp\/v2\/media?parent=24"}],"curies":[{"name":"wp","href":"https:\/\/api.w.org\/{rel}","templated":true}]}}