{"id":234,"date":"2017-02-16T14:32:59","date_gmt":"2017-02-16T16:32:59","guid":{"rendered":"https:\/\/wp.ufpel.edu.br\/ndh\/?page_id=234"},"modified":"2019-06-13T09:10:18","modified_gmt":"2019-06-13T12:10:18","slug":"hr-numero-16","status":"publish","type":"page","link":"https:\/\/wp.ufpel.edu.br\/ndh\/hr-numero-16\/","title":{"rendered":"HR &#8211; N\u00famero 16"},"content":{"rendered":"<p><strong><img data-recalc-dims=\"1\" loading=\"lazy\" decoding=\"async\" data-attachment-id=\"768\" data-permalink=\"https:\/\/wp.ufpel.edu.br\/ndh\/hr-numero-16\/hr-16\/#main\" data-orig-file=\"https:\/\/i0.wp.com\/wp.ufpel.edu.br\/ndh\/files\/2017\/02\/hr-16.png?fit=200%2C290&amp;ssl=1\" data-orig-size=\"200,290\" data-comments-opened=\"0\" data-image-meta=\"{&quot;aperture&quot;:&quot;0&quot;,&quot;credit&quot;:&quot;&quot;,&quot;camera&quot;:&quot;&quot;,&quot;caption&quot;:&quot;&quot;,&quot;created_timestamp&quot;:&quot;0&quot;,&quot;copyright&quot;:&quot;&quot;,&quot;focal_length&quot;:&quot;0&quot;,&quot;iso&quot;:&quot;0&quot;,&quot;shutter_speed&quot;:&quot;0&quot;,&quot;title&quot;:&quot;&quot;,&quot;orientation&quot;:&quot;0&quot;}\" data-image-title=\"hr-16\" data-image-description=\"\" data-image-caption=\"\" data-medium-file=\"https:\/\/i0.wp.com\/wp.ufpel.edu.br\/ndh\/files\/2017\/02\/hr-16.png?fit=200%2C290&amp;ssl=1\" data-large-file=\"https:\/\/i0.wp.com\/wp.ufpel.edu.br\/ndh\/files\/2017\/02\/hr-16.png?fit=200%2C220&amp;ssl=1\" class=\"alignleft size-full wp-image-768\" src=\"https:\/\/i0.wp.com\/wp.ufpel.edu.br\/ndh\/files\/2017\/02\/hr-16.png?resize=200%2C290&#038;ssl=1\" alt=\"\" width=\"200\" height=\"290\" srcset=\"https:\/\/i0.wp.com\/wp.ufpel.edu.br\/ndh\/files\/2017\/02\/hr-16.png?w=200&amp;ssl=1 200w, https:\/\/i0.wp.com\/wp.ufpel.edu.br\/ndh\/files\/2017\/02\/hr-16.png?resize=110%2C159&amp;ssl=1 110w\" sizes=\"auto, (max-width: 200px) 100vw, 200px\" \/><\/strong><\/p>\n<p><strong>[ISSN 1516-2095]<\/strong><\/p>\n<p><strong><a href=\"https:\/\/wp.ufpel.edu.br\/ndh\/apresentacao-hr-16\/\">Apresenta\u00e7\u00e3o<\/a><\/strong><br \/>\nPresentation<strong><br \/>\n<\/strong><br \/>\n<a href=\"https:\/\/periodicos.ufpel.edu.br\/ojs2\/index.php\/HistRev\/article\/view\/12231\" target=\"_blank\" rel=\"noopener noreferrer\"><strong>Cautivos en las estancias de la frontera uruguaya. Trafico de esclavos en la frontera oriental en la segunda mitad del siglo XIX<\/strong><\/a><br \/>\nCaptives in Uruguayan bordering farms. Slave traffic in the Eastern border in the second half of the 19th century<br \/>\n<strong>Eduardo R. Palermo<\/strong><\/p>\n<p><a href=\"https:\/\/periodicos.ufpel.edu.br\/ojs2\/index.php\/HistRev\/article\/view\/12232\" target=\"_blank\" rel=\"noopener noreferrer\"><strong>Por se ter queimado uma preta escrava, com o pretexto de bruxaria: fronteira, impunidade e cren\u00e7a dos senhores no poder m\u00e1gico-religioso de seus cativos (Rinc\u00e3o de Artigas \/ 1856)<\/strong><\/a><br \/>\nBecause they have burned a black slave, with the pretext of witchcraft: border, impunity and belief in the magic power of the masters of their captives-religious.<br \/>\n<strong>Paulo Roberto Staudt Moreira<\/strong><\/p>\n<p><strong><a href=\"https:\/\/periodicos.ufpel.edu.br\/ojs2\/index.php\/HistRev\/article\/view\/12241\" target=\"_blank\" rel=\"noopener noreferrer\">Rede social e prest\u00edgio familiar nas cartas da Baronesa de Tr\u00eas Serros<\/a><\/strong><br \/>\nSocial nets and family prestige in the letters of Baroness\u00a0 of Tr\u00eas Serros<br \/>\n<strong>D\u00e9bora Clasen de Paula<\/strong><\/p>\n<p><strong><a href=\"https:\/\/periodicos.ufpel.edu.br\/ojs2\/index.php\/HistRev\/article\/view\/12242\" target=\"_blank\" rel=\"noopener noreferrer\">A invas\u00e3o da Abiss\u00ednia e o jornal A Alvorada<\/a><\/strong><br \/>\nThe Abyssinian invasion and the newspaper A Alvorada<br \/>\n<strong>Alexandre Kohlrausch Marques<\/strong><\/p>\n<p><a href=\"https:\/\/periodicos.ufpel.edu.br\/ojs2\/index.php\/HistRev\/article\/view\/12243\" target=\"_blank\" rel=\"noopener noreferrer\"><strong>O comunismo e a Uni\u00e3o Sovi\u00e9tica nas p\u00e1ginas da Revista do Globo (1930-1945)<\/strong><\/a><br \/>\nCommunism and Soviet Union in the pages of Revista do Globo (1930-1945)<br \/>\n<strong>Maris\u00e2ngela T. A. Martins<\/strong><\/p>\n<p><a href=\"https:\/\/periodicos.ufpel.edu.br\/ojs2\/index.php\/HistRev\/article\/view\/12218\" target=\"_blank\" rel=\"noopener noreferrer\"><strong>Voando com o Le\u00e3o Alado de S\u00e3o Marcos: A inven\u00e7\u00e3o do talian no Rio Grande do Sul<\/strong><\/a><br \/>\nFlying with the winged lion of St. Mark: The invention of the &#8220;talian&#8221; in Rio Grande do Sul.<br \/>\n<strong>Paulo C\u00e9sar Possamai<\/strong><\/p>\n<p><a href=\"https:\/\/periodicos.ufpel.edu.br\/ojs2\/index.php\/HistRev\/article\/view\/12219\" target=\"_blank\" rel=\"noopener noreferrer\"><strong>INSTRUMENTO DE TRABALHO: <\/strong>Acervo da Justi\u00e7a do Trabalho e a Pesquisa Hist\u00f3rica <\/a><strong><br \/>\nLorena Almeida Gill | Beatriz Ana Loner | L\u00f3ren Nunes da Rocha | Marciele Vasconcellos | Micaele Irene Scheer<\/strong><\/p>\n<p><a href=\"https:\/\/periodicos.ufpel.edu.br\/ojs2\/index.php\/HistRev\/article\/view\/12244\" target=\"_blank\" rel=\"noopener noreferrer\"><strong>RESENHA: <\/strong>Pretos e brancos: experi\u00eancias comuns<\/a><br \/>\nMATTOS, Marcelo Badar\u00f3. Escravizados e livres: experi\u00eancias comuns na forma\u00e7\u00e3o da classe trabalhadora carioca. Rio de Janeiro: Bom Texto, 2008. 240p.<br \/>\n<strong>Petr\u00f4nio Domingues<\/strong><\/p>\n","protected":false},"excerpt":{"rendered":"<p>[ISSN 1516-2095] Apresenta\u00e7\u00e3o Presentation Cautivos en las estancias de la frontera uruguaya. Trafico de esclavos en la frontera oriental en la segunda mitad del siglo XIX Captives in Uruguayan bordering farms. Slave traffic in the Eastern border in the second half of the 19th century Eduardo R. Palermo Por se ter queimado uma preta escrava, [&hellip;]<\/p>\n","protected":false},"author":718,"featured_media":0,"parent":0,"menu_order":0,"comment_status":"closed","ping_status":"closed","template":"","meta":{"jetpack_post_was_ever_published":false,"footnotes":""},"class_list":["post-234","page","type-page","status-publish","hentry"],"jetpack_sharing_enabled":true,"jetpack_shortlink":"https:\/\/wp.me\/P9qy4R-3M","jetpack_likes_enabled":true,"jetpack-related-posts":[],"_links":{"self":[{"href":"https:\/\/wp.ufpel.edu.br\/ndh\/wp-json\/wp\/v2\/pages\/234","targetHints":{"allow":["GET"]}}],"collection":[{"href":"https:\/\/wp.ufpel.edu.br\/ndh\/wp-json\/wp\/v2\/pages"}],"about":[{"href":"https:\/\/wp.ufpel.edu.br\/ndh\/wp-json\/wp\/v2\/types\/page"}],"author":[{"embeddable":true,"href":"https:\/\/wp.ufpel.edu.br\/ndh\/wp-json\/wp\/v2\/users\/718"}],"replies":[{"embeddable":true,"href":"https:\/\/wp.ufpel.edu.br\/ndh\/wp-json\/wp\/v2\/comments?post=234"}],"version-history":[{"count":6,"href":"https:\/\/wp.ufpel.edu.br\/ndh\/wp-json\/wp\/v2\/pages\/234\/revisions"}],"predecessor-version":[{"id":1980,"href":"https:\/\/wp.ufpel.edu.br\/ndh\/wp-json\/wp\/v2\/pages\/234\/revisions\/1980"}],"wp:attachment":[{"href":"https:\/\/wp.ufpel.edu.br\/ndh\/wp-json\/wp\/v2\/media?parent=234"}],"curies":[{"name":"wp","href":"https:\/\/api.w.org\/{rel}","templated":true}]}}