{"id":228,"date":"2017-02-16T14:32:31","date_gmt":"2017-02-16T16:32:31","guid":{"rendered":"https:\/\/wp.ufpel.edu.br\/ndh\/?page_id=228"},"modified":"2019-06-13T09:24:10","modified_gmt":"2019-06-13T12:24:10","slug":"hr-numero-14","status":"publish","type":"page","link":"https:\/\/wp.ufpel.edu.br\/ndh\/hr-numero-14\/","title":{"rendered":"HR &#8211; N\u00famero 14"},"content":{"rendered":"<p><strong><a href=\"https:\/\/wp.ufpel.edu.br\/ndh\/apresentacao-hr-14\/\"><img data-recalc-dims=\"1\" loading=\"lazy\" decoding=\"async\" data-attachment-id=\"748\" data-permalink=\"https:\/\/wp.ufpel.edu.br\/ndh\/hr-numero-14\/hr-14\/#main\" data-orig-file=\"https:\/\/i0.wp.com\/wp.ufpel.edu.br\/ndh\/files\/2017\/02\/hr-14.png?fit=200%2C333&amp;ssl=1\" data-orig-size=\"200,333\" data-comments-opened=\"0\" data-image-meta=\"{&quot;aperture&quot;:&quot;0&quot;,&quot;credit&quot;:&quot;&quot;,&quot;camera&quot;:&quot;&quot;,&quot;caption&quot;:&quot;&quot;,&quot;created_timestamp&quot;:&quot;0&quot;,&quot;copyright&quot;:&quot;&quot;,&quot;focal_length&quot;:&quot;0&quot;,&quot;iso&quot;:&quot;0&quot;,&quot;shutter_speed&quot;:&quot;0&quot;,&quot;title&quot;:&quot;&quot;,&quot;orientation&quot;:&quot;0&quot;}\" data-image-title=\"hr-14\" data-image-description=\"\" data-image-caption=\"\" data-large-file=\"https:\/\/i0.wp.com\/wp.ufpel.edu.br\/ndh\/files\/2017\/02\/hr-14.png?fit=200%2C220&amp;ssl=1\" class=\"alignleft size-medium wp-image-748\" src=\"https:\/\/i0.wp.com\/wp.ufpel.edu.br\/ndh\/files\/2017\/02\/hr-14.png?resize=191%2C318&#038;ssl=1\" alt=\"\" width=\"191\" height=\"318\" srcset=\"https:\/\/i0.wp.com\/wp.ufpel.edu.br\/ndh\/files\/2017\/02\/hr-14.png?resize=191%2C318&amp;ssl=1 191w, https:\/\/i0.wp.com\/wp.ufpel.edu.br\/ndh\/files\/2017\/02\/hr-14.png?resize=95%2C159&amp;ssl=1 95w, https:\/\/i0.wp.com\/wp.ufpel.edu.br\/ndh\/files\/2017\/02\/hr-14.png?w=200&amp;ssl=1 200w\" sizes=\"auto, (max-width: 191px) 100vw, 191px\" \/><\/a><\/strong><\/p>\n<p><strong>[ISSN 1516-2095]<\/strong><\/p>\n<p><strong><a href=\"https:\/\/wp.ufpel.edu.br\/ndh\/apresentacao-hr-14\/\">Apresenta\u00e7\u00e3o<\/a><\/strong><br \/>\nPresentation<\/p>\n<p><strong><a href=\"https:\/\/periodicos.ufpel.edu.br\/ojs2\/index.php\/HistRev\/article\/view\/5476\" target=\"_blank\" rel=\"noopener noreferrer\">Reflex\u00f5es Te\u00f3ricas Acerca dos Problemas de An\u00e1lise do Militantismo Oper\u00e1rio na Rep\u00fablica Velha Ga\u00facha<\/a><\/strong><br \/>\nTeorethical reflections about the problems of analysis of the worker militantism in the First Republic in Southern Brazil<br \/>\n<strong>C\u00e9sar Augusto Bubolz Queir\u00f3s<\/strong><\/p>\n<p><strong><a href=\"https:\/\/periodicos.ufpel.edu.br\/ojs2\/index.php\/HistRev\/article\/view\/5475\" target=\"_blank\" rel=\"noopener noreferrer\">Imagina\u00e7\u00e3o no Poder: Uma Hist\u00f3ria Pol\u00edtica do Estado de Roraima<\/a><\/strong><br \/>\nImagination in the Power: A Political History of the State of Roraima.<strong><br \/>\nVictor Hugo Veppo Burgardt<\/strong><\/p>\n<p><strong><a href=\"https:\/\/periodicos.ufpel.edu.br\/ojs2\/index.php\/HistRev\/article\/view\/5505\" target=\"_blank\" rel=\"noopener noreferrer\">A Revolu\u00e7\u00e3o Mexicana e o cinema de melodrama<\/a><br \/>\n<\/strong>The Mexican Revolution and the melodrama\u2019s movies<strong><br \/>\nMaur\u00edcio de Bragan\u00e7a<\/strong><\/p>\n<p><strong><a href=\"https:\/\/periodicos.ufpel.edu.br\/ojs2\/index.php\/HistRev\/article\/view\/5506\" target=\"_blank\" rel=\"noopener noreferrer\">Sensibilidades em contato inevit\u00e1vel: t\u00e1ticas de negocia\u00e7\u00e3o da devo\u00e7\u00e3o em Porto Alegre, s\u00e9culo XIX<\/a><\/strong><br \/>\nFeelings in inevitable contact:\u00a0 the negotiation tactics of devotion in the city of Porto Alegre\/ Rio Grande do Sul, in the XIXt<br \/>\n<strong>Mauro Dillmann<\/strong><\/p>\n<p><strong><a href=\"https:\/\/periodicos.ufpel.edu.br\/ojs2\/index.php\/HistRev\/article\/view\/5507\" target=\"_blank\" rel=\"noopener noreferrer\">Domina\u00e7\u00e3o e consentimento na obra \u201cA Am\u00e9rica Latina: males de origem\u201d de Manoel Bomfim<\/a> <\/strong><br \/>\nDomination and Acquiescence in \u201cA Am\u00e9rica Latina: Males de Origem\u201d (Latin America: Origin Evils) by Manoel Bomfim<br \/>\n<strong>Celso Noboru Uemori<\/strong><br \/>\n<a href=\"https:\/\/periodicos.ufpel.edu.br\/ojs2\/index.php\/HistRev\/article\/view\/5519\" target=\"_blank\" rel=\"noopener noreferrer\"><br \/>\n<strong>A Mem\u00f3ria dos Pap\u00e9is de G\u00eanero: Homens e Mulheres no Universo Fabril Ga\u00facho do In\u00edcio da Rep\u00fablica Velha (1889 &#8211; 1920)<\/strong><\/a><br \/>\nThe memory of the gender role: men and women in the universe manufacter gaucho of the beginning of Old Republic (1889 &#8211; 1920)<br \/>\n<strong>Evangelia Aravanis<\/strong><\/p>\n<p><strong><a href=\"https:\/\/periodicos.ufpel.edu.br\/ojs2\/index.php\/HistRev\/article\/view\/5520\" target=\"_blank\" rel=\"noopener noreferrer\">Protesto oper\u00e1rio, repress\u00e3o policial e anticomunismo: apontamentos iniciais\u00a0 (Rio Grande 1949, 1950 e 1952)<\/a><\/strong><br \/>\nWorker protest, policeman repression and anticommunism: initial notes (Rio Grande 1949, 1950 and 1952)<br \/>\n<strong>M\u00e1rio Augusto Correia San Segundo<\/strong><\/p>\n<p><strong>Instrumento de Trabalho <\/strong><a href=\"https:\/\/periodicos.ufpel.edu.br\/ojs2\/index.php\/HistRev\/article\/view\/5522\" target=\"_blank\" rel=\"noopener noreferrer\"><br \/>\n<strong>Cuidado E Aten\u00e7\u00e3o: A Presen\u00e7a Das Visitadoras Sanit\u00e1rias Em Pelotas (RS)<\/strong><\/a><\/p>\n<p><strong>Resenha<\/strong><a href=\"https:\/\/periodicos.ufpel.edu.br\/ojs2\/index.php\/HistRev\/article\/view\/5523\" target=\"_blank\" rel=\"noopener noreferrer\"><br \/>\n<strong>ALFARO, Milita. <em>Memorias de La bacanal<\/em> \u2013 vida y milagros del Carnaval montevideano. Montevideo: Banda Oriental, 2008, 95p. ilust <\/strong><\/a><\/p>\n","protected":false},"excerpt":{"rendered":"<p>[ISSN 1516-2095] Apresenta\u00e7\u00e3o Presentation Reflex\u00f5es Te\u00f3ricas Acerca dos Problemas de An\u00e1lise do Militantismo Oper\u00e1rio na Rep\u00fablica Velha Ga\u00facha Teorethical reflections about the problems of analysis of the worker militantism in the First Republic in Southern Brazil C\u00e9sar Augusto Bubolz Queir\u00f3s Imagina\u00e7\u00e3o no Poder: Uma Hist\u00f3ria Pol\u00edtica do Estado de Roraima Imagination in the Power: A [&hellip;]<\/p>\n","protected":false},"author":718,"featured_media":0,"parent":0,"menu_order":0,"comment_status":"closed","ping_status":"closed","template":"","meta":{"_crdt_document":"","footnotes":""},"class_list":["post-228","page","type-page","status-publish","hentry"],"jetpack_sharing_enabled":true,"jetpack_shortlink":"https:\/\/wp.me\/P9qy4R-3G","jetpack_likes_enabled":true,"jetpack-related-posts":[],"_links":{"self":[{"href":"https:\/\/wp.ufpel.edu.br\/ndh\/wp-json\/wp\/v2\/pages\/228","targetHints":{"allow":["GET"]}}],"collection":[{"href":"https:\/\/wp.ufpel.edu.br\/ndh\/wp-json\/wp\/v2\/pages"}],"about":[{"href":"https:\/\/wp.ufpel.edu.br\/ndh\/wp-json\/wp\/v2\/types\/page"}],"author":[{"embeddable":true,"href":"https:\/\/wp.ufpel.edu.br\/ndh\/wp-json\/wp\/v2\/users\/718"}],"replies":[{"embeddable":true,"href":"https:\/\/wp.ufpel.edu.br\/ndh\/wp-json\/wp\/v2\/comments?post=228"}],"version-history":[{"count":7,"href":"https:\/\/wp.ufpel.edu.br\/ndh\/wp-json\/wp\/v2\/pages\/228\/revisions"}],"predecessor-version":[{"id":1983,"href":"https:\/\/wp.ufpel.edu.br\/ndh\/wp-json\/wp\/v2\/pages\/228\/revisions\/1983"}],"wp:attachment":[{"href":"https:\/\/wp.ufpel.edu.br\/ndh\/wp-json\/wp\/v2\/media?parent=228"}],"curies":[{"name":"wp","href":"https:\/\/api.w.org\/{rel}","templated":true}]}}