{"id":225,"date":"2017-02-16T14:32:18","date_gmt":"2017-02-16T16:32:18","guid":{"rendered":"https:\/\/wp.ufpel.edu.br\/ndh\/?page_id=225"},"modified":"2019-06-13T11:31:59","modified_gmt":"2019-06-13T14:31:59","slug":"hr-numeros-1213","status":"publish","type":"page","link":"https:\/\/wp.ufpel.edu.br\/ndh\/hr-numeros-1213\/","title":{"rendered":"HR &#8211; N\u00fameros 12\/13"},"content":{"rendered":"<p><strong><a href=\"https:\/\/wp.ufpel.edu.br\/ndh\/apresentacao-hr-1213\/\"><img data-recalc-dims=\"1\" loading=\"lazy\" decoding=\"async\" data-attachment-id=\"739\" data-permalink=\"https:\/\/wp.ufpel.edu.br\/ndh\/hr-numeros-1213\/hr-12-13\/#main\" data-orig-file=\"https:\/\/i0.wp.com\/wp.ufpel.edu.br\/ndh\/files\/2017\/02\/hr-12.13.png?fit=200%2C333&amp;ssl=1\" data-orig-size=\"200,333\" data-comments-opened=\"0\" data-image-meta=\"{&quot;aperture&quot;:&quot;0&quot;,&quot;credit&quot;:&quot;&quot;,&quot;camera&quot;:&quot;&quot;,&quot;caption&quot;:&quot;&quot;,&quot;created_timestamp&quot;:&quot;0&quot;,&quot;copyright&quot;:&quot;&quot;,&quot;focal_length&quot;:&quot;0&quot;,&quot;iso&quot;:&quot;0&quot;,&quot;shutter_speed&quot;:&quot;0&quot;,&quot;title&quot;:&quot;&quot;,&quot;orientation&quot;:&quot;0&quot;}\" data-image-title=\"hr-12.13\" data-image-description=\"\" data-image-caption=\"\" data-medium-file=\"https:\/\/i0.wp.com\/wp.ufpel.edu.br\/ndh\/files\/2017\/02\/hr-12.13.png?fit=191%2C318&amp;ssl=1\" data-large-file=\"https:\/\/i0.wp.com\/wp.ufpel.edu.br\/ndh\/files\/2017\/02\/hr-12.13.png?fit=200%2C220&amp;ssl=1\" class=\"alignleft size-medium wp-image-739\" src=\"https:\/\/i0.wp.com\/wp.ufpel.edu.br\/ndh\/files\/2017\/02\/hr-12.13.png?resize=191%2C318&#038;ssl=1\" alt=\"\" width=\"191\" height=\"318\" srcset=\"https:\/\/i0.wp.com\/wp.ufpel.edu.br\/ndh\/files\/2017\/02\/hr-12.13.png?resize=191%2C318&amp;ssl=1 191w, https:\/\/i0.wp.com\/wp.ufpel.edu.br\/ndh\/files\/2017\/02\/hr-12.13.png?resize=95%2C159&amp;ssl=1 95w, https:\/\/i0.wp.com\/wp.ufpel.edu.br\/ndh\/files\/2017\/02\/hr-12.13.png?w=200&amp;ssl=1 200w\" sizes=\"auto, (max-width: 191px) 100vw, 191px\" \/><\/a><\/strong><\/p>\n<p><strong>[ISSN 1516-2095]<\/strong><\/p>\n<p><strong><a href=\"https:\/\/wp.ufpel.edu.br\/ndh\/apresentacao-hr-1213\/\">APRESENTA\u00c7\u00c3O<\/a><\/strong><br \/>\n<em>PRESENTATION<\/em><br \/>\n<strong>Lorena Almeida Gill (Editora)<\/strong><\/p>\n<p><strong>Dossi\u00ea Hist\u00f3ria e Cidades<\/strong><\/p>\n<p><strong><a href=\"https:\/\/periodicos.ufpel.edu.br\/ojs2\/index.php\/HistRev\/article\/view\/11421\" target=\"_blank\" rel=\"noopener noreferrer\">A Col\u00f4nia do Sacramento: Uma pra\u00e7a de guerra do imp\u00e9rio colonial portugu\u00eas<\/a><\/strong><br \/>\n<em>Col\u00f4nia do Sacramento: a fortified outpost of the Portuguese colonial empire.<\/em><br \/>\n<strong>Paulo C\u00e9sar Possamai<\/strong><\/p>\n<p><strong><a href=\"https:\/\/periodicos.ufpel.edu.br\/ojs2\/index.php\/HistRev\/article\/view\/11429\" target=\"_blank\" rel=\"noopener noreferrer\">Tra\u00e7os da Rep\u00fablica: representa\u00e7\u00f5es da Proclama\u00e7\u00e3o nas p\u00e1ginas do peri\u00f3dico ilustrado A Ventarola<\/a><\/strong><br \/>\n<em>Drawings of the Republic: representations of the Proclamation in the pages of the illustrated periodic A Ventarola<\/em><br \/>\n<strong>Aristeu Elisandro Machado Lopes<\/strong><\/p>\n<p><strong><a href=\"https:\/\/periodicos.ufpel.edu.br\/ojs2\/index.php\/HistRev\/article\/view\/11455\" target=\"_blank\" rel=\"noopener noreferrer\">Duas Cidades em uma: a Pelotas de Francisco e de Salvador<\/a><\/strong><br \/>\n<em>Two cities in one: the Francisco\u2019s and Salvador\u2019s Pelotas<\/em><br \/>\n<strong>Lorena Almeida Gill<\/strong><\/p>\n<p><strong><a href=\"https:\/\/periodicos.ufpel.edu.br\/ojs2\/index.php\/HistRev\/article\/view\/11432\" target=\"_blank\" rel=\"noopener noreferrer\">Moradia popular e expans\u00e3o urbana \u2013 as vilas prolet\u00e1rias pelotenses<\/a><\/strong><br \/>\n<em>Popular houses and urban expansion \u2013 Pelotas\u2019s proletarian villages<\/em><br \/>\n<strong>Rosa Maria Garcia Rolim de Moura<\/strong><\/p>\n<p><strong><a href=\"https:\/\/periodicos.ufpel.edu.br\/ojs2\/index.php\/HistRev\/article\/view\/11435\" target=\"_blank\" rel=\"noopener noreferrer\">Bicho da Seda: o espa\u00e7o dos oper\u00e1rios das f\u00e1bricas de Fia\u00e7\u00e3o e Tecelagem em Pelotas<\/a><\/strong><br \/>\nSilkworm: the weaving and wiring factory workers environment in Pelotas (Brasil)<br \/>\n<strong>C\u00edntia Vieira Essinger<\/strong><\/p>\n<p><strong>Dossi\u00ea As Dif\u00edceis Artes do Bem Viver<\/strong><\/p>\n<p><strong><a href=\"https:\/\/periodicos.ufpel.edu.br\/ojs2\/index.php\/HistRev\/article\/view\/11456\" target=\"_blank\" rel=\"noopener noreferrer\">Insultos e Insubordina\u00e7\u00f5es: o nascimento da pol\u00edcia na cidade de Pelotas<\/a><\/strong><br \/>\n<em>Insults and insubordinations: the birth of the police in the city of Pelotas<\/em><br \/>\n<strong>Caiu\u00e1 Cardoso Al-Alam<\/strong><\/p>\n<p><strong><a href=\"https:\/\/periodicos.ufpel.edu.br\/ojs2\/index.php\/HistRev\/article\/view\/11448\" target=\"_blank\" rel=\"noopener noreferrer\">Preferem-se estrangeiros: Os trabalhadores imigrantes em Pelotas<\/a><\/strong><br \/>\n<em>Foreign prefered: The immigrant workers in Pelotas.<\/em><br \/>\n<strong>Carla Gabriela Cavini Bontempo<\/strong><\/p>\n<p><strong><a href=\"https:\/\/periodicos.ufpel.edu.br\/ojs2\/index.php\/HistRev\/article\/view\/11452\" target=\"_blank\" rel=\"noopener noreferrer\">Libertas pela guerra: sobre fugas e cartas de alforria durante a Guerra dos Farrapos<\/a><\/strong><br \/>\n<em>Slaves women emancipated by the war: about escapes and releases during the War of Farrapos<\/em><br \/>\n<strong>Jovani de souza Scherer<\/strong><\/p>\n<p><strong><a href=\"https:\/\/periodicos.ufpel.edu.br\/ojs2\/index.php\/HistRev\/article\/view\/11457\" target=\"_blank\" rel=\"noopener noreferrer\">O dia em que a ex-escrava Bibiana matou Dona Castorina da Silva Dutra a marteladas, golpes de canivete, arremessando-a no fogo<\/a><\/strong><br \/>\n<em>The day when the former slave Bibiana murdered \u201cDona\u201d Castorina da Silva Dutra by <\/em><em>hammering, pocket-knife strikes, throwing her into the fire <\/em><br \/>\n<strong>Rodrigo de Azevedo Weimer<\/strong><\/p>\n<p><strong><a href=\"https:\/\/periodicos.ufpel.edu.br\/ojs2\/index.php\/HistRev\/article\/view\/11453\" target=\"_blank\" rel=\"noopener noreferrer\">Instrumento de Trabalho<br \/>\nPublica\u00e7\u00f5es da Igreja Positivista do Brasil pertencentes ao acervo do N\u00facleo de Documenta\u00e7\u00e3o Hist\u00f3rica da UFPel<\/a><\/strong><br \/>\n<em>Work Instruments: Publications of the Positivist Church of Brazil which belong to the collection of the Nucleus of Historical Documentation of the Federal University of Pelotas<\/em><\/p>\n<p><strong>Resenha <\/strong><br \/>\n<a href=\"https:\/\/periodicos.ufpel.edu.br\/ojs2\/index.php\/HistRev\/article\/view\/11458\" target=\"_blank\" rel=\"noopener noreferrer\">LEVITT, Steven D.; STEPHEN, J. Dubner.<em>FREAKNOMICS \u2013 o lado oculto e inesperado de tudo que nos afeta. <\/em>S\u00e3o Paulo: CAMPUS, 2005<\/a><br \/>\nWilliam H\u00e9ctor G\u00f3mez Soto<\/p>\n<p><strong>Resenha<\/strong><br \/>\n<a href=\"https:\/\/periodicos.ufpel.edu.br\/ojs2\/index.php\/HistRev\/article\/view\/11459\" target=\"_blank\" rel=\"noopener noreferrer\">DOS ANJOS, Jos\u00e9 Carlos Gomes. No territ\u00f3rio da Linha Cruzada: a cosmopol\u00edtica afro-brasileira. Porto Alegre: Editora da UFRGS\/ Funda\u00e7\u00e3o Cultural Palmares, 2006.<\/a><br \/>\nMar\u00edlia Flo\u00f4r Kosby<\/p>\n","protected":false},"excerpt":{"rendered":"<p>[ISSN 1516-2095] APRESENTA\u00c7\u00c3O PRESENTATION Lorena Almeida Gill (Editora) Dossi\u00ea Hist\u00f3ria e Cidades A Col\u00f4nia do Sacramento: Uma pra\u00e7a de guerra do imp\u00e9rio colonial portugu\u00eas Col\u00f4nia do Sacramento: a fortified outpost of the Portuguese colonial empire. Paulo C\u00e9sar Possamai Tra\u00e7os da Rep\u00fablica: representa\u00e7\u00f5es da Proclama\u00e7\u00e3o nas p\u00e1ginas do peri\u00f3dico ilustrado A Ventarola Drawings of the Republic: [&hellip;]<\/p>\n","protected":false},"author":718,"featured_media":0,"parent":0,"menu_order":0,"comment_status":"closed","ping_status":"closed","template":"","meta":{"jetpack_post_was_ever_published":false,"footnotes":""},"class_list":["post-225","page","type-page","status-publish","hentry"],"jetpack_sharing_enabled":true,"jetpack_shortlink":"https:\/\/wp.me\/P9qy4R-3D","jetpack_likes_enabled":true,"jetpack-related-posts":[],"_links":{"self":[{"href":"https:\/\/wp.ufpel.edu.br\/ndh\/wp-json\/wp\/v2\/pages\/225","targetHints":{"allow":["GET"]}}],"collection":[{"href":"https:\/\/wp.ufpel.edu.br\/ndh\/wp-json\/wp\/v2\/pages"}],"about":[{"href":"https:\/\/wp.ufpel.edu.br\/ndh\/wp-json\/wp\/v2\/types\/page"}],"author":[{"embeddable":true,"href":"https:\/\/wp.ufpel.edu.br\/ndh\/wp-json\/wp\/v2\/users\/718"}],"replies":[{"embeddable":true,"href":"https:\/\/wp.ufpel.edu.br\/ndh\/wp-json\/wp\/v2\/comments?post=225"}],"version-history":[{"count":8,"href":"https:\/\/wp.ufpel.edu.br\/ndh\/wp-json\/wp\/v2\/pages\/225\/revisions"}],"predecessor-version":[{"id":738,"href":"https:\/\/wp.ufpel.edu.br\/ndh\/wp-json\/wp\/v2\/pages\/225\/revisions\/738"}],"wp:attachment":[{"href":"https:\/\/wp.ufpel.edu.br\/ndh\/wp-json\/wp\/v2\/media?parent=225"}],"curies":[{"name":"wp","href":"https:\/\/api.w.org\/{rel}","templated":true}]}}