{"id":222,"date":"2017-02-16T14:32:02","date_gmt":"2017-02-16T16:32:02","guid":{"rendered":"https:\/\/wp.ufpel.edu.br\/ndh\/?page_id=222"},"modified":"2019-06-12T17:15:32","modified_gmt":"2019-06-12T20:15:32","slug":"hr-numero-11","status":"publish","type":"page","link":"https:\/\/wp.ufpel.edu.br\/ndh\/hr-numero-11\/","title":{"rendered":"HR &#8211; N\u00famero 11"},"content":{"rendered":"<p><strong><a href=\"https:\/\/wp.ufpel.edu.br\/ndh\/apresentacao-hr-11\/\"><img data-recalc-dims=\"1\" loading=\"lazy\" decoding=\"async\" data-attachment-id=\"732\" data-permalink=\"https:\/\/wp.ufpel.edu.br\/ndh\/hr-numero-11\/hr-11\/#main\" data-orig-file=\"https:\/\/i0.wp.com\/wp.ufpel.edu.br\/ndh\/files\/2017\/02\/hr-11.png?fit=200%2C333&amp;ssl=1\" data-orig-size=\"200,333\" data-comments-opened=\"0\" data-image-meta=\"{&quot;aperture&quot;:&quot;0&quot;,&quot;credit&quot;:&quot;&quot;,&quot;camera&quot;:&quot;&quot;,&quot;caption&quot;:&quot;&quot;,&quot;created_timestamp&quot;:&quot;0&quot;,&quot;copyright&quot;:&quot;&quot;,&quot;focal_length&quot;:&quot;0&quot;,&quot;iso&quot;:&quot;0&quot;,&quot;shutter_speed&quot;:&quot;0&quot;,&quot;title&quot;:&quot;&quot;,&quot;orientation&quot;:&quot;0&quot;}\" data-image-title=\"hr-11\" data-image-description=\"\" data-image-caption=\"\" data-medium-file=\"https:\/\/i0.wp.com\/wp.ufpel.edu.br\/ndh\/files\/2017\/02\/hr-11.png?fit=191%2C318&amp;ssl=1\" data-large-file=\"https:\/\/i0.wp.com\/wp.ufpel.edu.br\/ndh\/files\/2017\/02\/hr-11.png?fit=200%2C220&amp;ssl=1\" class=\"alignleft size-medium wp-image-732\" src=\"https:\/\/i0.wp.com\/wp.ufpel.edu.br\/ndh\/files\/2017\/02\/hr-11.png?resize=191%2C318&#038;ssl=1\" alt=\"\" width=\"191\" height=\"318\" srcset=\"https:\/\/i0.wp.com\/wp.ufpel.edu.br\/ndh\/files\/2017\/02\/hr-11.png?resize=191%2C318&amp;ssl=1 191w, https:\/\/i0.wp.com\/wp.ufpel.edu.br\/ndh\/files\/2017\/02\/hr-11.png?resize=95%2C159&amp;ssl=1 95w, https:\/\/i0.wp.com\/wp.ufpel.edu.br\/ndh\/files\/2017\/02\/hr-11.png?w=200&amp;ssl=1 200w\" sizes=\"auto, (max-width: 191px) 100vw, 191px\" \/><\/a><\/strong><\/p>\n<p><strong>[ISSN 1516-2095]<\/strong><\/p>\n<p><strong><a href=\"https:\/\/wp.ufpel.edu.br\/ndh\/apresentacao-hr-11\/\">APRESENTA\u00c7\u00c3O<\/a><\/strong><br \/>\n<em>PRESENTATION<\/em><\/p>\n<p><strong><a href=\"https:\/\/periodicos.ufpel.edu.br\/ojs2\/index.php\/HistRev\/article\/view\/11571\" target=\"_blank\" rel=\"noopener noreferrer\">APONTAMENTOS PARA UMA HIST\u00d3RIA DA DOEN\u00c7A NO RIO GRANDE DO SUL (S\u00c9CULOS XVIII E XIX)<\/a><\/strong><br \/>\n<em>NOTES FOR A HISTORY OF THE ILLNESS IN RIO GRANDE DO SUL (XVIII AND XIX CENTURIES)<\/em><br \/>\n<strong><em>NIKELEN ACOSTA WITTER<\/em><\/strong><\/p>\n<p><strong><a href=\"https:\/\/periodicos.ufpel.edu.br\/ojs2\/index.php\/HistRev\/article\/view\/11585\" target=\"_blank\" rel=\"noopener noreferrer\">O SERVI\u00c7O ESPECIAL DE SA\u00daDE P\u00daBLICA: POL\u00cdTICAS INTERNACIONAIS E RESPOSTAS LOCAIS<\/a><\/strong><br \/>\n<em>THE SPECIAL SERVICE OF PUBLIC HEALTH: INTERNATIONAL POLICIES AND LOCAL RESPONSES. <\/em><br \/>\n<strong><em>ANDR\u00c9 LUIZ VIEIRA DE CAMPOS<\/em><\/strong><\/p>\n<p><strong><a href=\"https:\/\/periodicos.ufpel.edu.br\/ojs2\/index.php\/HistRev\/article\/view\/11595\" target=\"_blank\" rel=\"noopener noreferrer\">O COMBATE \u00c0 LEPRA: DISCURSOS E PR\u00c1TICAS<\/a><\/strong><br \/>\n<em>THE COMBAT OF LEPROSY: DISCOURSES AND PRATICES<\/em><br \/>\n<strong><em>JULIANE CONCEI\u00c7\u00c3O PRIMON SERRES<\/em><\/strong><\/p>\n<p><strong><a href=\"https:\/\/periodicos.ufpel.edu.br\/ojs2\/index.php\/HistRev\/article\/view\/11591\" target=\"_blank\" rel=\"noopener noreferrer\">C\u00c2MBIO FINAL: EXERC\u00cdCIOS DE HIST\u00d3RIA ORAL COM PACIENTES PORTADORES DE SOFRIMENTO PS\u00cdQUICO INTERNADOS NO CENTRO AGR\u00cdCOLA DE REABILITA\u00c7\u00c3O EM VIAM\u00c3O\/RS.<\/a><\/strong><br \/>\n<em>FINAL CHANGE: EXERCISES OF ORAL STORY WITH PATIENTS AFFECTED BY PSYCHIC SUFFERING AT CENTRO AGR\u00cdCOLA DE REABILITA\u00c7\u00c3O &#8211; VIAM\u00c3O\/RS.<\/em><br \/>\n<strong><em>VIVIANE TRINDADE BORGES<\/em><\/strong><\/p>\n<p><strong><a href=\"https:\/\/periodicos.ufpel.edu.br\/ojs2\/index.php\/HistRev\/article\/view\/11593\" target=\"_blank\" rel=\"noopener noreferrer\">MATERNIDADE X ABORTO: COM A PALAVRA A \u201cOPINI\u00c3O P\u00daBLICA\u201d<\/a><\/strong><br \/>\n<em>MATERNITY VERSUS ABORTION: PRESENTING THE \u201cPUBLIC OPINION\u201d <\/em><br \/>\n<strong><em>SANDRA DA SILVA CARELI<\/em><\/strong><\/p>\n<p><strong><a href=\"https:\/\/periodicos.ufpel.edu.br\/ojs2\/index.php\/HistRev\/article\/view\/11594\" target=\"_blank\" rel=\"noopener noreferrer\">SOBRE FEITI\u00c7OS E RITOS: ENFERMIDADE E CURA NAS REDU\u00c7\u00d5ES JESU\u00cdTICO-GUARANIS (S\u00c9CULO XVII)<\/a><\/strong><br \/>\n<em>ABOUT SORCERY AND RITES: ILLNESS AND CURE IN THE JESUIT-GUARANI SETTLEMENTS (17TH CENTURY)<\/em><br \/>\n<strong><em>ELIANE CRISTINA DECKMANN FLECK<\/em><\/strong><\/p>\n<p><strong><a href=\"https:\/\/periodicos.ufpel.edu.br\/ojs2\/index.php\/HistRev\/article\/view\/11596\" target=\"_blank\" rel=\"noopener noreferrer\">A CIDADE DE PELOTAS (RS) E AS SUAS EPIDEMIAS (1890-1930)<\/a><\/strong><br \/>\n<em>PELOTAS<\/em><em> CITY<\/em><em> (RS) AND ITS EPIDEMIC DISEASES (1890-1930)<\/em><br \/>\n<strong><em>LORENA ALMEIDA GILL<\/em><\/strong><\/p>\n<p><strong>INSTRUMENTO DE TRABALHO: <\/strong><a href=\"https:\/\/periodicos.ufpel.edu.br\/ojs2\/index.php\/HistRev\/article\/view\/11597\" target=\"_blank\" rel=\"noopener noreferrer\"><br \/>\n<strong>EM FAVOR DOS OPER\u00c1RIOS \u2013 CASAS BARATAS<\/strong><\/a><br \/>\n<em>WORK INSTRUMENTS: FAVORING THE WORKERS \u2013 LOW-PRICED HOUSES<\/em><br \/>\n<em>T\u00cdTULO EM INGL\u00caS<\/em><\/p>\n<p><strong>RESENHA<\/strong><a href=\"https:\/\/periodicos.ufpel.edu.br\/ojs2\/index.php\/HistRev\/article\/view\/11599\" target=\"_blank\" rel=\"noopener noreferrer\"><br \/>\nMARTINS, Ana Paula Vosne. <em>VIS\u00d5ES DO FEMININO: a medicina da mulher nos s\u00e9culos XIX e XX <\/em><\/a><br \/>\n<strong>SIDNEY GON\u00c7ALVES VIEIRA<\/strong><\/p>\n","protected":false},"excerpt":{"rendered":"<p>[ISSN 1516-2095] APRESENTA\u00c7\u00c3O PRESENTATION APONTAMENTOS PARA UMA HIST\u00d3RIA DA DOEN\u00c7A NO RIO GRANDE DO SUL (S\u00c9CULOS XVIII E XIX) NOTES FOR A HISTORY OF THE ILLNESS IN RIO GRANDE DO SUL (XVIII AND XIX CENTURIES) NIKELEN ACOSTA WITTER O SERVI\u00c7O ESPECIAL DE SA\u00daDE P\u00daBLICA: POL\u00cdTICAS INTERNACIONAIS E RESPOSTAS LOCAIS THE SPECIAL SERVICE OF PUBLIC HEALTH: [&hellip;]<\/p>\n","protected":false},"author":718,"featured_media":0,"parent":0,"menu_order":0,"comment_status":"closed","ping_status":"closed","template":"","meta":{"jetpack_post_was_ever_published":false,"footnotes":""},"class_list":["post-222","page","type-page","status-publish","hentry"],"jetpack_sharing_enabled":true,"jetpack_shortlink":"https:\/\/wp.me\/P9qy4R-3A","jetpack_likes_enabled":true,"jetpack-related-posts":[],"_links":{"self":[{"href":"https:\/\/wp.ufpel.edu.br\/ndh\/wp-json\/wp\/v2\/pages\/222","targetHints":{"allow":["GET"]}}],"collection":[{"href":"https:\/\/wp.ufpel.edu.br\/ndh\/wp-json\/wp\/v2\/pages"}],"about":[{"href":"https:\/\/wp.ufpel.edu.br\/ndh\/wp-json\/wp\/v2\/types\/page"}],"author":[{"embeddable":true,"href":"https:\/\/wp.ufpel.edu.br\/ndh\/wp-json\/wp\/v2\/users\/718"}],"replies":[{"embeddable":true,"href":"https:\/\/wp.ufpel.edu.br\/ndh\/wp-json\/wp\/v2\/comments?post=222"}],"version-history":[{"count":5,"href":"https:\/\/wp.ufpel.edu.br\/ndh\/wp-json\/wp\/v2\/pages\/222\/revisions"}],"predecessor-version":[{"id":1971,"href":"https:\/\/wp.ufpel.edu.br\/ndh\/wp-json\/wp\/v2\/pages\/222\/revisions\/1971"}],"wp:attachment":[{"href":"https:\/\/wp.ufpel.edu.br\/ndh\/wp-json\/wp\/v2\/media?parent=222"}],"curies":[{"name":"wp","href":"https:\/\/api.w.org\/{rel}","templated":true}]}}