{"id":2205,"date":"2021-03-15T15:36:34","date_gmt":"2021-03-15T18:36:34","guid":{"rendered":"https:\/\/wp.ufpel.edu.br\/ndh\/?page_id=2205"},"modified":"2021-03-16T11:25:05","modified_gmt":"2021-03-16T14:25:05","slug":"ndh-30-anos-historias-memorias-e-afetos","status":"publish","type":"page","link":"https:\/\/wp.ufpel.edu.br\/ndh\/ndh-30-anos-historias-memorias-e-afetos\/","title":{"rendered":"NDH 30 ANOS: hist\u00f3rias, mem\u00f3rias e afetos"},"content":{"rendered":"<p><a href=\"https:\/\/drive.google.com\/file\/d\/1prjWkKNl2RLKezesOdDO9xvh9ebPcCdu\/view\" target=\"_blank\" rel=\"noopener noreferrer\"><img data-recalc-dims=\"1\" loading=\"lazy\" decoding=\"async\" data-attachment-id=\"2207\" data-permalink=\"https:\/\/wp.ufpel.edu.br\/ndh\/ndh-30-anos-historias-memorias-e-afetos\/hist-memorias-e-afetos\/#main\" data-orig-file=\"https:\/\/i0.wp.com\/wp.ufpel.edu.br\/ndh\/files\/2021\/03\/hist-memorias-e-afetos.png?fit=400%2C578&amp;ssl=1\" data-orig-size=\"400,578\" data-comments-opened=\"0\" data-image-meta=\"{&quot;aperture&quot;:&quot;0&quot;,&quot;credit&quot;:&quot;&quot;,&quot;camera&quot;:&quot;&quot;,&quot;caption&quot;:&quot;&quot;,&quot;created_timestamp&quot;:&quot;0&quot;,&quot;copyright&quot;:&quot;&quot;,&quot;focal_length&quot;:&quot;0&quot;,&quot;iso&quot;:&quot;0&quot;,&quot;shutter_speed&quot;:&quot;0&quot;,&quot;title&quot;:&quot;&quot;,&quot;orientation&quot;:&quot;0&quot;}\" data-image-title=\"hist, memorias e afetos\" data-image-description=\"\" data-image-caption=\"\" data-medium-file=\"https:\/\/i0.wp.com\/wp.ufpel.edu.br\/ndh\/files\/2021\/03\/hist-memorias-e-afetos.png?fit=220%2C318&amp;ssl=1\" data-large-file=\"https:\/\/i0.wp.com\/wp.ufpel.edu.br\/ndh\/files\/2021\/03\/hist-memorias-e-afetos.png?fit=400%2C220&amp;ssl=1\" class=\"alignleft wp-image-2207\" src=\"https:\/\/i0.wp.com\/wp.ufpel.edu.br\/ndh\/files\/2021\/03\/hist-memorias-e-afetos.png?resize=227%2C328&#038;ssl=1\" alt=\"\" width=\"227\" height=\"328\" srcset=\"https:\/\/i0.wp.com\/wp.ufpel.edu.br\/ndh\/files\/2021\/03\/hist-memorias-e-afetos.png?resize=220%2C318&amp;ssl=1 220w, https:\/\/i0.wp.com\/wp.ufpel.edu.br\/ndh\/files\/2021\/03\/hist-memorias-e-afetos.png?resize=110%2C159&amp;ssl=1 110w, https:\/\/i0.wp.com\/wp.ufpel.edu.br\/ndh\/files\/2021\/03\/hist-memorias-e-afetos.png?w=400&amp;ssl=1 400w\" sizes=\"auto, (max-width: 227px) 100vw, 227px\" \/><\/a><\/p>\n<p style=\"text-align: justify\">Para comemorar os 30 anos do N\u00facleo de Documenta\u00e7\u00e3o Hist\u00f3rica &#8211; Professora Beatriz Loner, foi lan\u00e7ado o e-book que reconstr\u00f3i mem\u00f3rias e experi\u00eancias de pessoas que passaram por este espa\u00e7o, que chega a sua terceira d\u00e9cada de atividades de pesquisa, ensino e extens\u00e3o.<\/p>\n<p style=\"text-align: justify\">Desde o ano de 2019 se pensava sobre como comemorar o dia 30 de mar\u00e7o de 2020, t\u00e3o importante para o lugar que abriga tantas hist\u00f3rias, mas, com o in\u00edcio da pandemia do novo coronav\u00edrus, se teve de repensar as formas de celebrar a data, que contaria com um congresso presencial. Primeiro, se publicizou v\u00eddeos de colaboradores que falaram a respeito de sua trajet\u00f3ria no N\u00facleo, o material est\u00e1 dispon\u00edvel nas redes sociais do NDH (<a href=\"https:\/\/wp.ufpel.edu.br\/ndh\/jogos\/\">cliqu<\/a><a href=\"https:\/\/wp.ufpel.edu.br\/ndh\/jogos\/\">e<\/a><a href=\"https:\/\/wp.ufpel.edu.br\/ndh\/jogos\/\"> aqui e confira<\/a>), e logo, surgiu a ideia do e-book.<\/p>\n<p style=\"text-align: justify\">Como resultado, o livro traz 26 cap\u00edtulos de autores e autoras que relatam a forma como o NDH contribuiu em suas forma\u00e7\u00f5es acad\u00eamicas, suas pesquisas, as mem\u00f3rias afetivas e os la\u00e7os que se criaram nesse espa\u00e7o. Al\u00e9m das mem\u00f3rias de egressos, contamos tamb\u00e9m com textos de professores e professoras que atuaram com a fundadora do N\u00facleo de Documenta\u00e7\u00e3o Hist\u00f3rica, a professora Beatriz Ana Loner.<\/p>\n<p style=\"text-align: justify\"><em>\u201cEsperamos que os leitores e as leitoras usufruam do material publicado que, certamente, \u00e9 inspirador. O NDH come\u00e7ou l\u00e1 em 1990 a partir da uma ideia de uma professora, a Bia, como carinhosamente a chamamos, que, de uma forma um pouco solit\u00e1ria, buscava construir o espa\u00e7o. Nas lembran\u00e7as de quem conviveu com ela, naquele per\u00edodo, aparece uma figura incans\u00e1vel, primeiro pela busca de documentos da pr\u00f3pria universidade e depois por v\u00e1rios acervos que foram sendo incorporados com o passar do tempo. E o NDH segue assim, como pretendia a Bia, aberto aos que chegam, solid\u00e1rio aos que est\u00e3o, sempre com vontade de construir novas hist\u00f3rias e mem\u00f3rias. Que venham, portanto, as pr\u00f3ximas d\u00e9cadas. Estamos com os cora\u00e7\u00f5es abertos para viver tudo de novo\u201d<\/em><\/p>\n<p style=\"text-align: justify\">A edi\u00e7\u00e3o foi organizada pela professora Lorena Gill, professor Aristeu Lopes, professora Ana Sosa Gonz\u00e1lez e pela graduanda de Hist\u00f3ria, Ariane Regina Cunha.<\/p>\n<p style=\"text-align: justify\">O e-book est\u00e1 dispon\u00edvel, de forma gratuita, basta clicar: <strong><a href=\"https:\/\/drive.google.com\/file\/d\/1prjWkKNl2RLKezesOdDO9xvh9ebPcCdu\/view\" target=\"_blank\" rel=\"noopener noreferrer\">NDH 30 ANOS: hist\u00f3rias, mem\u00f3rias e afetos.<\/a><\/strong><\/p>\n<p style=\"text-align: justify\">\n","protected":false},"excerpt":{"rendered":"<p>Para comemorar os 30 anos do N\u00facleo de Documenta\u00e7\u00e3o Hist\u00f3rica &#8211; Professora Beatriz Loner, foi lan\u00e7ado o e-book que reconstr\u00f3i mem\u00f3rias e experi\u00eancias de pessoas que passaram por este espa\u00e7o, que chega a sua terceira d\u00e9cada de atividades de pesquisa, ensino e extens\u00e3o. Desde o ano de 2019 se pensava sobre como comemorar o dia [&hellip;]<\/p>\n","protected":false},"author":718,"featured_media":0,"parent":0,"menu_order":0,"comment_status":"closed","ping_status":"closed","template":"","meta":{"jetpack_post_was_ever_published":false,"footnotes":""},"class_list":["post-2205","page","type-page","status-publish","hentry"],"jetpack_sharing_enabled":true,"jetpack_shortlink":"https:\/\/wp.me\/P9qy4R-zz","jetpack_likes_enabled":true,"jetpack-related-posts":[],"_links":{"self":[{"href":"https:\/\/wp.ufpel.edu.br\/ndh\/wp-json\/wp\/v2\/pages\/2205","targetHints":{"allow":["GET"]}}],"collection":[{"href":"https:\/\/wp.ufpel.edu.br\/ndh\/wp-json\/wp\/v2\/pages"}],"about":[{"href":"https:\/\/wp.ufpel.edu.br\/ndh\/wp-json\/wp\/v2\/types\/page"}],"author":[{"embeddable":true,"href":"https:\/\/wp.ufpel.edu.br\/ndh\/wp-json\/wp\/v2\/users\/718"}],"replies":[{"embeddable":true,"href":"https:\/\/wp.ufpel.edu.br\/ndh\/wp-json\/wp\/v2\/comments?post=2205"}],"version-history":[{"count":9,"href":"https:\/\/wp.ufpel.edu.br\/ndh\/wp-json\/wp\/v2\/pages\/2205\/revisions"}],"predecessor-version":[{"id":2228,"href":"https:\/\/wp.ufpel.edu.br\/ndh\/wp-json\/wp\/v2\/pages\/2205\/revisions\/2228"}],"wp:attachment":[{"href":"https:\/\/wp.ufpel.edu.br\/ndh\/wp-json\/wp\/v2\/media?parent=2205"}],"curies":[{"name":"wp","href":"https:\/\/api.w.org\/{rel}","templated":true}]}}