{"id":216,"date":"2017-02-16T14:31:23","date_gmt":"2017-02-16T16:31:23","guid":{"rendered":"https:\/\/wp.ufpel.edu.br\/ndh\/?page_id=216"},"modified":"2019-06-12T16:48:01","modified_gmt":"2019-06-12T19:48:01","slug":"hr-numero-9","status":"publish","type":"page","link":"https:\/\/wp.ufpel.edu.br\/ndh\/hr-numero-9\/","title":{"rendered":"HR &#8211; N\u00famero 9"},"content":{"rendered":"<p><strong><img data-recalc-dims=\"1\" loading=\"lazy\" decoding=\"async\" data-attachment-id=\"708\" data-permalink=\"https:\/\/wp.ufpel.edu.br\/ndh\/hr-numero-9\/hr-9\/#main\" data-orig-file=\"https:\/\/i0.wp.com\/wp.ufpel.edu.br\/ndh\/files\/2017\/02\/hr-9.png?fit=200%2C333&amp;ssl=1\" data-orig-size=\"200,333\" data-comments-opened=\"0\" data-image-meta=\"{&quot;aperture&quot;:&quot;0&quot;,&quot;credit&quot;:&quot;&quot;,&quot;camera&quot;:&quot;&quot;,&quot;caption&quot;:&quot;&quot;,&quot;created_timestamp&quot;:&quot;0&quot;,&quot;copyright&quot;:&quot;&quot;,&quot;focal_length&quot;:&quot;0&quot;,&quot;iso&quot;:&quot;0&quot;,&quot;shutter_speed&quot;:&quot;0&quot;,&quot;title&quot;:&quot;&quot;,&quot;orientation&quot;:&quot;0&quot;}\" data-image-title=\"hr-9\" data-image-description=\"\" data-image-caption=\"\" data-medium-file=\"https:\/\/i0.wp.com\/wp.ufpel.edu.br\/ndh\/files\/2017\/02\/hr-9.png?fit=191%2C318&amp;ssl=1\" data-large-file=\"https:\/\/i0.wp.com\/wp.ufpel.edu.br\/ndh\/files\/2017\/02\/hr-9.png?fit=200%2C220&amp;ssl=1\" class=\"alignleft size-medium wp-image-708\" src=\"https:\/\/i0.wp.com\/wp.ufpel.edu.br\/ndh\/files\/2017\/02\/hr-9.png?resize=191%2C318&#038;ssl=1\" alt=\"\" width=\"191\" height=\"318\" srcset=\"https:\/\/i0.wp.com\/wp.ufpel.edu.br\/ndh\/files\/2017\/02\/hr-9.png?resize=191%2C318&amp;ssl=1 191w, https:\/\/i0.wp.com\/wp.ufpel.edu.br\/ndh\/files\/2017\/02\/hr-9.png?resize=95%2C159&amp;ssl=1 95w, https:\/\/i0.wp.com\/wp.ufpel.edu.br\/ndh\/files\/2017\/02\/hr-9.png?w=200&amp;ssl=1 200w\" sizes=\"auto, (max-width: 191px) 100vw, 191px\" \/><\/strong><\/p>\n<p><strong>[ISSN 1516-2095]<\/strong><\/p>\n<p><strong>Apresenta\u00e7\u00e3o<br \/>\n<\/strong><strong><br \/>\n<a href=\"https:\/\/periodicos.ufpel.edu.br\/ojs2\/index.php\/HistRev\/article\/view\/11705\" target=\"_blank\" rel=\"noopener noreferrer\">O pensamento hist\u00f3rico brasileiro: rela\u00e7\u00f5es com vertentes europ\u00e9ias e americanas, tend\u00eancias tem\u00e1ticas e te\u00f3ricas recentes<\/a><\/strong><br \/>\n<em>Brazilian historical thoughts: relations with european and american flowing, trends themes and recent theories<br \/>\n<\/em><strong><em>Silvia Regina Ferraz Petersen<\/em><\/strong><\/p>\n<p><strong><a href=\"https:\/\/periodicos.ufpel.edu.br\/ojs2\/index.php\/HistRev\/article\/view\/11706\" target=\"_blank\" rel=\"noopener noreferrer\">Uma teoria da hist\u00f3ria: Paul Ricoeur e a hermen\u00eautica do discurso historiogr\u00e1fico<\/a><\/strong><br \/>\n<em>\u00a0A Theory of history: Paul Ricoeur and the hermeneutics of historiographical discourse<br \/>\n<strong>Fernando Nicolazzi<\/strong><\/em><\/p>\n<p><strong><a href=\"https:\/\/periodicos.ufpel.edu.br\/ojs2\/index.php\/HistRev\/article\/view\/11718\" target=\"_blank\" rel=\"noopener noreferrer\">Hist\u00f3ria e poesia: a identidade regional nas poesias de Bisio e Sim\u00f5es<\/a><\/strong><br \/>\n<em>History and poetry: the regional identity in Bisio and Som\u00f5es&#8217; Poetries<\/em><br \/>\n<strong><em>Carlos Roberto da Rosa Rangel<\/em>\u00a0 <\/strong><\/p>\n<p><strong><a href=\"https:\/\/periodicos.ufpel.edu.br\/ojs2\/index.php\/HistRev\/article\/view\/11719\" target=\"_blank\" rel=\"noopener noreferrer\">Manuais de civilidade, modelos de civiliza\u00e7\u00e3o<\/a><\/strong><br \/>\n<em>Civilities manuals, standards of civilization<\/em><br \/>\n<strong><em>Maria Cec\u00edlia Barreto Amorim Pilla<\/em>\u00a0 <\/strong><br \/>\n<strong><a href=\"https:\/\/periodicos.ufpel.edu.br\/ojs2\/index.php\/HistRev\/article\/view\/11721\" target=\"_blank\" rel=\"noopener noreferrer\"><br \/>\nA Revolu\u00e7\u00e3o Federalista na perspectiva de um m\u00e9dico positivista: cartas do Dr. Bagueira Leal a Miguel Lemos e a Teixeira Mendes<\/a><\/strong><br \/>\n<em>The Federalist Revolution in the perspective of a positivist doctor: letters fron Dr. Bagueira Leal to Miguel Lemos and Teixeira Mendes<\/em><br \/>\n<strong><em>Paulo Ricardo Pezat<\/em><br \/>\n<\/strong><strong><br \/>\n<a href=\"https:\/\/periodicos.ufpel.edu.br\/ojs2\/index.php\/HistRev\/article\/view\/11722\" target=\"_blank\" rel=\"noopener noreferrer\">Poder e imagin\u00e1rio no Imp\u00e9rio Romano: as imagens contrapostas de Sept\u00edmio Severo, Pesc\u00eanio Nigro e Cl\u00f3dio Albino nas guerras civis de 193 a 197 d. C. <\/a><\/strong><br \/>\n<em>Power and imaginary in the roman empire: the contray images of Septimius Severus, Pescennius Nigrus and Clodius Albinus in the civl wars (193-197 A.D.)<\/em><br \/>\n<strong><em>Ana Teresa Marques Gon\u00e7alves<\/em><br \/>\n<a href=\"https:\/\/periodicos.ufpel.edu.br\/ojs2\/index.php\/HistRev\/article\/view\/11723\" target=\"_blank\" rel=\"noopener noreferrer\"><br \/>\nHist\u00f3ria e literatura: quest\u00f5es interdisciplinares<\/a><\/strong><br \/>\n<em>History and literatura: interdisciplinary issues<\/em><br \/>\n<strong><span class=\"style2\"><em>Beatriz Polidori Zechlinski<\/em>\u00a0<\/span><em><br \/>\n<a href=\"http:\/\/www2.ufpel.edu.br\/ich\/ndh\/downloads\/historia_em_revista_09_instrumento_de_trabalho.pdf\" target=\"_blank\" rel=\"noopener noreferrer\"><br \/>\n<\/a>Instrumentos de Trabalho:<\/em><a href=\"https:\/\/periodicos.ufpel.edu.br\/ojs2\/index.php\/HistRev\/article\/view\/11724\" target=\"_blank\" rel=\"noopener noreferrer\"><br \/>\nRegulamento para servi\u00e7os de criados da C\u00e2mara Municipal de Pelotas<\/a><\/strong><br \/>\n<em>Pelotas\u2019 Municipal Chamber regulation on maids\u2019 services<\/em><strong>\u00a0<\/strong><\/p>\n<p>Resenha:<br \/>\n<strong><a href=\"https:\/\/periodicos.ufpel.edu.br\/ojs2\/index.php\/HistRev\/article\/view\/11725\" target=\"_blank\" rel=\"noopener noreferrer\">CHASTEEN, John Charles. <em>FRONTEIRA REBELDE: A Vida e a \u00c9poca dos \u00daltimos Caudilhos Ga\u00fachos<\/em><\/a><\/strong><br \/>\n<strong><em>Cesar Augusto Barcellos Guazzelli<\/em><\/strong><\/p>\n","protected":false},"excerpt":{"rendered":"<p>[ISSN 1516-2095] Apresenta\u00e7\u00e3o O pensamento hist\u00f3rico brasileiro: rela\u00e7\u00f5es com vertentes europ\u00e9ias e americanas, tend\u00eancias tem\u00e1ticas e te\u00f3ricas recentes Brazilian historical thoughts: relations with european and american flowing, trends themes and recent theories Silvia Regina Ferraz Petersen Uma teoria da hist\u00f3ria: Paul Ricoeur e a hermen\u00eautica do discurso historiogr\u00e1fico \u00a0A Theory of history: Paul Ricoeur and [&hellip;]<\/p>\n","protected":false},"author":718,"featured_media":0,"parent":0,"menu_order":0,"comment_status":"closed","ping_status":"closed","template":"","meta":{"jetpack_post_was_ever_published":false,"footnotes":""},"class_list":["post-216","page","type-page","status-publish","hentry"],"jetpack_sharing_enabled":true,"jetpack_shortlink":"https:\/\/wp.me\/P9qy4R-3u","jetpack_likes_enabled":true,"jetpack-related-posts":[],"_links":{"self":[{"href":"https:\/\/wp.ufpel.edu.br\/ndh\/wp-json\/wp\/v2\/pages\/216","targetHints":{"allow":["GET"]}}],"collection":[{"href":"https:\/\/wp.ufpel.edu.br\/ndh\/wp-json\/wp\/v2\/pages"}],"about":[{"href":"https:\/\/wp.ufpel.edu.br\/ndh\/wp-json\/wp\/v2\/types\/page"}],"author":[{"embeddable":true,"href":"https:\/\/wp.ufpel.edu.br\/ndh\/wp-json\/wp\/v2\/users\/718"}],"replies":[{"embeddable":true,"href":"https:\/\/wp.ufpel.edu.br\/ndh\/wp-json\/wp\/v2\/comments?post=216"}],"version-history":[{"count":6,"href":"https:\/\/wp.ufpel.edu.br\/ndh\/wp-json\/wp\/v2\/pages\/216\/revisions"}],"predecessor-version":[{"id":1968,"href":"https:\/\/wp.ufpel.edu.br\/ndh\/wp-json\/wp\/v2\/pages\/216\/revisions\/1968"}],"wp:attachment":[{"href":"https:\/\/wp.ufpel.edu.br\/ndh\/wp-json\/wp\/v2\/media?parent=216"}],"curies":[{"name":"wp","href":"https:\/\/api.w.org\/{rel}","templated":true}]}}