{"id":210,"date":"2017-02-16T14:30:46","date_gmt":"2017-02-16T16:30:46","guid":{"rendered":"https:\/\/wp.ufpel.edu.br\/ndh\/?page_id=210"},"modified":"2019-06-12T16:37:49","modified_gmt":"2019-06-12T19:37:49","slug":"hr-numero-7","status":"publish","type":"page","link":"https:\/\/wp.ufpel.edu.br\/ndh\/hr-numero-7\/","title":{"rendered":"HR &#8211; N\u00famero 7"},"content":{"rendered":"<p><strong><img data-recalc-dims=\"1\" loading=\"lazy\" decoding=\"async\" data-attachment-id=\"699\" data-permalink=\"https:\/\/wp.ufpel.edu.br\/ndh\/hr-numero-7\/hr-7\/#main\" data-orig-file=\"https:\/\/i0.wp.com\/wp.ufpel.edu.br\/ndh\/files\/2017\/02\/hr-7.png?fit=200%2C333&amp;ssl=1\" data-orig-size=\"200,333\" data-comments-opened=\"0\" data-image-meta=\"{&quot;aperture&quot;:&quot;0&quot;,&quot;credit&quot;:&quot;&quot;,&quot;camera&quot;:&quot;&quot;,&quot;caption&quot;:&quot;&quot;,&quot;created_timestamp&quot;:&quot;0&quot;,&quot;copyright&quot;:&quot;&quot;,&quot;focal_length&quot;:&quot;0&quot;,&quot;iso&quot;:&quot;0&quot;,&quot;shutter_speed&quot;:&quot;0&quot;,&quot;title&quot;:&quot;&quot;,&quot;orientation&quot;:&quot;0&quot;}\" data-image-title=\"hr-7\" data-image-description=\"\" data-image-caption=\"\" data-medium-file=\"https:\/\/i0.wp.com\/wp.ufpel.edu.br\/ndh\/files\/2017\/02\/hr-7.png?fit=191%2C318&amp;ssl=1\" data-large-file=\"https:\/\/i0.wp.com\/wp.ufpel.edu.br\/ndh\/files\/2017\/02\/hr-7.png?fit=200%2C220&amp;ssl=1\" class=\"alignleft size-medium wp-image-699\" src=\"https:\/\/i0.wp.com\/wp.ufpel.edu.br\/ndh\/files\/2017\/02\/hr-7.png?resize=191%2C318&#038;ssl=1\" alt=\"\" width=\"191\" height=\"318\" srcset=\"https:\/\/i0.wp.com\/wp.ufpel.edu.br\/ndh\/files\/2017\/02\/hr-7.png?resize=191%2C318&amp;ssl=1 191w, https:\/\/i0.wp.com\/wp.ufpel.edu.br\/ndh\/files\/2017\/02\/hr-7.png?resize=95%2C159&amp;ssl=1 95w, https:\/\/i0.wp.com\/wp.ufpel.edu.br\/ndh\/files\/2017\/02\/hr-7.png?w=200&amp;ssl=1 200w\" sizes=\"auto, (max-width: 191px) 100vw, 191px\" \/><\/strong><\/p>\n<p><strong>[ISSN 1516-2095]<\/strong><\/p>\n<p><strong>Apresenta\u00e7\u00e3o<\/strong><\/p>\n<p><a href=\"https:\/\/periodicos.ufpel.edu.br\/ojs2\/index.php\/HistRev\/article\/view\/11887\" target=\"_blank\" rel=\"noopener noreferrer\">Sexo, amor e modernidade<\/a><br \/>\n<strong>Fl\u00e1via Maria Silva Rieth<\/strong><\/p>\n<p><a href=\"https:\/\/periodicos.ufpel.edu.br\/ojs2\/index.php\/HistRev\/article\/view\/11888\" target=\"_blank\" rel=\"noopener noreferrer\">A imigra\u00e7\u00e3o alem\u00e3 no Rio Grande do Sul &#8211; o caso da comunidade pomerana de Pelotas<\/a><br \/>\n<strong>Giancarla Salamoni<\/strong><\/p>\n<p><a href=\"https:\/\/periodicos.ufpel.edu.br\/ojs2\/index.php\/HistRev\/article\/view\/11855\" target=\"_blank\" rel=\"noopener noreferrer\">De las l\u00edneas a las redes: la inplantaci\u00f3n del tel\u00e9fono en la ciudad de Pelotas (1882-1930)<\/a><br \/>\n<strong>Vanda Ueda<\/strong><\/p>\n<p><a href=\"https:\/\/periodicos.ufpel.edu.br\/ojs2\/index.php\/HistRev\/article\/view\/11889\" target=\"_blank\" rel=\"noopener noreferrer\">Modernidade urbana e domina\u00e7\u00e3o da natureza: o saneamento de Pelotas nas primeiras d\u00e9cadas do s\u00e9culo XX<\/a><br \/>\n<strong>Paulo Roberto Rodrigues Soares<\/strong><\/p>\n<p><a href=\"https:\/\/periodicos.ufpel.edu.br\/ojs2\/index.php\/HistRev\/article\/view\/11890\" target=\"_blank\" rel=\"noopener noreferrer\">Imprensa e pol\u00edtica: algumas reflex\u00f5es acerca da investiga\u00e7\u00e3o hist\u00f3rica<\/a><br \/>\n<strong>Francisco das Neves Alves<\/strong><\/p>\n<p><a href=\"https:\/\/periodicos.ufpel.edu.br\/ojs2\/index.php\/HistRev\/article\/view\/11869\" target=\"_blank\" rel=\"noopener noreferrer\">Antagonismo e historiografia: an\u00e1lise de alguns enfoques da obra de Moys\u00e9s Vellinho<\/a><br \/>\n<strong>Luiz Henrique Torres<\/strong><\/p>\n<p><a href=\"https:\/\/periodicos.ufpel.edu.br\/ojs2\/index.php\/HistRev\/article\/view\/11891\" target=\"_blank\" rel=\"noopener noreferrer\">Historiografia Grega: Tuc\u00eddedes e a Guerra do Peloponeso<\/a><br \/>\n<strong>Carla Gastaud<\/strong><\/p>\n<p><a href=\"https:\/\/periodicos.ufpel.edu.br\/ojs2\/index.php\/HistRev\/article\/view\/11870\" target=\"_blank\" rel=\"noopener noreferrer\">A comemora\u00e7\u00e3o do 1\u00ba de maio desenvolvida pelo COP, no per\u00edodo de 1930 a 1945<\/a><br \/>\n<strong>Rafael Dalla Rosa Figueiredo<\/strong><\/p>\n<p><strong>Instrumento de Trabalho:<\/strong> <a href=\"https:\/\/periodicos.ufpel.edu.br\/ojs2\/index.php\/HistRev\/article\/view\/11892\" target=\"_blank\" rel=\"noopener noreferrer\">regulamento sanit\u00e1rio do munic\u00edpio de Pelotas nas primeiras d\u00e9cadas do s\u00e9culo XX<\/a><\/p>\n<p>Resenha: <a href=\"https:\/\/periodicos.ufpel.edu.br\/ojs2\/index.php\/HistRev\/article\/view\/11872\" target=\"_blank\" rel=\"noopener noreferrer\">MAKHANO, Nestor. Anarquia e organiza\u00e7\u00e3o<\/a><br \/>\n<strong>Adhemar Louren\u00e7o da Silva J\u00fanior<\/strong><\/p>\n","protected":false},"excerpt":{"rendered":"<p>[ISSN 1516-2095] Apresenta\u00e7\u00e3o Sexo, amor e modernidade Fl\u00e1via Maria Silva Rieth A imigra\u00e7\u00e3o alem\u00e3 no Rio Grande do Sul &#8211; o caso da comunidade pomerana de Pelotas Giancarla Salamoni De las l\u00edneas a las redes: la inplantaci\u00f3n del tel\u00e9fono en la ciudad de Pelotas (1882-1930) Vanda Ueda Modernidade urbana e domina\u00e7\u00e3o da natureza: o saneamento [&hellip;]<\/p>\n","protected":false},"author":718,"featured_media":0,"parent":0,"menu_order":0,"comment_status":"closed","ping_status":"closed","template":"","meta":{"jetpack_post_was_ever_published":false,"footnotes":""},"class_list":["post-210","page","type-page","status-publish","hentry"],"jetpack_sharing_enabled":true,"jetpack_shortlink":"https:\/\/wp.me\/P9qy4R-3o","jetpack_likes_enabled":true,"jetpack-related-posts":[],"_links":{"self":[{"href":"https:\/\/wp.ufpel.edu.br\/ndh\/wp-json\/wp\/v2\/pages\/210","targetHints":{"allow":["GET"]}}],"collection":[{"href":"https:\/\/wp.ufpel.edu.br\/ndh\/wp-json\/wp\/v2\/pages"}],"about":[{"href":"https:\/\/wp.ufpel.edu.br\/ndh\/wp-json\/wp\/v2\/types\/page"}],"author":[{"embeddable":true,"href":"https:\/\/wp.ufpel.edu.br\/ndh\/wp-json\/wp\/v2\/users\/718"}],"replies":[{"embeddable":true,"href":"https:\/\/wp.ufpel.edu.br\/ndh\/wp-json\/wp\/v2\/comments?post=210"}],"version-history":[{"count":7,"href":"https:\/\/wp.ufpel.edu.br\/ndh\/wp-json\/wp\/v2\/pages\/210\/revisions"}],"predecessor-version":[{"id":1061,"href":"https:\/\/wp.ufpel.edu.br\/ndh\/wp-json\/wp\/v2\/pages\/210\/revisions\/1061"}],"wp:attachment":[{"href":"https:\/\/wp.ufpel.edu.br\/ndh\/wp-json\/wp\/v2\/media?parent=210"}],"curies":[{"name":"wp","href":"https:\/\/api.w.org\/{rel}","templated":true}]}}