{"id":2097,"date":"2020-04-20T17:55:22","date_gmt":"2020-04-20T20:55:22","guid":{"rendered":"https:\/\/wp.ufpel.edu.br\/ndh\/?page_id=2097"},"modified":"2020-04-20T17:55:22","modified_gmt":"2020-04-20T20:55:22","slug":"hr-numero-25-1-dezembro-de-2019","status":"publish","type":"page","link":"https:\/\/wp.ufpel.edu.br\/ndh\/hr-numero-25-1-dezembro-de-2019\/","title":{"rendered":"HR &#8211; N\u00famero 25\/1 &#8211; Dezembro de 2019*"},"content":{"rendered":"<p><a href=\"https:\/\/i0.wp.com\/wp.ufpel.edu.br\/ndh\/files\/2020\/04\/folha-de-rosto-hist%C3%B3ria-em-revista-25.1-hist%C3%B3ria-oral-seer.jpg?ssl=1\" target=\"_blank\" rel=\"noopener noreferrer\"><img data-recalc-dims=\"1\" loading=\"lazy\" decoding=\"async\" data-attachment-id=\"2100\" data-permalink=\"https:\/\/wp.ufpel.edu.br\/ndh\/hr-numero-25-1-dezembro-de-2019\/folha-de-rosto-historia-em-revista-25-1-historia-oral-seer\/#main\" data-orig-file=\"https:\/\/i0.wp.com\/wp.ufpel.edu.br\/ndh\/files\/2020\/04\/folha-de-rosto-hist%C3%B3ria-em-revista-25.1-hist%C3%B3ria-oral-seer.jpg?fit=619%2C876&amp;ssl=1\" data-orig-size=\"619,876\" data-comments-opened=\"0\" data-image-meta=\"{&quot;aperture&quot;:&quot;0&quot;,&quot;credit&quot;:&quot;Gabinete_Assessoria&quot;,&quot;camera&quot;:&quot;&quot;,&quot;caption&quot;:&quot;&quot;,&quot;created_timestamp&quot;:&quot;1586963846&quot;,&quot;copyright&quot;:&quot;&quot;,&quot;focal_length&quot;:&quot;0&quot;,&quot;iso&quot;:&quot;0&quot;,&quot;shutter_speed&quot;:&quot;0&quot;,&quot;title&quot;:&quot;&quot;,&quot;orientation&quot;:&quot;1&quot;}\" data-image-title=\"folha de rosto hist\u00f3ria em revista 25.1 &amp;#8211; hist\u00f3ria oral seer\" data-image-description=\"\" data-image-caption=\"\" data-medium-file=\"https:\/\/i0.wp.com\/wp.ufpel.edu.br\/ndh\/files\/2020\/04\/folha-de-rosto-hist%C3%B3ria-em-revista-25.1-hist%C3%B3ria-oral-seer.jpg?fit=225%2C318&amp;ssl=1\" data-large-file=\"https:\/\/i0.wp.com\/wp.ufpel.edu.br\/ndh\/files\/2020\/04\/folha-de-rosto-hist%C3%B3ria-em-revista-25.1-hist%C3%B3ria-oral-seer.jpg?fit=619%2C220&amp;ssl=1\" class=\"alignleft size-medium wp-image-2100\" src=\"https:\/\/i0.wp.com\/wp.ufpel.edu.br\/ndh\/files\/2020\/04\/folha-de-rosto-hist%C3%B3ria-em-revista-25.1-hist%C3%B3ria-oral-seer.jpg?resize=225%2C318&#038;ssl=1\" alt=\"\" width=\"225\" height=\"318\" srcset=\"https:\/\/i0.wp.com\/wp.ufpel.edu.br\/ndh\/files\/2020\/04\/folha-de-rosto-hist%C3%B3ria-em-revista-25.1-hist%C3%B3ria-oral-seer.jpg?resize=225%2C318&amp;ssl=1 225w, https:\/\/i0.wp.com\/wp.ufpel.edu.br\/ndh\/files\/2020\/04\/folha-de-rosto-hist%C3%B3ria-em-revista-25.1-hist%C3%B3ria-oral-seer.jpg?resize=112%2C159&amp;ssl=1 112w, https:\/\/i0.wp.com\/wp.ufpel.edu.br\/ndh\/files\/2020\/04\/folha-de-rosto-hist%C3%B3ria-em-revista-25.1-hist%C3%B3ria-oral-seer.jpg?w=619&amp;ssl=1 619w\" sizes=\"auto, (max-width: 225px) 100vw, 225px\" \/><\/a><strong><a href=\"https:\/\/wp.me\/P9qy4R-xM\">Apresenta\u00e7\u00e3o<\/a> <\/strong>|\u00a0Introduction <strong>[Lorena Almeida Gill | Pablo Alejandro Pozzi | Robson Laverdi]<\/strong><\/p>\n<p><a href=\"https:\/\/periodicos.ufpel.edu.br\/ojs2\/index.php\/HistRev\/article\/view\/18552\" target=\"_blank\" rel=\"noopener noreferrer\"><strong>Ensino de teatro na UFRGS: revirando mem\u00f3rias em busca da hist\u00f3ria<\/strong><\/a> |\u00a0Theater teaching at UFRGS: turning back memories in search of history <strong>[Juliana Wolkmer]<\/strong><\/p>\n<p><a href=\"https:\/\/periodicos.ufpel.edu.br\/ojs2\/index.php\/HistRev\/article\/view\/18553\" target=\"_blank\" rel=\"noopener noreferrer\"><strong>Hist\u00f3ria oral e professores de hist\u00f3ria: um estudo das diretrizes nacionais para a educa\u00e7\u00e3o das rela\u00e7\u00f5es \u00e9tnico-raciais<\/strong><\/a> | Oral history and history teachers: a study of national guidelines for the education of ethnic-racial relationships <strong>[Suzana Lopes Salgado Ribeiro | Eliana Sodr\u00e9 Mendes | Elisa Maria Andrade Brisola]<\/strong><\/p>\n<p><a href=\"https:\/\/periodicos.ufpel.edu.br\/ojs2\/index.php\/HistRev\/article\/view\/18554\" target=\"_blank\" rel=\"noopener noreferrer\"><strong>Melilla-Marrocos: (Con)Jun\u00e7\u00f5es Fronteiri\u00e7as. Um Debate Transdisciplinar<\/strong><\/a> |\u00a0Melilla-Morocco: Border Conjunctions. A Transdisciplinary Debate <strong>[Suzanne Maria Legrady]<\/strong><\/p>\n<p><a href=\"https:\/\/periodicos.ufpel.edu.br\/ojs2\/index.php\/HistRev\/article\/view\/18555\" target=\"_blank\" rel=\"noopener noreferrer\"><strong>Movimento feminista na cidade de Pelotas-RS: a atua\u00e7\u00e3o do Grupo Aut\u00f4nomo de Mulheres de Pelotas (GAMP) &#8211; (1990-2019)<\/strong> <\/a>|\u00a0Feminist movement in the city of Pelotas-RS: the performance of the Autonomous Group of Women in Pelotas (GAMP) \u2013 (1990-2019)<strong> [Elisiane Medeiros Chaves]<\/strong><\/p>\n<p><a href=\"https:\/\/periodicos.ufpel.edu.br\/ojs2\/index.php\/HistRev\/article\/view\/18556\" target=\"_blank\" rel=\"noopener noreferrer\"><strong>Cais do Valongo: mem\u00f3ria escravista e heran\u00e7a cultural<\/strong> <\/a>| Valongo wharf: slave memory and cultural heritage <strong>[Vanessa de Ara\u00fajo Andrade | J\u00e9ssica de Freitas e Gonzaga da Silva]<\/strong><\/p>\n<p><a href=\"https:\/\/periodicos.ufpel.edu.br\/ojs2\/index.php\/HistRev\/article\/view\/18559\" target=\"_blank\" rel=\"noopener noreferrer\"><strong>Entrevista realizada com o cartunista Renato Vinicius Canini<\/strong><\/a>| Working instrument: interview carried out with the cartunist Renato Vinicius Canini\u00a0<strong>[Lorena Almeida Gill | \u00c2ngela Beatriz Pomatti | Victor Hugo Muller]<\/strong><\/p>\n<p>&nbsp;<\/p>\n<p><span style=\"font-size: 10pt;color: #808080\"><strong>* Nota sobre a publica\u00e7\u00e3o de Hist\u00f3ria em Revista, n\u00famero 25\/1: <\/strong>A Presente edi\u00e7\u00e3o de Hist\u00f3ria em Revista teve seus artigos recebidos e aprovados em fins de 2019. Por conta de entraves administrativos a edi\u00e7\u00e3o final e publica\u00e7\u00e3o da mesma ocorreu em Abril de 2020.<\/span><\/p>\n","protected":false},"excerpt":{"rendered":"<p>Apresenta\u00e7\u00e3o |\u00a0Introduction [Lorena Almeida Gill | Pablo Alejandro Pozzi | Robson Laverdi] Ensino de teatro na UFRGS: revirando mem\u00f3rias em busca da hist\u00f3ria |\u00a0Theater teaching at UFRGS: turning back memories in search of history [Juliana Wolkmer] Hist\u00f3ria oral e professores de hist\u00f3ria: um estudo das diretrizes nacionais para a educa\u00e7\u00e3o das rela\u00e7\u00f5es \u00e9tnico-raciais | Oral [&hellip;]<\/p>\n","protected":false},"author":718,"featured_media":0,"parent":0,"menu_order":0,"comment_status":"closed","ping_status":"closed","template":"","meta":{"jetpack_post_was_ever_published":false,"footnotes":""},"class_list":["post-2097","page","type-page","status-publish","hentry"],"jetpack_sharing_enabled":true,"jetpack_shortlink":"https:\/\/wp.me\/P9qy4R-xP","jetpack_likes_enabled":true,"jetpack-related-posts":[],"_links":{"self":[{"href":"https:\/\/wp.ufpel.edu.br\/ndh\/wp-json\/wp\/v2\/pages\/2097","targetHints":{"allow":["GET"]}}],"collection":[{"href":"https:\/\/wp.ufpel.edu.br\/ndh\/wp-json\/wp\/v2\/pages"}],"about":[{"href":"https:\/\/wp.ufpel.edu.br\/ndh\/wp-json\/wp\/v2\/types\/page"}],"author":[{"embeddable":true,"href":"https:\/\/wp.ufpel.edu.br\/ndh\/wp-json\/wp\/v2\/users\/718"}],"replies":[{"embeddable":true,"href":"https:\/\/wp.ufpel.edu.br\/ndh\/wp-json\/wp\/v2\/comments?post=2097"}],"version-history":[{"count":12,"href":"https:\/\/wp.ufpel.edu.br\/ndh\/wp-json\/wp\/v2\/pages\/2097\/revisions"}],"predecessor-version":[{"id":2111,"href":"https:\/\/wp.ufpel.edu.br\/ndh\/wp-json\/wp\/v2\/pages\/2097\/revisions\/2111"}],"wp:attachment":[{"href":"https:\/\/wp.ufpel.edu.br\/ndh\/wp-json\/wp\/v2\/media?parent=2097"}],"curies":[{"name":"wp","href":"https:\/\/api.w.org\/{rel}","templated":true}]}}