{"id":2076,"date":"2020-01-02T15:02:47","date_gmt":"2020-01-02T18:02:47","guid":{"rendered":"https:\/\/wp.ufpel.edu.br\/ndh\/?page_id=2076"},"modified":"2020-01-02T15:02:47","modified_gmt":"2020-01-02T18:02:47","slug":"guia-acervo-justica-do-trabalho","status":"publish","type":"page","link":"https:\/\/wp.ufpel.edu.br\/ndh\/guia-acervo-justica-do-trabalho\/","title":{"rendered":"Guia Acervo Justi\u00e7a do Trabalho"},"content":{"rendered":"<p>A equipe do NDH\/UFPel disponibiliza um Guia do Acervo da Justi\u00e7a do Trabalho de Pelotas, com informa\u00e7\u00f5es consolidadas em 2019 e publicadas na revista Mundos do Trabalho. O objetivo \u00e9 criar um par\u00e2metro para publica\u00e7\u00f5es futuras em rela\u00e7\u00e3o \u00e0s caracter\u00edsticas do acervo.<\/p>\n<p style=\"text-align: center\">| <a href=\"https:\/\/periodicos.ufsc.br\/index.php\/mundosdotrabalho\/article\/view\/1984-9222.2019.e67117\" target=\"_blank\" rel=\"noopener noreferrer\"><strong>confira<\/strong> <\/a>|<\/p>\n","protected":false},"excerpt":{"rendered":"<p>A equipe do NDH\/UFPel disponibiliza um Guia do Acervo da Justi\u00e7a do Trabalho de Pelotas, com informa\u00e7\u00f5es consolidadas em 2019 e publicadas na revista Mundos do Trabalho. O objetivo \u00e9 criar um par\u00e2metro para publica\u00e7\u00f5es futuras em rela\u00e7\u00e3o \u00e0s caracter\u00edsticas do acervo. | confira |<\/p>\n","protected":false},"author":718,"featured_media":0,"parent":0,"menu_order":0,"comment_status":"closed","ping_status":"closed","template":"","meta":{"jetpack_post_was_ever_published":false,"footnotes":""},"class_list":["post-2076","page","type-page","status-publish","hentry"],"jetpack_sharing_enabled":true,"jetpack_shortlink":"https:\/\/wp.me\/P9qy4R-xu","jetpack_likes_enabled":true,"jetpack-related-posts":[],"_links":{"self":[{"href":"https:\/\/wp.ufpel.edu.br\/ndh\/wp-json\/wp\/v2\/pages\/2076","targetHints":{"allow":["GET"]}}],"collection":[{"href":"https:\/\/wp.ufpel.edu.br\/ndh\/wp-json\/wp\/v2\/pages"}],"about":[{"href":"https:\/\/wp.ufpel.edu.br\/ndh\/wp-json\/wp\/v2\/types\/page"}],"author":[{"embeddable":true,"href":"https:\/\/wp.ufpel.edu.br\/ndh\/wp-json\/wp\/v2\/users\/718"}],"replies":[{"embeddable":true,"href":"https:\/\/wp.ufpel.edu.br\/ndh\/wp-json\/wp\/v2\/comments?post=2076"}],"version-history":[{"count":1,"href":"https:\/\/wp.ufpel.edu.br\/ndh\/wp-json\/wp\/v2\/pages\/2076\/revisions"}],"predecessor-version":[{"id":2078,"href":"https:\/\/wp.ufpel.edu.br\/ndh\/wp-json\/wp\/v2\/pages\/2076\/revisions\/2078"}],"wp:attachment":[{"href":"https:\/\/wp.ufpel.edu.br\/ndh\/wp-json\/wp\/v2\/media?parent=2076"}],"curies":[{"name":"wp","href":"https:\/\/api.w.org\/{rel}","templated":true}]}}