{"id":20,"date":"2017-02-13T16:31:01","date_gmt":"2017-02-13T18:31:01","guid":{"rendered":"https:\/\/wp.ufpel.edu.br\/ndh\/?page_id=20"},"modified":"2022-04-06T09:53:19","modified_gmt":"2022-04-06T12:53:19","slug":"historia-do-ndh-ufpel","status":"publish","type":"page","link":"https:\/\/wp.ufpel.edu.br\/ndh\/historia-do-ndh-ufpel\/","title":{"rendered":"Hist\u00f3ria do NDH &#8211; UFPel"},"content":{"rendered":"<p>O N\u00facleo de Documenta\u00e7\u00e3o Hist\u00f3rica da UFPel foi fundado no ano de 1990, pela professora Beatriz Ana Loner, tendo como objetivo inicial organizar o acervo da pr\u00f3pria universidade, o qual estava disperso dentre seus v\u00e1rios cursos de gradua\u00e7\u00e3o e de p\u00f3s-gradua\u00e7\u00e3o. Para sua cria\u00e7\u00e3o foi aproveitada uma demanda da Reitoria da UFPel da \u00e9poca (reitor Amilcar Gigante) por um local que tamb\u00e9m guardasse a documenta\u00e7\u00e3o sobre a hist\u00f3ria da universidade.<\/p>\n<p>O NDH\/UFPel teve sua sede localizada, desde o in\u00edcio, no Instituto de Ci\u00eancias Humanas. Quando foi criado era o \u00fanico centro de documenta\u00e7\u00e3o funcionando na cidade de Pelotas, a qual, com exce\u00e7\u00e3o da Biblioteca P\u00fablica Pelotense, n\u00e3o possu\u00eda nenhum arquivo hist\u00f3rico e apenas contava com tr\u00eas museus espec\u00edficos de artes e cole\u00e7\u00f5es de animais, vinculados \u00e0 pr\u00f3pria Universidade Federal de Pelotas.<\/p>\n<p>Ao longo de sua exist\u00eancia, se conseguiu organizar um importante acervo sobre os movimentos sociais e pol\u00edticos da regi\u00e3o, enquanto suas equipes de pesquisadores docentes, com o aux\u00edlio de alunos bolsistas e volunt\u00e1rios e t\u00e9cnico-administrativos, levaram a efeito v\u00e1rias pesquisas, a maioria sobre hist\u00f3ria social dos trabalhadores ga\u00fachos e suas condi\u00e7\u00f5es de vida e trabalho durante o per\u00edodo imperial e republicano.<\/p>\n<p>Com rela\u00e7\u00e3o a estas pesquisas, o material recuperado por elas tamb\u00e9m permaneceu arquivado no N\u00facleo, sendo em sua maioria composto de arquivos digitais, que continuam, mesmo ap\u00f3s o t\u00e9rmino das pesquisas origin\u00e1rias, servindo para outros trabalhos das equipes do NDH.<\/p>\n<p>Conseguiu-se arrecadar, at\u00e9 agora, um grande n\u00famero de documentos, peri\u00f3dicos, atas, panfletos, programas e demais publica\u00e7\u00f5es de sindicatos e associa\u00e7\u00f5es da cidade, partidos pol\u00edticos e movimentos sociais variados. Fotos, v\u00eddeos e outras formas de registro das atividades pol\u00edtico-sociais dos \u00faltimos anos tamb\u00e9m t\u00eam sido objeto de pol\u00edticas de resguardo do N\u00facleo, de forma que se tem atualmente um conjunto amplo e diferenciado de materiais para a guarda e o subs\u00eddio de pesquisas pr\u00f3prias ou de pesquisadores e interessados de fora.<\/p>\n<p>Assim, o NDH virou um referencial para a preserva\u00e7\u00e3o de materiais em suporte papel, na cidade de Pelotas, muitas vezes superior a seu espa\u00e7o f\u00edsico e possibilidades de tratamento, mas que s\u00e3o aceitos, pois a outra op\u00e7\u00e3o seria, simplesmente, a elimina\u00e7\u00e3o f\u00edsica desses documentos.<\/p>\n<p>Com isso, cedo atraiu para si a responsabilidade da guarda de numerosos acervos particulares, de revistas, jornais, boletins e documentos, especificamente aqueles oriundos de movimentos sociais e sindicais, revistas e jornais alternativos e documenta\u00e7\u00e3o de elei\u00e7\u00f5es e movimentos partid\u00e1rios. Atrav\u00e9s de conv\u00eanios, foi resguardada, tamb\u00e9m, parte do Acervo do Diret\u00f3rio Municipal do Partido dos Trabalhadores e se tem em comodato o arquivo do Diret\u00f3rio Central de Estudantes da UFPel e do antigo Gr\u00eamio da Escola T\u00e9cnica Federal de Pelotas, atual Instituto Federal Sul-Rio-Grandense.<\/p>\n<p>Atualmente os acervos mais importantes s\u00e3o aqueles vinculados \u00e0 hist\u00f3ria dos trabalhadores: Documenta\u00e7\u00e3o da Justi\u00e7a do Trabalho de Pelotas, entre os anos de 1941 e 1995; Acervo da Delegacia Regional do Trabalho, entre os anos de 1933 e 1968; Material da antiga F\u00e1brica Laneira, cuja fal\u00eancia foi decretada em 2003 e o Laborat\u00f3rio de Hist\u00f3ria Oral, o qual re\u00fane mais de uma centena de entrevistas.<\/p>\n<p style=\"text-align: center;\"><a href=\"https:\/\/wp.ufpel.edu.br\/ndh\/galeria\/\" rel=\"noopener\">Acesse nossa galeria de imagens clicando aqui!<\/a><\/p>\n","protected":false},"excerpt":{"rendered":"<p>O N\u00facleo de Documenta\u00e7\u00e3o Hist\u00f3rica da UFPel foi fundado no ano de 1990, pela professora Beatriz Ana Loner, tendo como objetivo inicial organizar o acervo da pr\u00f3pria universidade, o qual estava disperso dentre seus v\u00e1rios cursos de gradua\u00e7\u00e3o e de p\u00f3s-gradua\u00e7\u00e3o. Para sua cria\u00e7\u00e3o foi aproveitada uma demanda da Reitoria da UFPel da \u00e9poca (reitor [&hellip;]<\/p>\n","protected":false},"author":718,"featured_media":0,"parent":0,"menu_order":0,"comment_status":"closed","ping_status":"closed","template":"","meta":{"jetpack_post_was_ever_published":false,"footnotes":""},"class_list":["post-20","page","type-page","status-publish","hentry"],"jetpack_sharing_enabled":true,"jetpack_shortlink":"https:\/\/wp.me\/P9qy4R-k","jetpack_likes_enabled":true,"jetpack-related-posts":[],"_links":{"self":[{"href":"https:\/\/wp.ufpel.edu.br\/ndh\/wp-json\/wp\/v2\/pages\/20","targetHints":{"allow":["GET"]}}],"collection":[{"href":"https:\/\/wp.ufpel.edu.br\/ndh\/wp-json\/wp\/v2\/pages"}],"about":[{"href":"https:\/\/wp.ufpel.edu.br\/ndh\/wp-json\/wp\/v2\/types\/page"}],"author":[{"embeddable":true,"href":"https:\/\/wp.ufpel.edu.br\/ndh\/wp-json\/wp\/v2\/users\/718"}],"replies":[{"embeddable":true,"href":"https:\/\/wp.ufpel.edu.br\/ndh\/wp-json\/wp\/v2\/comments?post=20"}],"version-history":[{"count":11,"href":"https:\/\/wp.ufpel.edu.br\/ndh\/wp-json\/wp\/v2\/pages\/20\/revisions"}],"predecessor-version":[{"id":3577,"href":"https:\/\/wp.ufpel.edu.br\/ndh\/wp-json\/wp\/v2\/pages\/20\/revisions\/3577"}],"wp:attachment":[{"href":"https:\/\/wp.ufpel.edu.br\/ndh\/wp-json\/wp\/v2\/media?parent=20"}],"curies":[{"name":"wp","href":"https:\/\/api.w.org\/{rel}","templated":true}]}}