{"id":2,"date":"2017-02-13T09:26:05","date_gmt":"2017-02-13T11:26:05","guid":{"rendered":"https:\/\/wp.ufpel.edu.br\/ndh\/?page_id=2"},"modified":"2026-04-03T10:30:26","modified_gmt":"2026-04-03T13:30:26","slug":"ndh_ufpel","status":"publish","type":"page","link":"https:\/\/wp.ufpel.edu.br\/ndh\/","title":{"rendered":"Home"},"content":{"rendered":"<p>O<a href=\"http:\/\/guaiaca.ufpel.edu.br\/xmlui\/handle\/prefix\/19930\" target=\"_blank\" rel=\"noopener\"><img data-recalc-dims=\"1\" loading=\"lazy\" decoding=\"async\" data-attachment-id=\"4747\" data-permalink=\"https:\/\/wp.ufpel.edu.br\/ndh\/historia-do-ndh-ufpel\/ndh_ufpel\/2-7\/#main\" data-orig-file=\"https:\/\/i0.wp.com\/wp.ufpel.edu.br\/ndh\/files\/2026\/03\/2.png?fit=1080%2C1350&amp;ssl=1\" data-orig-size=\"1080,1350\" data-comments-opened=\"0\" data-image-meta=\"{&quot;aperture&quot;:&quot;0&quot;,&quot;credit&quot;:&quot;&quot;,&quot;camera&quot;:&quot;&quot;,&quot;caption&quot;:&quot;&quot;,&quot;created_timestamp&quot;:&quot;0&quot;,&quot;copyright&quot;:&quot;&quot;,&quot;focal_length&quot;:&quot;0&quot;,&quot;iso&quot;:&quot;0&quot;,&quot;shutter_speed&quot;:&quot;0&quot;,&quot;title&quot;:&quot;&quot;,&quot;orientation&quot;:&quot;0&quot;}\" data-image-title=\"2\" data-image-description=\"\" data-image-caption=\"\" data-medium-file=\"https:\/\/i0.wp.com\/wp.ufpel.edu.br\/ndh\/files\/2026\/03\/2.png?fit=254%2C318&amp;ssl=1\" data-large-file=\"https:\/\/i0.wp.com\/wp.ufpel.edu.br\/ndh\/files\/2026\/03\/2.png?fit=660%2C148&amp;ssl=1\" class=\"alignleft wp-image-4747 size-medium\" src=\"https:\/\/i0.wp.com\/wp.ufpel.edu.br\/ndh\/files\/2026\/03\/2.png?resize=254%2C318&#038;ssl=1\" alt=\"\" width=\"254\" height=\"318\" srcset=\"https:\/\/i0.wp.com\/wp.ufpel.edu.br\/ndh\/files\/2026\/03\/2.png?resize=254%2C318&amp;ssl=1 254w, https:\/\/i0.wp.com\/wp.ufpel.edu.br\/ndh\/files\/2026\/03\/2.png?resize=127%2C159&amp;ssl=1 127w, https:\/\/i0.wp.com\/wp.ufpel.edu.br\/ndh\/files\/2026\/03\/2.png?resize=768%2C960&amp;ssl=1 768w, https:\/\/i0.wp.com\/wp.ufpel.edu.br\/ndh\/files\/2026\/03\/2.png?resize=619%2C774&amp;ssl=1 619w, https:\/\/i0.wp.com\/wp.ufpel.edu.br\/ndh\/files\/2026\/03\/2.png?w=1080&amp;ssl=1 1080w\" sizes=\"auto, (max-width: 254px) 100vw, 254px\" \/><\/a>\u00a0N\u00facleo de Documenta\u00e7\u00e3o Hist\u00f3rica da UFPel (NDH &#8211; UFPel) foi fundado em mar\u00e7o de 1990, com as fun\u00e7\u00f5es de um Centro de Documenta\u00e7\u00e3o e Pesquisa em Hist\u00f3ria.<\/p>\n<p>A id\u00e9ia inicial de servir de local de preserva\u00e7\u00e3o da hist\u00f3ria institucional da Universidade rapidamente foi acrescida das fun\u00e7\u00f5es de N\u00facleo de Pesquisa, Extens\u00e3o e centro de resguardo da hist\u00f3ria do trabalho e dos partidos pol\u00edticos de nossa regi\u00e3o.<\/p>\n<p>Com\u00a0a incorpora\u00e7\u00e3o dos acervos da Delegacia Regional do Trabalho do RS, da Justi\u00e7a do Trabalho da Comarca de Pelotas, do DCE-UFPel, da Laneira Brasileira SA, da FAEM\u00a0e do Gr\u00eamio Estudantil do IFSul (antigo CEFET-RS), o NDH firma-se como um importante centro de preserva\u00e7\u00e3o hist\u00f3rica e fonte de pesquisa nas \u00e1reas mais diversas.<\/p>\n<p>Al\u00e9m disso, nos \u00faltimos anos, o N\u00facleo tem se consolidado como local de forma\u00e7\u00e3o acad\u00eamica. Atrav\u00e9s de grupos de estudo, semin\u00e1rios, aulas pr\u00e1ticas e, principalmente, gra\u00e7as aos projetos de pesquisa que agregam bolsistas e volunt\u00e1rios, o NDH vem contribuindo para uma melhor qualifica\u00e7\u00e3o de alunos do curso de Hist\u00f3ria. Prova disso \u00e9 o expressivo n\u00famero de bolsistas que saem para mestrados e doutorados.<\/p>\n","protected":false},"excerpt":{"rendered":"<p>O\u00a0N\u00facleo de Documenta\u00e7\u00e3o Hist\u00f3rica da UFPel (NDH &#8211; UFPel) foi fundado em mar\u00e7o de 1990, com as fun\u00e7\u00f5es de um Centro de Documenta\u00e7\u00e3o e Pesquisa em Hist\u00f3ria. A id\u00e9ia inicial de servir de local de preserva\u00e7\u00e3o da hist\u00f3ria institucional da Universidade rapidamente foi acrescida das fun\u00e7\u00f5es de N\u00facleo de Pesquisa, Extens\u00e3o e centro de resguardo [&hellip;]<\/p>\n","protected":false},"author":718,"featured_media":0,"parent":20,"menu_order":0,"comment_status":"closed","ping_status":"closed","template":"","meta":{"jetpack_post_was_ever_published":false,"footnotes":""},"class_list":["post-2","page","type-page","status-publish","hentry"],"jetpack_sharing_enabled":true,"jetpack_shortlink":"https:\/\/wp.me\/P9qy4R-2","jetpack_likes_enabled":true,"jetpack-related-posts":[],"_links":{"self":[{"href":"https:\/\/wp.ufpel.edu.br\/ndh\/wp-json\/wp\/v2\/pages\/2","targetHints":{"allow":["GET"]}}],"collection":[{"href":"https:\/\/wp.ufpel.edu.br\/ndh\/wp-json\/wp\/v2\/pages"}],"about":[{"href":"https:\/\/wp.ufpel.edu.br\/ndh\/wp-json\/wp\/v2\/types\/page"}],"author":[{"embeddable":true,"href":"https:\/\/wp.ufpel.edu.br\/ndh\/wp-json\/wp\/v2\/users\/718"}],"replies":[{"embeddable":true,"href":"https:\/\/wp.ufpel.edu.br\/ndh\/wp-json\/wp\/v2\/comments?post=2"}],"version-history":[{"count":4,"href":"https:\/\/wp.ufpel.edu.br\/ndh\/wp-json\/wp\/v2\/pages\/2\/revisions"}],"predecessor-version":[{"id":4749,"href":"https:\/\/wp.ufpel.edu.br\/ndh\/wp-json\/wp\/v2\/pages\/2\/revisions\/4749"}],"up":[{"embeddable":true,"href":"https:\/\/wp.ufpel.edu.br\/ndh\/wp-json\/wp\/v2\/pages\/20"}],"wp:attachment":[{"href":"https:\/\/wp.ufpel.edu.br\/ndh\/wp-json\/wp\/v2\/media?parent=2"}],"curies":[{"name":"wp","href":"https:\/\/api.w.org\/{rel}","templated":true}]}}