{"id":194,"date":"2017-02-15T16:22:09","date_gmt":"2017-02-15T18:22:09","guid":{"rendered":"https:\/\/wp.ufpel.edu.br\/ndh\/?page_id=194"},"modified":"2023-08-18T08:59:35","modified_gmt":"2023-08-18T11:59:35","slug":"equipe","status":"publish","type":"page","link":"https:\/\/wp.ufpel.edu.br\/ndh\/equipe\/","title":{"rendered":"Equipe &#8211; Docentes"},"content":{"rendered":"<p><img data-recalc-dims=\"1\" loading=\"lazy\" decoding=\"async\" data-attachment-id=\"3173\" data-permalink=\"https:\/\/wp.ufpel.edu.br\/ndh\/equipe\/beatriz-loner-200x200\/#main\" data-orig-file=\"https:\/\/i0.wp.com\/wp.ufpel.edu.br\/ndh\/files\/2021\/08\/beatriz-loner-200x200-1.png?fit=200%2C200&amp;ssl=1\" data-orig-size=\"200,200\" data-comments-opened=\"0\" data-image-meta=\"{&quot;aperture&quot;:&quot;0&quot;,&quot;credit&quot;:&quot;&quot;,&quot;camera&quot;:&quot;&quot;,&quot;caption&quot;:&quot;&quot;,&quot;created_timestamp&quot;:&quot;0&quot;,&quot;copyright&quot;:&quot;&quot;,&quot;focal_length&quot;:&quot;0&quot;,&quot;iso&quot;:&quot;0&quot;,&quot;shutter_speed&quot;:&quot;0&quot;,&quot;title&quot;:&quot;&quot;,&quot;orientation&quot;:&quot;0&quot;}\" data-image-title=\"beatriz-loner-200&amp;#215;200\" data-image-description=\"\" data-image-caption=\"\" data-medium-file=\"https:\/\/i0.wp.com\/wp.ufpel.edu.br\/ndh\/files\/2021\/08\/beatriz-loner-200x200-1.png?fit=200%2C200&amp;ssl=1\" data-large-file=\"https:\/\/i0.wp.com\/wp.ufpel.edu.br\/ndh\/files\/2021\/08\/beatriz-loner-200x200-1.png?fit=200%2C200&amp;ssl=1\" class=\"size-full wp-image-3173 aligncenter\" src=\"https:\/\/i0.wp.com\/wp.ufpel.edu.br\/ndh\/files\/2021\/08\/beatriz-loner-200x200-1.png?resize=200%2C200&#038;ssl=1\" alt=\"\" width=\"200\" height=\"200\" srcset=\"https:\/\/i0.wp.com\/wp.ufpel.edu.br\/ndh\/files\/2021\/08\/beatriz-loner-200x200-1.png?w=200&amp;ssl=1 200w, https:\/\/i0.wp.com\/wp.ufpel.edu.br\/ndh\/files\/2021\/08\/beatriz-loner-200x200-1.png?resize=159%2C159&amp;ssl=1 159w\" sizes=\"auto, (max-width: 200px) 100vw, 200px\" \/><\/p>\n<p style=\"text-align: center;\"><span style=\"font-size: 14pt; font-family: georgia, palatino, serif;\">Profa. Dra. <strong>Beatriz Ana Loner<\/strong> (Em mem\u00f3ria) &#8211; Fundadora e Coordenadora do NDH at\u00e9 2011. <em>[<a href=\"http:\/\/lattes.cnpq.br\/0738629122633840\" target=\"_blank\" rel=\"noopener\">curr\u00edculo lattes<\/a>]\u00a0<\/em><\/span><\/p>\n<hr \/>\n<p><img data-recalc-dims=\"1\" loading=\"lazy\" decoding=\"async\" data-attachment-id=\"3174\" data-permalink=\"https:\/\/wp.ufpel.edu.br\/ndh\/equipe\/19983569_1601914983224797_2218728570089804988_o\/#main\" data-orig-file=\"https:\/\/i0.wp.com\/wp.ufpel.edu.br\/ndh\/files\/2021\/08\/19983569_1601914983224797_2218728570089804988_o.jpg?fit=2009%2C2015&amp;ssl=1\" data-orig-size=\"2009,2015\" data-comments-opened=\"0\" data-image-meta=\"{&quot;aperture&quot;:&quot;0&quot;,&quot;credit&quot;:&quot;&quot;,&quot;camera&quot;:&quot;&quot;,&quot;caption&quot;:&quot;&quot;,&quot;created_timestamp&quot;:&quot;0&quot;,&quot;copyright&quot;:&quot;&quot;,&quot;focal_length&quot;:&quot;0&quot;,&quot;iso&quot;:&quot;0&quot;,&quot;shutter_speed&quot;:&quot;0&quot;,&quot;title&quot;:&quot;&quot;,&quot;orientation&quot;:&quot;0&quot;}\" data-image-title=\"19983569_1601914983224797_2218728570089804988_o\" data-image-description=\"\" data-image-caption=\"\" data-medium-file=\"https:\/\/i0.wp.com\/wp.ufpel.edu.br\/ndh\/files\/2021\/08\/19983569_1601914983224797_2218728570089804988_o.jpg?fit=317%2C318&amp;ssl=1\" data-large-file=\"https:\/\/i0.wp.com\/wp.ufpel.edu.br\/ndh\/files\/2021\/08\/19983569_1601914983224797_2218728570089804988_o.jpg?fit=660%2C148&amp;ssl=1\" class=\"wp-image-3174 aligncenter\" src=\"https:\/\/i0.wp.com\/wp.ufpel.edu.br\/ndh\/files\/2021\/08\/19983569_1601914983224797_2218728570089804988_o.jpg?resize=200%2C201&#038;ssl=1\" alt=\"\" width=\"200\" height=\"201\" srcset=\"https:\/\/i0.wp.com\/wp.ufpel.edu.br\/ndh\/files\/2021\/08\/19983569_1601914983224797_2218728570089804988_o.jpg?resize=317%2C318&amp;ssl=1 317w, https:\/\/i0.wp.com\/wp.ufpel.edu.br\/ndh\/files\/2021\/08\/19983569_1601914983224797_2218728570089804988_o.jpg?resize=159%2C159&amp;ssl=1 159w, https:\/\/i0.wp.com\/wp.ufpel.edu.br\/ndh\/files\/2021\/08\/19983569_1601914983224797_2218728570089804988_o.jpg?resize=768%2C770&amp;ssl=1 768w, https:\/\/i0.wp.com\/wp.ufpel.edu.br\/ndh\/files\/2021\/08\/19983569_1601914983224797_2218728570089804988_o.jpg?resize=1531%2C1536&amp;ssl=1 1531w, https:\/\/i0.wp.com\/wp.ufpel.edu.br\/ndh\/files\/2021\/08\/19983569_1601914983224797_2218728570089804988_o.jpg?resize=619%2C621&amp;ssl=1 619w, https:\/\/i0.wp.com\/wp.ufpel.edu.br\/ndh\/files\/2021\/08\/19983569_1601914983224797_2218728570089804988_o.jpg?w=2009&amp;ssl=1 2009w, https:\/\/i0.wp.com\/wp.ufpel.edu.br\/ndh\/files\/2021\/08\/19983569_1601914983224797_2218728570089804988_o.jpg?w=1320&amp;ssl=1 1320w\" sizes=\"auto, (max-width: 200px) 100vw, 200px\" \/><\/p>\n<p style=\"text-align: center;\"><span style=\"font-size: 14pt;\">Profa. Dra. <strong>Lorena Almeida Gill<\/strong> &#8211; Fundadora e Coordenadora do NDH desde 2012. Coordenadora do <a href=\"https:\/\/wp.ufpel.edu.br\/ndh\/laboratorio-de-historia-oral\/\">LaHO <\/a>(Laborat\u00f3rio de Hist\u00f3ria Oral).\u00a0<em>[<a href=\"http:\/\/lattes.cnpq.br\/6761690884628276\" target=\"_blank\" rel=\"noopener\">curr\u00edculo lattes<\/a>] [<a href=\"https:\/\/wp.ufpel.edu.br\/ndh\/lorena-gill\/\">contato<\/a>]<\/em><\/span><\/p>\n<hr \/>\n<p><img data-recalc-dims=\"1\" loading=\"lazy\" decoding=\"async\" data-attachment-id=\"3178\" data-permalink=\"https:\/\/wp.ufpel.edu.br\/ndh\/equipe\/capturar\/#main\" data-orig-file=\"https:\/\/i0.wp.com\/wp.ufpel.edu.br\/ndh\/files\/2021\/08\/Capturar.png?fit=376%2C390&amp;ssl=1\" data-orig-size=\"376,390\" data-comments-opened=\"0\" data-image-meta=\"{&quot;aperture&quot;:&quot;0&quot;,&quot;credit&quot;:&quot;&quot;,&quot;camera&quot;:&quot;&quot;,&quot;caption&quot;:&quot;&quot;,&quot;created_timestamp&quot;:&quot;0&quot;,&quot;copyright&quot;:&quot;&quot;,&quot;focal_length&quot;:&quot;0&quot;,&quot;iso&quot;:&quot;0&quot;,&quot;shutter_speed&quot;:&quot;0&quot;,&quot;title&quot;:&quot;&quot;,&quot;orientation&quot;:&quot;0&quot;}\" data-image-title=\"Capturar\" data-image-description=\"\" data-image-caption=\"\" data-medium-file=\"https:\/\/i0.wp.com\/wp.ufpel.edu.br\/ndh\/files\/2021\/08\/Capturar.png?fit=307%2C318&amp;ssl=1\" data-large-file=\"https:\/\/i0.wp.com\/wp.ufpel.edu.br\/ndh\/files\/2021\/08\/Capturar.png?fit=376%2C220&amp;ssl=1\" class=\"wp-image-3178 aligncenter\" src=\"https:\/\/i0.wp.com\/wp.ufpel.edu.br\/ndh\/files\/2021\/08\/Capturar.png?resize=200%2C207&#038;ssl=1\" alt=\"\" width=\"200\" height=\"207\" srcset=\"https:\/\/i0.wp.com\/wp.ufpel.edu.br\/ndh\/files\/2021\/08\/Capturar.png?resize=307%2C318&amp;ssl=1 307w, https:\/\/i0.wp.com\/wp.ufpel.edu.br\/ndh\/files\/2021\/08\/Capturar.png?resize=153%2C159&amp;ssl=1 153w, https:\/\/i0.wp.com\/wp.ufpel.edu.br\/ndh\/files\/2021\/08\/Capturar.png?w=376&amp;ssl=1 376w\" sizes=\"auto, (max-width: 200px) 100vw, 200px\" \/><\/p>\n<p style=\"text-align: center;\"><span style=\"font-size: 14pt;\">Prof. Dr. <strong>Aristeu Elisandro Machado Lopes<\/strong> &#8211; Pesquisador do NDH e Coordenador do <a href=\"https:\/\/wp.ufpel.edu.br\/ndh\/lipeem\/\">LIPEEM<\/a> (Laborat\u00f3rio Interdisciplinar de Pesquisa e Ensino em Entretenimento e M\u00eddias).\u00a0<em>[<a href=\"http:\/\/lattes.cnpq.br\/3563086398486737\" target=\"_blank\" rel=\"noopener\">curr\u00edculo lattes<\/a>] [<a href=\"https:\/\/wp.ufpel.edu.br\/ndh\/aristeu-lopes\/\">contato<\/a>]<\/em><\/span><\/p>\n<hr \/>\n<p><img data-recalc-dims=\"1\" loading=\"lazy\" decoding=\"async\" data-attachment-id=\"3175\" data-permalink=\"https:\/\/wp.ufpel.edu.br\/ndh\/equipe\/83260941_3512263788848418_386157911128145920_n\/#main\" data-orig-file=\"https:\/\/i0.wp.com\/wp.ufpel.edu.br\/ndh\/files\/2021\/08\/83260941_3512263788848418_386157911128145920_n.jpg?fit=960%2C960&amp;ssl=1\" data-orig-size=\"960,960\" data-comments-opened=\"0\" data-image-meta=\"{&quot;aperture&quot;:&quot;0&quot;,&quot;credit&quot;:&quot;&quot;,&quot;camera&quot;:&quot;&quot;,&quot;caption&quot;:&quot;&quot;,&quot;created_timestamp&quot;:&quot;0&quot;,&quot;copyright&quot;:&quot;&quot;,&quot;focal_length&quot;:&quot;0&quot;,&quot;iso&quot;:&quot;0&quot;,&quot;shutter_speed&quot;:&quot;0&quot;,&quot;title&quot;:&quot;&quot;,&quot;orientation&quot;:&quot;0&quot;}\" data-image-title=\"83260941_3512263788848418_386157911128145920_n\" data-image-description=\"\" data-image-caption=\"\" data-medium-file=\"https:\/\/i0.wp.com\/wp.ufpel.edu.br\/ndh\/files\/2021\/08\/83260941_3512263788848418_386157911128145920_n.jpg?fit=318%2C318&amp;ssl=1\" data-large-file=\"https:\/\/i0.wp.com\/wp.ufpel.edu.br\/ndh\/files\/2021\/08\/83260941_3512263788848418_386157911128145920_n.jpg?fit=660%2C151&amp;ssl=1\" class=\"wp-image-3175 aligncenter\" src=\"https:\/\/i0.wp.com\/wp.ufpel.edu.br\/ndh\/files\/2021\/08\/83260941_3512263788848418_386157911128145920_n.jpg?resize=200%2C200&#038;ssl=1\" alt=\"\" width=\"200\" height=\"200\" srcset=\"https:\/\/i0.wp.com\/wp.ufpel.edu.br\/ndh\/files\/2021\/08\/83260941_3512263788848418_386157911128145920_n.jpg?resize=318%2C318&amp;ssl=1 318w, https:\/\/i0.wp.com\/wp.ufpel.edu.br\/ndh\/files\/2021\/08\/83260941_3512263788848418_386157911128145920_n.jpg?resize=159%2C159&amp;ssl=1 159w, https:\/\/i0.wp.com\/wp.ufpel.edu.br\/ndh\/files\/2021\/08\/83260941_3512263788848418_386157911128145920_n.jpg?resize=768%2C768&amp;ssl=1 768w, https:\/\/i0.wp.com\/wp.ufpel.edu.br\/ndh\/files\/2021\/08\/83260941_3512263788848418_386157911128145920_n.jpg?resize=619%2C619&amp;ssl=1 619w, https:\/\/i0.wp.com\/wp.ufpel.edu.br\/ndh\/files\/2021\/08\/83260941_3512263788848418_386157911128145920_n.jpg?w=960&amp;ssl=1 960w\" sizes=\"auto, (max-width: 200px) 100vw, 200px\" \/><\/p>\n<p style=\"text-align: center;\"><span style=\"font-size: 14pt;\">Prof. Dr. <strong>Jonas Vargas <\/strong>&#8211; Pesquisador do NDH. <em>[<a href=\"http:\/\/lattes.cnpq.br\/6511913807881617\" target=\"_blank\" rel=\"noopener\">curr\u00edculo lattes<\/a>] [<a href=\"jonasmvargas@yahoo.com.br\">contato<\/a>]<\/em><\/span><\/p>\n<hr \/>\n<p><img data-recalc-dims=\"1\" loading=\"lazy\" decoding=\"async\" data-attachment-id=\"4113\" data-permalink=\"https:\/\/wp.ufpel.edu.br\/ndh\/equipe\/imagem-marcia-espig\/#main\" data-orig-file=\"https:\/\/i0.wp.com\/wp.ufpel.edu.br\/ndh\/files\/2023\/08\/imagem-marcia-espig.jpg?fit=720%2C720&amp;ssl=1\" data-orig-size=\"720,720\" data-comments-opened=\"0\" data-image-meta=\"{&quot;aperture&quot;:&quot;0&quot;,&quot;credit&quot;:&quot;&quot;,&quot;camera&quot;:&quot;&quot;,&quot;caption&quot;:&quot;&quot;,&quot;created_timestamp&quot;:&quot;0&quot;,&quot;copyright&quot;:&quot;&quot;,&quot;focal_length&quot;:&quot;0&quot;,&quot;iso&quot;:&quot;0&quot;,&quot;shutter_speed&quot;:&quot;0&quot;,&quot;title&quot;:&quot;&quot;,&quot;orientation&quot;:&quot;0&quot;}\" data-image-title=\"imagem marcia espig\" data-image-description=\"\" data-image-caption=\"\" data-medium-file=\"https:\/\/i0.wp.com\/wp.ufpel.edu.br\/ndh\/files\/2023\/08\/imagem-marcia-espig.jpg?fit=318%2C318&amp;ssl=1\" data-large-file=\"https:\/\/i0.wp.com\/wp.ufpel.edu.br\/ndh\/files\/2023\/08\/imagem-marcia-espig.jpg?fit=660%2C202&amp;ssl=1\" class=\"aligncenter wp-image-4113 \" src=\"https:\/\/i0.wp.com\/wp.ufpel.edu.br\/ndh\/files\/2023\/08\/imagem-marcia-espig-159x159.jpg?resize=210%2C210&#038;ssl=1\" alt=\"\" width=\"210\" height=\"210\" srcset=\"https:\/\/i0.wp.com\/wp.ufpel.edu.br\/ndh\/files\/2023\/08\/imagem-marcia-espig.jpg?resize=159%2C159&amp;ssl=1 159w, https:\/\/i0.wp.com\/wp.ufpel.edu.br\/ndh\/files\/2023\/08\/imagem-marcia-espig.jpg?resize=318%2C318&amp;ssl=1 318w, https:\/\/i0.wp.com\/wp.ufpel.edu.br\/ndh\/files\/2023\/08\/imagem-marcia-espig.jpg?resize=619%2C619&amp;ssl=1 619w, https:\/\/i0.wp.com\/wp.ufpel.edu.br\/ndh\/files\/2023\/08\/imagem-marcia-espig.jpg?w=720&amp;ssl=1 720w\" sizes=\"auto, (max-width: 210px) 100vw, 210px\" \/><\/p>\n<p><span style=\"font-size: 14pt;\">Profa. Dra. <strong>M\u00e1rcia Janete Espig<\/strong> &#8211; Pesquisadora do NDH <em>[<a href=\"http:\/\/lattes.cnpq.br\/4254021430397611\" target=\"_blank\" rel=\"noopener\">curr\u00edculo lattes<\/a>] [<a href=\"https:\/\/wp.ufpel.edu.br\/ndh\/marcia-janete-espig\/\">contato<\/a>]<\/em><\/span><\/p>\n<p>&nbsp;<\/p>\n<p style=\"text-align: center;\"><a href=\"https:\/\/wp.ufpel.edu.br\/ndh\/academicos\/\"><strong>Acad\u00eamicos (Bolsistas, pesquisadores e volunt\u00e1rios)<\/strong><\/a><\/p>\n","protected":false},"excerpt":{"rendered":"<p>Profa. Dra. Beatriz Ana Loner (Em mem\u00f3ria) &#8211; Fundadora e Coordenadora do NDH at\u00e9 2011. [curr\u00edculo lattes]\u00a0 Profa. Dra. Lorena Almeida Gill &#8211; Fundadora e Coordenadora do NDH desde 2012. Coordenadora do LaHO (Laborat\u00f3rio de Hist\u00f3ria Oral).\u00a0[curr\u00edculo lattes] [contato] Prof. Dr. Aristeu Elisandro Machado Lopes &#8211; Pesquisador do NDH e Coordenador do LIPEEM (Laborat\u00f3rio Interdisciplinar [&hellip;]<\/p>\n","protected":false},"author":718,"featured_media":0,"parent":0,"menu_order":0,"comment_status":"closed","ping_status":"closed","template":"","meta":{"jetpack_post_was_ever_published":false,"footnotes":""},"class_list":["post-194","page","type-page","status-publish","hentry"],"jetpack_sharing_enabled":true,"jetpack_shortlink":"https:\/\/wp.me\/P9qy4R-38","jetpack_likes_enabled":true,"jetpack-related-posts":[],"_links":{"self":[{"href":"https:\/\/wp.ufpel.edu.br\/ndh\/wp-json\/wp\/v2\/pages\/194","targetHints":{"allow":["GET"]}}],"collection":[{"href":"https:\/\/wp.ufpel.edu.br\/ndh\/wp-json\/wp\/v2\/pages"}],"about":[{"href":"https:\/\/wp.ufpel.edu.br\/ndh\/wp-json\/wp\/v2\/types\/page"}],"author":[{"embeddable":true,"href":"https:\/\/wp.ufpel.edu.br\/ndh\/wp-json\/wp\/v2\/users\/718"}],"replies":[{"embeddable":true,"href":"https:\/\/wp.ufpel.edu.br\/ndh\/wp-json\/wp\/v2\/comments?post=194"}],"version-history":[{"count":23,"href":"https:\/\/wp.ufpel.edu.br\/ndh\/wp-json\/wp\/v2\/pages\/194\/revisions"}],"predecessor-version":[{"id":4114,"href":"https:\/\/wp.ufpel.edu.br\/ndh\/wp-json\/wp\/v2\/pages\/194\/revisions\/4114"}],"wp:attachment":[{"href":"https:\/\/wp.ufpel.edu.br\/ndh\/wp-json\/wp\/v2\/media?parent=194"}],"curies":[{"name":"wp","href":"https:\/\/api.w.org\/{rel}","templated":true}]}}