{"id":176,"date":"2017-02-15T16:00:52","date_gmt":"2017-02-15T18:00:52","guid":{"rendered":"https:\/\/wp.ufpel.edu.br\/ndh\/?page_id=176"},"modified":"2019-06-12T16:05:15","modified_gmt":"2019-06-12T19:05:15","slug":"hr-numero-6","status":"publish","type":"page","link":"https:\/\/wp.ufpel.edu.br\/ndh\/hr-numero-6\/","title":{"rendered":"HR &#8211; N\u00famero 6"},"content":{"rendered":"<p><strong><img data-recalc-dims=\"1\" loading=\"lazy\" decoding=\"async\" data-attachment-id=\"691\" data-permalink=\"https:\/\/wp.ufpel.edu.br\/ndh\/hr-numero-6\/hr-6\/#main\" data-orig-file=\"https:\/\/i0.wp.com\/wp.ufpel.edu.br\/ndh\/files\/2017\/02\/hr-6.png?fit=192%2C323&amp;ssl=1\" data-orig-size=\"192,323\" data-comments-opened=\"0\" data-image-meta=\"{&quot;aperture&quot;:&quot;0&quot;,&quot;credit&quot;:&quot;&quot;,&quot;camera&quot;:&quot;&quot;,&quot;caption&quot;:&quot;&quot;,&quot;created_timestamp&quot;:&quot;0&quot;,&quot;copyright&quot;:&quot;&quot;,&quot;focal_length&quot;:&quot;0&quot;,&quot;iso&quot;:&quot;0&quot;,&quot;shutter_speed&quot;:&quot;0&quot;,&quot;title&quot;:&quot;&quot;,&quot;orientation&quot;:&quot;0&quot;}\" data-image-title=\"hr-6\" data-image-description=\"\" data-image-caption=\"\" data-medium-file=\"https:\/\/i0.wp.com\/wp.ufpel.edu.br\/ndh\/files\/2017\/02\/hr-6.png?fit=189%2C318&amp;ssl=1\" data-large-file=\"https:\/\/i0.wp.com\/wp.ufpel.edu.br\/ndh\/files\/2017\/02\/hr-6.png?fit=192%2C220&amp;ssl=1\" class=\"alignleft size-medium wp-image-691\" src=\"https:\/\/i0.wp.com\/wp.ufpel.edu.br\/ndh\/files\/2017\/02\/hr-6.png?resize=189%2C318&#038;ssl=1\" alt=\"\" width=\"189\" height=\"318\" srcset=\"https:\/\/i0.wp.com\/wp.ufpel.edu.br\/ndh\/files\/2017\/02\/hr-6.png?resize=189%2C318&amp;ssl=1 189w, https:\/\/i0.wp.com\/wp.ufpel.edu.br\/ndh\/files\/2017\/02\/hr-6.png?resize=95%2C159&amp;ssl=1 95w, https:\/\/i0.wp.com\/wp.ufpel.edu.br\/ndh\/files\/2017\/02\/hr-6.png?w=192&amp;ssl=1 192w\" sizes=\"auto, (max-width: 189px) 100vw, 189px\" \/>Dossi\u00ea: Historiografia\u00a0[ISSN 1516-2095]<\/strong><\/p>\n<p><a href=\"https:\/\/periodicos.ufpel.edu.br\/ojs2\/index.php\/HistRev\/article\/view\/11941\" target=\"_blank\" rel=\"noopener noreferrer\">A F\u00e1brica da Hist\u00f3ria: do &#8220;acontecimento&#8221; \u00e0 escrita da hist\u00f3ria. As primeiras escolhas gregas.<\/a><br \/>\n<strong>Fran\u00e7ois Hartog<br \/>\n<\/strong><br \/>\n<a href=\"https:\/\/periodicos.ufpel.edu.br\/ojs2\/index.php\/HistRev\/article\/view\/12004\" target=\"_blank\" rel=\"noopener noreferrer\">Usos da Hist\u00f3ria: refletindo sobre identidade e sentido<\/a><br \/>\n<strong>Manoel Luiz Salgado Guimar\u00e3es<\/strong><\/p>\n<p><a href=\"https:\/\/periodicos.ufpel.edu.br\/ojs2\/index.php\/HistRev\/article\/view\/12005\" target=\"_blank\" rel=\"noopener noreferrer\">Quando um manuscrito torna-se fonte hist\u00f3rica: as marcas de verdade no relato de Gabriel Soares de Sousa (1587)<\/a><br \/>\n<strong>Tem\u00edstocles C\u00e9zar<\/strong><\/p>\n<p><strong>Artigos:<\/strong><\/p>\n<p><a href=\"https:\/\/periodicos.ufpel.edu.br\/ojs2\/index.php\/HistRev\/article\/view\/12006\" target=\"_blank\" rel=\"noopener noreferrer\">A palavra como arma: uma pol\u00eamica na imprensa oper\u00e1ria porto-alegrense em 1907<\/a><br \/>\n<strong>Benito Bisso Schmidt<\/strong><br \/>\n<a href=\"https:\/\/periodicos.ufpel.edu.br\/ojs2\/index.php\/HistRev\/article\/view\/12079\" target=\"_blank\" rel=\"noopener noreferrer\"><br \/>\nA iconografia dos vasos gregos antigos como fonte hist\u00f3rica<\/a><br \/>\n<strong>F\u00e1bio Vergara Cerqueira<\/strong><br \/>\n<a href=\"https:\/\/periodicos.ufpel.edu.br\/ojs2\/index.php\/HistRev\/article\/view\/12007\" target=\"_blank\" rel=\"noopener noreferrer\"><br \/>\nA funda\u00e7\u00e3o e os objetivos dos clubes caixeirais no Rio Grande do Sul<\/a><br \/>\n<strong>Paulo Cesar Borges Duarte<\/strong><\/p>\n<p><a href=\"https:\/\/periodicos.ufpel.edu.br\/ojs2\/index.php\/HistRev\/article\/view\/12008\" target=\"_blank\" rel=\"noopener noreferrer\">A repercuss\u00e3o da Revolu\u00e7\u00e3o Russa de 1917 nos jornais di\u00e1rios da Rep\u00fablica Velha no Rio Grande do Sul<\/a><br \/>\n<strong>Adriano Belmudes Antunes<\/strong><br \/>\n<strong><br \/>\nInstrumento de Trabalho:<\/strong> <a href=\"https:\/\/periodicos.ufpel.edu.br\/ojs2\/index.php\/HistRev\/article\/view\/12009\" target=\"_blank\" rel=\"noopener noreferrer\">Rela\u00e7\u00e3o de jornais existentes na Biblioteca P\u00fablica Pelotense<\/a><br \/>\n<strong>S\u00f4nia Tavares Garcia e Beatriz Ana Loner<\/strong><\/p>\n","protected":false},"excerpt":{"rendered":"<p>Dossi\u00ea: Historiografia\u00a0[ISSN 1516-2095] A F\u00e1brica da Hist\u00f3ria: do &#8220;acontecimento&#8221; \u00e0 escrita da hist\u00f3ria. As primeiras escolhas gregas. Fran\u00e7ois Hartog Usos da Hist\u00f3ria: refletindo sobre identidade e sentido Manoel Luiz Salgado Guimar\u00e3es Quando um manuscrito torna-se fonte hist\u00f3rica: as marcas de verdade no relato de Gabriel Soares de Sousa (1587) Tem\u00edstocles C\u00e9zar Artigos: A palavra como [&hellip;]<\/p>\n","protected":false},"author":718,"featured_media":0,"parent":0,"menu_order":0,"comment_status":"closed","ping_status":"closed","template":"","meta":{"jetpack_post_was_ever_published":false,"footnotes":""},"class_list":["post-176","page","type-page","status-publish","hentry"],"jetpack_sharing_enabled":true,"jetpack_shortlink":"https:\/\/wp.me\/P9qy4R-2Q","jetpack_likes_enabled":true,"jetpack-related-posts":[],"_links":{"self":[{"href":"https:\/\/wp.ufpel.edu.br\/ndh\/wp-json\/wp\/v2\/pages\/176","targetHints":{"allow":["GET"]}}],"collection":[{"href":"https:\/\/wp.ufpel.edu.br\/ndh\/wp-json\/wp\/v2\/pages"}],"about":[{"href":"https:\/\/wp.ufpel.edu.br\/ndh\/wp-json\/wp\/v2\/types\/page"}],"author":[{"embeddable":true,"href":"https:\/\/wp.ufpel.edu.br\/ndh\/wp-json\/wp\/v2\/users\/718"}],"replies":[{"embeddable":true,"href":"https:\/\/wp.ufpel.edu.br\/ndh\/wp-json\/wp\/v2\/comments?post=176"}],"version-history":[{"count":8,"href":"https:\/\/wp.ufpel.edu.br\/ndh\/wp-json\/wp\/v2\/pages\/176\/revisions"}],"predecessor-version":[{"id":1963,"href":"https:\/\/wp.ufpel.edu.br\/ndh\/wp-json\/wp\/v2\/pages\/176\/revisions\/1963"}],"wp:attachment":[{"href":"https:\/\/wp.ufpel.edu.br\/ndh\/wp-json\/wp\/v2\/media?parent=176"}],"curies":[{"name":"wp","href":"https:\/\/api.w.org\/{rel}","templated":true}]}}