{"id":1752,"date":"2019-03-15T14:46:02","date_gmt":"2019-03-15T17:46:02","guid":{"rendered":"https:\/\/wp.ufpel.edu.br\/ndh\/?page_id=1752"},"modified":"2019-04-29T17:11:40","modified_gmt":"2019-04-29T20:11:40","slug":"hr-numero-24-2-marco-de-2019","status":"publish","type":"page","link":"https:\/\/wp.ufpel.edu.br\/ndh\/hr-numero-24-2-marco-de-2019\/","title":{"rendered":"HR &#8211; N\u00famero 24\/2 &#8211; Mar\u00e7o de 2019"},"content":{"rendered":"<p><a href=\"https:\/\/i0.wp.com\/wp.ufpel.edu.br\/ndh\/files\/2019\/03\/folha-de-rosto-edi%C3%A7%C3%A3o-24.2.jpg?ssl=1\" target=\"_blank\" rel=\"noopener noreferrer\"><img data-recalc-dims=\"1\" loading=\"lazy\" decoding=\"async\" data-attachment-id=\"1746\" data-permalink=\"https:\/\/wp.ufpel.edu.br\/ndh\/apresentacao-hr-24-2\/folha-de-rosto-edicao-24-2\/#main\" data-orig-file=\"https:\/\/i0.wp.com\/wp.ufpel.edu.br\/ndh\/files\/2019\/03\/folha-de-rosto-edi%C3%A7%C3%A3o-24.2.jpg?fit=1752%2C2482&amp;ssl=1\" data-orig-size=\"1752,2482\" data-comments-opened=\"0\" data-image-meta=\"{&quot;aperture&quot;:&quot;0&quot;,&quot;credit&quot;:&quot;&quot;,&quot;camera&quot;:&quot;&quot;,&quot;caption&quot;:&quot;&quot;,&quot;created_timestamp&quot;:&quot;0&quot;,&quot;copyright&quot;:&quot;&quot;,&quot;focal_length&quot;:&quot;0&quot;,&quot;iso&quot;:&quot;0&quot;,&quot;shutter_speed&quot;:&quot;0&quot;,&quot;title&quot;:&quot;&quot;,&quot;orientation&quot;:&quot;0&quot;}\" data-image-title=\"folha de rosto edi\u00e7\u00e3o 24.2\" data-image-description=\"\" data-image-caption=\"\" data-medium-file=\"https:\/\/i0.wp.com\/wp.ufpel.edu.br\/ndh\/files\/2019\/03\/folha-de-rosto-edi%C3%A7%C3%A3o-24.2.jpg?fit=224%2C318&amp;ssl=1\" data-large-file=\"https:\/\/i0.wp.com\/wp.ufpel.edu.br\/ndh\/files\/2019\/03\/folha-de-rosto-edi%C3%A7%C3%A3o-24.2.jpg?fit=660%2C148&amp;ssl=1\" class=\"alignleft size-medium wp-image-1746\" src=\"https:\/\/i0.wp.com\/wp.ufpel.edu.br\/ndh\/files\/2019\/03\/folha-de-rosto-edi%C3%A7%C3%A3o-24.2.jpg?resize=224%2C318&#038;ssl=1\" alt=\"\" width=\"224\" height=\"318\" srcset=\"https:\/\/i0.wp.com\/wp.ufpel.edu.br\/ndh\/files\/2019\/03\/folha-de-rosto-edi%C3%A7%C3%A3o-24.2.jpg?resize=224%2C318&amp;ssl=1 224w, https:\/\/i0.wp.com\/wp.ufpel.edu.br\/ndh\/files\/2019\/03\/folha-de-rosto-edi%C3%A7%C3%A3o-24.2.jpg?resize=112%2C159&amp;ssl=1 112w, https:\/\/i0.wp.com\/wp.ufpel.edu.br\/ndh\/files\/2019\/03\/folha-de-rosto-edi%C3%A7%C3%A3o-24.2.jpg?resize=768%2C1088&amp;ssl=1 768w, https:\/\/i0.wp.com\/wp.ufpel.edu.br\/ndh\/files\/2019\/03\/folha-de-rosto-edi%C3%A7%C3%A3o-24.2.jpg?resize=619%2C877&amp;ssl=1 619w, https:\/\/i0.wp.com\/wp.ufpel.edu.br\/ndh\/files\/2019\/03\/folha-de-rosto-edi%C3%A7%C3%A3o-24.2.jpg?w=1752&amp;ssl=1 1752w, https:\/\/i0.wp.com\/wp.ufpel.edu.br\/ndh\/files\/2019\/03\/folha-de-rosto-edi%C3%A7%C3%A3o-24.2.jpg?w=1320&amp;ssl=1 1320w\" sizes=\"auto, (max-width: 224px) 100vw, 224px\" \/><\/a><a href=\"https:\/\/periodicos.ufpel.edu.br\/ojs2\/index.php\/HistRev\/issue\/view\/860\/showToc\" target=\"_blank\" rel=\"noopener noreferrer\"><strong>Apresenta\u00e7\u00e3o<\/strong> <\/a>|\u00a0Introduction [<strong>Jonas Moreira Vargas | Paulo Roberto Staudt Moreira | Caiu\u00e1 Cardoso Al-Alam<\/strong>]<\/p>\n<p><a href=\"https:\/\/periodicos.ufpel.edu.br\/ojs2\/index.php\/HistRev\/article\/view\/15866\" target=\"_blank\" rel=\"noopener noreferrer\"><strong>O 13 de maio nos relatos do impresso negro pelotense A Alvorada (1931-1935)<\/strong><\/a> |\u00a0The 13<sup>th<\/sup> of may in the reports of the black pelotense\u2019s print A Alvorada (1931-1935) [<strong>\u00c2ngela Pereira Oliveira Balladares<\/strong>]<\/p>\n<p><a href=\"https:\/\/periodicos.ufpel.edu.br\/ojs2\/index.php\/HistRev\/article\/view\/15867\" target=\"_blank\" rel=\"noopener noreferrer\"><strong>A escravid\u00e3o no Arraial do Tejuco (1731-1733): ensaio acerca da din\u00e2mica social e hierarquiza\u00e7\u00e3o, sob a \u00f3tica dos registros batismais<\/strong> <\/a>|\u00a0Slavery in the Arraial do Tejuco (1731-1733): essay on social dynamics and hierarchy, from the perspective of baptismal registers [<strong>Ane Caroline C\u00e2mara Pimenta | Elaine Leonara de Vargas Sodr\u00e9<\/strong>]<\/p>\n<p><a href=\"https:\/\/periodicos.ufpel.edu.br\/ojs2\/index.php\/HistRev\/article\/view\/15895\" target=\"_blank\" rel=\"noopener noreferrer\"><strong>Margens de liberdade: controle e autonomia nas \u00faltimas d\u00e9cadas da escravid\u00e3o em Jaguar\u00e3o (1870-1888)<\/strong><\/a> |\u00a0Margins of freedom: control an autonomy in the last decades of slavery in Jaguar\u00e3o (1870-1888) [<strong>Matheus Batalha Bom<\/strong>]<\/p>\n<p><a href=\"https:\/\/periodicos.ufpel.edu.br\/ojs2\/index.php\/HistRev\/article\/view\/15896\" target=\"_blank\" rel=\"noopener noreferrer\"><strong>De Euz\u00e9bio escravo, filho da Preta Nag\u00f4 \u00c2ngela, a Euz\u00e9bio Barcellos liberto: projetos de liberdade na comunidade escrava do Comendador Cipriano Rodrigues Barcellos<\/strong><\/a> |\u00a0Of Euz\u00e9bio Slave, son of Black Nag\u00f4 \u00c2ngela, to Euz\u00e9bio Barcielos freed slave: designs of freedon in the community slave of cender Cipriano Rodrigues Barcellos [<strong>Nat\u00e1lia Garcia Pinto<\/strong>]<\/p>\n<p><a href=\"https:\/\/periodicos.ufpel.edu.br\/ojs2\/index.php\/HistRev\/article\/view\/15897\" target=\"_blank\" rel=\"noopener noreferrer\"><strong>Manipan\u00e7os, feiti\u00e7arias, alcor\u00f5es: Africanos mu\u00e7ulmanos no Brasil meridional (Porto Alegre, s\u00e9culo XIX)<\/strong> <\/a>|\u00a0Manipan\u00e7os, Sorcery, Quran: Muslim Africans in Southern Brazil (Porto Alegre, 19th century) [<strong>Paulo Roberto Staudt Moreira<\/strong>]<\/p>\n<p><a href=\"https:\/\/periodicos.ufpel.edu.br\/ojs2\/index.php\/HistRev\/article\/view\/15898\" target=\"_blank\" rel=\"noopener noreferrer\"><strong>Entre a permiss\u00e3o e a proibi\u00e7\u00e3o: Batuques, Dan\u00e7as e Conflitos na Capitania de Pernambuco durante o s\u00e9culo XVIII<\/strong> <\/a>|\u00a0Between permission and ban: Batuques, Dances and Conflicts in Pernambuco Captaincy during the eighteenth century [<strong>Josinaldo Sousa de Queiroz | Priscila Gusm\u00e3o de Andrade<\/strong>]<\/p>\n<p><a href=\"https:\/\/periodicos.ufpel.edu.br\/ojs2\/index.php\/HistRev\/article\/view\/15899\" target=\"_blank\" rel=\"noopener noreferrer\"><strong>\u201c\u00c9 uma negra feiticeira, mulher ruim\u201d: Rela\u00e7\u00f5es de G\u00eanero, Ra\u00e7a e Masculinidade. An\u00e1lise de um processo-crime, 1918 (Santa Maria \u2013RS)<\/strong> <\/a>|\u00a0&#8220;She is a black sorceress, a bad woman&#8221;: Relations of Gender, Race and Masculinity. Analysis of a criminal process, 1918 (Santa Maria -RS) [<strong>Lisiane Ribas Cruz | Priscilla Almaleh<\/strong>]<\/p>\n<p><a href=\"https:\/\/periodicos.ufpel.edu.br\/ojs2\/index.php\/HistRev\/article\/view\/15900\" target=\"_blank\" rel=\"noopener noreferrer\"><strong>O protagonismo feminino no Centro Abolicionista e nas festas da aboli\u00e7\u00e3o em Porto Alegre (RS\/ sec. XIX)<\/strong> <\/a>|\u00a0The female protagonism on Abolitionist Center and on abolition parties in Porto Alegre (RS\/ 19<sup>TH<\/sup> century) [<strong>Tuane Ludwig Dihl<\/strong>]<\/p>\n","protected":false},"excerpt":{"rendered":"<p>Apresenta\u00e7\u00e3o |\u00a0Introduction [Jonas Moreira Vargas | Paulo Roberto Staudt Moreira | Caiu\u00e1 Cardoso Al-Alam] O 13 de maio nos relatos do impresso negro pelotense A Alvorada (1931-1935) |\u00a0The 13th of may in the reports of the black pelotense\u2019s print A Alvorada (1931-1935) [\u00c2ngela Pereira Oliveira Balladares] A escravid\u00e3o no Arraial do Tejuco (1731-1733): ensaio acerca [&hellip;]<\/p>\n","protected":false},"author":718,"featured_media":0,"parent":0,"menu_order":0,"comment_status":"closed","ping_status":"closed","template":"","meta":{"jetpack_post_was_ever_published":false,"footnotes":""},"class_list":["post-1752","page","type-page","status-publish","hentry"],"jetpack_sharing_enabled":true,"jetpack_shortlink":"https:\/\/wp.me\/P9qy4R-sg","jetpack_likes_enabled":true,"jetpack-related-posts":[],"_links":{"self":[{"href":"https:\/\/wp.ufpel.edu.br\/ndh\/wp-json\/wp\/v2\/pages\/1752","targetHints":{"allow":["GET"]}}],"collection":[{"href":"https:\/\/wp.ufpel.edu.br\/ndh\/wp-json\/wp\/v2\/pages"}],"about":[{"href":"https:\/\/wp.ufpel.edu.br\/ndh\/wp-json\/wp\/v2\/types\/page"}],"author":[{"embeddable":true,"href":"https:\/\/wp.ufpel.edu.br\/ndh\/wp-json\/wp\/v2\/users\/718"}],"replies":[{"embeddable":true,"href":"https:\/\/wp.ufpel.edu.br\/ndh\/wp-json\/wp\/v2\/comments?post=1752"}],"version-history":[{"count":11,"href":"https:\/\/wp.ufpel.edu.br\/ndh\/wp-json\/wp\/v2\/pages\/1752\/revisions"}],"predecessor-version":[{"id":1794,"href":"https:\/\/wp.ufpel.edu.br\/ndh\/wp-json\/wp\/v2\/pages\/1752\/revisions\/1794"}],"wp:attachment":[{"href":"https:\/\/wp.ufpel.edu.br\/ndh\/wp-json\/wp\/v2\/media?parent=1752"}],"curies":[{"name":"wp","href":"https:\/\/api.w.org\/{rel}","templated":true}]}}