{"id":173,"date":"2017-02-15T16:00:39","date_gmt":"2017-02-15T18:00:39","guid":{"rendered":"https:\/\/wp.ufpel.edu.br\/ndh\/?page_id=173"},"modified":"2019-06-12T16:01:10","modified_gmt":"2019-06-12T19:01:10","slug":"hr-numero-5","status":"publish","type":"page","link":"https:\/\/wp.ufpel.edu.br\/ndh\/hr-numero-5\/","title":{"rendered":"HR &#8211; N\u00famero 5"},"content":{"rendered":"<p><strong>Dossi\u00ea: Etnias\u00a0[ISSN 1516-2095]<\/strong><br \/>\n<a href=\"https:\/\/periodicos.ufpel.edu.br\/ojs2\/index.php\/HistRev\/article\/view\/12080\" target=\"_blank\" rel=\"noopener noreferrer\"><br \/>\nNegros: organiza\u00e7\u00e3o e luta em Pelotas<\/a><a href=\"http:\/\/www2.ufpel.edu.br\/ich\/ndh\/hr\/hr_05\/historia_em_revista_05_beatriz.html\"><img data-recalc-dims=\"1\" loading=\"lazy\" decoding=\"async\" data-attachment-id=\"266\" data-permalink=\"https:\/\/wp.ufpel.edu.br\/ndh\/hr-numero-5\/historia_em_revista_05\/#main\" data-orig-file=\"https:\/\/i0.wp.com\/wp.ufpel.edu.br\/ndh\/files\/2017\/02\/historia_em_revista_05.gif?fit=194%2C294&amp;ssl=1\" data-orig-size=\"194,294\" data-comments-opened=\"0\" data-image-meta=\"{&quot;aperture&quot;:&quot;0&quot;,&quot;credit&quot;:&quot;&quot;,&quot;camera&quot;:&quot;&quot;,&quot;caption&quot;:&quot;&quot;,&quot;created_timestamp&quot;:&quot;0&quot;,&quot;copyright&quot;:&quot;&quot;,&quot;focal_length&quot;:&quot;0&quot;,&quot;iso&quot;:&quot;0&quot;,&quot;shutter_speed&quot;:&quot;0&quot;,&quot;title&quot;:&quot;&quot;,&quot;orientation&quot;:&quot;0&quot;}\" data-image-title=\"historia_em_revista_05\" data-image-description=\"\" data-image-caption=\"\" data-medium-file=\"https:\/\/i0.wp.com\/wp.ufpel.edu.br\/ndh\/files\/2017\/02\/historia_em_revista_05.gif?fit=194%2C294&amp;ssl=1\" data-large-file=\"https:\/\/i0.wp.com\/wp.ufpel.edu.br\/ndh\/files\/2017\/02\/historia_em_revista_05.gif?fit=194%2C220&amp;ssl=1\" class=\"alignleft wp-image-266 size-full\" src=\"https:\/\/i0.wp.com\/wp.ufpel.edu.br\/ndh\/files\/2017\/02\/historia_em_revista_05.gif?resize=194%2C294&#038;ssl=1\" width=\"194\" height=\"294\" \/><\/a><br \/>\n<strong>Beatriz Ana Loner<\/strong><\/p>\n<p><a href=\"https:\/\/periodicos.ufpel.edu.br\/ojs2\/index.php\/HistRev\/article\/view\/12012\" target=\"_blank\" rel=\"noopener noreferrer\">Sobre transmontanos e minhotos<\/a><br \/>\n<strong>M\u00e1rio Os\u00f3rio Magalh\u00e3es<\/strong><\/p>\n<p><a href=\"https:\/\/periodicos.ufpel.edu.br\/ojs2\/index.php\/HistRev\/article\/view\/12013\" target=\"_blank\" rel=\"noopener noreferrer\">Italianos e moderniza\u00e7\u00e3o: a cidade de Pelotas no \u00faltimo quartel do s\u00e9culo XIX<\/a><br \/>\n<strong>Marcos Hallal dos Anjos<\/strong><\/p>\n<p><a href=\"https:\/\/periodicos.ufpel.edu.br\/ojs2\/index.php\/HistRev\/article\/view\/12014\" target=\"_blank\" rel=\"noopener noreferrer\">&#8220;Quer comprar roupa feita?&#8221; A negocia\u00e7\u00e3o de identidades sociais de imigrantes palestinos<\/a><br \/>\n<strong>Denise Fagundes Jardim<\/strong><\/p>\n<p><a href=\"https:\/\/periodicos.ufpel.edu.br\/ojs2\/index.php\/HistRev\/article\/view\/12081\" target=\"_blank\" rel=\"noopener noreferrer\">&#8220;Clienteltchiks&#8221; Os judeus da presta\u00e7\u00e3o em Pelotas (RS) 1920-1945<\/a><br \/>\n<strong>Lorena Almeida Gill<\/strong><br \/>\n<a href=\"https:\/\/periodicos.ufpel.edu.br\/ojs2\/index.php\/HistRev\/article\/view\/12082\" target=\"_blank\" rel=\"noopener noreferrer\"><br \/>\nAspectos da Coloniza\u00e7\u00e3o Francesa em Pelotas<\/a><br \/>\n<strong>Leandro Ramos Betemps<\/strong><\/p>\n<p><strong>Instrumento de Trabalho: <\/strong><a href=\"https:\/\/periodicos.ufpel.edu.br\/ojs2\/index.php\/HistRev\/article\/view\/12015\" target=\"_blank\" rel=\"noopener noreferrer\">As col\u00f4nias alem\u00e3s no sul do Rio Grande do Sul (Carl Otto Ullrich &#8211; Ensaios FEE)<\/a><\/p>\n","protected":false},"excerpt":{"rendered":"<p>Dossi\u00ea: Etnias\u00a0[ISSN 1516-2095] Negros: organiza\u00e7\u00e3o e luta em Pelotas Beatriz Ana Loner Sobre transmontanos e minhotos M\u00e1rio Os\u00f3rio Magalh\u00e3es Italianos e moderniza\u00e7\u00e3o: a cidade de Pelotas no \u00faltimo quartel do s\u00e9culo XIX Marcos Hallal dos Anjos &#8220;Quer comprar roupa feita?&#8221; A negocia\u00e7\u00e3o de identidades sociais de imigrantes palestinos Denise Fagundes Jardim &#8220;Clienteltchiks&#8221; Os judeus da [&hellip;]<\/p>\n","protected":false},"author":718,"featured_media":0,"parent":0,"menu_order":0,"comment_status":"closed","ping_status":"closed","template":"","meta":{"jetpack_post_was_ever_published":false,"footnotes":""},"class_list":["post-173","page","type-page","status-publish","hentry"],"jetpack_sharing_enabled":true,"jetpack_shortlink":"https:\/\/wp.me\/P9qy4R-2N","jetpack_likes_enabled":true,"jetpack-related-posts":[],"_links":{"self":[{"href":"https:\/\/wp.ufpel.edu.br\/ndh\/wp-json\/wp\/v2\/pages\/173","targetHints":{"allow":["GET"]}}],"collection":[{"href":"https:\/\/wp.ufpel.edu.br\/ndh\/wp-json\/wp\/v2\/pages"}],"about":[{"href":"https:\/\/wp.ufpel.edu.br\/ndh\/wp-json\/wp\/v2\/types\/page"}],"author":[{"embeddable":true,"href":"https:\/\/wp.ufpel.edu.br\/ndh\/wp-json\/wp\/v2\/users\/718"}],"replies":[{"embeddable":true,"href":"https:\/\/wp.ufpel.edu.br\/ndh\/wp-json\/wp\/v2\/comments?post=173"}],"version-history":[{"count":8,"href":"https:\/\/wp.ufpel.edu.br\/ndh\/wp-json\/wp\/v2\/pages\/173\/revisions"}],"predecessor-version":[{"id":1057,"href":"https:\/\/wp.ufpel.edu.br\/ndh\/wp-json\/wp\/v2\/pages\/173\/revisions\/1057"}],"wp:attachment":[{"href":"https:\/\/wp.ufpel.edu.br\/ndh\/wp-json\/wp\/v2\/media?parent=173"}],"curies":[{"name":"wp","href":"https:\/\/api.w.org\/{rel}","templated":true}]}}