{"id":168,"date":"2017-02-15T15:51:49","date_gmt":"2017-02-15T17:51:49","guid":{"rendered":"https:\/\/wp.ufpel.edu.br\/ndh\/?page_id=168"},"modified":"2019-06-12T15:18:36","modified_gmt":"2019-06-12T18:18:36","slug":"hr-numero-4-1998","status":"publish","type":"page","link":"https:\/\/wp.ufpel.edu.br\/ndh\/hr-numero-4-1998\/","title":{"rendered":"HR &#8211; N\u00famero 4 &#8211; 1998"},"content":{"rendered":"<p><a href=\"http:\/\/www2.ufpel.edu.br\/ich\/ndh\/downloads\/Luiz_Mott_Volume_04.pdf\" target=\"_blank\" rel=\"noopener noreferrer\"><img data-recalc-dims=\"1\" loading=\"lazy\" decoding=\"async\" data-attachment-id=\"264\" data-permalink=\"https:\/\/wp.ufpel.edu.br\/ndh\/hr-numero-4-1998\/historia_em_revista_04-2\/#main\" data-orig-file=\"https:\/\/i0.wp.com\/wp.ufpel.edu.br\/ndh\/files\/2017\/02\/historia_em_revista_04-1.gif?fit=186%2C298&amp;ssl=1\" data-orig-size=\"186,298\" data-comments-opened=\"0\" data-image-meta=\"{&quot;aperture&quot;:&quot;0&quot;,&quot;credit&quot;:&quot;&quot;,&quot;camera&quot;:&quot;&quot;,&quot;caption&quot;:&quot;&quot;,&quot;created_timestamp&quot;:&quot;0&quot;,&quot;copyright&quot;:&quot;&quot;,&quot;focal_length&quot;:&quot;0&quot;,&quot;iso&quot;:&quot;0&quot;,&quot;shutter_speed&quot;:&quot;0&quot;,&quot;title&quot;:&quot;&quot;,&quot;orientation&quot;:&quot;0&quot;}\" data-image-title=\"historia_em_revista_04\" data-image-description=\"\" data-image-caption=\"\" data-medium-file=\"https:\/\/i0.wp.com\/wp.ufpel.edu.br\/ndh\/files\/2017\/02\/historia_em_revista_04-1.gif?fit=186%2C298&amp;ssl=1\" data-large-file=\"https:\/\/i0.wp.com\/wp.ufpel.edu.br\/ndh\/files\/2017\/02\/historia_em_revista_04-1.gif?fit=186%2C220&amp;ssl=1\" class=\"alignleft size-full wp-image-264\" src=\"https:\/\/i0.wp.com\/wp.ufpel.edu.br\/ndh\/files\/2017\/02\/historia_em_revista_04-1.gif?resize=186%2C298&#038;ssl=1\" alt=\"\" width=\"186\" height=\"298\" \/><\/a><\/p>\n<p><strong>[ISSN 1516-2095]<\/strong><\/p>\n<p><a href=\"https:\/\/periodicos.ufpel.edu.br\/ojs2\/index.php\/HistRev\/article\/view\/12016\" target=\"_blank\" rel=\"noopener noreferrer\">Etno-hist\u00f3ria da homossexualidade na Am\u00e9rica Latina<\/a><br \/>\n<strong>Luiz Mott<br \/>\n<\/strong><br \/>\n<a href=\"https:\/\/periodicos.ufpel.edu.br\/ojs2\/index.php\/HistRev\/article\/view\/12017\" target=\"_blank\" rel=\"noopener noreferrer\">A forma\u00e7\u00e3o da burocracia nos sindicatos<\/a><br \/>\n<strong>Ant\u00f4nio Carlos Martins da Cruz <\/strong><\/p>\n<p><a href=\"https:\/\/periodicos.ufpel.edu.br\/ojs2\/index.php\/HistRev\/article\/view\/12018\" target=\"_blank\" rel=\"noopener noreferrer\">A participa\u00e7\u00e3o da iniciativa privada nacional no setor el\u00e9trico ga\u00facho &#8211; uma perspectiva hist\u00f3rica das maiores empresas (1887-1928)<\/a><br \/>\n<strong>Gunter Axt <\/strong><\/p>\n<p><a href=\"https:\/\/periodicos.ufpel.edu.br\/ojs2\/index.php\/HistRev\/article\/view\/12019\" target=\"_blank\" rel=\"noopener noreferrer\">Profiss\u00f5es exercidas pelos negros em Pelotas (1905-1910)<\/a><br \/>\n<strong>Jo\u00e3o Batista Dornelles<\/strong><\/p>\n<p><a href=\"https:\/\/periodicos.ufpel.edu.br\/ojs2\/index.php\/HistRev\/article\/view\/12020\" target=\"_blank\" rel=\"noopener noreferrer\">&#8220;O Folclore Gay de Pelotas&#8221;: sobre uma representa\u00e7\u00e3o que se atualiza na hist\u00f3ria da cidade<\/a><br \/>\n<strong>Gl\u00e1ucia Lafuente Monteiro<\/strong><\/p>\n<p><strong>Instrumento de Trabalho:<\/strong> <a href=\"https:\/\/periodicos.ufpel.edu.br\/ojs2\/index.php\/HistRev\/article\/view\/12084\" target=\"_blank\" rel=\"noopener noreferrer\">3\u00ba Congresso Oper\u00e1rio Brasileiro &#8211; Relato de Santos Barboza<\/a><\/p>\n","protected":false},"excerpt":{"rendered":"<p>[ISSN 1516-2095] Etno-hist\u00f3ria da homossexualidade na Am\u00e9rica Latina Luiz Mott A forma\u00e7\u00e3o da burocracia nos sindicatos Ant\u00f4nio Carlos Martins da Cruz A participa\u00e7\u00e3o da iniciativa privada nacional no setor el\u00e9trico ga\u00facho &#8211; uma perspectiva hist\u00f3rica das maiores empresas (1887-1928) Gunter Axt Profiss\u00f5es exercidas pelos negros em Pelotas (1905-1910) Jo\u00e3o Batista Dornelles &#8220;O Folclore Gay de [&hellip;]<\/p>\n","protected":false},"author":718,"featured_media":0,"parent":0,"menu_order":0,"comment_status":"closed","ping_status":"closed","template":"","meta":{"jetpack_post_was_ever_published":false,"footnotes":""},"class_list":["post-168","page","type-page","status-publish","hentry"],"jetpack_sharing_enabled":true,"jetpack_shortlink":"https:\/\/wp.me\/P9qy4R-2I","jetpack_likes_enabled":true,"jetpack-related-posts":[],"_links":{"self":[{"href":"https:\/\/wp.ufpel.edu.br\/ndh\/wp-json\/wp\/v2\/pages\/168","targetHints":{"allow":["GET"]}}],"collection":[{"href":"https:\/\/wp.ufpel.edu.br\/ndh\/wp-json\/wp\/v2\/pages"}],"about":[{"href":"https:\/\/wp.ufpel.edu.br\/ndh\/wp-json\/wp\/v2\/types\/page"}],"author":[{"embeddable":true,"href":"https:\/\/wp.ufpel.edu.br\/ndh\/wp-json\/wp\/v2\/users\/718"}],"replies":[{"embeddable":true,"href":"https:\/\/wp.ufpel.edu.br\/ndh\/wp-json\/wp\/v2\/comments?post=168"}],"version-history":[{"count":16,"href":"https:\/\/wp.ufpel.edu.br\/ndh\/wp-json\/wp\/v2\/pages\/168\/revisions"}],"predecessor-version":[{"id":1959,"href":"https:\/\/wp.ufpel.edu.br\/ndh\/wp-json\/wp\/v2\/pages\/168\/revisions\/1959"}],"wp:attachment":[{"href":"https:\/\/wp.ufpel.edu.br\/ndh\/wp-json\/wp\/v2\/media?parent=168"}],"curies":[{"name":"wp","href":"https:\/\/api.w.org\/{rel}","templated":true}]}}