{"id":1641,"date":"2018-08-09T10:24:19","date_gmt":"2018-08-09T13:24:19","guid":{"rendered":"https:\/\/wp.ufpel.edu.br\/ndh\/?page_id=1641"},"modified":"2019-04-29T17:20:14","modified_gmt":"2019-04-29T20:20:14","slug":"hr-numero-24-1-agosto-de-2018","status":"publish","type":"page","link":"https:\/\/wp.ufpel.edu.br\/ndh\/hr-numero-24-1-agosto-de-2018\/","title":{"rendered":"HR &#8211; N\u00famero 24\/1 &#8211; Agosto de 2018"},"content":{"rendered":"<p><strong><img data-recalc-dims=\"1\" loading=\"lazy\" decoding=\"async\" data-attachment-id=\"1644\" data-permalink=\"https:\/\/wp.ufpel.edu.br\/ndh\/hr-numero-24-1-agosto-de-2018\/folha-de-rosto-edicao-24-1\/#main\" data-orig-file=\"https:\/\/i0.wp.com\/wp.ufpel.edu.br\/ndh\/files\/2018\/08\/folha-de-rosto-edi%C3%A7%C3%A3o-24.1.jpg?fit=1760%2C2482&amp;ssl=1\" data-orig-size=\"1760,2482\" data-comments-opened=\"0\" data-image-meta=\"{&quot;aperture&quot;:&quot;0&quot;,&quot;credit&quot;:&quot;Gabinete_Assessoria&quot;,&quot;camera&quot;:&quot;&quot;,&quot;caption&quot;:&quot;&quot;,&quot;created_timestamp&quot;:&quot;1533750983&quot;,&quot;copyright&quot;:&quot;&quot;,&quot;focal_length&quot;:&quot;0&quot;,&quot;iso&quot;:&quot;0&quot;,&quot;shutter_speed&quot;:&quot;0&quot;,&quot;title&quot;:&quot;&quot;,&quot;orientation&quot;:&quot;0&quot;}\" data-image-title=\"folha de rosto edi\u00e7\u00e3o 24.1\" data-image-description=\"\" data-image-caption=\"\" data-medium-file=\"https:\/\/i0.wp.com\/wp.ufpel.edu.br\/ndh\/files\/2018\/08\/folha-de-rosto-edi%C3%A7%C3%A3o-24.1.jpg?fit=225%2C318&amp;ssl=1\" data-large-file=\"https:\/\/i0.wp.com\/wp.ufpel.edu.br\/ndh\/files\/2018\/08\/folha-de-rosto-edi%C3%A7%C3%A3o-24.1.jpg?fit=660%2C148&amp;ssl=1\" class=\"alignleft size-medium wp-image-1644\" src=\"https:\/\/i0.wp.com\/wp.ufpel.edu.br\/ndh\/files\/2018\/08\/folha-de-rosto-edi%C3%A7%C3%A3o-24.1.jpg?resize=225%2C318&#038;ssl=1\" alt=\"\" width=\"225\" height=\"318\" srcset=\"https:\/\/i0.wp.com\/wp.ufpel.edu.br\/ndh\/files\/2018\/08\/folha-de-rosto-edi%C3%A7%C3%A3o-24.1.jpg?resize=225%2C318&amp;ssl=1 225w, https:\/\/i0.wp.com\/wp.ufpel.edu.br\/ndh\/files\/2018\/08\/folha-de-rosto-edi%C3%A7%C3%A3o-24.1.jpg?resize=113%2C159&amp;ssl=1 113w, https:\/\/i0.wp.com\/wp.ufpel.edu.br\/ndh\/files\/2018\/08\/folha-de-rosto-edi%C3%A7%C3%A3o-24.1.jpg?resize=768%2C1083&amp;ssl=1 768w, https:\/\/i0.wp.com\/wp.ufpel.edu.br\/ndh\/files\/2018\/08\/folha-de-rosto-edi%C3%A7%C3%A3o-24.1.jpg?resize=619%2C873&amp;ssl=1 619w, https:\/\/i0.wp.com\/wp.ufpel.edu.br\/ndh\/files\/2018\/08\/folha-de-rosto-edi%C3%A7%C3%A3o-24.1.jpg?w=1760&amp;ssl=1 1760w, https:\/\/i0.wp.com\/wp.ufpel.edu.br\/ndh\/files\/2018\/08\/folha-de-rosto-edi%C3%A7%C3%A3o-24.1.jpg?w=1320&amp;ssl=1 1320w\" sizes=\"auto, (max-width: 225px) 100vw, 225px\" \/>[ISSN 1516-2095]<\/strong><\/p>\n<p><strong><a href=\"https:\/\/periodicos.ufpel.edu.br\/ojs2\/index.php\/HistRev\/issue\/view\/861\/showToc\" target=\"_blank\" rel=\"noopener noreferrer\">Apresenta\u00e7\u00e3o: Hist\u00f3ria da Educa\u00e7\u00e3o e do Ensino de Hist\u00f3ria: temas, fontes e problematiza\u00e7\u00f5es<\/a> <\/strong>[<em>Magno Santos | Fernando Ripe<\/em>]<\/p>\n<p><a href=\"https:\/\/periodicos.ufpel.edu.br\/ojs2\/index.php\/HistRev\/article\/view\/15903\" target=\"_blank\" rel=\"noopener noreferrer\"><strong>A escrita e o ensino de hist\u00f3ria no s\u00e9culo XIX e a representa\u00e7\u00e3o dos ind\u00edgenas nas li\u00e7\u00f5es de Joaquim Manuel de Macedo<\/strong><\/a> [<em>Martha Victor Vieira<\/em>]<\/p>\n<p><a href=\"https:\/\/periodicos.ufpel.edu.br\/ojs2\/index.php\/HistRev\/article\/view\/15904\" target=\"_blank\" rel=\"noopener noreferrer\"><strong>As representa\u00e7\u00f5es do Asilo de \u00d3rf\u00e3s S\u00e3o Benedito na imprensa local pelotense durante a primeira metade do s\u00e9culo XX<\/strong><\/a> [<em>Jeane dos Santos Caldeira | \u00a0Jezuina Kohls Schwanz<\/em>]<\/p>\n<p><strong><a href=\"https:\/\/periodicos.ufpel.edu.br\/ojs2\/index.php\/HistRev\/article\/view\/15905\" target=\"_blank\" rel=\"noopener noreferrer\">Imagens das oficinas profissionalizantes salesianas na cidade do Rio Grande\/RS (1910-1960)<\/a> <\/strong>[<em>Hardalla Santos do Valle<\/em>]<\/p>\n<p><a href=\"https:\/\/periodicos.ufpel.edu.br\/ojs2\/index.php\/HistRev\/article\/view\/15906\" target=\"_blank\" rel=\"noopener noreferrer\"><strong>A Educa\u00e7\u00e3o feminina entre a normaliza\u00e7\u00e3o e a resist\u00eancia: uma\u00a0 an\u00e1lise dos discursos da Revista Careta (1914-1918)<\/strong><\/a> [<em>Fernanda C. Costa Fraz\u00e3o<\/em>]<\/p>\n<p><a href=\"https:\/\/periodicos.ufpel.edu.br\/ojs2\/index.php\/HistRev\/article\/view\/15907\" target=\"_blank\" rel=\"noopener noreferrer\"><strong>Da Materialidade ao Conte\u00fado: an\u00e1lise do material did\u00e1tico do movimento brasileiro de alfabetiza\u00e7\u00e3o<\/strong><\/a> [<em>Leide Rodrigues dos Santos<\/em>]<\/p>\n<p><a href=\"https:\/\/periodicos.ufpel.edu.br\/ojs2\/index.php\/HistRev\/article\/view\/15908\" target=\"_blank\" rel=\"noopener noreferrer\"><strong>\u201cEducar \u00e9 construir para o infinito\u201d: An\u00e1lise dos discursos transformadores relativos \u00e0 reforma de 1971 nos editoriais da Revista do Ensino do Rio Grande do Sul (1972-1974)<\/strong><\/a> [<em>Sim\u00f4ni Costa Monteiro Gervasio | Alessandro Carvalho Bica<\/em>]<\/p>\n<p><a href=\"https:\/\/periodicos.ufpel.edu.br\/ojs2\/index.php\/HistRev\/article\/view\/15909\" target=\"_blank\" rel=\"noopener noreferrer\"><strong>O ensino de hist\u00f3ria e as pr\u00e1ticas pedag\u00f3gicas: os desafios dos professores no ensino fundamental<\/strong><\/a> [<em>Helena Gouveia da Silva Oliveira | Irlanda do Socorro de Oliveira Mileo | Renato Pinheiro da Costa<\/em>]<\/p>\n<p><strong><a href=\"https:\/\/periodicos.ufpel.edu.br\/ojs2\/index.php\/HistRev\/article\/view\/15910\" target=\"_blank\" rel=\"noopener noreferrer\">Nas voltas que a forma\u00e7\u00e3o em hist\u00f3ria d\u00e1: um relato de experi\u00eancia sobre o estar coordenador pedag\u00f3gico na rede b\u00e1sica de ensino<\/a><\/strong> [<em>Felipe N\u00f3brega Ferreira<\/em>]<\/p>\n<p>&nbsp;<\/p>\n","protected":false},"excerpt":{"rendered":"<p>[ISSN 1516-2095] Apresenta\u00e7\u00e3o: Hist\u00f3ria da Educa\u00e7\u00e3o e do Ensino de Hist\u00f3ria: temas, fontes e problematiza\u00e7\u00f5es [Magno Santos | Fernando Ripe] A escrita e o ensino de hist\u00f3ria no s\u00e9culo XIX e a representa\u00e7\u00e3o dos ind\u00edgenas nas li\u00e7\u00f5es de Joaquim Manuel de Macedo [Martha Victor Vieira] As representa\u00e7\u00f5es do Asilo de \u00d3rf\u00e3s S\u00e3o Benedito na imprensa [&hellip;]<\/p>\n","protected":false},"author":718,"featured_media":0,"parent":0,"menu_order":0,"comment_status":"closed","ping_status":"closed","template":"","meta":{"jetpack_post_was_ever_published":false,"footnotes":""},"class_list":["post-1641","page","type-page","status-publish","hentry"],"jetpack_sharing_enabled":true,"jetpack_shortlink":"https:\/\/wp.me\/P9qy4R-qt","jetpack_likes_enabled":true,"jetpack-related-posts":[],"_links":{"self":[{"href":"https:\/\/wp.ufpel.edu.br\/ndh\/wp-json\/wp\/v2\/pages\/1641","targetHints":{"allow":["GET"]}}],"collection":[{"href":"https:\/\/wp.ufpel.edu.br\/ndh\/wp-json\/wp\/v2\/pages"}],"about":[{"href":"https:\/\/wp.ufpel.edu.br\/ndh\/wp-json\/wp\/v2\/types\/page"}],"author":[{"embeddable":true,"href":"https:\/\/wp.ufpel.edu.br\/ndh\/wp-json\/wp\/v2\/users\/718"}],"replies":[{"embeddable":true,"href":"https:\/\/wp.ufpel.edu.br\/ndh\/wp-json\/wp\/v2\/comments?post=1641"}],"version-history":[{"count":6,"href":"https:\/\/wp.ufpel.edu.br\/ndh\/wp-json\/wp\/v2\/pages\/1641\/revisions"}],"predecessor-version":[{"id":1796,"href":"https:\/\/wp.ufpel.edu.br\/ndh\/wp-json\/wp\/v2\/pages\/1641\/revisions\/1796"}],"wp:attachment":[{"href":"https:\/\/wp.ufpel.edu.br\/ndh\/wp-json\/wp\/v2\/media?parent=1641"}],"curies":[{"name":"wp","href":"https:\/\/api.w.org\/{rel}","templated":true}]}}