{"id":1470,"date":"2017-12-30T15:55:36","date_gmt":"2017-12-30T17:55:36","guid":{"rendered":"https:\/\/wp.ufpel.edu.br\/ndh\/?page_id=1470"},"modified":"2021-10-07T14:46:18","modified_gmt":"2021-10-07T17:46:18","slug":"apresentacao-hr-23","status":"publish","type":"page","link":"https:\/\/wp.ufpel.edu.br\/ndh\/apresentacao-hr-23\/","title":{"rendered":"Apresenta\u00e7\u00e3o &#8211; HR &#8211; 23"},"content":{"rendered":"<p>Prezado (a) leitor (a),<\/p>\n<p>\u00c9 com satisfa\u00e7\u00e3o que disponibilizamos aos leitores da Hist\u00f3ria em revista, publica\u00e7\u00e3o do N\u00facleo de Documenta\u00e7\u00e3o Hist\u00f3rica da Universidade Federal de Pelotas, os trabalhos apresentados na 13\u00aa Jornada de Hist\u00f3ria Cultural &#8211; Hist\u00f3ria e Literatura. O evento, organizado pela Gest\u00e3o 2016-18 do GT Hist\u00f3ria Cultural RS, vinculado \u00e0 ANPUH em sua Se\u00e7\u00e3o RS, foi realizado em Porto Alegre em 31 de agosto e 01 de setembro de 2017, no Santander Cultural.<\/p>\n<p>O presente dossi\u00ea tem\u00e1tico \u00e9 fruto de uma primeira e muito bem-vinda parceria entre o GT Hist\u00f3ria Cultural RS e a revista do NDH da UFPel. Uma parceria que agradecemos e que almejamos seja repetida futuramente, permitindo, como agora, que as pesquisas apresentadas pelos estudantes de p\u00f3s-gradua\u00e7\u00e3o e pesquisadores p\u00f3s-graduados de diferentes universidades brasileiras possam ser socializadas, ampliando o acesso p\u00fablico aos conhecimentos produzidos na academia e incrementando os di\u00e1logos multidisciplinares.<\/p>\n<p>Este tem sido um dos objetivos da Jornada de Hist\u00f3ria Cultural, evento bienal cuja primeira edi\u00e7\u00e3o ocorreu em 1997, ano da funda\u00e7\u00e3o do GT Hist\u00f3ria Cultural RS, que est\u00e1 comemorando vinte anos de atividades. As Jornadas t\u00eam sido empreendidas visando-se aprofundar uma tem\u00e1tica previamente escolhida. A programa\u00e7\u00e3o integra uma confer\u00eancia, uma mesa-redonda e mesas de comunica\u00e7\u00f5es, oportunizando a divulga\u00e7\u00e3o e discuss\u00e3o das investiga\u00e7\u00f5es. Especialistas na tem\u00e1tica do evento s\u00e3o convidados para apresentar suas produ\u00e7\u00f5es e reflex\u00f5es. Neste ano de 2017, dedicamos o encontro \u00e0 explora\u00e7\u00e3o das rela\u00e7\u00f5es entre a Hist\u00f3ria e a Literatura. A confer\u00eancia de abertura foi proferida pela Prof\u00aa Dr\u00aa. Luciana Murari (PUCRS). J\u00e1 a mesa redonda de encerramento contou com as palestras dos professores Dr. Mauro Nicola P\u00f3voas (FURG) e o Dr. Charles Monteiro (PUCRS).<\/p>\n<p>O presente dossi\u00ea, que \u00e9 aberto com a confer\u00eancia da Profa. Luciana, re\u00fane onze das quinze comunica\u00e7\u00f5es apresentadas no evento, mantendo-se a organiza\u00e7\u00e3o original das exposi\u00e7\u00f5es. Para a publica\u00e7\u00e3o, elas foram desenvolvidas e ampliadas para o formato artigo, possibilitando aos autores uma melhor elabora\u00e7\u00e3o das preocupa\u00e7\u00f5es, metodologias de trabalho e resultados das suas pesquisas.<\/p>\n<p>Os trabalhos selecionados investigam e problematizam as rela\u00e7\u00f5es entre a Hist\u00f3ria e a Literatura em suas diferentes possibilidades. O eixo que mais motivou estudos foi a apropria\u00e7\u00e3o da literatura pela hist\u00f3ria como objeto ou fonte, com suas implica\u00e7\u00f5es te\u00f3rico-metodol\u00f3gicas. Outra quest\u00e3o que perpassou diversos trabalhos foi a do entrecruzamento dos discursos hist\u00f3rico e liter\u00e1rio no \u00e2mbito de diferentes g\u00eaneros: a produ\u00e7\u00e3o liter\u00e1ria de conte\u00fado hist\u00f3rico, a literatura como objeto cultural e a hist\u00f3ria como mat\u00e9ria liter\u00e1ria. Em boa parte das pesquisas, as reflex\u00f5es sobre as rela\u00e7\u00f5es entre o ficcional, o liter\u00e1rio e o hist\u00f3rico foram motivadas por indaga\u00e7\u00f5es relacionadas \u00e0 identidade, ao imagin\u00e1rio e \u00e0 mem\u00f3ria. O estudo da hist\u00f3ria do livro, da impress\u00e3o e da leitura, ou das pr\u00e1ticas de produ\u00e7\u00e3o, circula\u00e7\u00e3o e apropria\u00e7\u00e3o dos objetos e narrativas liter\u00e1rias, tamb\u00e9m marca presen\u00e7a no dossi\u00ea, contribuindo com as investiga\u00e7\u00f5es pautadas pela percep\u00e7\u00e3o da literatura como fen\u00f4meno hist\u00f3rico e sistema de cria\u00e7\u00e3o, produ\u00e7\u00e3o e consumo das obras e vis\u00f5es de mundo. Os estudos mais instigantes e motivadores s\u00e3o aqueles que se situam justamente no entrecruzamento das diferentes problem\u00e1ticas e linhas de pesquisa elencadas, dando conta da potencialidade dos di\u00e1logos entre a Hist\u00f3ria e a Literatura para o melhor conhecimento e reflex\u00e3o sobre a sociedade, em sua hist\u00f3ria e din\u00e2mica.<\/p>\n<p>Nosso intento \u00e9 contribuir, mediante a aproxima\u00e7\u00e3o com novos parceiros, para a constante reformula\u00e7\u00e3o dos problemas, tem\u00e1ticas e objetos da Hist\u00f3ria Cultural, considerando-se as rela\u00e7\u00f5es entre os historiadores e as fontes e objetos liter\u00e1rios, bem como entre os profissionais das \u00e1reas de Letras e de Hist\u00f3ria, de modo que suas pr\u00e1ticas investigativas possam ser aperfei\u00e7oadas e novos conhecimentos possam ser produzidos a partir de tais experi\u00eancias.<\/p>\n<p>Desejamos a todos uma prof\u00edcua leitura!<\/p>\n<p>Alice Dubina Trusz<\/p>\n<p style=\"text-align: center\">| <a href=\"https:\/\/wp.ufpel.edu.br\/ndh\/hr-numero-23-dez-2017\/\"><strong>voltar<\/strong> <\/a>|<\/p>\n","protected":false},"excerpt":{"rendered":"<p>Prezado (a) leitor (a), \u00c9 com satisfa\u00e7\u00e3o que disponibilizamos aos leitores da Hist\u00f3ria em revista, publica\u00e7\u00e3o do N\u00facleo de Documenta\u00e7\u00e3o Hist\u00f3rica da Universidade Federal de Pelotas, os trabalhos apresentados na 13\u00aa Jornada de Hist\u00f3ria Cultural &#8211; Hist\u00f3ria e Literatura. O evento, organizado pela Gest\u00e3o 2016-18 do GT Hist\u00f3ria Cultural RS, vinculado \u00e0 ANPUH em sua [&hellip;]<\/p>\n","protected":false},"author":718,"featured_media":0,"parent":0,"menu_order":0,"comment_status":"closed","ping_status":"closed","template":"","meta":{"jetpack_post_was_ever_published":false,"footnotes":""},"class_list":["post-1470","page","type-page","status-publish","hentry"],"jetpack_sharing_enabled":true,"jetpack_shortlink":"https:\/\/wp.me\/P9qy4R-nI","jetpack_likes_enabled":true,"jetpack-related-posts":[],"_links":{"self":[{"href":"https:\/\/wp.ufpel.edu.br\/ndh\/wp-json\/wp\/v2\/pages\/1470","targetHints":{"allow":["GET"]}}],"collection":[{"href":"https:\/\/wp.ufpel.edu.br\/ndh\/wp-json\/wp\/v2\/pages"}],"about":[{"href":"https:\/\/wp.ufpel.edu.br\/ndh\/wp-json\/wp\/v2\/types\/page"}],"author":[{"embeddable":true,"href":"https:\/\/wp.ufpel.edu.br\/ndh\/wp-json\/wp\/v2\/users\/718"}],"replies":[{"embeddable":true,"href":"https:\/\/wp.ufpel.edu.br\/ndh\/wp-json\/wp\/v2\/comments?post=1470"}],"version-history":[{"count":6,"href":"https:\/\/wp.ufpel.edu.br\/ndh\/wp-json\/wp\/v2\/pages\/1470\/revisions"}],"predecessor-version":[{"id":3287,"href":"https:\/\/wp.ufpel.edu.br\/ndh\/wp-json\/wp\/v2\/pages\/1470\/revisions\/3287"}],"wp:attachment":[{"href":"https:\/\/wp.ufpel.edu.br\/ndh\/wp-json\/wp\/v2\/media?parent=1470"}],"curies":[{"name":"wp","href":"https:\/\/api.w.org\/{rel}","templated":true}]}}