{"id":1457,"date":"2017-12-30T15:50:20","date_gmt":"2017-12-30T17:50:20","guid":{"rendered":"https:\/\/wp.ufpel.edu.br\/ndh\/?page_id=1457"},"modified":"2019-04-29T17:34:28","modified_gmt":"2019-04-29T20:34:28","slug":"hr-numero-23-dez-2017","status":"publish","type":"page","link":"https:\/\/wp.ufpel.edu.br\/ndh\/hr-numero-23-dez-2017\/","title":{"rendered":"HR \u2013 N\u00famero 23- Dez.\/2017"},"content":{"rendered":"<p><strong><a href=\"https:\/\/i0.wp.com\/wp.ufpel.edu.br\/ndh\/files\/2017\/12\/folha-de-rosto-edi%C3%A7%C3%A3o-19.png?ssl=1\" target=\"_blank\" rel=\"noopener noreferrer\"><img data-recalc-dims=\"1\" loading=\"lazy\" decoding=\"async\" data-attachment-id=\"1450\" data-permalink=\"https:\/\/wp.ufpel.edu.br\/ndh\/hr-numero-23-dez-2017\/folha-de-rosto-edicao-19\/#main\" data-orig-file=\"https:\/\/i0.wp.com\/wp.ufpel.edu.br\/ndh\/files\/2017\/12\/folha-de-rosto-edi%C3%A7%C3%A3o-19.png?fit=1750%2C2482&amp;ssl=1\" data-orig-size=\"1750,2482\" data-comments-opened=\"0\" data-image-meta=\"{&quot;aperture&quot;:&quot;0&quot;,&quot;credit&quot;:&quot;&quot;,&quot;camera&quot;:&quot;&quot;,&quot;caption&quot;:&quot;&quot;,&quot;created_timestamp&quot;:&quot;0&quot;,&quot;copyright&quot;:&quot;&quot;,&quot;focal_length&quot;:&quot;0&quot;,&quot;iso&quot;:&quot;0&quot;,&quot;shutter_speed&quot;:&quot;0&quot;,&quot;title&quot;:&quot;&quot;,&quot;orientation&quot;:&quot;0&quot;}\" data-image-title=\"folha de rosto edi\u00e7\u00e3o 19\" data-image-description=\"\" data-image-caption=\"\" data-medium-file=\"https:\/\/i0.wp.com\/wp.ufpel.edu.br\/ndh\/files\/2017\/12\/folha-de-rosto-edi%C3%A7%C3%A3o-19.png?fit=224%2C318&amp;ssl=1\" data-large-file=\"https:\/\/i0.wp.com\/wp.ufpel.edu.br\/ndh\/files\/2017\/12\/folha-de-rosto-edi%C3%A7%C3%A3o-19.png?fit=660%2C148&amp;ssl=1\" class=\"alignleft size-medium wp-image-1450\" src=\"https:\/\/i0.wp.com\/wp.ufpel.edu.br\/ndh\/files\/2017\/12\/folha-de-rosto-edi%C3%A7%C3%A3o-19.png?resize=224%2C318&#038;ssl=1\" alt=\"\" width=\"224\" height=\"318\" srcset=\"https:\/\/i0.wp.com\/wp.ufpel.edu.br\/ndh\/files\/2017\/12\/folha-de-rosto-edi%C3%A7%C3%A3o-19.png?resize=224%2C318&amp;ssl=1 224w, https:\/\/i0.wp.com\/wp.ufpel.edu.br\/ndh\/files\/2017\/12\/folha-de-rosto-edi%C3%A7%C3%A3o-19.png?resize=112%2C159&amp;ssl=1 112w, https:\/\/i0.wp.com\/wp.ufpel.edu.br\/ndh\/files\/2017\/12\/folha-de-rosto-edi%C3%A7%C3%A3o-19.png?resize=768%2C1089&amp;ssl=1 768w, https:\/\/i0.wp.com\/wp.ufpel.edu.br\/ndh\/files\/2017\/12\/folha-de-rosto-edi%C3%A7%C3%A3o-19.png?resize=619%2C878&amp;ssl=1 619w, https:\/\/i0.wp.com\/wp.ufpel.edu.br\/ndh\/files\/2017\/12\/folha-de-rosto-edi%C3%A7%C3%A3o-19.png?w=1750&amp;ssl=1 1750w, https:\/\/i0.wp.com\/wp.ufpel.edu.br\/ndh\/files\/2017\/12\/folha-de-rosto-edi%C3%A7%C3%A3o-19.png?w=1320&amp;ssl=1 1320w\" sizes=\"auto, (max-width: 224px) 100vw, 224px\" \/><\/a><a href=\"https:\/\/periodicos.ufpel.edu.br\/ojs2\/index.php\/HistRev\/issue\/view\/862\/showToc\" target=\"_blank\" rel=\"noopener noreferrer\">Apresenta\u00e7\u00e3o\u00a0<\/a><\/strong><em>[Alice Dubina Trusz]<\/em><\/p>\n<p><a href=\"https:\/\/periodicos.ufpel.edu.br\/ojs2\/index.php\/HistRev\/article\/view\/15911\" target=\"_blank\" rel=\"noopener noreferrer\"><strong>\u201cO Velho e o Diabo\u201d, ou: do que falamos quando falamos de \u201chist\u00f3ria e literatura\u201d? (Confer\u00eancia de abertura) <\/strong><\/a><em>[Luciana Murari]<\/em><\/p>\n<p><strong><a href=\"https:\/\/periodicos.ufpel.edu.br\/ojs2\/index.php\/HistRev\/article\/view\/15912\" target=\"_blank\" rel=\"noopener noreferrer\">Texto de Mar e Terra: o caso do Guia dos Banhistas, 1890 \u2013 Rio Grande\/RS<\/a>\u00a0<\/strong><em>[Felipe N\u00f3brega Ferreira]<\/em><\/p>\n<p><strong><a href=\"https:\/\/periodicos.ufpel.edu.br\/ojs2\/index.php\/HistRev\/article\/view\/15913\" target=\"_blank\" rel=\"noopener noreferrer\">Cinema e juventude na Porto Alegre dos anos 1920: hist\u00f3ria, mem\u00f3ria e literatura<\/a>\u00a0<\/strong><em>[Alice Dubina Trusz]<\/em><\/p>\n<p><strong><a href=\"https:\/\/periodicos.ufpel.edu.br\/ojs2\/index.php\/HistRev\/article\/view\/15914\" target=\"_blank\" rel=\"noopener noreferrer\">Do \u201cPuchir\u00e3o do G\u00e9 Pica\u00e7o\u201d \u00e0 \u201cTerra dos Pinheiraes\u201d: opera\u00e7\u00f5es de sele\u00e7\u00e3o da hist\u00f3ria, da mem\u00f3ria e do imagin\u00e1rio de Passo Fundo na d\u00e9cada de 1920<\/a>\u00a0<\/strong><em>[Eduardo Roberto Jord\u00e3o Knack]<\/em><\/p>\n<p><strong><a href=\"https:\/\/periodicos.ufpel.edu.br\/ojs2\/index.php\/HistRev\/article\/view\/15916\" target=\"_blank\" rel=\"noopener noreferrer\">\u201cImpressionara-me aquele s\u00fabito avan\u00e7o\u201d: a urbaniza\u00e7\u00e3o de Pelotas a partir de cr\u00f4nicas liter\u00e1rias (1910-1930)<\/a>\u00a0<\/strong><em>[Mariana Couto Gon\u00e7alves]<\/em><\/p>\n<p><strong><a href=\"https:\/\/periodicos.ufpel.edu.br\/ojs2\/index.php\/HistRev\/article\/view\/15917\" target=\"_blank\" rel=\"noopener noreferrer\">Literatura, Hist\u00f3ria e representa\u00e7\u00e3o do passado em Anatole France<\/a>\u00a0<\/strong><em>[Alanna de Jesus Teixeira]<\/em><\/p>\n<p><a href=\"https:\/\/periodicos.ufpel.edu.br\/ojs2\/index.php\/HistRev\/article\/view\/15918\" target=\"_blank\" rel=\"noopener noreferrer\"><strong>Jean Roche nas entrelinhas de Josu\u00e9 Guimar\u00e3es: a influ\u00eancia de \u201cA coloniza\u00e7\u00e3o alem\u00e3 e o Rio Grande do Sul\u201d na constru\u00e7\u00e3o de \u201cA ferro e fogo\u201d\u00a0<\/strong><\/a><em>[Eduardo Ortiz]<\/em><\/p>\n<p><strong><a href=\"https:\/\/periodicos.ufpel.edu.br\/ojs2\/index.php\/HistRev\/article\/view\/15919\" target=\"_blank\" rel=\"noopener noreferrer\">Literatura e Hist\u00f3ria: poss\u00edveis aproxima\u00e7\u00f5es<\/a>\u00a0<\/strong><em>[Ra\u00edssa Cardoso Amaral]<\/em><\/p>\n<p><strong><a href=\"https:\/\/periodicos.ufpel.edu.br\/ojs2\/index.php\/HistRev\/article\/view\/15920\" target=\"_blank\" rel=\"noopener noreferrer\">Corpo e g\u00eanero no \u201cRoman de Silence\u201d, de Heldris de Cornu\u00e4lle (s\u00e9c. XIII)<\/a>\u00a0<\/strong><em>[Carlinda Maria Fischer Mattos]<\/em><\/p>\n<p><strong><a href=\"https:\/\/periodicos.ufpel.edu.br\/ojs2\/index.php\/HistRev\/article\/view\/15921\" target=\"_blank\" rel=\"noopener noreferrer\">Voc\u00ea parece a Angela Davis: tens\u00f5es nas representa\u00e7\u00f5es de estudantes universit\u00e1rios durante a Ditadura Militar no Brasil<\/a>\u00a0<\/strong><em>[Gabriel Vicente Fran\u00e7a]<\/em><\/p>\n<p><strong><a href=\"https:\/\/periodicos.ufpel.edu.br\/ojs2\/index.php\/HistRev\/article\/view\/15922\" target=\"_blank\" rel=\"noopener noreferrer\">O ficcional e o horror: representa\u00e7\u00f5es da tortura durante as Ditaduras de Seguran\u00e7a Nacional na Am\u00e9rica Latina na literatura<\/a>\u00a0<\/strong><em>[Let\u00edcia Schneider Ferreira]<\/em><\/p>\n<p><strong><a href=\"https:\/\/periodicos.ufpel.edu.br\/ojs2\/index.php\/HistRev\/article\/view\/15923\" target=\"_blank\" rel=\"noopener noreferrer\">O ovo da serpente: literatura dist\u00f3pica e a genealogia do fascismo (1905-1914)<\/a>\u00a0<\/strong><em>[Kelton Bruno Sabatke]<\/em><\/p>\n","protected":false},"excerpt":{"rendered":"<p>Apresenta\u00e7\u00e3o\u00a0[Alice Dubina Trusz] \u201cO Velho e o Diabo\u201d, ou: do que falamos quando falamos de \u201chist\u00f3ria e literatura\u201d? (Confer\u00eancia de abertura) [Luciana Murari] Texto de Mar e Terra: o caso do Guia dos Banhistas, 1890 \u2013 Rio Grande\/RS\u00a0[Felipe N\u00f3brega Ferreira] Cinema e juventude na Porto Alegre dos anos 1920: hist\u00f3ria, mem\u00f3ria e literatura\u00a0[Alice Dubina Trusz] [&hellip;]<\/p>\n","protected":false},"author":718,"featured_media":0,"parent":0,"menu_order":0,"comment_status":"closed","ping_status":"closed","template":"","meta":{"jetpack_post_was_ever_published":false,"footnotes":""},"class_list":["post-1457","page","type-page","status-publish","hentry"],"jetpack_sharing_enabled":true,"jetpack_shortlink":"https:\/\/wp.me\/P9qy4R-nv","jetpack_likes_enabled":true,"jetpack-related-posts":[],"_links":{"self":[{"href":"https:\/\/wp.ufpel.edu.br\/ndh\/wp-json\/wp\/v2\/pages\/1457","targetHints":{"allow":["GET"]}}],"collection":[{"href":"https:\/\/wp.ufpel.edu.br\/ndh\/wp-json\/wp\/v2\/pages"}],"about":[{"href":"https:\/\/wp.ufpel.edu.br\/ndh\/wp-json\/wp\/v2\/types\/page"}],"author":[{"embeddable":true,"href":"https:\/\/wp.ufpel.edu.br\/ndh\/wp-json\/wp\/v2\/users\/718"}],"replies":[{"embeddable":true,"href":"https:\/\/wp.ufpel.edu.br\/ndh\/wp-json\/wp\/v2\/comments?post=1457"}],"version-history":[{"count":9,"href":"https:\/\/wp.ufpel.edu.br\/ndh\/wp-json\/wp\/v2\/pages\/1457\/revisions"}],"predecessor-version":[{"id":1798,"href":"https:\/\/wp.ufpel.edu.br\/ndh\/wp-json\/wp\/v2\/pages\/1457\/revisions\/1798"}],"wp:attachment":[{"href":"https:\/\/wp.ufpel.edu.br\/ndh\/wp-json\/wp\/v2\/media?parent=1457"}],"curies":[{"name":"wp","href":"https:\/\/api.w.org\/{rel}","templated":true}]}}