{"id":1357,"date":"2017-12-13T12:49:11","date_gmt":"2017-12-13T14:49:11","guid":{"rendered":"https:\/\/wp.ufpel.edu.br\/ndh\/?page_id=1357"},"modified":"2019-04-29T18:02:44","modified_gmt":"2019-04-29T21:02:44","slug":"hr-numero-21-22","status":"publish","type":"page","link":"https:\/\/wp.ufpel.edu.br\/ndh\/hr-numero-21-22\/","title":{"rendered":"HR &#8211; N\u00famero 21\/22- Dez.\/2015, Dez.\/2016*"},"content":{"rendered":"<p><span style=\"font-size: 10pt\"><a href=\"https:\/\/i0.wp.com\/wp.ufpel.edu.br\/ndh\/files\/2017\/12\/folha-de-rosto-principal.png?ssl=1\" target=\"_blank\" rel=\"noopener noreferrer\"><img data-recalc-dims=\"1\" loading=\"lazy\" decoding=\"async\" data-attachment-id=\"1363\" data-permalink=\"https:\/\/wp.ufpel.edu.br\/ndh\/hr-numero-21-22\/folha-de-rosto-principal\/#main\" data-orig-file=\"https:\/\/i0.wp.com\/wp.ufpel.edu.br\/ndh\/files\/2017\/12\/folha-de-rosto-principal.png?fit=1768%2C2482&amp;ssl=1\" data-orig-size=\"1768,2482\" data-comments-opened=\"0\" data-image-meta=\"{&quot;aperture&quot;:&quot;0&quot;,&quot;credit&quot;:&quot;&quot;,&quot;camera&quot;:&quot;&quot;,&quot;caption&quot;:&quot;&quot;,&quot;created_timestamp&quot;:&quot;0&quot;,&quot;copyright&quot;:&quot;&quot;,&quot;focal_length&quot;:&quot;0&quot;,&quot;iso&quot;:&quot;0&quot;,&quot;shutter_speed&quot;:&quot;0&quot;,&quot;title&quot;:&quot;&quot;,&quot;orientation&quot;:&quot;0&quot;}\" data-image-title=\"folha de rosto principal\" data-image-description=\"\" data-image-caption=\"\" data-medium-file=\"https:\/\/i0.wp.com\/wp.ufpel.edu.br\/ndh\/files\/2017\/12\/folha-de-rosto-principal.png?fit=227%2C318&amp;ssl=1\" data-large-file=\"https:\/\/i0.wp.com\/wp.ufpel.edu.br\/ndh\/files\/2017\/12\/folha-de-rosto-principal.png?fit=660%2C148&amp;ssl=1\" class=\"alignleft size-medium wp-image-1363\" src=\"https:\/\/i0.wp.com\/wp.ufpel.edu.br\/ndh\/files\/2017\/12\/folha-de-rosto-principal.png?resize=227%2C318&#038;ssl=1\" alt=\"\" width=\"227\" height=\"318\" srcset=\"https:\/\/i0.wp.com\/wp.ufpel.edu.br\/ndh\/files\/2017\/12\/folha-de-rosto-principal.png?resize=227%2C318&amp;ssl=1 227w, https:\/\/i0.wp.com\/wp.ufpel.edu.br\/ndh\/files\/2017\/12\/folha-de-rosto-principal.png?resize=113%2C159&amp;ssl=1 113w, https:\/\/i0.wp.com\/wp.ufpel.edu.br\/ndh\/files\/2017\/12\/folha-de-rosto-principal.png?resize=768%2C1078&amp;ssl=1 768w, https:\/\/i0.wp.com\/wp.ufpel.edu.br\/ndh\/files\/2017\/12\/folha-de-rosto-principal.png?resize=619%2C869&amp;ssl=1 619w, https:\/\/i0.wp.com\/wp.ufpel.edu.br\/ndh\/files\/2017\/12\/folha-de-rosto-principal.png?w=1768&amp;ssl=1 1768w, https:\/\/i0.wp.com\/wp.ufpel.edu.br\/ndh\/files\/2017\/12\/folha-de-rosto-principal.png?w=1320&amp;ssl=1 1320w\" sizes=\"auto, (max-width: 227px) 100vw, 227px\" \/><\/a><a href=\"https:\/\/periodicos.ufpel.edu.br\/ojs2\/index.php\/HistRev\/issue\/view\/864\/showToc\" target=\"_blank\" rel=\"noopener noreferrer\"><strong>Apresenta\u00e7\u00e3o<\/strong><\/a><\/span><\/p>\n<p><span style=\"font-size: 10pt\"><a href=\"https:\/\/periodicos.ufpel.edu.br\/ojs2\/index.php\/HistRev\/article\/view\/15954\" target=\"_blank\" rel=\"noopener noreferrer\"><strong>A evolu\u00e7\u00e3o do conceito de fontes hist\u00f3ricas a partir da nova hist\u00f3ria cultural e o estudo de cartas<\/strong><\/a> [<\/span><span style=\"font-size: 10pt\">Gustavo Figueira Andrade | Maria Medianeira Padoin]<\/span><\/p>\n<p><strong><span style=\"font-size: 10pt\"><a href=\"https:\/\/periodicos.ufpel.edu.br\/ojs2\/index.php\/HistRev\/article\/view\/15955\" target=\"_blank\" rel=\"noopener noreferrer\">A cr\u00f4nica como fonte impressa: apontamentos sobre o cronista pelotense Alberto Coelho da Cunha (1853-1939)<\/a>\u00a0<\/span><\/strong><span style=\"font-size: 10pt\">[J\u00e9ssica Oliveira de Souza]<\/span><\/p>\n<p><strong><span style=\"font-size: 10pt\"><a href=\"https:\/\/periodicos.ufpel.edu.br\/ojs2\/index.php\/HistRev\/article\/view\/15956\" target=\"_blank\" rel=\"noopener noreferrer\">Di\u00e1rios e escrita de si: perspectivas sobre o lazer e sociabilidades pelotenses (d\u00e9cada de 1950)<\/a>\u00a0<\/span><\/strong><span style=\"font-size: 10pt\">[Let\u00edcia Portella Milan]<\/span><\/p>\n<p><strong><span style=\"font-size: 10pt\"><a href=\"https:\/\/periodicos.ufpel.edu.br\/ojs2\/index.php\/HistRev\/article\/view\/15957\" target=\"_blank\" rel=\"noopener noreferrer\">A a\u00e7\u00e3o historiogr\u00e1fica segundo Alfredo Pimenta<\/a>\u00a0<\/span><\/strong><span style=\"font-size: 10pt\">[Alesson Ramon Rota | Jussemar Weiss Gon\u00e7alves]<\/span><\/p>\n<p><span style=\"font-size: 10pt\"><a href=\"https:\/\/periodicos.ufpel.edu.br\/ojs2\/index.php\/HistRev\/article\/view\/15958\" target=\"_blank\" rel=\"noopener noreferrer\"><strong>Por um norte medieval historicizado: estudos medievalistas do norte europeu e o estado da quest\u00e3o no Brasil<\/strong> <\/a>[<\/span><span style=\"font-size: 10pt\">Amanda Basilio Santos]<\/span><\/p>\n<p><span style=\"font-size: 10pt\"><a href=\"https:\/\/periodicos.ufpel.edu.br\/ojs2\/index.php\/HistRev\/article\/view\/15959\" target=\"_blank\" rel=\"noopener noreferrer\"><strong>Aspectos sobre o percurso hist\u00f3rico do jornal enquanto fonte para a constru\u00e7\u00e3o hist\u00f3rica: o caso da imprensa negra sulina com base no O Exemplo e A Alvorada<\/strong><\/a> [<\/span><span style=\"font-size: 10pt\">\u00c2ngela Pereira Oliveira]<\/span><\/p>\n<p><span style=\"font-size: 10pt\"><a href=\"https:\/\/periodicos.ufpel.edu.br\/ojs2\/index.php\/HistRev\/article\/view\/15961\" target=\"_blank\" rel=\"noopener noreferrer\"><strong>Biblioteca Nacional da Fran\u00e7a e World Wide Web: uma pesquisa sobre dan\u00e7as de corte na Fran\u00e7a de Francisco I a Lu\u00eds XIV<\/strong><\/a> [<\/span><span style=\"font-size: 10pt\">Bruno Blois Nunes | Elisabete da Costa Leal]<\/span><\/p>\n<p><span style=\"font-size: 10pt\"><strong><a href=\"https:\/\/periodicos.ufpel.edu.br\/ojs2\/index.php\/HistRev\/article\/view\/15962\" target=\"_blank\" rel=\"noopener noreferrer\">Um olhar arqueol\u00f3gico sobre os livros did\u00e1ticos: materialidade e conte\u00fado<\/a>\u00a0<\/strong>[<\/span><span style=\"font-size: 10pt\">Felipe Nunes Nobre]<\/span><span style=\"font-size: 10pt\"><strong>\u00a0<\/strong><a href=\"https:\/\/i0.wp.com\/wp.ufpel.edu.br\/ndh\/files\/2017\/12\/folha-de-rosto-1.png?ssl=1\" target=\"_blank\" rel=\"noopener noreferrer\"><img data-recalc-dims=\"1\" loading=\"lazy\" decoding=\"async\" data-attachment-id=\"1361\" data-permalink=\"https:\/\/wp.ufpel.edu.br\/ndh\/hr-numero-21-22\/folha-de-rosto-1\/#main\" data-orig-file=\"https:\/\/i0.wp.com\/wp.ufpel.edu.br\/ndh\/files\/2017\/12\/folha-de-rosto-1.png?fit=1779%2C2482&amp;ssl=1\" data-orig-size=\"1779,2482\" data-comments-opened=\"0\" data-image-meta=\"{&quot;aperture&quot;:&quot;0&quot;,&quot;credit&quot;:&quot;&quot;,&quot;camera&quot;:&quot;&quot;,&quot;caption&quot;:&quot;&quot;,&quot;created_timestamp&quot;:&quot;0&quot;,&quot;copyright&quot;:&quot;&quot;,&quot;focal_length&quot;:&quot;0&quot;,&quot;iso&quot;:&quot;0&quot;,&quot;shutter_speed&quot;:&quot;0&quot;,&quot;title&quot;:&quot;&quot;,&quot;orientation&quot;:&quot;0&quot;}\" data-image-title=\"folha de rosto 1\" data-image-description=\"\" data-image-caption=\"\" data-medium-file=\"https:\/\/i0.wp.com\/wp.ufpel.edu.br\/ndh\/files\/2017\/12\/folha-de-rosto-1.png?fit=228%2C318&amp;ssl=1\" data-large-file=\"https:\/\/i0.wp.com\/wp.ufpel.edu.br\/ndh\/files\/2017\/12\/folha-de-rosto-1.png?fit=660%2C148&amp;ssl=1\" class=\"size-medium wp-image-1361 alignright\" src=\"https:\/\/i0.wp.com\/wp.ufpel.edu.br\/ndh\/files\/2017\/12\/folha-de-rosto-1.png?resize=228%2C318&#038;ssl=1\" alt=\"\" width=\"228\" height=\"318\" srcset=\"https:\/\/i0.wp.com\/wp.ufpel.edu.br\/ndh\/files\/2017\/12\/folha-de-rosto-1.png?resize=228%2C318&amp;ssl=1 228w, https:\/\/i0.wp.com\/wp.ufpel.edu.br\/ndh\/files\/2017\/12\/folha-de-rosto-1.png?resize=114%2C159&amp;ssl=1 114w, https:\/\/i0.wp.com\/wp.ufpel.edu.br\/ndh\/files\/2017\/12\/folha-de-rosto-1.png?resize=768%2C1071&amp;ssl=1 768w, https:\/\/i0.wp.com\/wp.ufpel.edu.br\/ndh\/files\/2017\/12\/folha-de-rosto-1.png?resize=619%2C864&amp;ssl=1 619w, https:\/\/i0.wp.com\/wp.ufpel.edu.br\/ndh\/files\/2017\/12\/folha-de-rosto-1.png?w=1779&amp;ssl=1 1779w, https:\/\/i0.wp.com\/wp.ufpel.edu.br\/ndh\/files\/2017\/12\/folha-de-rosto-1.png?w=1320&amp;ssl=1 1320w\" sizes=\"auto, (max-width: 228px) 100vw, 228px\" \/><\/a><\/span><\/p>\n<p><a href=\"https:\/\/periodicos.ufpel.edu.br\/ojs2\/index.php\/HistRev\/article\/view\/15963\" target=\"_blank\" rel=\"noopener noreferrer\"><strong><span style=\"font-size: 10pt\">A vida de um indiv\u00edduo pode esclarecer o passado? Reflex\u00f5es sobre a escrita da hist\u00f3ria a partir de <em>Plutarco Brasileiro<\/em><\/span><\/strong><\/a><span style=\"font-size: 10pt\"> [<\/span><span style=\"font-size: 10pt\">Rafael Terra Dall\u2019 Agnol]<\/span><\/p>\n<p><a href=\"https:\/\/periodicos.ufpel.edu.br\/ojs2\/index.php\/HistRev\/article\/view\/15964\" target=\"_blank\" rel=\"noopener noreferrer\"><strong><span style=\"font-size: 10pt\">Hist\u00f3ria cultual e hist\u00f3ria da educa\u00e7\u00e3o: Estado da arte acerca deste campo te\u00f3rico metodol\u00f3gico <\/span><\/strong><\/a><span style=\"font-size: 10pt\">[<\/span><span style=\"font-size: 10pt\">Renata Bri\u00e3o de Castro | Patr\u00edcia Weiduschadt]<\/span><\/p>\n<p><span style=\"font-size: 10pt\"><a href=\"https:\/\/periodicos.ufpel.edu.br\/ojs2\/index.php\/HistRev\/article\/view\/15965\" target=\"_blank\" rel=\"noopener noreferrer\"><strong>Hartog leu Koselleck: breves reflex\u00f5es sobre Tempo Hist\u00f3rico e Hist\u00f3ria do Tempo Presente<\/strong><\/a> [<\/span><span style=\"font-size: 10pt\">Renato de Ara\u00fajo Monteiro]<\/span><\/p>\n<p><span style=\"font-size: 10pt\"><a href=\"https:\/\/periodicos.ufpel.edu.br\/ojs2\/index.php\/HistRev\/article\/view\/15966\" target=\"_blank\" rel=\"noopener noreferrer\"><strong>Marcelino Freire e a nova paisagem da escrita<\/strong><\/a> [<\/span><span style=\"font-size: 10pt\">Tatiana de Almeida Nunes da Costa]<\/span><\/p>\n<p><span style=\"font-size: 10pt\"><a href=\"https:\/\/periodicos.ufpel.edu.br\/ojs2\/index.php\/HistRev\/article\/view\/15967\" target=\"_blank\" rel=\"noopener noreferrer\"><strong>Um estudo sobre a musealiza\u00e7\u00e3o da arqueologia no Brasil com foco em dois museus brasileiros: Museu Nacional do Rio de Janeiro e Museu Arqueol\u00f3gico de Sambaqui de Joinville<\/strong><\/a> [<\/span><span style=\"font-size: 10pt\">Juliana Sabrine Braga Ulguim]<\/span><\/p>\n<p><span style=\"font-size: 10pt\"><a href=\"https:\/\/periodicos.ufpel.edu.br\/ojs2\/index.php\/HistRev\/article\/view\/15968\" target=\"_blank\" rel=\"noopener noreferrer\"><strong>O sonho de ser \u201cMiss Mulata\u201d na representa\u00e7\u00e3o de beleza e ra\u00e7a (1969-1999), RS<\/strong><\/a> [<\/span><span style=\"font-size: 10pt\">Beatriz Flo\u00f4r Quadrado]<\/span><\/p>\n<p><span style=\"font-size: 10pt\"><a href=\"https:\/\/periodicos.ufpel.edu.br\/ojs2\/index.php\/HistRev\/article\/view\/15969\" target=\"_blank\" rel=\"noopener noreferrer\"><strong>Os cativos nos processos-crimes na Vila de Piratini (1850-1880): homic\u00eddios, furtos, roubos e insurrei\u00e7\u00e3o<\/strong><\/a> [<\/span><span style=\"font-size: 10pt\">Vinicius Cardoso Nunes]<\/span><\/p>\n<p><strong><span style=\"font-size: 10pt\"><a href=\"https:\/\/periodicos.ufpel.edu.br\/ojs2\/index.php\/HistRev\/article\/view\/15979\" target=\"_blank\" rel=\"noopener noreferrer\">Parteiras Madrinhas (Sul do RS, 1960-1990)<\/a>\u00a0<\/span><\/strong><span style=\"font-size: 10pt\">[Eduarda Borges da Silva]<\/span><\/p>\n<p><span style=\"font-size: 10pt\">\u00a0<a href=\"https:\/\/periodicos.ufpel.edu.br\/ojs2\/index.php\/HistRev\/article\/view\/15980\" target=\"_blank\" rel=\"noopener noreferrer\"><strong>\u201cCarregar e arrumar\u201d: mem\u00f3ria e trajet\u00f3ria da categoria arrumadora do porto de Rio Grande-RS nos anos de 1955 a 1964.\u00a0<\/strong><\/a><\/span><span style=\"font-size: 10pt\">[Elvis Silveira Sim\u00f5es]<\/span><\/p>\n<p><strong><span style=\"font-size: 10pt\"><a href=\"https:\/\/periodicos.ufpel.edu.br\/ojs2\/index.php\/HistRev\/article\/view\/15981\" target=\"_blank\" rel=\"noopener noreferrer\">Tejiendo saberes y pr\u00e1cticas en una farmacinha viva del MST. Memoria e historia oral de mujeres del Assentamento 12 de Julio sobre el uso de hierbas medicinales<\/a>\u00a0<\/span><\/strong><span style=\"font-size: 10pt\">[Marcela Paz Carrasco Rodriguez]<\/span><\/p>\n<p><a href=\"https:\/\/periodicos.ufpel.edu.br\/ojs2\/index.php\/HistRev\/article\/view\/15982\" target=\"_blank\" rel=\"noopener noreferrer\"><strong><span style=\"font-size: 10pt\">O caso da nova jacobina: a \u201cRevolta dos Muckers\u201d em S\u00e3o Louren\u00e7o do Sul\/RS<\/span><\/strong><\/a><span style=\"font-size: 10pt\"> [<\/span><span style=\"font-size: 10pt\">Cristiano Gehrke]<\/span><\/p>\n<p><span style=\"font-size: 10pt\"><a href=\"https:\/\/i0.wp.com\/wp.ufpel.edu.br\/ndh\/files\/2017\/12\/folha-de-rosto-2.png?ssl=1\" target=\"_blank\" rel=\"noopener noreferrer\"><img data-recalc-dims=\"1\" loading=\"lazy\" decoding=\"async\" data-attachment-id=\"1362\" data-permalink=\"https:\/\/wp.ufpel.edu.br\/ndh\/hr-numero-21-22\/folha-de-rosto-2\/#main\" data-orig-file=\"https:\/\/i0.wp.com\/wp.ufpel.edu.br\/ndh\/files\/2017\/12\/folha-de-rosto-2.png?fit=1779%2C2482&amp;ssl=1\" data-orig-size=\"1779,2482\" data-comments-opened=\"0\" data-image-meta=\"{&quot;aperture&quot;:&quot;0&quot;,&quot;credit&quot;:&quot;&quot;,&quot;camera&quot;:&quot;&quot;,&quot;caption&quot;:&quot;&quot;,&quot;created_timestamp&quot;:&quot;0&quot;,&quot;copyright&quot;:&quot;&quot;,&quot;focal_length&quot;:&quot;0&quot;,&quot;iso&quot;:&quot;0&quot;,&quot;shutter_speed&quot;:&quot;0&quot;,&quot;title&quot;:&quot;&quot;,&quot;orientation&quot;:&quot;0&quot;}\" data-image-title=\"folha de rosto 2\" data-image-description=\"\" data-image-caption=\"\" data-medium-file=\"https:\/\/i0.wp.com\/wp.ufpel.edu.br\/ndh\/files\/2017\/12\/folha-de-rosto-2.png?fit=228%2C318&amp;ssl=1\" data-large-file=\"https:\/\/i0.wp.com\/wp.ufpel.edu.br\/ndh\/files\/2017\/12\/folha-de-rosto-2.png?fit=660%2C148&amp;ssl=1\" class=\"alignleft size-medium wp-image-1362\" src=\"https:\/\/i0.wp.com\/wp.ufpel.edu.br\/ndh\/files\/2017\/12\/folha-de-rosto-2.png?resize=228%2C318&#038;ssl=1\" alt=\"\" width=\"228\" height=\"318\" srcset=\"https:\/\/i0.wp.com\/wp.ufpel.edu.br\/ndh\/files\/2017\/12\/folha-de-rosto-2.png?resize=228%2C318&amp;ssl=1 228w, https:\/\/i0.wp.com\/wp.ufpel.edu.br\/ndh\/files\/2017\/12\/folha-de-rosto-2.png?resize=114%2C159&amp;ssl=1 114w, https:\/\/i0.wp.com\/wp.ufpel.edu.br\/ndh\/files\/2017\/12\/folha-de-rosto-2.png?resize=768%2C1071&amp;ssl=1 768w, https:\/\/i0.wp.com\/wp.ufpel.edu.br\/ndh\/files\/2017\/12\/folha-de-rosto-2.png?resize=619%2C864&amp;ssl=1 619w, https:\/\/i0.wp.com\/wp.ufpel.edu.br\/ndh\/files\/2017\/12\/folha-de-rosto-2.png?w=1779&amp;ssl=1 1779w, https:\/\/i0.wp.com\/wp.ufpel.edu.br\/ndh\/files\/2017\/12\/folha-de-rosto-2.png?w=1320&amp;ssl=1 1320w\" sizes=\"auto, (max-width: 228px) 100vw, 228px\" \/><\/a><a href=\"https:\/\/periodicos.ufpel.edu.br\/ojs2\/index.php\/HistRev\/article\/view\/15983\" target=\"_blank\" rel=\"noopener noreferrer\"><strong>Homens de elite na \u201cSanta Maria da Boca do Monte\u201d dos tempos do imperador (1822-1845)\u00a0<\/strong><\/a><\/span><span style=\"font-size: 10pt\">[Fabr\u00edcio Rigo Nicoloso]<\/span><\/p>\n<p><strong><span style=\"font-size: 10pt\"><a href=\"https:\/\/periodicos.ufpel.edu.br\/ojs2\/index.php\/HistRev\/article\/view\/15984\" target=\"_blank\" rel=\"noopener noreferrer\">Alguns apontamentos acerca das a\u00e7\u00f5es caritativas publicadas nos peri\u00f3dicos pelotenses Di\u00e1rio Popular e Opini\u00e3o P\u00fablica (1936-1946)<\/a>\u00a0<\/span><\/strong><span style=\"font-size: 10pt\">[Josu\u00e9 Eicholz]<\/span><\/p>\n<p><strong><span style=\"font-size: 10pt\"><a href=\"https:\/\/periodicos.ufpel.edu.br\/ojs2\/index.php\/HistRev\/article\/view\/15985\" target=\"_blank\" rel=\"noopener noreferrer\">Os homens letrados: o universo do bacharelismo pol\u00edtico e a fam\u00edlia em Pelotas no s\u00e9culo xix: 1850 \u2013 1870<\/a>\u00a0<\/span><\/strong><span style=\"font-size: 10pt\">[Leonardo Poltozi Maia]<\/span><\/p>\n<p><strong><span style=\"font-size: 10pt\"><a href=\"https:\/\/periodicos.ufpel.edu.br\/ojs2\/index.php\/HistRev\/article\/view\/15986\" target=\"_blank\" rel=\"noopener noreferrer\">Grande Hotel de Pelotas: do projeto \u00e0 inaugura\u00e7\u00e3o (1921-1928)<\/a>\u00a0<\/span><\/strong><span style=\"font-size: 10pt\">[Liara Fagundes Echart]<\/span><\/p>\n<p><strong><span style=\"font-size: 10pt\"><a href=\"https:\/\/periodicos.ufpel.edu.br\/ojs2\/index.php\/HistRev\/article\/view\/15987\" target=\"_blank\" rel=\"noopener noreferrer\">Porto p\u00fablico de Pelotas: breves apontamentos hist\u00f3ricos sobre sua constru\u00e7\u00e3o<\/a>\u00a0<\/span><\/strong><span style=\"font-size: 10pt\">[Thiago Cedrez da Silva | Edgar \u00c1vila Gandra]<\/span><\/p>\n<p><a href=\"https:\/\/periodicos.ufpel.edu.br\/ojs2\/index.php\/HistRev\/article\/view\/15989\" target=\"_blank\" rel=\"noopener noreferrer\"><strong><span style=\"font-size: 10pt\">Revolta dos Marinheiros: aspectos jur\u00eddicos e sociais do sorteio militar (1874-1910)\u00a0<\/span><\/strong><\/a><span style=\"font-size: 10pt\">[Cosme Alves Serralheiro]<\/span><\/p>\n<p><strong><span style=\"font-size: 10pt\"><a href=\"https:\/\/periodicos.ufpel.edu.br\/ojs2\/index.php\/HistRev\/article\/view\/15990\" target=\"_blank\" rel=\"noopener noreferrer\">A cobertura jornal\u00edstica em decis\u00f5es governamentais na inform\u00e1tica brasileira nos anos 1970 \u2013 o caso do Datanews e do Jornal do Brasil<\/a>\u00a0<\/span><\/strong><span style=\"font-size: 10pt\">[Marcelo Vianna]<\/span><\/p>\n<p><strong><span style=\"font-size: 10pt\"><a href=\"https:\/\/periodicos.ufpel.edu.br\/ojs2\/index.php\/HistRev\/article\/view\/15991\" target=\"_blank\" rel=\"noopener noreferrer\">Dilemas do desenvolvimento no governo JK: a ruptura com o Fundo Monet\u00e1rio Internacional sob \u00e1 perspectiva da imprensa<\/a>\u00a0<\/span><\/strong><span style=\"font-size: 10pt\">[Rafael Ganster]<\/span><\/p>\n<p><strong><span style=\"font-size: 10pt\"><a href=\"https:\/\/periodicos.ufpel.edu.br\/ojs2\/index.php\/HistRev\/article\/view\/15992\" target=\"_blank\" rel=\"noopener noreferrer\">Perspectivas do desenvolvimento capitalista na Am\u00e9rica Latina: o caso dos Conventillos de Buenos Aires a partir das teorias da marginalidade<\/a>\u00a0<\/span><\/strong><span style=\"font-size: 10pt\">[Henrique De Aro Silva]<\/span><\/p>\n<p><strong><span style=\"font-size: 10pt\"><a href=\"https:\/\/periodicos.ufpel.edu.br\/ojs2\/index.php\/HistRev\/article\/view\/15993\" target=\"_blank\" rel=\"noopener noreferrer\">Hollywood e a propaganda governamental na resist\u00eancia europeia (1942 a 1945)<\/a>\u00a0<\/span><\/strong><span style=\"font-size: 10pt\">[Maicon Alexandre Timm de Oliveira]<\/span><\/p>\n<p><strong><span style=\"font-size: 10pt\"><a href=\"https:\/\/periodicos.ufpel.edu.br\/ojs2\/index.php\/HistRev\/article\/view\/15994\" target=\"_blank\" rel=\"noopener noreferrer\">Direito Natural versus Direito Positivo na obra Ant\u00edgona de S\u00f3focles<\/a>\u00a0<\/span><\/strong><span style=\"font-size: 10pt\">[Milena Rosa Araujo Ogawa | Maur\u00edcio Cristiano de Azevedo]<\/span><\/p>\n<p>&nbsp;<\/p>\n<p>&nbsp;<\/p>\n<p><span style=\"font-size: 10pt\"><strong>* Nota sobre a publica\u00e7\u00e3o de Hist\u00f3ria em Revista, n\u00famero 20:<br \/>\n<\/strong><\/span><span style=\"background-color: #e5edd8;font-size: 10pt\">A Presente edi\u00e7\u00e3o de Hist\u00f3ria em Revista teve seus artigos recebidos e aprovados em fins de 2015. Por conta de entraves administrativos a edi\u00e7\u00e3o final da mesma ocorreu apenas em Dezembro de 2017, tendo sua publica\u00e7\u00e3o definitiva ocorrida apenas em Dezembro de 2017.\u00a0<\/span><\/p>\n<p>&nbsp;<\/p>\n","protected":false},"excerpt":{"rendered":"<p>Apresenta\u00e7\u00e3o A evolu\u00e7\u00e3o do conceito de fontes hist\u00f3ricas a partir da nova hist\u00f3ria cultural e o estudo de cartas [Gustavo Figueira Andrade | Maria Medianeira Padoin] A cr\u00f4nica como fonte impressa: apontamentos sobre o cronista pelotense Alberto Coelho da Cunha (1853-1939)\u00a0[J\u00e9ssica Oliveira de Souza] Di\u00e1rios e escrita de si: perspectivas sobre o lazer e sociabilidades [&hellip;]<\/p>\n","protected":false},"author":718,"featured_media":0,"parent":0,"menu_order":0,"comment_status":"closed","ping_status":"closed","template":"","meta":{"jetpack_post_was_ever_published":false,"footnotes":""},"class_list":["post-1357","page","type-page","status-publish","hentry"],"jetpack_sharing_enabled":true,"jetpack_shortlink":"https:\/\/wp.me\/P9qy4R-lT","jetpack_likes_enabled":true,"jetpack-related-posts":[],"_links":{"self":[{"href":"https:\/\/wp.ufpel.edu.br\/ndh\/wp-json\/wp\/v2\/pages\/1357","targetHints":{"allow":["GET"]}}],"collection":[{"href":"https:\/\/wp.ufpel.edu.br\/ndh\/wp-json\/wp\/v2\/pages"}],"about":[{"href":"https:\/\/wp.ufpel.edu.br\/ndh\/wp-json\/wp\/v2\/types\/page"}],"author":[{"embeddable":true,"href":"https:\/\/wp.ufpel.edu.br\/ndh\/wp-json\/wp\/v2\/users\/718"}],"replies":[{"embeddable":true,"href":"https:\/\/wp.ufpel.edu.br\/ndh\/wp-json\/wp\/v2\/comments?post=1357"}],"version-history":[{"count":12,"href":"https:\/\/wp.ufpel.edu.br\/ndh\/wp-json\/wp\/v2\/pages\/1357\/revisions"}],"predecessor-version":[{"id":1799,"href":"https:\/\/wp.ufpel.edu.br\/ndh\/wp-json\/wp\/v2\/pages\/1357\/revisions\/1799"}],"wp:attachment":[{"href":"https:\/\/wp.ufpel.edu.br\/ndh\/wp-json\/wp\/v2\/media?parent=1357"}],"curies":[{"name":"wp","href":"https:\/\/api.w.org\/{rel}","templated":true}]}}