{"id":1351,"date":"2017-11-30T12:11:39","date_gmt":"2017-11-30T14:11:39","guid":{"rendered":"https:\/\/wp.ufpel.edu.br\/ndh\/?page_id=1351"},"modified":"2026-04-03T12:58:51","modified_gmt":"2026-04-03T15:58:51","slug":"dicionario-de-historia-de-pelotas","status":"publish","type":"page","link":"https:\/\/wp.ufpel.edu.br\/ndh\/dicionario-de-historia-de-pelotas\/","title":{"rendered":"Dicion\u00e1rio de Hist\u00f3ria de Pelotas (I e II)"},"content":{"rendered":"<p><a href=\"http:\/\/repositorio.ufpel.edu.br\/handle\/prefix\/3735\" target=\"_blank\" rel=\"noopener\"><img data-recalc-dims=\"1\" loading=\"lazy\" decoding=\"async\" data-attachment-id=\"1317\" data-permalink=\"https:\/\/wp.ufpel.edu.br\/ndh\/2017\/11\/29\/dicionario-de-historia-de-pelotas-esta-disponivel-on-line-confira\/dicionario-capa-edicao-3\/#main\" data-orig-file=\"https:\/\/i0.wp.com\/wp.ufpel.edu.br\/ndh\/files\/2017\/11\/dicion%C3%A1rio-capa-edi%C3%A7%C3%A3o-3.jpg?fit=1758%2C2471&amp;ssl=1\" data-orig-size=\"1758,2471\" data-comments-opened=\"0\" data-image-meta=\"{&quot;aperture&quot;:&quot;0&quot;,&quot;credit&quot;:&quot;Gabinete_Assessoria&quot;,&quot;camera&quot;:&quot;&quot;,&quot;caption&quot;:&quot;&quot;,&quot;created_timestamp&quot;:&quot;1502717639&quot;,&quot;copyright&quot;:&quot;&quot;,&quot;focal_length&quot;:&quot;0&quot;,&quot;iso&quot;:&quot;0&quot;,&quot;shutter_speed&quot;:&quot;0&quot;,&quot;title&quot;:&quot;&quot;,&quot;orientation&quot;:&quot;0&quot;}\" data-image-title=\"dicion\u00e1rio capa edi\u00e7\u00e3o 3\" data-image-description=\"\" data-image-caption=\"\" data-medium-file=\"https:\/\/i0.wp.com\/wp.ufpel.edu.br\/ndh\/files\/2017\/11\/dicion%C3%A1rio-capa-edi%C3%A7%C3%A3o-3.jpg?fit=226%2C318&amp;ssl=1\" data-large-file=\"https:\/\/i0.wp.com\/wp.ufpel.edu.br\/ndh\/files\/2017\/11\/dicion%C3%A1rio-capa-edi%C3%A7%C3%A3o-3.jpg?fit=660%2C148&amp;ssl=1\" class=\"alignleft wp-image-1317 size-thumbnail\" src=\"https:\/\/i0.wp.com\/wp.ufpel.edu.br\/ndh\/files\/2017\/11\/dicion%C3%A1rio-capa-edi%C3%A7%C3%A3o-3.jpg?resize=113%2C159&#038;ssl=1\" alt=\"\" width=\"113\" height=\"159\" srcset=\"https:\/\/i0.wp.com\/wp.ufpel.edu.br\/ndh\/files\/2017\/11\/dicion%C3%A1rio-capa-edi%C3%A7%C3%A3o-3.jpg?resize=113%2C159&amp;ssl=1 113w, https:\/\/i0.wp.com\/wp.ufpel.edu.br\/ndh\/files\/2017\/11\/dicion%C3%A1rio-capa-edi%C3%A7%C3%A3o-3.jpg?resize=226%2C318&amp;ssl=1 226w, https:\/\/i0.wp.com\/wp.ufpel.edu.br\/ndh\/files\/2017\/11\/dicion%C3%A1rio-capa-edi%C3%A7%C3%A3o-3.jpg?resize=768%2C1079&amp;ssl=1 768w, https:\/\/i0.wp.com\/wp.ufpel.edu.br\/ndh\/files\/2017\/11\/dicion%C3%A1rio-capa-edi%C3%A7%C3%A3o-3.jpg?resize=619%2C870&amp;ssl=1 619w, https:\/\/i0.wp.com\/wp.ufpel.edu.br\/ndh\/files\/2017\/11\/dicion%C3%A1rio-capa-edi%C3%A7%C3%A3o-3.jpg?w=1758&amp;ssl=1 1758w, https:\/\/i0.wp.com\/wp.ufpel.edu.br\/ndh\/files\/2017\/11\/dicion%C3%A1rio-capa-edi%C3%A7%C3%A3o-3.jpg?w=1320&amp;ssl=1 1320w\" sizes=\"auto, (max-width: 113px) 100vw, 113px\" \/><\/a><\/p>\n<p style=\"text-align: justify;\">Passados 20 anos do lan\u00e7amento da 1\u00aa edi\u00e7\u00e3o do Dicion\u00e1rio da Hist\u00f3ria de Pelotas, volume I (2005), a equipe do NDH passou a dedicar-se a escrita do segundo volume, com foco principal na hist\u00f3ria recente da cidade (p\u00f3s-1960). Ap\u00f3s 4 anos de trabalho, em mar\u00e7o de 2026 o Dicion\u00e1rio, volume II, foi disponibilizado ao p\u00fablico.<\/p>\n<p style=\"text-align: justify;\">O conte\u00fado que o leitor encontrar\u00e1 nos dois volumes \u00e9 um retrato bastante significativo da hist\u00f3ria da cidade desde seus prim\u00f3rdios at\u00e9 os dias atuais, escrito por uma gama de pesquisadores de diversas \u00e1reas.<a href=\"http:\/\/guaiaca.ufpel.edu.br\/xmlui\/handle\/prefix\/19930\" target=\"_blank\" rel=\"noopener\"><img data-recalc-dims=\"1\" loading=\"lazy\" decoding=\"async\" data-attachment-id=\"4747\" data-permalink=\"https:\/\/wp.ufpel.edu.br\/ndh\/historia-do-ndh-ufpel\/ndh_ufpel\/2-7\/#main\" data-orig-file=\"https:\/\/i0.wp.com\/wp.ufpel.edu.br\/ndh\/files\/2026\/03\/2.png?fit=1080%2C1350&amp;ssl=1\" data-orig-size=\"1080,1350\" data-comments-opened=\"0\" data-image-meta=\"{&quot;aperture&quot;:&quot;0&quot;,&quot;credit&quot;:&quot;&quot;,&quot;camera&quot;:&quot;&quot;,&quot;caption&quot;:&quot;&quot;,&quot;created_timestamp&quot;:&quot;0&quot;,&quot;copyright&quot;:&quot;&quot;,&quot;focal_length&quot;:&quot;0&quot;,&quot;iso&quot;:&quot;0&quot;,&quot;shutter_speed&quot;:&quot;0&quot;,&quot;title&quot;:&quot;&quot;,&quot;orientation&quot;:&quot;0&quot;}\" data-image-title=\"2\" data-image-description=\"\" data-image-caption=\"\" data-medium-file=\"https:\/\/i0.wp.com\/wp.ufpel.edu.br\/ndh\/files\/2026\/03\/2.png?fit=254%2C318&amp;ssl=1\" data-large-file=\"https:\/\/i0.wp.com\/wp.ufpel.edu.br\/ndh\/files\/2026\/03\/2.png?fit=660%2C148&amp;ssl=1\" class=\"wp-image-4747 size-thumbnail alignright\" src=\"https:\/\/i0.wp.com\/wp.ufpel.edu.br\/ndh\/files\/2026\/03\/2.png?resize=127%2C159&#038;ssl=1\" alt=\"\" width=\"127\" height=\"159\" srcset=\"https:\/\/i0.wp.com\/wp.ufpel.edu.br\/ndh\/files\/2026\/03\/2.png?resize=127%2C159&amp;ssl=1 127w, https:\/\/i0.wp.com\/wp.ufpel.edu.br\/ndh\/files\/2026\/03\/2.png?resize=254%2C318&amp;ssl=1 254w, https:\/\/i0.wp.com\/wp.ufpel.edu.br\/ndh\/files\/2026\/03\/2.png?resize=768%2C960&amp;ssl=1 768w, https:\/\/i0.wp.com\/wp.ufpel.edu.br\/ndh\/files\/2026\/03\/2.png?resize=619%2C774&amp;ssl=1 619w, https:\/\/i0.wp.com\/wp.ufpel.edu.br\/ndh\/files\/2026\/03\/2.png?w=1080&amp;ssl=1 1080w\" sizes=\"auto, (max-width: 127px) 100vw, 127px\" \/><\/a><\/p>\n<p style=\"text-align: justify;\">Com a divulga\u00e7\u00e3o on-line e gratuita, interessa-nos que um maior n\u00famero de pessoas possa conhecer estudos diversos, de especialistas nas tem\u00e1ticas abordadas. Ainda, que os professores do ensino fundamental, que ministram o conte\u00fado de Hist\u00f3ria de Pelotas, analisem o material aqui divulgado e possam abord\u00e1-lo com seus alunos, tornando a Hist\u00f3ria mais instigante e problematizadora.<\/p>\n<p style=\"text-align: center;\">Uma boa leitura a todas e todos.<\/p>\n<p style=\"text-align: center;\"><a href=\"http:\/\/repositorio.ufpel.edu.br\/handle\/prefix\/3735\" target=\"_blank\" rel=\"noopener\"><strong>| Acesse aqui o volume I |<\/strong><\/a><br \/>\n<a href=\"http:\/\/guaiaca.ufpel.edu.br\/xmlui\/handle\/prefix\/19930\" target=\"_blank\" rel=\"noopener\"><strong>| Acesse aqui o volume II |<\/strong><\/a><\/p>\n","protected":false},"excerpt":{"rendered":"<p>Passados 20 anos do lan\u00e7amento da 1\u00aa edi\u00e7\u00e3o do Dicion\u00e1rio da Hist\u00f3ria de Pelotas, volume I (2005), a equipe do NDH passou a dedicar-se a escrita do segundo volume, com foco principal na hist\u00f3ria recente da cidade (p\u00f3s-1960). Ap\u00f3s 4 anos de trabalho, em mar\u00e7o de 2026 o Dicion\u00e1rio, volume II, foi disponibilizado ao p\u00fablico. [&hellip;]<\/p>\n","protected":false},"author":718,"featured_media":0,"parent":0,"menu_order":0,"comment_status":"closed","ping_status":"closed","template":"","meta":{"jetpack_post_was_ever_published":false,"footnotes":""},"class_list":["post-1351","page","type-page","status-publish","hentry"],"jetpack_sharing_enabled":true,"jetpack_shortlink":"https:\/\/wp.me\/P9qy4R-lN","jetpack_likes_enabled":true,"jetpack-related-posts":[],"_links":{"self":[{"href":"https:\/\/wp.ufpel.edu.br\/ndh\/wp-json\/wp\/v2\/pages\/1351","targetHints":{"allow":["GET"]}}],"collection":[{"href":"https:\/\/wp.ufpel.edu.br\/ndh\/wp-json\/wp\/v2\/pages"}],"about":[{"href":"https:\/\/wp.ufpel.edu.br\/ndh\/wp-json\/wp\/v2\/types\/page"}],"author":[{"embeddable":true,"href":"https:\/\/wp.ufpel.edu.br\/ndh\/wp-json\/wp\/v2\/users\/718"}],"replies":[{"embeddable":true,"href":"https:\/\/wp.ufpel.edu.br\/ndh\/wp-json\/wp\/v2\/comments?post=1351"}],"version-history":[{"count":4,"href":"https:\/\/wp.ufpel.edu.br\/ndh\/wp-json\/wp\/v2\/pages\/1351\/revisions"}],"predecessor-version":[{"id":4758,"href":"https:\/\/wp.ufpel.edu.br\/ndh\/wp-json\/wp\/v2\/pages\/1351\/revisions\/4758"}],"wp:attachment":[{"href":"https:\/\/wp.ufpel.edu.br\/ndh\/wp-json\/wp\/v2\/media?parent=1351"}],"curies":[{"name":"wp","href":"https:\/\/api.w.org\/{rel}","templated":true}]}}