{"id":1254,"date":"2017-10-30T15:34:10","date_gmt":"2017-10-30T17:34:10","guid":{"rendered":"https:\/\/wp.ufpel.edu.br\/ndh\/?page_id=1254"},"modified":"2019-06-13T08:31:34","modified_gmt":"2019-06-13T11:31:34","slug":"hr-numero-20","status":"publish","type":"page","link":"https:\/\/wp.ufpel.edu.br\/ndh\/hr-numero-20\/","title":{"rendered":"HR &#8211; N\u00famero 20 &#8211; DEZ.\/2014*"},"content":{"rendered":"<p><a href=\"https:\/\/wp.ufpel.edu.br\/ndh\/apresentacao-hr-20\/\"><strong>Apresenta\u00e7\u00e3o<\/strong><\/a><\/p>\n<p><strong><a href=\"https:\/\/periodicos.ufpel.edu.br\/ojs2\/index.php\/HistRev\/article\/view\/12531\" target=\"_blank\" rel=\"noopener noreferrer\">Entre virgens videntes e l\u00edderes caboclas: Breve estudo sobre a participa\u00e7\u00e3o das mulheres na Guerra Sertaneja do Contestado<\/a>\u00a0<\/strong>[Rita In\u00eas Petrykowski Peixe &amp;\u00a0Analice Dutra <a href=\"https:\/\/i0.wp.com\/wp.ufpel.edu.br\/ndh\/files\/2017\/11\/folha-de-rosto-edi%C3%A7%C3%A3o-20.jpg?ssl=1\" target=\"_blank\" rel=\"noopener noreferrer\"><img data-recalc-dims=\"1\" loading=\"lazy\" decoding=\"async\" data-attachment-id=\"1294\" data-permalink=\"https:\/\/wp.ufpel.edu.br\/ndh\/hr-numero-20\/folha-de-rosto-edicao-20\/#main\" data-orig-file=\"https:\/\/i0.wp.com\/wp.ufpel.edu.br\/ndh\/files\/2017\/11\/folha-de-rosto-edi%C3%A7%C3%A3o-20.jpg?fit=1754%2C2482&amp;ssl=1\" data-orig-size=\"1754,2482\" data-comments-opened=\"0\" data-image-meta=\"{&quot;aperture&quot;:&quot;0&quot;,&quot;credit&quot;:&quot;Gabinete_Assessoria&quot;,&quot;camera&quot;:&quot;&quot;,&quot;caption&quot;:&quot;&quot;,&quot;created_timestamp&quot;:&quot;0&quot;,&quot;copyright&quot;:&quot;&quot;,&quot;focal_length&quot;:&quot;0&quot;,&quot;iso&quot;:&quot;0&quot;,&quot;shutter_speed&quot;:&quot;0&quot;,&quot;title&quot;:&quot;&quot;,&quot;orientation&quot;:&quot;0&quot;}\" data-image-title=\"folha de rosto edi\u00e7\u00e3o 20\" data-image-description=\"\" data-image-caption=\"\" data-medium-file=\"https:\/\/i0.wp.com\/wp.ufpel.edu.br\/ndh\/files\/2017\/11\/folha-de-rosto-edi%C3%A7%C3%A3o-20.jpg?fit=225%2C318&amp;ssl=1\" data-large-file=\"https:\/\/i0.wp.com\/wp.ufpel.edu.br\/ndh\/files\/2017\/11\/folha-de-rosto-edi%C3%A7%C3%A3o-20.jpg?fit=660%2C148&amp;ssl=1\" class=\"alignleft size-medium wp-image-1294\" src=\"https:\/\/i0.wp.com\/wp.ufpel.edu.br\/ndh\/files\/2017\/11\/folha-de-rosto-edi%C3%A7%C3%A3o-20.jpg?resize=225%2C318&#038;ssl=1\" alt=\"\" width=\"225\" height=\"318\" srcset=\"https:\/\/i0.wp.com\/wp.ufpel.edu.br\/ndh\/files\/2017\/11\/folha-de-rosto-edi%C3%A7%C3%A3o-20.jpg?resize=225%2C318&amp;ssl=1 225w, https:\/\/i0.wp.com\/wp.ufpel.edu.br\/ndh\/files\/2017\/11\/folha-de-rosto-edi%C3%A7%C3%A3o-20.jpg?resize=112%2C159&amp;ssl=1 112w, https:\/\/i0.wp.com\/wp.ufpel.edu.br\/ndh\/files\/2017\/11\/folha-de-rosto-edi%C3%A7%C3%A3o-20.jpg?resize=768%2C1087&amp;ssl=1 768w, https:\/\/i0.wp.com\/wp.ufpel.edu.br\/ndh\/files\/2017\/11\/folha-de-rosto-edi%C3%A7%C3%A3o-20.jpg?resize=619%2C876&amp;ssl=1 619w, https:\/\/i0.wp.com\/wp.ufpel.edu.br\/ndh\/files\/2017\/11\/folha-de-rosto-edi%C3%A7%C3%A3o-20.jpg?w=1754&amp;ssl=1 1754w, https:\/\/i0.wp.com\/wp.ufpel.edu.br\/ndh\/files\/2017\/11\/folha-de-rosto-edi%C3%A7%C3%A3o-20.jpg?w=1320&amp;ssl=1 1320w\" sizes=\"auto, (max-width: 225px) 100vw, 225px\" \/><\/a>Pillar]<\/p>\n<p><strong><a href=\"https:\/\/periodicos.ufpel.edu.br\/ojs2\/index.php\/HistRev\/article\/view\/12532\" target=\"_blank\" rel=\"noopener noreferrer\">A Batalha do Irani: Constru\u00e7\u00f5es de Lembran\u00e7as<\/a>\u00a0<\/strong>[Celso Vianna Bezerra de Menezes]<\/p>\n<p><strong><a href=\"https:\/\/periodicos.ufpel.edu.br\/ojs2\/index.php\/HistRev\/article\/view\/12546\" target=\"_blank\" rel=\"noopener noreferrer\">O Tempo Messi\u00e2nico: uma an\u00e1lise hist\u00f3ria e cultural do messianismo campesino no Contestado (1912-1916)<\/a>\u00a0<\/strong>[Rui Bragado Sousa]<\/p>\n<p><strong><a href=\"https:\/\/periodicos.ufpel.edu.br\/ojs2\/index.php\/HistRev\/article\/view\/12547\" target=\"_blank\" rel=\"noopener noreferrer\">Etnicidade e viol\u00eancia: um estudo dos casos de maus tratos e mortes de imigrantes estrangeiros na regi\u00e3o do Contestado\u00a0 (1908 \u2013 1916)<\/a>\u00a0<\/strong>[Viviani Poyer]<\/p>\n<p><strong><a href=\"https:\/\/periodicos.ufpel.edu.br\/ojs2\/index.php\/HistRev\/article\/view\/12548\" target=\"_blank\" rel=\"noopener noreferrer\">O Movimento do Contestado atrav\u00e9s de fontes jornal\u00edsticas: o caso do jornal \u201cA Federa\u00e7\u00e3o\u201d (Porto Alegre, 1912-1916)<\/a>\u00a0<\/strong>[M\u00e1rcia Janete Espig]<\/p>\n<p><strong><a href=\"https:\/\/periodicos.ufpel.edu.br\/ojs2\/index.php\/HistRev\/article\/view\/12549\" target=\"_blank\" rel=\"noopener noreferrer\">A quest\u00e3o de limites e os usos e &#8220;perman\u00eancias&#8221; dos mapas do Contestado na cartografia paranaense<\/a>\u00a0<\/strong>[Luiz Carlos da Silva &amp;\u00a0Roseli Boschilia]<\/p>\n<p><strong><a href=\"https:\/\/periodicos.ufpel.edu.br\/ojs2\/index.php\/HistRev\/article\/view\/12550\" target=\"_blank\" rel=\"noopener noreferrer\">Terra e resist\u00eancia: as disputas fundi\u00e1rias nos vales dos rios Negro e Igua\u00e7u e sua influ\u00eancia na ades\u00e3o ao movimento sertanejo do Contestado, (1889-1917)<\/a>\u00a0<\/strong>[Alexandre Assis Tomporoski &amp;\u00a0Soeli Regina Lima]<\/p>\n<p><strong><a href=\"https:\/\/periodicos.ufpel.edu.br\/ojs2\/index.php\/HistRev\/article\/view\/12551\" target=\"_blank\" rel=\"noopener noreferrer\">Os sistema de trabalho atrav\u00e9s dos processos de legitima\u00e7\u00e3o de terras, Lages-SC (final do s\u00e9culo XIX &#8211; in\u00edcio do s\u00e9culo XX)<\/a>\u00a0<\/strong>[Janaina Neves Maciel]<\/p>\n<p><strong><a href=\"https:\/\/periodicos.ufpel.edu.br\/ojs2\/index.php\/HistRev\/article\/view\/12552\" target=\"_blank\" rel=\"noopener noreferrer\">Sensibilizando o olhar: o conflito do Contestado na sala de aula<\/a>\u00a0<\/strong>[Mariana Carmona Braga &amp;\u00a0Raisa Sagredo]<\/p>\n<p><strong><a href=\"https:\/\/periodicos.ufpel.edu.br\/ojs2\/index.php\/HistRev\/article\/view\/12553\" target=\"_blank\" rel=\"noopener noreferrer\">Singular, exemplar e universal. Crimes e castigos na Campanha do Contestado<\/a>\u00a0<\/strong>[Rog\u00e9rio Rosa Rodrigues]<\/p>\n<p><a href=\"https:\/\/periodicos.ufpel.edu.br\/ojs2\/index.php\/HistRev\/article\/view\/12530\" target=\"_blank\" rel=\"noopener noreferrer\"><strong>Em busca dos Monges Hist\u00f3ricos: fontes e historiografia<\/strong><\/a> [Alexandre Karsburg]<\/p>\n<p>&nbsp;<\/p>\n<p><span style=\"font-size: 10pt\"><strong>* Nota sobre a publica\u00e7\u00e3o de Hist\u00f3ria em Revista, n\u00famero 20:<br \/>\n<\/strong><\/span><span style=\"background-color: #e5edd8;font-size: 10pt\">A Presente edi\u00e7\u00e3o de Hist\u00f3ria em Revista teve seus artigos recebidos e aprovados em fins de 2014. Por conta de entraves administrativos a edi\u00e7\u00e3o final da mesma ocorreu apenas em fins de Outubro de 2017, tendo sua publica\u00e7\u00e3o definitiva ocorrida apenas em Novembro de 2017.\u00a0<\/span><\/p>\n<p>&nbsp;<\/p>\n","protected":false},"excerpt":{"rendered":"<p>Apresenta\u00e7\u00e3o Entre virgens videntes e l\u00edderes caboclas: Breve estudo sobre a participa\u00e7\u00e3o das mulheres na Guerra Sertaneja do Contestado\u00a0[Rita In\u00eas Petrykowski Peixe &amp;\u00a0Analice Dutra Pillar] A Batalha do Irani: Constru\u00e7\u00f5es de Lembran\u00e7as\u00a0[Celso Vianna Bezerra de Menezes] O Tempo Messi\u00e2nico: uma an\u00e1lise hist\u00f3ria e cultural do messianismo campesino no Contestado (1912-1916)\u00a0[Rui Bragado Sousa] Etnicidade e viol\u00eancia: [&hellip;]<\/p>\n","protected":false},"author":718,"featured_media":0,"parent":0,"menu_order":0,"comment_status":"closed","ping_status":"closed","template":"","meta":{"jetpack_post_was_ever_published":false,"footnotes":""},"class_list":["post-1254","page","type-page","status-publish","hentry"],"jetpack_sharing_enabled":true,"jetpack_shortlink":"https:\/\/wp.me\/P9qy4R-ke","jetpack_likes_enabled":true,"jetpack-related-posts":[],"_links":{"self":[{"href":"https:\/\/wp.ufpel.edu.br\/ndh\/wp-json\/wp\/v2\/pages\/1254","targetHints":{"allow":["GET"]}}],"collection":[{"href":"https:\/\/wp.ufpel.edu.br\/ndh\/wp-json\/wp\/v2\/pages"}],"about":[{"href":"https:\/\/wp.ufpel.edu.br\/ndh\/wp-json\/wp\/v2\/types\/page"}],"author":[{"embeddable":true,"href":"https:\/\/wp.ufpel.edu.br\/ndh\/wp-json\/wp\/v2\/users\/718"}],"replies":[{"embeddable":true,"href":"https:\/\/wp.ufpel.edu.br\/ndh\/wp-json\/wp\/v2\/comments?post=1254"}],"version-history":[{"count":21,"href":"https:\/\/wp.ufpel.edu.br\/ndh\/wp-json\/wp\/v2\/pages\/1254\/revisions"}],"predecessor-version":[{"id":1973,"href":"https:\/\/wp.ufpel.edu.br\/ndh\/wp-json\/wp\/v2\/pages\/1254\/revisions\/1973"}],"wp:attachment":[{"href":"https:\/\/wp.ufpel.edu.br\/ndh\/wp-json\/wp\/v2\/media?parent=1254"}],"curies":[{"name":"wp","href":"https:\/\/api.w.org\/{rel}","templated":true}]}}