{"id":1162,"date":"2017-06-22T16:59:03","date_gmt":"2017-06-22T19:59:03","guid":{"rendered":"https:\/\/wp.ufpel.edu.br\/ndh\/?page_id=1162"},"modified":"2017-06-22T16:59:03","modified_gmt":"2017-06-22T19:59:03","slug":"apresentacao-hr-19","status":"publish","type":"page","link":"https:\/\/wp.ufpel.edu.br\/ndh\/apresentacao-hr-19\/","title":{"rendered":"Apresenta\u00e7\u00e3o &#8211; HR &#8211; 19"},"content":{"rendered":"<p>A presente edi\u00e7\u00e3o de Hist\u00f3ria em Revista re\u00fane os textos completos das comunica\u00e7\u00f5es apresentadas na <strong>VII Jornadas Regionais do GT Mundos do Trabalho da Associa\u00e7\u00e3o Nacional de Hist\u00f3ria, se\u00e7\u00e3o Rio Grande do Sul (Anpuh-RS)<\/strong>, evento realizado na Universidade Federal de Pelotas (UFPel) entre 11 e 13 de junho de 2013. O leitor encontrar\u00e1 aqui nestes anais uma ampla gama de temas que enfocam desde aspectos mais tradicionais do campo de pesquisas da hist\u00f3ria social, como organiza\u00e7\u00e3o sindical, militantes e lutas oper\u00e1rias, at\u00e9 novas abordagens, como trabalho livre e escravo antes da aboli\u00e7\u00e3o, regula\u00e7\u00e3o legal e representa\u00e7\u00f5es do trabalho na arte e na imprensa.<\/p>\n<p>Durante o evento, os trabalhos foram agrupados em 10 simp\u00f3sios livres, contando no total com 61 trabalhos inscritos. O evento contou ainda com mini-cursos, mesas-redondas, uma confer\u00eancia de abertura com a professora doutora Angela de Castro Gomes, da Universidade Federal do Estado do Rio de Janeiro (UNIRio), e um painel de encerramento que uniu a professora doutora Magda Biavaschi e o professor doutor Fernando Teixeira da Silva, ambos da Universidade Estadual de Campinas (Unicamp). Embora nem todos estejam presentes neste dossi\u00ea, a sele\u00e7\u00e3o aqui proposta (a partir da entrega dos textos revisados pelos autores), d\u00e1 bem a medida da diversidade de temas e da fertilidade do campo.<\/p>\n<p>O tema geral do evento foi os 70 anos da promulga\u00e7\u00e3o da Consolida\u00e7\u00e3o das Leis do Trabalho (CLT). Tal escolha tinha como objetivo refletir n\u00e3o apenas as discuss\u00f5es fora do \u00e2mbito acad\u00eamico sobre a atualidade e a pertin\u00eancia desta legisla\u00e7\u00e3o, mas tamb\u00e9m o momento presente das pesquisas na \u00e1rea. O advento da CLT em 1943 \u00e9 um marco simb\u00f3lico importante do processo (que nasceu bem antes) da institucionaliza\u00e7\u00e3o de um arcabou\u00e7o jur\u00eddico de regula\u00e7\u00e3o e prote\u00e7\u00e3o ao trabalho no pa\u00eds. As formas pelas quais esta regula\u00e7\u00e3o foi apropriada pelos trabalhadores, militantes ou agentes jur\u00eddicos s\u00e3o, ao nosso ver, temas essenciais para compreender a hist\u00f3ria do trabalho no pa\u00eds, ou melhor dizendo, a hist\u00f3ria do Brasil <em>per se<\/em>.<\/p>\n<p>Das leis referentes \u00e0 escravid\u00e3o at\u00e9 as tentativas de desregulamenta\u00e7\u00f5es recentes, cada vez mais intensas, o universo dos direitos sociais se confunde e se molda em conjunto com o universo do Direito. Se o campo jur\u00eddico o define, a princ\u00edpio, como diretriz de conduta da sociedade, estudos atuais mostram que os trabalhadores tomaram normas e tribunais como campos de luta e de possibilidades, esgar\u00e7ando os limites das pr\u00f3prias defini\u00e7\u00f5es legais.<\/p>\n<p>A realiza\u00e7\u00e3o das VII Jornadas s\u00f3 foi poss\u00edvel pela parceira ativa do GT Mundos do Trabalho com o N\u00facleo de Documenta\u00e7\u00e3o Hist\u00f3rica (NDH), com o Programa de p\u00f3s-gradua\u00e7\u00e3o em Hist\u00f3ria, e com o PET Diversidade e Toler\u00e2ncia da UFPel. O evento demonstrou, por um lado, a consolida\u00e7\u00e3o do GT como polo aglutinador de pesquisas e discuss\u00f5es em torno das tem\u00e1ticas do trabalho e, sobretudo, dos trabalhadores, e, por outro, a import\u00e2ncia da articula\u00e7\u00e3o de diferentes institui\u00e7\u00f5es no \u00e2mbito da historiografia.<\/p>\n<p>Boa leitura!<\/p>\n<p>&nbsp;<\/p>\n<p style=\"text-align: right\">Alisson Droppa<\/p>\n<p style=\"text-align: right\">Coordenador do GT Mundos do Trabalho da ANPUH-RS, 2013<\/p>\n<p style=\"text-align: right\">Clarice Gontarski Speranza<\/p>\n<p style=\"text-align: right\">Comiss\u00e3o Organizadora do evento<\/p>\n<p style=\"text-align: center\">| <a href=\"https:\/\/wp.ufpel.edu.br\/ndh\/hr-numero-19\/\">voltar <\/a>|<\/p>\n","protected":false},"excerpt":{"rendered":"<p>A presente edi\u00e7\u00e3o de Hist\u00f3ria em Revista re\u00fane os textos completos das comunica\u00e7\u00f5es apresentadas na VII Jornadas Regionais do GT Mundos do Trabalho da Associa\u00e7\u00e3o Nacional de Hist\u00f3ria, se\u00e7\u00e3o Rio Grande do Sul (Anpuh-RS), evento realizado na Universidade Federal de Pelotas (UFPel) entre 11 e 13 de junho de 2013. O leitor encontrar\u00e1 aqui nestes [&hellip;]<\/p>\n","protected":false},"author":718,"featured_media":0,"parent":0,"menu_order":0,"comment_status":"closed","ping_status":"closed","template":"","meta":{"jetpack_post_was_ever_published":false,"footnotes":""},"class_list":["post-1162","page","type-page","status-publish","hentry"],"jetpack_sharing_enabled":true,"jetpack_shortlink":"https:\/\/wp.me\/P9qy4R-iK","jetpack_likes_enabled":true,"jetpack-related-posts":[],"_links":{"self":[{"href":"https:\/\/wp.ufpel.edu.br\/ndh\/wp-json\/wp\/v2\/pages\/1162","targetHints":{"allow":["GET"]}}],"collection":[{"href":"https:\/\/wp.ufpel.edu.br\/ndh\/wp-json\/wp\/v2\/pages"}],"about":[{"href":"https:\/\/wp.ufpel.edu.br\/ndh\/wp-json\/wp\/v2\/types\/page"}],"author":[{"embeddable":true,"href":"https:\/\/wp.ufpel.edu.br\/ndh\/wp-json\/wp\/v2\/users\/718"}],"replies":[{"embeddable":true,"href":"https:\/\/wp.ufpel.edu.br\/ndh\/wp-json\/wp\/v2\/comments?post=1162"}],"version-history":[{"count":1,"href":"https:\/\/wp.ufpel.edu.br\/ndh\/wp-json\/wp\/v2\/pages\/1162\/revisions"}],"predecessor-version":[{"id":1164,"href":"https:\/\/wp.ufpel.edu.br\/ndh\/wp-json\/wp\/v2\/pages\/1162\/revisions\/1164"}],"wp:attachment":[{"href":"https:\/\/wp.ufpel.edu.br\/ndh\/wp-json\/wp\/v2\/media?parent=1162"}],"curies":[{"name":"wp","href":"https:\/\/api.w.org\/{rel}","templated":true}]}}