{"id":1114,"date":"2017-06-22T16:55:11","date_gmt":"2017-06-22T19:55:11","guid":{"rendered":"https:\/\/wp.ufpel.edu.br\/ndh\/?page_id=1114"},"modified":"2019-06-13T08:43:19","modified_gmt":"2019-06-13T11:43:19","slug":"hr-numero-19","status":"publish","type":"page","link":"https:\/\/wp.ufpel.edu.br\/ndh\/hr-numero-19\/","title":{"rendered":"HR &#8211; N\u00famero 19 &#8211; Dez.\/2013"},"content":{"rendered":"<p><img data-recalc-dims=\"1\" loading=\"lazy\" decoding=\"async\" data-attachment-id=\"1118\" data-permalink=\"https:\/\/wp.ufpel.edu.br\/ndh\/hr-numero-19\/folha-de-rosto-edicao-19-site\/#main\" data-orig-file=\"https:\/\/i0.wp.com\/wp.ufpel.edu.br\/ndh\/files\/2017\/06\/folha-de-rosto-edi%C3%A7%C3%A3o-19-site.jpg?fit=1750%2C2482&amp;ssl=1\" data-orig-size=\"1750,2482\" data-comments-opened=\"0\" data-image-meta=\"{&quot;aperture&quot;:&quot;0&quot;,&quot;credit&quot;:&quot;Gabinete_Assessoria&quot;,&quot;camera&quot;:&quot;&quot;,&quot;caption&quot;:&quot;&quot;,&quot;created_timestamp&quot;:&quot;1498144245&quot;,&quot;copyright&quot;:&quot;&quot;,&quot;focal_length&quot;:&quot;0&quot;,&quot;iso&quot;:&quot;0&quot;,&quot;shutter_speed&quot;:&quot;0&quot;,&quot;title&quot;:&quot;&quot;,&quot;orientation&quot;:&quot;0&quot;}\" data-image-title=\"folha de rosto edi\u00e7\u00e3o 19 &amp;#8211; site\" data-image-description=\"\" data-image-caption=\"\" data-medium-file=\"https:\/\/i0.wp.com\/wp.ufpel.edu.br\/ndh\/files\/2017\/06\/folha-de-rosto-edi%C3%A7%C3%A3o-19-site.jpg?fit=224%2C318&amp;ssl=1\" data-large-file=\"https:\/\/i0.wp.com\/wp.ufpel.edu.br\/ndh\/files\/2017\/06\/folha-de-rosto-edi%C3%A7%C3%A3o-19-site.jpg?fit=660%2C148&amp;ssl=1\" class=\"alignleft wp-image-1118\" src=\"https:\/\/i0.wp.com\/wp.ufpel.edu.br\/ndh\/files\/2017\/06\/folha-de-rosto-edi%C3%A7%C3%A3o-19-site.jpg?resize=225%2C319&#038;ssl=1\" alt=\"\" width=\"225\" height=\"319\" srcset=\"https:\/\/i0.wp.com\/wp.ufpel.edu.br\/ndh\/files\/2017\/06\/folha-de-rosto-edi%C3%A7%C3%A3o-19-site.jpg?resize=224%2C318&amp;ssl=1 224w, https:\/\/i0.wp.com\/wp.ufpel.edu.br\/ndh\/files\/2017\/06\/folha-de-rosto-edi%C3%A7%C3%A3o-19-site.jpg?resize=112%2C159&amp;ssl=1 112w, https:\/\/i0.wp.com\/wp.ufpel.edu.br\/ndh\/files\/2017\/06\/folha-de-rosto-edi%C3%A7%C3%A3o-19-site.jpg?resize=768%2C1089&amp;ssl=1 768w, https:\/\/i0.wp.com\/wp.ufpel.edu.br\/ndh\/files\/2017\/06\/folha-de-rosto-edi%C3%A7%C3%A3o-19-site.jpg?resize=619%2C878&amp;ssl=1 619w, https:\/\/i0.wp.com\/wp.ufpel.edu.br\/ndh\/files\/2017\/06\/folha-de-rosto-edi%C3%A7%C3%A3o-19-site.jpg?w=1750&amp;ssl=1 1750w, https:\/\/i0.wp.com\/wp.ufpel.edu.br\/ndh\/files\/2017\/06\/folha-de-rosto-edi%C3%A7%C3%A3o-19-site.jpg?w=1320&amp;ssl=1 1320w\" sizes=\"auto, (max-width: 225px) 100vw, 225px\" \/><strong>[ISSN 1516-2095]<\/strong><\/p>\n<p><a href=\"https:\/\/wp.ufpel.edu.br\/ndh\/apresentacao-hr-19\/\"><strong>Apresenta\u00e7\u00e3o<\/strong><\/a><\/p>\n<p><a href=\"https:\/\/periodicos.ufpel.edu.br\/ojs2\/index.php\/HistRev\/article\/view\/12461\" target=\"_blank\" rel=\"noopener noreferrer\"><strong>O Dicion\u00e1rio da Magistratura do Trabalho no Tribunal Regional do Trabalho da 4\u00aa Regi\u00e3o<\/strong><\/a> [<em>Antonio Francisco Ransolin &amp; Alisson Droppa<\/em>]<\/p>\n<p><a href=\"https:\/\/periodicos.ufpel.edu.br\/ojs2\/index.php\/HistRev\/article\/view\/12463\" target=\"_blank\" rel=\"noopener noreferrer\"><strong>Advogado, Jornalista, Pol\u00edtico e Filho de Comendador Dono de Escravos: Considera\u00e7\u00f5es sobre a Trajet\u00f3ria de J\u00falio Prates de Castilhos (S\u00e9culo XIX)<\/strong><\/a> <em>[Carina Martiny]<\/em><\/p>\n<p><a href=\"https:\/\/periodicos.ufpel.edu.br\/ojs2\/index.php\/HistRev\/article\/view\/12464\" target=\"_blank\" rel=\"noopener noreferrer\"><strong>O Teatro como Palco de Luta Oper\u00e1ria: An\u00e1lise do Di\u00e1logo Palavras Simples, de Santos<\/strong><\/a> <em>[C\u00e1ssia Ferreira Miranda]<\/em><\/p>\n<p><a href=\"https:\/\/periodicos.ufpel.edu.br\/ojs2\/index.php\/HistRev\/article\/view\/12465\" target=\"_blank\" rel=\"noopener noreferrer\"><strong>O Apostolado Positivista do Brasil e as Greves na Cidade do Rio de Janeiro no Per\u00edodo da Rep\u00fablica Velha<\/strong><\/a> <em>[D\u00e1rio Milech Neto]<\/em><\/p>\n<p><a href=\"https:\/\/periodicos.ufpel.edu.br\/ojs2\/index.php\/HistRev\/article\/view\/12466\" target=\"_blank\" rel=\"noopener noreferrer\"><strong>A Ditadura Civil-Militar e os Investimentos Norte-Americanos no Brasil (1965-1984): a participa\u00e7\u00e3o do capital privada e a busca por garantias econ\u00f4micas e pol\u00edticas<\/strong><\/a> <em>[Diego Oliveira de Souza]<br \/>\n<\/em><\/p>\n<p><a href=\"https:\/\/periodicos.ufpel.edu.br\/ojs2\/index.php\/HistRev\/article\/view\/12468\" target=\"_blank\" rel=\"noopener noreferrer\"><strong>\u201cO Proletariado se estiolando agarrado \u00e0s leis&#8221;: legisla\u00e7\u00e3o sindical e conflitos de classe no Rio Grande do Sul no in\u00edcio da d\u00e9cada de 1930<\/strong><\/a> <em>[Diorge Alceno Konrad]<\/em><\/p>\n<p><a href=\"https:\/\/periodicos.ufpel.edu.br\/ojs2\/index.php\/HistRev\/article\/view\/12469\" target=\"_blank\" rel=\"noopener noreferrer\"><strong>Contextos distantes ideais compartilhados: a esquerda no Movimento Oper\u00e1rio na Col\u00f4mbia e no Rio Grande do Sul<\/strong> <\/a><em>[Eduard Esteban Moreno Trujillo]<\/em><\/p>\n<p><a href=\"https:\/\/periodicos.ufpel.edu.br\/ojs2\/index.php\/HistRev\/article\/view\/12470\" target=\"_blank\" rel=\"noopener noreferrer\"><strong>A Representa\u00e7\u00e3o do trabalhador ingl\u00eas em V For Vendetta (1982 &#8211; 1988)<\/strong><\/a> <em>[Felipe Rad\u00fcnz Kr\u00fcger]<\/em><\/p>\n<p><a href=\"https:\/\/periodicos.ufpel.edu.br\/ojs2\/index.php\/HistRev\/article\/view\/12471\" target=\"_blank\" rel=\"noopener noreferrer\"><strong>Gest\u00e3o e trabalho: analisando o projeto pedag\u00f3gico de um Instituto Federal<\/strong> <\/a><em>[Gabriel dos Santos Kehler &amp; Liliana Soares Ferreira]<\/em><\/p>\n<p><a href=\"https:\/\/periodicos.ufpel.edu.br\/ojs2\/index.php\/HistRev\/article\/view\/12472\" target=\"_blank\" rel=\"noopener noreferrer\"><strong>N\u00e3o queremos briga e sim Justi\u00e7a do Trabalho: leis sindicais, leis trabalhistas e reivindica\u00e7\u00f5es dos trabalhadores no Estado Novo no Rio Grande do Sul<\/strong><\/a> <em>[Glaucia Vieira Ramos Konrad]<\/em><\/p>\n<p><a href=\"https:\/\/periodicos.ufpel.edu.br\/ojs2\/index.php\/HistRev\/article\/view\/12473\" target=\"_blank\" rel=\"noopener noreferrer\"><strong>Direitos Humanos e soberania alimentar na atua\u00e7\u00e3o da Regional Latino-Americana da Uni\u00e3o Internacional dos Trabalhadores da Alimenta\u00e7\u00e3o (REL-UITA)<\/strong><\/a> <em>[Icaro Bittencourt]<\/em><\/p>\n<p><a href=\"https:\/\/periodicos.ufpel.edu.br\/ojs2\/index.php\/HistRev\/article\/view\/12474\" target=\"_blank\" rel=\"noopener noreferrer\"><strong>Ferrovi\u00e1rios brasileiros: muito al\u00e9m do fim da linha (1950- 2000)<\/strong><\/a> <em>[Ivanil Nunes]<\/em><\/p>\n<p><a href=\"https:\/\/periodicos.ufpel.edu.br\/ojs2\/index.php\/HistRev\/article\/view\/12475\" target=\"_blank\" rel=\"noopener noreferrer\"><strong>A estiva de Pelotas e a luta pelo cumprimento de seus direitos trabalhistas entre 1943 e 1950<\/strong><\/a> <em>[Jordana Alves Pieper]<\/em><\/p>\n<p><a href=\"https:\/\/periodicos.ufpel.edu.br\/ojs2\/index.php\/HistRev\/article\/view\/12476\" target=\"_blank\" rel=\"noopener noreferrer\"><strong>De carteira assinada: a trabalhadora ga\u00facha e a implanta\u00e7\u00e3o da legisla\u00e7\u00e3o trabalhista<\/strong><\/a> <em>[Kate M. Schneider]<\/em><\/p>\n<p><a href=\"https:\/\/periodicos.ufpel.edu.br\/ojs2\/index.php\/HistRev\/article\/view\/12405\" target=\"_blank\" rel=\"noopener noreferrer\"><strong>Alexandre Cassiano do Nascimento (1859-1912): a trajet\u00f3ria do pelotense na pol\u00edtica nacional<\/strong><\/a> <em>[Larissa Copatti Dogenski]<\/em><\/p>\n<p><a href=\"https:\/\/periodicos.ufpel.edu.br\/ojs2\/index.php\/HistRev\/article\/view\/12477\" target=\"_blank\" rel=\"noopener noreferrer\"><strong>Quest\u00f5es de hist\u00f3ria oper\u00e1ria e de pesquisa com processos judiciais trabalhistas do acervo do TRT4 &#8211; Rio Grande do Sul\/RS: os sindicatos e a cultura CLT<\/strong><\/a> <em>[Lelio Valdez]<\/em><\/p>\n<p><a href=\"https:\/\/periodicos.ufpel.edu.br\/ojs2\/index.php\/HistRev\/article\/view\/12478\" target=\"_blank\" rel=\"noopener noreferrer\"><strong>Arquivos, hist\u00f3ria e direito: acervo da Justi\u00e7a do Trabalho na Santa Maria republicana<\/strong><\/a> <em>[Let\u00edcia da Silva Fausto]<\/em><\/p>\n<p><a href=\"https:\/\/periodicos.ufpel.edu.br\/ojs2\/index.php\/HistRev\/article\/view\/12479\" target=\"_blank\" rel=\"noopener noreferrer\"><strong>Trabalhadores de ferrovias e contratos de trabalho: o caso dos turmeiros da linha sul da estrada de ferro S\u00e3o Paulo &#8211; Rio Grande (1908-1910)<\/strong><\/a> <em>[M\u00e1rcia Janete Espig]<\/em><\/p>\n<p><a href=\"https:\/\/periodicos.ufpel.edu.br\/ojs2\/index.php\/HistRev\/article\/view\/12480\" target=\"_blank\" rel=\"noopener noreferrer\"><strong>A Voz do Escravo: o eco transmissor da causa abolicionista pelotense<\/strong><\/a> <em>[Mariana Couto Gon\u00e7alves]<\/em><\/p>\n<p><a href=\"https:\/\/periodicos.ufpel.edu.br\/ojs2\/index.php\/HistRev\/article\/view\/12481\" target=\"_blank\" rel=\"noopener noreferrer\"><strong>Athaydes Rodrigues: pol\u00edtica e luta oper\u00e1ria em Rio Grande<\/strong><\/a> <em>[M\u00e1rio Augusto Correia San Segundo]<\/em><\/p>\n<p><a href=\"https:\/\/periodicos.ufpel.edu.br\/ojs2\/index.php\/HistRev\/article\/view\/12482\" target=\"_blank\" rel=\"noopener noreferrer\"><strong>\u201cOper\u00e1rios em constru\u00e7\u00e3o&#8221;: a organiza\u00e7\u00e3o da classe trabalhadora apesar da ditadura de seguran\u00e7a nacional<\/strong><\/a> <em>[Mateus da Fonseca Capssa Lima &amp; Yuri Rosa de Carvalho]<\/em><\/p>\n<p><a href=\"https:\/\/periodicos.ufpel.edu.br\/ojs2\/index.php\/HistRev\/article\/view\/12483\" target=\"_blank\" rel=\"noopener noreferrer\"><strong>Os Guaranis missioneiros e a &#8220;ind\u00fastria&#8221; da guerra: comunidades ind\u00edgenas e trabalho nas miss\u00f5es durante as independ\u00eancias das col\u00f4nias do Rio da Prata<\/strong><\/a> <em>[Max Roberto Pereira Ribeiro]<\/em><\/p>\n<p><a href=\"https:\/\/periodicos.ufpel.edu.br\/ojs2\/index.php\/HistRev\/article\/view\/12484\" target=\"_blank\" rel=\"noopener noreferrer\"><strong>Como avaliar e partilhar quem nasceu livre e s\u00f3 tem uma problem\u00e1tica obriga\u00e7\u00e3o futura? Lei do Ventre Livre, emancipacionismo e trabalho no sul do Brasil &#8211; Rio Pardo\/RS<\/strong><\/a> <em>[Melina Kleinert Perussatto]<\/em><\/p>\n<p><a href=\"https:\/\/periodicos.ufpel.edu.br\/ojs2\/index.php\/HistRev\/article\/view\/12485\" target=\"_blank\" rel=\"noopener noreferrer\"><strong>Fontes orais e processos trabalhistas: ind\u00edcios sobre um antigo of\u00edcio em Pelotas<\/strong><\/a> <em>[Micaele Irene Scheer]<\/em><\/p>\n<p><a href=\"https:\/\/periodicos.ufpel.edu.br\/ojs2\/index.php\/HistRev\/article\/view\/12486\" target=\"_blank\" rel=\"noopener noreferrer\"><strong>Deixo-o livre com a condi\u00e7\u00e3o &#8220;de prestar-me seus servi\u00e7os durante o prazo de sete anos&#8221;: a liverdade condoicionada dos trabalhadores escravizados em Pelotas\/RS nos \u00faltimos anos da escravid\u00e3o (1880\/1888)<\/strong><\/a> <em>[Nat\u00e1lia Garcia Pinto]<\/em><\/p>\n<p><a href=\"https:\/\/periodicos.ufpel.edu.br\/ojs2\/index.php\/HistRev\/article\/view\/12487\" target=\"_blank\" rel=\"noopener noreferrer\"><strong>Trabalhadores, insubmissos e lavradores: ocupa\u00e7\u00f5es escravas em uma unidade produtiva mista (Taquari, S\u00e9culo XIX)<\/strong><\/a> <em>[Paulo Roberto Staudt Moreira &amp; Raul Rois Schefer Cardoso]<\/em><\/p>\n<p><a href=\"https:\/\/periodicos.ufpel.edu.br\/ojs2\/index.php\/HistRev\/article\/view\/12488\" target=\"_blank\" rel=\"noopener noreferrer\"><strong>Depress\u00e3o e trabalho docente: reflexos na din\u00e2mica escolar<\/strong><\/a> <em>[Priscila dos Santos Peixoto]<\/em><\/p>\n<p><a href=\"https:\/\/periodicos.ufpel.edu.br\/ojs2\/index.php\/HistRev\/article\/view\/12489\" target=\"_blank\" rel=\"noopener noreferrer\"><strong>Notas cr\u00edticas dos trotskistas brasileiros acerca do Estado Novo: primeiros apontamentos<\/strong><\/a> <em>[Roberto Borges Lisboa]<\/em><\/p>\n<p><a href=\"https:\/\/periodicos.ufpel.edu.br\/ojs2\/index.php\/HistRev\/article\/view\/12490\" target=\"_blank\" rel=\"noopener noreferrer\"><strong>O que est\u00e1 feito n\u00e3o est\u00e1 por fazer: crimes e lutas por direitos escravos em Pelotas (1845-1880)<\/strong><\/a> <em>[R\u00f3ger Costa da Silva]<\/em><\/p>\n<p><a href=\"https:\/\/periodicos.ufpel.edu.br\/ojs2\/index.php\/HistRev\/article\/view\/12491\" target=\"_blank\" rel=\"noopener noreferrer\"><strong>A evolu\u00e7\u00e3o da tinta: o Di\u00e1rio Popular de Pelotas nos anos 1920<\/strong><\/a> <em>[Rosendo Caetano]<\/em><\/p>\n<p><a href=\"https:\/\/periodicos.ufpel.edu.br\/ojs2\/index.php\/HistRev\/article\/view\/12406\" target=\"_blank\" rel=\"noopener noreferrer\"><strong>Senta que l\u00e1 vem a hist\u00f3ria: a hist\u00f3ria como propagadora do nacionalismo na educa\u00e7\u00e3o durante o Estado Novo (1937-1945) em Pelotas \/RS<\/strong><\/a> <em>[Vanessa dos Santos Lemos]<\/em><\/p>\n<p>&nbsp;<\/p>\n","protected":false},"excerpt":{"rendered":"<p>[ISSN 1516-2095] Apresenta\u00e7\u00e3o O Dicion\u00e1rio da Magistratura do Trabalho no Tribunal Regional do Trabalho da 4\u00aa Regi\u00e3o [Antonio Francisco Ransolin &amp; Alisson Droppa] Advogado, Jornalista, Pol\u00edtico e Filho de Comendador Dono de Escravos: Considera\u00e7\u00f5es sobre a Trajet\u00f3ria de J\u00falio Prates de Castilhos (S\u00e9culo XIX) [Carina Martiny] O Teatro como Palco de Luta Oper\u00e1ria: An\u00e1lise do [&hellip;]<\/p>\n","protected":false},"author":718,"featured_media":0,"parent":0,"menu_order":0,"comment_status":"closed","ping_status":"closed","template":"","meta":{"jetpack_post_was_ever_published":false,"footnotes":""},"class_list":["post-1114","page","type-page","status-publish","hentry"],"jetpack_sharing_enabled":true,"jetpack_shortlink":"https:\/\/wp.me\/P9qy4R-hY","jetpack_likes_enabled":true,"jetpack-related-posts":[],"_links":{"self":[{"href":"https:\/\/wp.ufpel.edu.br\/ndh\/wp-json\/wp\/v2\/pages\/1114","targetHints":{"allow":["GET"]}}],"collection":[{"href":"https:\/\/wp.ufpel.edu.br\/ndh\/wp-json\/wp\/v2\/pages"}],"about":[{"href":"https:\/\/wp.ufpel.edu.br\/ndh\/wp-json\/wp\/v2\/types\/page"}],"author":[{"embeddable":true,"href":"https:\/\/wp.ufpel.edu.br\/ndh\/wp-json\/wp\/v2\/users\/718"}],"replies":[{"embeddable":true,"href":"https:\/\/wp.ufpel.edu.br\/ndh\/wp-json\/wp\/v2\/comments?post=1114"}],"version-history":[{"count":15,"href":"https:\/\/wp.ufpel.edu.br\/ndh\/wp-json\/wp\/v2\/pages\/1114\/revisions"}],"predecessor-version":[{"id":1976,"href":"https:\/\/wp.ufpel.edu.br\/ndh\/wp-json\/wp\/v2\/pages\/1114\/revisions\/1976"}],"wp:attachment":[{"href":"https:\/\/wp.ufpel.edu.br\/ndh\/wp-json\/wp\/v2\/media?parent=1114"}],"curies":[{"name":"wp","href":"https:\/\/api.w.org\/{rel}","templated":true}]}}