{"id":771,"date":"2016-10-17T17:03:58","date_gmt":"2016-10-17T19:03:58","guid":{"rendered":"https:\/\/wp.ufpel.edu.br\/naurb\/?page_id=771"},"modified":"2021-07-26T14:53:23","modified_gmt":"2021-07-26T17:53:23","slug":"pesquisa-e-extensao","status":"publish","type":"page","link":"https:\/\/wp.ufpel.edu.br\/naurb\/pesquisa-e-extensao\/","title":{"rendered":"Projetos"},"content":{"rendered":"<h1><span style=\"color: #333333\">PROJETOS DE PESQUISA<\/span><\/h1>\n<h2><span style=\"color: #000000\"><strong><span style=\"color: #999999\">Inser\u00e7\u00e3o de TIC em Mapas Mentais &#8211; Busca da Percep\u00e7\u00e3o do Coletivo<\/span><br \/>\n<span style=\"color: #999999\"> 2015 &#8211; em andamento<\/span> <a href=\"https:\/\/wp.ufpel.edu.br\/naurb\/2016\/10\/17\/insercao-de-tic-em-mapas-mentais-busca-da-percepcao-do-coletivo\/\">[ver detalhes]<\/a><\/strong><\/span><\/h2>\n<h3><span style=\"color: #808080\">Integrantes: Nirce Saffer Medvedovski &#8211; Coordenador \/ Adriana Ara\u00fajo Portella &#8211; Integrante \/ Elisa Santos Guimar\u00e3es &#8211; Integrante \/ Louren\u00e7o Kallil Tomaz &#8211; Integrante \/ Adriane Borda da Silva &#8211; Integrante \/ Glauco Roberto Munsberg &#8211; Integrante \/ Daniel Krolow Retzlaff &#8211; Integrante.<\/span><\/h3>\n<div class=\"layout-cell layout-cell-9\">\n<h2 class=\"layout-cell-pad-5\"><span style=\"color: #808080\">\u00a0<\/span><\/h2>\n<h2 class=\"layout-cell-pad-5\"><span style=\"color: #808080\">Mobili\u00e1rios para habita\u00e7\u00e3o social: proposta de reutiliza\u00e7\u00e3o de paletes e sua percep\u00e7\u00e3o e aceita\u00e7\u00e3o pelos usu\u00e1rios<\/span><br \/>\n<span style=\"color: #808080\"> 2015 &#8211; em andamento <a href=\"https:\/\/wp.ufpel.edu.br\/naurb\/2016\/10\/17\/mobiliarios-para-habitacao-social-proposta-de-reutilizacao-de-paletes-e-sua-percepcao-e-aceitacao-pelos-usuarios\/\">[ver detalhes]<\/a><\/span><\/h2>\n<\/div>\n<div class=\"layout-cell layout-cell-9\">\n<h3 class=\"layout-cell-pad-5\"><span style=\"color: #808080\">Integrantes: Nirce Saffer Medvedovski &#8211; Coordenador \/ Fabiola Nunes da Silva &#8211; Integrante \/ H\u00e9len Vanessa Kerkhoff &#8211; Integrante.<\/span><\/h3>\n<\/div>\n<h3 class=\"layout-cell-pad-5\"><span style=\"color: #808080\">\u00a0<\/span><\/h3>\n<h2 class=\"layout-cell-pad-5\"><span style=\"color: #808080\">SOCIOTICs: Tecnologia de Informa\u00e7\u00e3o e Comunica\u00e7\u00e3o no apoio de Tecnologias Sociais<\/span><br \/>\n<span style=\"color: #000000\"><span style=\"color: #808080\">2014 &#8211; em andamento<\/span> <a href=\"https:\/\/wp.ufpel.edu.br\/naurb\/2016\/10\/17\/sociotics-tecnologia-de-informacao-e-comunicacao-no-apoio-de-tecnologias-sociais\/\">[ver detalhes]<\/a><\/span><\/h2>\n<h3 class=\"layout-cell-pad-5\"><span style=\"color: #808080\">Integrantes: Nirce Saffer Medvedovski &#8211; Coordenador \/ Adriane Borda Almeida da Silva &#8211; Integrante \/ F\u00e1bio Kellermann Schramm &#8211; Integrante \/ Jaqueline Nunes Berger &#8211; Integrante \/ Allana da Costa Jeske &#8211; Integrante \/ Amanda Vicentini de Oliveira &#8211; Integrante \/ Rafael Oliveira Correa luz &#8211; Integrante \/ Bibiana Cavalcanti &#8211; Integrante \/ Jones Vieira Pinto &#8211; Integrante \/ Heitor Fernando Almeida &#8211; Integrante \/ Armando Donald Martins &#8211; Integrante.<\/span><\/h3>\n<div class=\"layout-cell-pad-5\">\n<div class=\"layout-cell layout-cell-9\">\n<h3 class=\"layout-cell-pad-5\"><span style=\"color: #808080\">\u00a0<\/span><\/h3>\n<h2 class=\"layout-cell-pad-5\"><span style=\"color: #808080\">An\u00e1lise de Inser\u00e7\u00e3o Urbana de Habita\u00e7\u00e3o de Interesse Social em Pelotas RS- Estudo de caso para Minha Casa Minha Vida Faixa<\/span><br \/>\n<span style=\"color: #000000\"><span style=\"color: #808080\">2014 &#8211; em andamento<\/span> <a href=\"https:\/\/wp.ufpel.edu.br\/naurb\/2016\/10\/17\/analise-de-insercao-urbana-de-habitacao-de-interesse-social-em-pelotas-rs-estudo-de-caso-para-minha-casa-minha-vida-faixa\/\">[ver detalhes]<\/a><\/span><\/h2>\n<\/div>\n<div class=\"layout-cell layout-cell-9\">\n<h3 class=\"layout-cell-pad-5\"><span style=\"color: #ffffff\">I<span style=\"color: #808080\">ntegrantes: Nirce Saffer Medvedovski &#8211; Coordenador \/ Janice Dutra &#8211; Integrante \/ Jones Vieira Pinto &#8211; Integrante \/ Heitor Fernando Almeida &#8211; Integrante \/ Yuri Bastos &#8211; Integrante.<\/span><\/span><\/h3>\n<\/div>\n<\/div>\n<div class=\"layout-cell-pad-5\">\n<div class=\"layout-cell layout-cell-9\">\n<h3 class=\"layout-cell-pad-5\"><span style=\"color: #808080\">\u00a0<\/span><\/h3>\n<h2 class=\"layout-cell-pad-5\"><span style=\"color: #808080\">Desenho urbano e p\u00f3s-ocupa\u00e7\u00e3o no uso, apropria\u00e7\u00e3o e seguran\u00e7a dos empreendimentos habitacionais de interesse social: o caso do PAC do Anglo e o loteamento Eldorado<\/span><br \/>\n<span style=\"color: #808080\"> 2014 &#8211; em andamento<\/span> <a href=\"https:\/\/wp.ufpel.edu.br\/naurb\/2016\/10\/17\/desenho-urbano-e-pos-ocupacao-no-uso-apropriacao-e-seguranca-dos-empreendimentos-habitacionais-de-interesse-social-o-caso-do-pac-do-anglo-e-o-loteamento-eldorado\/\">[ver detalhes]<\/a><\/h2>\n<\/div>\n<div class=\"layout-cell layout-cell-9\">\n<h3 class=\"layout-cell-pad-5\"><span style=\"color: #808080\">Integrantes: Nirce Saffer Medvedovski &#8211; Coordenador \/ Janice Dutra &#8211; Integrante \/ Jones Vieira Pinto &#8211; Integrante.<\/span><\/h3>\n<\/div>\n<div class=\"layout-cell-pad-5\"><span style=\"color: #808080\">\u00a0<\/span><\/div>\n<\/div>\n<div class=\"layout-cell-pad-5\">\n<div class=\"layout-cell layout-cell-9\">\n<h2 class=\"layout-cell-pad-5\"><span style=\"color: #808080\">MORAR-TS \/HAB24TS\/SOCIOTIC &#8211; Desenvolvimento de Tecnologias Sociais para a constru\u00e7\u00e3o, recupera\u00e7\u00e3o, manuten\u00e7\u00e3o e uso sustent\u00e1vel de moradias, especialmente Habita\u00e7\u00f5es de Interesse Social e para a redu\u00e7\u00e3o de riscos ambientais<\/span><br \/>\n<span style=\"color: #808080\"> 2011 &#8211; em andamento<\/span> <a href=\"https:\/\/wp.ufpel.edu.br\/naurb\/2016\/10\/17\/morar-ts-hab24tssociotic-desenvolvimento-de-tecnologias-sociais-para-a-construcao-recuperacao-manutencao-e-uso-sustentavel-de-moradias-especialmente-habitacoes-de-interesse-social-e-para-a-redu\/\">[ver detalhes]<\/a><\/h2>\n<\/div>\n<div class=\"layout-cell layout-cell-9\">\n<h3 class=\"layout-cell-pad-5\"><span style=\"color: #ffffff\">I<span style=\"color: #808080\">ntegrantes: Nirce Saffer Medvedovski &#8211; Coordenador \/ Josiane Almeida &#8211; Integrante \/ Luiz Carlos Pinto da Silva Filho &#8211; Integrante \/ Adriane Borda Almeida da Silva &#8211; Integrante \/ F\u00e1bio Kellermann Schramm &#8211; Integrante \/ Luciano de Vasconcellos Corr\u00eaa &#8211; Integrante \/ Edar da Silva A\u00f1a\u00f1a &#8211; Integrante.<\/span><\/span><br class=\"clear\" \/><span style=\"color: #808080\">Financiador(es): Conselho Nacional de Desenvolvimento Cient\u00edfico e Tecnol\u00f3gico &#8211; Bolsa \/ Financiadora de Estudos e Projetos &#8211; Aux\u00edlio financeiro.<\/span><\/h3>\n<\/div>\n<div class=\"layout-cell-pad-5\"><span style=\"color: #808080\">\u00a0<\/span><\/div>\n<div class=\"layout-cell-pad-5\"><span style=\"color: #808080\">\u00a0<\/span><\/div>\n<\/div>\n<div class=\"layout-cell-pad-5\">\n<h1><span style=\"color: #333333\">PROJETOS DE\u00a0EXTENS\u00c3O<\/span><\/h1>\n<div class=\"layout-cell layout-cell-9\">\n<h2 class=\"layout-cell-pad-5\"><span style=\"color: #000000\"><span style=\"color: #808080\">Participa\u00e7\u00e3o Popular na Gest\u00e3o do Espa\u00e7o urbano \u00ad Regulariza\u00e7\u00e3o Fundi\u00e1ria<\/span><br \/>\n<span style=\"color: #808080\"> 2015 &#8211; em andamento<\/span> <a href=\"https:\/\/wp.ufpel.edu.br\/naurb\/2016\/10\/17\/participacao-popular-na-gestao-do-espaco-urbano-%C2%AD-regularizacao-fundiaria\/\">[ver detalhes]<\/a><\/span><\/h2>\n<\/div>\n<div class=\"layout-cell layout-cell-9\">\n<h3 class=\"layout-cell-pad-5\"><span style=\"color: #ffffff\">Int<span style=\"color: #808080\">egrantes: Nirce Saffer Medvedovski &#8211; Coordenador \/ Adriane Borda Almeida da Silva &#8211; Integrante \/ Sirlene de Mello Sope\u00f1a &#8211; Integrante \/ Cassius Baumgarten &#8211; Integrante \/ Guilherme K\u00f6nsgen Iorio &#8211; Integrante \/ Fabiola Nunes da Silva &#8211; Integrante \/ YURI DA SILVA BASTOS &#8211; Integrante \/ H\u00e9len Vanessa Kerkhoff &#8211; Integrante \/ Lauren BUSS RAFFI &#8211; Integrante \/ Luisa Mantelli &#8211; Integrante \/ Patricia Girardelo Trentin &#8211; Integrante \/ Natalia Braga &#8211; Integrante.<\/span><\/span><\/h3>\n<div class=\"layout-cell-pad-5\"><span style=\"color: #808080\">\u00a0<\/span><\/div>\n<div class=\"layout-cell-pad-5\">\n<div class=\"layout-cell layout-cell-9\">\n<h2 class=\"layout-cell-pad-5\"><span style=\"color: #999999\">Qualifica\u00e7\u00e3o urbana participativa na Ocupa\u00e7\u00e3o Balsa<\/span><br \/>\n<span style=\"color: #000000\"><span style=\"color: #999999\">2014 &#8211; em andamento<\/span> <a href=\"https:\/\/wp.ufpel.edu.br\/naurb\/2016\/10\/17\/qualificacao-urbana-participativa-na-ocupacao-balsa\/\">[ver detalhes]<\/a><\/span><\/h2>\n<\/div>\n<div class=\"layout-cell layout-cell-9\">\n<h3 class=\"layout-cell-pad-5\"><span style=\"color: #ffffff\">Integrantes: Nirce Saffer Medvedovski &#8211; Coordenador \/ Adriane Borda Almeida da <span style=\"color: #808080\">Silva &#8211; Integrante \/ Jaqueline Nunes Berger &#8211; Integrante \/ Sirlene de Mello Sope\u00f1a &#8211; Integrante \/ Janice Dutra &#8211; Integrante \/ Cassius Baumgarten &#8211; Integrante \/ Joana Scalco Franke &#8211; Integrante \/ Jones Vieira Pinto &#8211; Integrante \/ Vanessa Forneck &#8211; Integrante \/ Fabiola Nunes da Silva &#8211; Integrante \/ REBECCA LUIZA DE ALMEIDA ROSSATO &#8211; Integrante \/ YURI DA SILVA BASTOS &#8211; Integrante \/ Arthur Mota &#8211; Integrante \/ H\u00e9len Vanessa Kerkhoff &#8211; Integrante \/ Lauren BUSS RAFFI &#8211; Integrante.<\/span><\/span><\/h3>\n<\/div>\n<div class=\"layout-cell-pad-5\"><span style=\"color: #808080\">\u00a0<\/span><\/div>\n<\/div>\n<\/div>\n<\/div>\n<h2 class=\"layout-cell-pad-5\"><span style=\"color: #999999\">Programa Vizinhan\u00e7a<\/span><br \/>\n<span style=\"color: #000000\"><span style=\"color: #999999\">2014 &#8211; em andamento<\/span> <a href=\"https:\/\/wp.ufpel.edu.br\/naurb\/2016\/10\/17\/programa-vizinhanca\/\">[ver detalhes]<\/a><\/span><\/h2>\n<h3 class=\"layout-cell-pad-5\"><span style=\"color: #808080\">Integrantes: Nirce Saffer Medvedovski &#8211; Coordenador \/ Suzana Lanzetta &#8211; Integrante \/ Anelise Anapolski Ferrari &#8211; Integrante \/ Luciane Kantorski &#8211; Integrante.<\/span><\/h3>\n<div class=\"layout-cell-pad-5\"><span style=\"color: #808080\">\u00a0<\/span><\/div>\n<div class=\"layout-cell-pad-5\"><span style=\"color: #808080\">\u00a0<\/span><\/div>\n","protected":false},"excerpt":{"rendered":"<p>PROJETOS DE PESQUISA Inser\u00e7\u00e3o de TIC em Mapas Mentais &#8211; Busca da Percep\u00e7\u00e3o do Coletivo 2015 &#8211; em andamento [ver detalhes] Integrantes: Nirce Saffer Medvedovski &#8211; Coordenador \/ Adriana Ara\u00fajo Portella &#8211; Integrante \/ Elisa Santos Guimar\u00e3es &#8211; Integrante \/ Louren\u00e7o Kallil Tomaz &#8211; Integrante \/ Adriane Borda da Silva &#8211; Integrante \/ Glauco Roberto [&hellip;]<\/p>\n","protected":false},"author":553,"featured_media":0,"parent":0,"menu_order":3,"comment_status":"closed","ping_status":"closed","template":"","meta":{"jetpack_post_was_ever_published":false,"footnotes":""},"class_list":["post-771","page","type-page","status-publish","hentry"],"jetpack_sharing_enabled":true,"jetpack_shortlink":"https:\/\/wp.me\/P8X2Zj-cr","jetpack-related-posts":[{"id":662,"url":"https:\/\/wp.ufpel.edu.br\/naurb\/equipe\/","url_meta":{"origin":771,"position":0},"title":"Equipe","author":"naurb","date":"24\/05\/2016","format":false,"excerpt":"PROFESSORES CORDENADORES Nirce\u00a0Saffer\u00a0Medvedovski\u00a0 Lattes:\u00a0http:\/\/lattes.cnpq.br\/7704750589872182\u00a0 Luiza F\u00e9lix Dalla Vecchia Lattes: http:\/\/lattes.cnpq.br\/3026091557054164 \u00a0 PESQUISADORES ASSOCIADOS:\u00a0 Adriane Borda Almeida da Silva\u00a0 Lattes: http:\/\/lattes.cnpq.br\/3860172079417937\u00a0 Emanuela Di\u00a0Felice\u00a0 Lattes:\u00a0http:\/\/lattes.cnpq.br\/8576013096415713\u00a0 Janice Jara Concei\u00e7\u00e3o Dutra\u00a0 Lattes:\u00a0http:\/\/lattes.cnpq.br\/4506121132596630 Jones Vieira Pinto Lattes:\u00a0http:\/\/lattes.cnpq.br\/8217667183207127 Luisa\u00a0de Azevedo dos Santos\u00a0 Lattes:\u00a0http:\/\/lattes.cnpq.br\/4241838350220587\u00a0 Liziane de Oliveira Jorge Lattes:\u00a0http:\/\/lattes.cnpq.br\/9337220113834468 Matheus Gomes Barbosa\u00a0 Lattes:\u00a0http:\/\/lattes.cnpq.br\/3426761067072977\u00a0 Sara Parlato - \u00a0Bolsista\u2026","rel":"","context":"Post similar","block_context":{"text":"Post similar","link":""},"img":{"alt_text":"","src":"","width":0,"height":0},"classes":[]},{"id":744,"url":"https:\/\/wp.ufpel.edu.br\/naurb\/historico\/","url_meta":{"origin":771,"position":1},"title":"Quem somos","author":"naurb","date":"27\/06\/2016","format":false,"excerpt":"O laborat\u00f3rio NAUrb (N\u00facleo de Pesquisa em Arquitetura e Urbanismo) desenvolve projetos de pesquisa, ensino e extens\u00e3o na \u00e1rea de ensino de arquitetura, envolvendo os temas rela\u00e7\u00f5es Ambiente- Comportamento e Habita\u00e7\u00e3o de Interesse Social. Historicamente desde sua cria\u00e7\u00e3o, em 1999, serviu como abrigo para os temas referentes a Qualidade do\u2026","rel":"","context":"Post similar","block_context":{"text":"Post similar","link":""},"img":{"alt_text":"","src":"https:\/\/i0.wp.com\/wp.ufpel.edu.br\/naurb\/files\/2020\/07\/TEMPLATE-CRONOGRAMA-CAPA-1.jpg?fit=1200%2C1200&ssl=1&resize=350%2C200","width":350,"height":200,"srcset":"https:\/\/i0.wp.com\/wp.ufpel.edu.br\/naurb\/files\/2020\/07\/TEMPLATE-CRONOGRAMA-CAPA-1.jpg?fit=1200%2C1200&ssl=1&resize=350%2C200 1x, https:\/\/i0.wp.com\/wp.ufpel.edu.br\/naurb\/files\/2020\/07\/TEMPLATE-CRONOGRAMA-CAPA-1.jpg?fit=1200%2C1200&ssl=1&resize=525%2C300 1.5x, https:\/\/i0.wp.com\/wp.ufpel.edu.br\/naurb\/files\/2020\/07\/TEMPLATE-CRONOGRAMA-CAPA-1.jpg?fit=1200%2C1200&ssl=1&resize=700%2C400 2x, https:\/\/i0.wp.com\/wp.ufpel.edu.br\/naurb\/files\/2020\/07\/TEMPLATE-CRONOGRAMA-CAPA-1.jpg?fit=1200%2C1200&ssl=1&resize=1050%2C600 3x"},"classes":[]},{"id":1252,"url":"https:\/\/wp.ufpel.edu.br\/naurb\/projeto-aprendendo-com-o-usuario\/","url_meta":{"origin":771,"position":2},"title":"Projeto Aprendendo com o Usu\u00e1rio","author":"naurb","date":"18\/08\/2021","format":false,"excerpt":"Link para acesso do site do Projeto: https:\/\/wp.ufpel.edu.br\/projeto3a\/ Sobre o Projeto: O espa\u00e7o habitacional \u00e9 um dos pilares necess\u00e1rios para a promo\u00e7\u00e3o do bem-estar e da qualidade de vida. Em alguns casos, a Habita\u00e7\u00e3o de Interesse Social, a Casa M\u00ednima e a Casa Padr\u00e3o, s\u00e3o materializadas objetivando condi\u00e7\u00f5es m\u00ednimas de\u2026","rel":"","context":"Post similar","block_context":{"text":"Post similar","link":""},"img":{"alt_text":"","src":"","width":0,"height":0},"classes":[]},{"id":1187,"url":"https:\/\/wp.ufpel.edu.br\/naurb\/tecnologiassociais\/","url_meta":{"origin":771,"position":3},"title":"Tecnologias Sociais","author":"naurb","date":"26\/07\/2021","format":false,"excerpt":"Tutorial - Painel do Censo IBGE 2010 Tutorial desenvolvido com o intuito de auxiliar o acesso \u00e0 plataforma online do censo populacional de 2010 desenvolvido pelo IBGE. ISBN: 978-65-995554-9-7 \u00a0 Cat\u00e1logo de Arboriza\u00e7\u00e3o \u00a0 Caderno de Recomenda\u00e7\u00f5es Construtivas para Habita\u00e7\u00e3o Social Evolutiva Cat\u00e1logo que cont\u00e9m dicas e t\u00e9cnicas construtivas, como\u2026","rel":"","context":"Post similar","block_context":{"text":"Post similar","link":""},"img":{"alt_text":"","src":"","width":0,"height":0},"classes":[]},{"id":1064,"url":"https:\/\/wp.ufpel.edu.br\/naurb\/lives\/","url_meta":{"origin":771,"position":4},"title":"Ciclo de Lives","author":"naurb","date":"02\/08\/2020","format":false,"excerpt":"I ciclo de Lives NAURB - \"Compromisso com a moradia e a cidade\" O NAUrb - Nu\u0301cleo de Arquitetura e Urbanismo foi criado para abrigar as atividades de pesquisa e extensa\u0303o da Faculdade de Arquitetura e Urbanismo da UFPEL que abordam os temas da qualidade do Ambiente Construi\u0301do e de\u2026","rel":"","context":"Post similar","block_context":{"text":"Post similar","link":""},"img":{"alt_text":"","src":"https:\/\/i0.wp.com\/wp.ufpel.edu.br\/naurb\/files\/2020\/08\/4495082-216x318.jpg?resize=350%2C200&ssl=1","width":350,"height":200},"classes":[]},{"id":676,"url":"https:\/\/wp.ufpel.edu.br\/naurb\/producao\/","url_meta":{"origin":771,"position":5},"title":"Produ\u00e7\u00e3o","author":"naurb","date":"20\/06\/2016","format":false,"excerpt":"\u21d2 TESES E DISSERTA\u00c7\u00d5ES \u21d2 TRABALHOS PUBLICADOS EM ANAIS DE EVENTOS \u21d2 Cap\u00edtulos de Livros (em constru\u00e7\u00e3o) \u00a0 \u00a0","rel":"","context":"Post similar","block_context":{"text":"Post similar","link":""},"img":{"alt_text":"","src":"","width":0,"height":0},"classes":[]}],"_links":{"self":[{"href":"https:\/\/wp.ufpel.edu.br\/naurb\/wp-json\/wp\/v2\/pages\/771","targetHints":{"allow":["GET"]}}],"collection":[{"href":"https:\/\/wp.ufpel.edu.br\/naurb\/wp-json\/wp\/v2\/pages"}],"about":[{"href":"https:\/\/wp.ufpel.edu.br\/naurb\/wp-json\/wp\/v2\/types\/page"}],"author":[{"embeddable":true,"href":"https:\/\/wp.ufpel.edu.br\/naurb\/wp-json\/wp\/v2\/users\/553"}],"replies":[{"embeddable":true,"href":"https:\/\/wp.ufpel.edu.br\/naurb\/wp-json\/wp\/v2\/comments?post=771"}],"version-history":[{"count":6,"href":"https:\/\/wp.ufpel.edu.br\/naurb\/wp-json\/wp\/v2\/pages\/771\/revisions"}],"predecessor-version":[{"id":1186,"href":"https:\/\/wp.ufpel.edu.br\/naurb\/wp-json\/wp\/v2\/pages\/771\/revisions\/1186"}],"wp:attachment":[{"href":"https:\/\/wp.ufpel.edu.br\/naurb\/wp-json\/wp\/v2\/media?parent=771"}],"curies":[{"name":"wp","href":"https:\/\/api.w.org\/{rel}","templated":true}]}}