{"id":757,"date":"2016-06-27T17:41:51","date_gmt":"2016-06-27T20:41:51","guid":{"rendered":"https:\/\/wp.ufpel.edu.br\/naurb\/?page_id=757"},"modified":"2021-07-28T14:59:34","modified_gmt":"2021-07-28T17:59:34","slug":"contato","status":"publish","type":"page","link":"https:\/\/wp.ufpel.edu.br\/naurb\/contato\/","title":{"rendered":"Contato"},"content":{"rendered":"<p><span style=\"color: #ff0000\"><strong>Devido \u00e0 pandemia do COVID-19 que estamos enfrentando, o contato ao laborat\u00f3rio deve ser realizado temporareamente apenas por e-mail (enquanto as atividades presenciais n\u00e3o retornarem)<\/strong><\/span><\/p>\n<p><strong>Endere\u00e7o:<\/strong> \u00a0<span style=\"font-family: helvetica, arial, sans-serif\">Rua Benjamin Constant, 1359.<br \/>\nPelotas &#8211; RS, 96010-020 &#8211; Campus FAUrb, sala 215.<\/span><\/p>\n<p><strong>Telefone:<\/strong> \u00a0(53) 3284-5507<\/p>\n<p><strong>E-mail:\u00a0<\/strong>naurb.ufpel@gmail.com<\/p>\n","protected":false},"excerpt":{"rendered":"<p>Devido \u00e0 pandemia do COVID-19 que estamos enfrentando, o contato ao laborat\u00f3rio deve ser realizado temporareamente apenas por e-mail (enquanto as atividades presenciais n\u00e3o retornarem) Endere\u00e7o: \u00a0Rua Benjamin Constant, 1359. Pelotas &#8211; RS, 96010-020 &#8211; Campus FAUrb, sala 215. Telefone: \u00a0(53) 3284-5507 E-mail:\u00a0naurb.ufpel@gmail.com<\/p>\n","protected":false},"author":553,"featured_media":0,"parent":0,"menu_order":7,"comment_status":"closed","ping_status":"closed","template":"","meta":{"jetpack_post_was_ever_published":false,"footnotes":""},"class_list":["post-757","page","type-page","status-publish","hentry"],"jetpack_sharing_enabled":true,"jetpack_shortlink":"https:\/\/wp.me\/P8X2Zj-cd","jetpack-related-posts":[{"id":744,"url":"https:\/\/wp.ufpel.edu.br\/naurb\/historico\/","url_meta":{"origin":757,"position":0},"title":"Quem somos","author":"naurb","date":"27\/06\/2016","format":false,"excerpt":"O laborat\u00f3rio NAUrb (N\u00facleo de Pesquisa em Arquitetura e Urbanismo) desenvolve projetos de pesquisa, ensino e extens\u00e3o na \u00e1rea de ensino de arquitetura, envolvendo os temas rela\u00e7\u00f5es Ambiente- Comportamento e Habita\u00e7\u00e3o de Interesse Social. Historicamente desde sua cria\u00e7\u00e3o, em 1999, serviu como abrigo para os temas referentes a Qualidade do\u2026","rel":"","context":"Post similar","block_context":{"text":"Post similar","link":""},"img":{"alt_text":"","src":"https:\/\/i0.wp.com\/wp.ufpel.edu.br\/naurb\/files\/2020\/07\/TEMPLATE-CRONOGRAMA-CAPA-1.jpg?fit=1200%2C1200&ssl=1&resize=350%2C200","width":350,"height":200,"srcset":"https:\/\/i0.wp.com\/wp.ufpel.edu.br\/naurb\/files\/2020\/07\/TEMPLATE-CRONOGRAMA-CAPA-1.jpg?fit=1200%2C1200&ssl=1&resize=350%2C200 1x, https:\/\/i0.wp.com\/wp.ufpel.edu.br\/naurb\/files\/2020\/07\/TEMPLATE-CRONOGRAMA-CAPA-1.jpg?fit=1200%2C1200&ssl=1&resize=525%2C300 1.5x, https:\/\/i0.wp.com\/wp.ufpel.edu.br\/naurb\/files\/2020\/07\/TEMPLATE-CRONOGRAMA-CAPA-1.jpg?fit=1200%2C1200&ssl=1&resize=700%2C400 2x, https:\/\/i0.wp.com\/wp.ufpel.edu.br\/naurb\/files\/2020\/07\/TEMPLATE-CRONOGRAMA-CAPA-1.jpg?fit=1200%2C1200&ssl=1&resize=1050%2C600 3x"},"classes":[]},{"id":1064,"url":"https:\/\/wp.ufpel.edu.br\/naurb\/lives\/","url_meta":{"origin":757,"position":1},"title":"Ciclo de Lives","author":"naurb","date":"02\/08\/2020","format":false,"excerpt":"I ciclo de Lives NAURB - \"Compromisso com a moradia e a cidade\" O NAUrb - Nu\u0301cleo de Arquitetura e Urbanismo foi criado para abrigar as atividades de pesquisa e extensa\u0303o da Faculdade de Arquitetura e Urbanismo da UFPEL que abordam os temas da qualidade do Ambiente Construi\u0301do e de\u2026","rel":"","context":"Post similar","block_context":{"text":"Post similar","link":""},"img":{"alt_text":"","src":"https:\/\/i0.wp.com\/wp.ufpel.edu.br\/naurb\/files\/2020\/08\/4495082-216x318.jpg?resize=350%2C200&ssl=1","width":350,"height":200},"classes":[]},{"id":1252,"url":"https:\/\/wp.ufpel.edu.br\/naurb\/projeto-aprendendo-com-o-usuario\/","url_meta":{"origin":757,"position":2},"title":"Projeto Aprendendo com o Usu\u00e1rio","author":"naurb","date":"18\/08\/2021","format":false,"excerpt":"Link para acesso do site do Projeto: https:\/\/wp.ufpel.edu.br\/projeto3a\/ Sobre o Projeto: O espa\u00e7o habitacional \u00e9 um dos pilares necess\u00e1rios para a promo\u00e7\u00e3o do bem-estar e da qualidade de vida. Em alguns casos, a Habita\u00e7\u00e3o de Interesse Social, a Casa M\u00ednima e a Casa Padr\u00e3o, s\u00e3o materializadas objetivando condi\u00e7\u00f5es m\u00ednimas de\u2026","rel":"","context":"Post similar","block_context":{"text":"Post similar","link":""},"img":{"alt_text":"","src":"","width":0,"height":0},"classes":[]},{"id":662,"url":"https:\/\/wp.ufpel.edu.br\/naurb\/equipe\/","url_meta":{"origin":757,"position":3},"title":"Equipe","author":"naurb","date":"24\/05\/2016","format":false,"excerpt":"PROFESSORES CORDENADORES Nirce\u00a0Saffer\u00a0Medvedovski\u00a0 Lattes:\u00a0http:\/\/lattes.cnpq.br\/7704750589872182\u00a0 Luiza F\u00e9lix Dalla Vecchia Lattes: http:\/\/lattes.cnpq.br\/3026091557054164 \u00a0 PESQUISADORES ASSOCIADOS:\u00a0 Adriane Borda Almeida da Silva\u00a0 Lattes: http:\/\/lattes.cnpq.br\/3860172079417937\u00a0 Emanuela Di\u00a0Felice\u00a0 Lattes:\u00a0http:\/\/lattes.cnpq.br\/8576013096415713\u00a0 Janice Jara Concei\u00e7\u00e3o Dutra\u00a0 Lattes:\u00a0http:\/\/lattes.cnpq.br\/4506121132596630 Jones Vieira Pinto Lattes:\u00a0http:\/\/lattes.cnpq.br\/8217667183207127 Luisa\u00a0de Azevedo dos Santos\u00a0 Lattes:\u00a0http:\/\/lattes.cnpq.br\/4241838350220587\u00a0 Liziane de Oliveira Jorge Lattes:\u00a0http:\/\/lattes.cnpq.br\/9337220113834468 Matheus Gomes Barbosa\u00a0 Lattes:\u00a0http:\/\/lattes.cnpq.br\/3426761067072977\u00a0 Sara Parlato - \u00a0Bolsista\u2026","rel":"","context":"Post similar","block_context":{"text":"Post similar","link":""},"img":{"alt_text":"","src":"","width":0,"height":0},"classes":[]},{"id":1187,"url":"https:\/\/wp.ufpel.edu.br\/naurb\/tecnologiassociais\/","url_meta":{"origin":757,"position":4},"title":"Tecnologias Sociais","author":"naurb","date":"26\/07\/2021","format":false,"excerpt":"Tutorial - Painel do Censo IBGE 2010 Tutorial desenvolvido com o intuito de auxiliar o acesso \u00e0 plataforma online do censo populacional de 2010 desenvolvido pelo IBGE. ISBN: 978-65-995554-9-7 \u00a0 Cat\u00e1logo de Arboriza\u00e7\u00e3o \u00a0 Caderno de Recomenda\u00e7\u00f5es Construtivas para Habita\u00e7\u00e3o Social Evolutiva Cat\u00e1logo que cont\u00e9m dicas e t\u00e9cnicas construtivas, como\u2026","rel":"","context":"Post similar","block_context":{"text":"Post similar","link":""},"img":{"alt_text":"","src":"","width":0,"height":0},"classes":[]},{"id":715,"url":"https:\/\/wp.ufpel.edu.br\/naurb\/biblioteca-virtual\/","url_meta":{"origin":757,"position":5},"title":"Links de Interesse","author":"naurb","date":"27\/06\/2016","format":false,"excerpt":"Biblioteca criada com objetivo de disponibilizar alguns trabalhos acad\u00eamicos que nos foram doados e outras refer\u00eancias\u00a0utilizadas nas nossas pesquisas. Avalia\u00e7\u00e3o P\u00f3s Ocupa\u00e7\u00e3o\u00a0 Habita\u00e7\u00e3o\u00a0 Metodologia\u00a0 Pol\u00edticas P\u00fablicas de Habita\u00e7\u00e3o\u00a0 Seguran\u00e7a\u00a0 Urbanismo e Planejamento Urbano\u00a0","rel":"","context":"Post similar","block_context":{"text":"Post similar","link":""},"img":{"alt_text":"","src":"https:\/\/i0.wp.com\/wp.ufpel.edu.br\/naurb\/files\/2016\/06\/Book-Stack02.png?resize=350%2C200&ssl=1","width":350,"height":200},"classes":[]}],"_links":{"self":[{"href":"https:\/\/wp.ufpel.edu.br\/naurb\/wp-json\/wp\/v2\/pages\/757","targetHints":{"allow":["GET"]}}],"collection":[{"href":"https:\/\/wp.ufpel.edu.br\/naurb\/wp-json\/wp\/v2\/pages"}],"about":[{"href":"https:\/\/wp.ufpel.edu.br\/naurb\/wp-json\/wp\/v2\/types\/page"}],"author":[{"embeddable":true,"href":"https:\/\/wp.ufpel.edu.br\/naurb\/wp-json\/wp\/v2\/users\/553"}],"replies":[{"embeddable":true,"href":"https:\/\/wp.ufpel.edu.br\/naurb\/wp-json\/wp\/v2\/comments?post=757"}],"version-history":[{"count":8,"href":"https:\/\/wp.ufpel.edu.br\/naurb\/wp-json\/wp\/v2\/pages\/757\/revisions"}],"predecessor-version":[{"id":1217,"href":"https:\/\/wp.ufpel.edu.br\/naurb\/wp-json\/wp\/v2\/pages\/757\/revisions\/1217"}],"wp:attachment":[{"href":"https:\/\/wp.ufpel.edu.br\/naurb\/wp-json\/wp\/v2\/media?parent=757"}],"curies":[{"name":"wp","href":"https:\/\/api.w.org\/{rel}","templated":true}]}}