{"id":744,"date":"2016-06-27T16:58:46","date_gmt":"2016-06-27T19:58:46","guid":{"rendered":"https:\/\/wp.ufpel.edu.br\/naurb\/?page_id=744"},"modified":"2021-07-26T14:47:10","modified_gmt":"2021-07-26T17:47:10","slug":"historico","status":"publish","type":"page","link":"https:\/\/wp.ufpel.edu.br\/naurb\/historico\/","title":{"rendered":"Quem somos"},"content":{"rendered":"<p><a href=\"https:\/\/i0.wp.com\/wp.ufpel.edu.br\/naurb\/files\/2016\/05\/cropped-LOGO-NAURBc-1.jpg?ssl=1\"><img data-recalc-dims=\"1\" loading=\"lazy\" decoding=\"async\" data-attachment-id=\"681\" data-permalink=\"https:\/\/wp.ufpel.edu.br\/naurb\/cropped-logo-naurbc-1-jpg\/\" data-orig-file=\"https:\/\/i0.wp.com\/wp.ufpel.edu.br\/naurb\/files\/2016\/05\/cropped-LOGO-NAURBc-1.jpg?fit=1400%2C581&amp;ssl=1\" data-orig-size=\"1400,581\" data-comments-opened=\"0\" data-image-meta=\"{&quot;aperture&quot;:&quot;0&quot;,&quot;credit&quot;:&quot;&quot;,&quot;camera&quot;:&quot;&quot;,&quot;caption&quot;:&quot;&quot;,&quot;created_timestamp&quot;:&quot;0&quot;,&quot;copyright&quot;:&quot;&quot;,&quot;focal_length&quot;:&quot;0&quot;,&quot;iso&quot;:&quot;0&quot;,&quot;shutter_speed&quot;:&quot;0&quot;,&quot;title&quot;:&quot;&quot;,&quot;orientation&quot;:&quot;0&quot;}\" data-image-title=\"cropped-LOGO-NAURBc-1.jpg\" data-image-description=\"\" data-image-caption=\"\" data-medium-file=\"https:\/\/i0.wp.com\/wp.ufpel.edu.br\/naurb\/files\/2016\/05\/cropped-LOGO-NAURBc-1.jpg?fit=400%2C166&amp;ssl=1\" data-large-file=\"https:\/\/i0.wp.com\/wp.ufpel.edu.br\/naurb\/files\/2016\/05\/cropped-LOGO-NAURBc-1.jpg?fit=810%2C181&amp;ssl=1\" class=\"alignnone size-medium wp-image-681\" src=\"https:\/\/i0.wp.com\/wp.ufpel.edu.br\/naurb\/files\/2016\/05\/cropped-LOGO-NAURBc-1.jpg?resize=424%2C176&#038;ssl=1\" alt=\"cropped-LOGO-NAURBc-1.jpg\" width=\"424\" height=\"176\" srcset=\"https:\/\/i0.wp.com\/wp.ufpel.edu.br\/naurb\/files\/2016\/05\/cropped-LOGO-NAURBc-1.jpg?resize=424%2C176&amp;ssl=1 424w, https:\/\/i0.wp.com\/wp.ufpel.edu.br\/naurb\/files\/2016\/05\/cropped-LOGO-NAURBc-1.jpg?resize=212%2C88&amp;ssl=1 212w, https:\/\/i0.wp.com\/wp.ufpel.edu.br\/naurb\/files\/2016\/05\/cropped-LOGO-NAURBc-1.jpg?resize=768%2C319&amp;ssl=1 768w, https:\/\/i0.wp.com\/wp.ufpel.edu.br\/naurb\/files\/2016\/05\/cropped-LOGO-NAURBc-1.jpg?w=1400&amp;ssl=1 1400w, https:\/\/i0.wp.com\/wp.ufpel.edu.br\/naurb\/files\/2016\/05\/cropped-LOGO-NAURBc-1.jpg?resize=482%2C200&amp;ssl=1 482w\" sizes=\"auto, (max-width: 424px) 100vw, 424px\" \/><\/a><\/p>\n<p>O laborat\u00f3rio NAUrb (N\u00facleo de Pesquisa em Arquitetura e Urbanismo) desenvolve projetos de pesquisa, ensino e extens\u00e3o na \u00e1rea de ensino de arquitetura, envolvendo os temas rela\u00e7\u00f5es Ambiente- Comportamento e Habita\u00e7\u00e3o de Interesse Social. Historicamente desde sua cria\u00e7\u00e3o, em 1999, serviu como abrigo para os temas referentes a Qualidade do Ambiente Constru\u00eddo e Avalia\u00e7\u00e3o P\u00f3s Ocupa\u00e7\u00e3o, estabelecendo parcerias com diversas institui\u00e7\u00f5es nacionais, principalmente os grupos de APO e Qualidade do Ambiente Constru\u00eddo da ANTAC \u2013 Associa\u00e7\u00e3o Nacional de Tecnologia do Ambiente Constru\u00eddo e latinoamericanas, como a Rede ULACAV \u2013 Rede Universit\u00e1ria Latinoamericana de C\u00e1tedras de Vivenda, obtendo financiamentos de \u00f3rg\u00e3o como FINEP, CNPq e FAPERGS. O laborat\u00f3rio tem vinculo direto com o programa de Mestrado PROGRAU\/FAURB\/UFPel atrav\u00e9s da linha de pesquisa \u201cPercep\u00e7\u00e3o e Avalia\u00e7\u00e3o do Ambiente pelo Usu\u00e1rio\u201d,<\/p>\n<p>Os servi\u00e7os que o NAURB pode oferecer referem-se: ao assessoramento sobre m\u00e9todos e t\u00e9cnicas de Avalia\u00e7\u00e3o P\u00f3s Ocupa\u00e7\u00e3o, desenvolvimento de processos participativos com a comunidade com foco na qualidade do ambiente constru\u00eddo, com o desenvolvimento de m\u00e9todos e t\u00e9cnicas participativos que incorporem tecnologias avan\u00e7adas de representa\u00e7\u00e3o e visualiza\u00e7\u00e3o (mapas mentais, mapas participativos, Diagn\u00f3stico R\u00e1pido Urbano Participativo \u2013 DRUP, entre outros); diagn\u00f3stico da situa\u00e7\u00e3o habitacional de n\u00facleos j\u00e1 consolidados, diagn\u00f3stico da gest\u00e3o de uso e manuten\u00e7\u00e3o de empreendimentos habitacionais, diagn\u00f3stico e estabelecimento de tipologia de AEIS \u2013 \u00c1reas Especiais de Interesse Social, assessoria a planos de habita\u00e7\u00e3o de interesse social, regulariza\u00e7\u00e3o urban\u00edstica e requalifica\u00e7\u00e3o urbana, sempre com foco nos processos participativos; Avalia\u00e7\u00e3o P\u00f3s Ocupa\u00e7\u00e3o de conjuntos habitacionais, assentamentos e \u00e1reas e equipamentos comunit\u00e1rios. O NAUrb mant\u00e9m um Cadastro de Habita\u00e7\u00e3o de Interesse Social de Pelotas\/RS, com acervo anal\u00f3gico e digital, aberto a consultas.<\/p>\n<p>Lista de equipamentos:<\/p>\n<p>\u2013 Esta\u00e7\u00f5es de trabalho e softwares para o desenvolvimento e apoio a registro e processamento de dados<\/p>\n<p>\u2013 Dispositivos m\u00f3veis e t\u00e1teis (IPADs)<\/p>\n<p>\u2013 C\u00e2mera fotogr\u00e1fica, filmadora e trip\u00e9<\/p>\n<p>\u2013 Equipamento port\u00e1til para processos participativos ( tela sens\u00edvel, projetor, gravador)<\/p>\n<p>&nbsp;<\/p>\n<p>Palavras Chave:<\/p>\n<p><em>Qualidade do Ambiente Constru\u00eddo, Avalia\u00e7\u00e3o P\u00f3s Ocupa\u00e7\u00e3o, Habita\u00e7\u00e3o de Interesse Social, Rela\u00e7\u00f5es Ambiente-Comportamento, processos participativos, DRUP \u2013 Diagnostico R\u00e1pido Urbano Participativo, regulariza\u00e7\u00e3o urban\u00edstica, requalifica\u00e7\u00e3o urbana.<\/em><\/p>\n","protected":false},"excerpt":{"rendered":"<p>O laborat\u00f3rio NAUrb (N\u00facleo de Pesquisa em Arquitetura e Urbanismo) desenvolve projetos de pesquisa, ensino e extens\u00e3o na \u00e1rea de ensino de arquitetura, envolvendo os temas rela\u00e7\u00f5es Ambiente- Comportamento e Habita\u00e7\u00e3o de Interesse Social. Historicamente desde sua cria\u00e7\u00e3o, em 1999, serviu como abrigo para os temas referentes a Qualidade do Ambiente Constru\u00eddo e Avalia\u00e7\u00e3o P\u00f3s [&hellip;]<\/p>\n","protected":false},"author":553,"featured_media":1050,"parent":0,"menu_order":1,"comment_status":"closed","ping_status":"closed","template":"","meta":{"jetpack_post_was_ever_published":false,"footnotes":""},"class_list":["post-744","page","type-page","status-publish","has-post-thumbnail","hentry"],"jetpack_sharing_enabled":true,"jetpack_shortlink":"https:\/\/wp.me\/P8X2Zj-c0","jetpack-related-posts":[{"id":1064,"url":"https:\/\/wp.ufpel.edu.br\/naurb\/lives\/","url_meta":{"origin":744,"position":0},"title":"Ciclo de Lives","author":"naurb","date":"02\/08\/2020","format":false,"excerpt":"I ciclo de Lives NAURB - \"Compromisso com a moradia e a cidade\" O NAUrb - Nu\u0301cleo de Arquitetura e Urbanismo foi criado para abrigar as atividades de pesquisa e extensa\u0303o da Faculdade de Arquitetura e Urbanismo da UFPEL que abordam os temas da qualidade do Ambiente Construi\u0301do e de\u2026","rel":"","context":"Post similar","block_context":{"text":"Post similar","link":""},"img":{"alt_text":"","src":"https:\/\/i0.wp.com\/wp.ufpel.edu.br\/naurb\/files\/2020\/08\/4495082-216x318.jpg?resize=350%2C200&ssl=1","width":350,"height":200},"classes":[]},{"id":662,"url":"https:\/\/wp.ufpel.edu.br\/naurb\/equipe\/","url_meta":{"origin":744,"position":1},"title":"Equipe","author":"naurb","date":"24\/05\/2016","format":false,"excerpt":"PROFESSORES CORDENADORES Nirce\u00a0Saffer\u00a0Medvedovski\u00a0 Lattes:\u00a0http:\/\/lattes.cnpq.br\/7704750589872182\u00a0 Luiza F\u00e9lix Dalla Vecchia Lattes: http:\/\/lattes.cnpq.br\/3026091557054164 \u00a0 PESQUISADORES ASSOCIADOS:\u00a0 Adriane Borda Almeida da Silva\u00a0 Lattes: http:\/\/lattes.cnpq.br\/3860172079417937\u00a0 Emanuela Di\u00a0Felice\u00a0 Lattes:\u00a0http:\/\/lattes.cnpq.br\/8576013096415713\u00a0 Janice Jara Concei\u00e7\u00e3o Dutra\u00a0 Lattes:\u00a0http:\/\/lattes.cnpq.br\/4506121132596630 Jones Vieira Pinto Lattes:\u00a0http:\/\/lattes.cnpq.br\/8217667183207127 Luisa\u00a0de Azevedo dos Santos\u00a0 Lattes:\u00a0http:\/\/lattes.cnpq.br\/4241838350220587\u00a0 Liziane de Oliveira Jorge Lattes:\u00a0http:\/\/lattes.cnpq.br\/9337220113834468 Matheus Gomes Barbosa\u00a0 Lattes:\u00a0http:\/\/lattes.cnpq.br\/3426761067072977\u00a0 Sara Parlato - \u00a0Bolsista\u2026","rel":"","context":"Post similar","block_context":{"text":"Post similar","link":""},"img":{"alt_text":"","src":"","width":0,"height":0},"classes":[]},{"id":1252,"url":"https:\/\/wp.ufpel.edu.br\/naurb\/projeto-aprendendo-com-o-usuario\/","url_meta":{"origin":744,"position":2},"title":"Projeto Aprendendo com o Usu\u00e1rio","author":"naurb","date":"18\/08\/2021","format":false,"excerpt":"Link para acesso do site do Projeto: https:\/\/wp.ufpel.edu.br\/projeto3a\/ Sobre o Projeto: O espa\u00e7o habitacional \u00e9 um dos pilares necess\u00e1rios para a promo\u00e7\u00e3o do bem-estar e da qualidade de vida. Em alguns casos, a Habita\u00e7\u00e3o de Interesse Social, a Casa M\u00ednima e a Casa Padr\u00e3o, s\u00e3o materializadas objetivando condi\u00e7\u00f5es m\u00ednimas de\u2026","rel":"","context":"Post similar","block_context":{"text":"Post similar","link":""},"img":{"alt_text":"","src":"","width":0,"height":0},"classes":[]},{"id":771,"url":"https:\/\/wp.ufpel.edu.br\/naurb\/pesquisa-e-extensao\/","url_meta":{"origin":744,"position":3},"title":"Projetos","author":"naurb","date":"17\/10\/2016","format":false,"excerpt":"PROJETOS DE PESQUISA Inser\u00e7\u00e3o de TIC em Mapas Mentais - Busca da Percep\u00e7\u00e3o do Coletivo 2015 - em andamento [ver detalhes] Integrantes: Nirce Saffer Medvedovski - Coordenador \/ Adriana Ara\u00fajo Portella - Integrante \/ Elisa Santos Guimar\u00e3es - Integrante \/ Louren\u00e7o Kallil Tomaz - Integrante \/ Adriane Borda da Silva\u2026","rel":"","context":"Post similar","block_context":{"text":"Post similar","link":""},"img":{"alt_text":"","src":"","width":0,"height":0},"classes":[]},{"id":1187,"url":"https:\/\/wp.ufpel.edu.br\/naurb\/tecnologiassociais\/","url_meta":{"origin":744,"position":4},"title":"Tecnologias Sociais","author":"naurb","date":"26\/07\/2021","format":false,"excerpt":"Tutorial - Painel do Censo IBGE 2010 Tutorial desenvolvido com o intuito de auxiliar o acesso \u00e0 plataforma online do censo populacional de 2010 desenvolvido pelo IBGE. ISBN: 978-65-995554-9-7 \u00a0 Cat\u00e1logo de Arboriza\u00e7\u00e3o \u00a0 Caderno de Recomenda\u00e7\u00f5es Construtivas para Habita\u00e7\u00e3o Social Evolutiva Cat\u00e1logo que cont\u00e9m dicas e t\u00e9cnicas construtivas, como\u2026","rel":"","context":"Post similar","block_context":{"text":"Post similar","link":""},"img":{"alt_text":"","src":"","width":0,"height":0},"classes":[]},{"id":757,"url":"https:\/\/wp.ufpel.edu.br\/naurb\/contato\/","url_meta":{"origin":744,"position":5},"title":"Contato","author":"naurb","date":"27\/06\/2016","format":false,"excerpt":"Devido \u00e0 pandemia do COVID-19 que estamos enfrentando, o contato ao laborat\u00f3rio deve ser realizado temporareamente apenas por e-mail (enquanto as atividades presenciais n\u00e3o retornarem) Endere\u00e7o: \u00a0Rua Benjamin Constant, 1359. Pelotas - RS, 96010-020 - Campus FAUrb, sala 215. Telefone: \u00a0(53) 3284-5507 E-mail:\u00a0naurb.ufpel@gmail.com","rel":"","context":"Post similar","block_context":{"text":"Post similar","link":""},"img":{"alt_text":"","src":"","width":0,"height":0},"classes":[]}],"_links":{"self":[{"href":"https:\/\/wp.ufpel.edu.br\/naurb\/wp-json\/wp\/v2\/pages\/744","targetHints":{"allow":["GET"]}}],"collection":[{"href":"https:\/\/wp.ufpel.edu.br\/naurb\/wp-json\/wp\/v2\/pages"}],"about":[{"href":"https:\/\/wp.ufpel.edu.br\/naurb\/wp-json\/wp\/v2\/types\/page"}],"author":[{"embeddable":true,"href":"https:\/\/wp.ufpel.edu.br\/naurb\/wp-json\/wp\/v2\/users\/553"}],"replies":[{"embeddable":true,"href":"https:\/\/wp.ufpel.edu.br\/naurb\/wp-json\/wp\/v2\/comments?post=744"}],"version-history":[{"count":3,"href":"https:\/\/wp.ufpel.edu.br\/naurb\/wp-json\/wp\/v2\/pages\/744\/revisions"}],"predecessor-version":[{"id":1183,"href":"https:\/\/wp.ufpel.edu.br\/naurb\/wp-json\/wp\/v2\/pages\/744\/revisions\/1183"}],"wp:featuredmedia":[{"embeddable":true,"href":"https:\/\/wp.ufpel.edu.br\/naurb\/wp-json\/wp\/v2\/media\/1050"}],"wp:attachment":[{"href":"https:\/\/wp.ufpel.edu.br\/naurb\/wp-json\/wp\/v2\/media?parent=744"}],"curies":[{"name":"wp","href":"https:\/\/api.w.org\/{rel}","templated":true}]}}