{"id":676,"date":"2016-06-20T18:08:29","date_gmt":"2016-06-20T21:08:29","guid":{"rendered":"https:\/\/wp.ufpel.edu.br\/naurb\/?page_id=676"},"modified":"2023-05-24T15:04:36","modified_gmt":"2023-05-24T18:04:36","slug":"producao","status":"publish","type":"page","link":"https:\/\/wp.ufpel.edu.br\/naurb\/producao\/","title":{"rendered":"Produ\u00e7\u00e3o"},"content":{"rendered":"<h1><span style=\"color: #003366; font-size: 18pt;\"><strong>\u21d2 <a href=\"https:\/\/wp.ufpel.edu.br\/naurb\/2016\/06\/20\/teses-e-dissertacoes\/\">TESES E DISSERTA\u00c7\u00d5ES<\/a><\/strong><\/span><\/h1>\n<h1><span style=\"color: #003366; font-size: 18pt;\"><strong>\u21d2 <a href=\"https:\/\/wp.ufpel.edu.br\/naurb\/2016\/11\/30\/trabalhos-publicados-em-anais-de-eventos\/\">TRABALHOS PUBLICADOS EM ANAIS DE EVENTOS<\/a><\/strong><\/span><\/h1>\n<h1><span style=\"color: #003366; font-size: 18pt;\"><strong>\u21d2 <a href=\"https:\/\/wp.ufpel.edu.br\/naurb\/2016\/04\/06\/capitulos-de-livros\/\">Cap\u00edtulos de Livros<\/a> <span style=\"color: #99ccff;\">(em constru\u00e7\u00e3o)<\/span><\/strong><\/span><\/h1>\n<p>&nbsp;<\/p>\n<p>&nbsp;<\/p>\n","protected":false},"excerpt":{"rendered":"<p>\u21d2 TESES E DISSERTA\u00c7\u00d5ES \u21d2 TRABALHOS PUBLICADOS EM ANAIS DE EVENTOS \u21d2 Cap\u00edtulos de Livros (em constru\u00e7\u00e3o) &nbsp; &nbsp;<\/p>\n","protected":false},"author":553,"featured_media":0,"parent":0,"menu_order":4,"comment_status":"closed","ping_status":"closed","template":"","meta":{"jetpack_post_was_ever_published":false,"footnotes":""},"class_list":["post-676","page","type-page","status-publish","hentry"],"jetpack_sharing_enabled":true,"jetpack_shortlink":"https:\/\/wp.me\/P8X2Zj-aU","jetpack-related-posts":[{"id":662,"url":"https:\/\/wp.ufpel.edu.br\/naurb\/equipe\/","url_meta":{"origin":676,"position":0},"title":"Equipe","author":"naurb","date":"24\/05\/2016","format":false,"excerpt":"PROFESSORES CORDENADORES Nirce\u00a0Saffer\u00a0Medvedovski\u00a0 Lattes:\u00a0http:\/\/lattes.cnpq.br\/7704750589872182\u00a0 Luiza F\u00e9lix Dalla Vecchia Lattes: http:\/\/lattes.cnpq.br\/3026091557054164 \u00a0 PESQUISADORES ASSOCIADOS:\u00a0 Adriane Borda Almeida da Silva\u00a0 Lattes: http:\/\/lattes.cnpq.br\/3860172079417937\u00a0 Emanuela Di\u00a0Felice\u00a0 Lattes:\u00a0http:\/\/lattes.cnpq.br\/8576013096415713\u00a0 Janice Jara Concei\u00e7\u00e3o Dutra\u00a0 Lattes:\u00a0http:\/\/lattes.cnpq.br\/4506121132596630 Jones Vieira Pinto Lattes:\u00a0http:\/\/lattes.cnpq.br\/8217667183207127 Luisa\u00a0de Azevedo dos Santos\u00a0 Lattes:\u00a0http:\/\/lattes.cnpq.br\/4241838350220587\u00a0 Liziane de Oliveira Jorge Lattes:\u00a0http:\/\/lattes.cnpq.br\/9337220113834468 Matheus Gomes Barbosa\u00a0 Lattes:\u00a0http:\/\/lattes.cnpq.br\/3426761067072977\u00a0 Sara Parlato - \u00a0Bolsista\u2026","rel":"","context":"Post similar","block_context":{"text":"Post similar","link":""},"img":{"alt_text":"","src":"","width":0,"height":0},"classes":[]},{"id":1064,"url":"https:\/\/wp.ufpel.edu.br\/naurb\/lives\/","url_meta":{"origin":676,"position":1},"title":"Ciclo de Lives","author":"naurb","date":"02\/08\/2020","format":false,"excerpt":"I ciclo de Lives NAURB - \"Compromisso com a moradia e a cidade\" O NAUrb - Nu\u0301cleo de Arquitetura e Urbanismo foi criado para abrigar as atividades de pesquisa e extensa\u0303o da Faculdade de Arquitetura e Urbanismo da UFPEL que abordam os temas da qualidade do Ambiente Construi\u0301do e de\u2026","rel":"","context":"Post similar","block_context":{"text":"Post similar","link":""},"img":{"alt_text":"","src":"https:\/\/i0.wp.com\/wp.ufpel.edu.br\/naurb\/files\/2020\/08\/4495082-216x318.jpg?resize=350%2C200&ssl=1","width":350,"height":200},"classes":[]},{"id":771,"url":"https:\/\/wp.ufpel.edu.br\/naurb\/pesquisa-e-extensao\/","url_meta":{"origin":676,"position":2},"title":"Projetos","author":"naurb","date":"17\/10\/2016","format":false,"excerpt":"PROJETOS DE PESQUISA Inser\u00e7\u00e3o de TIC em Mapas Mentais - Busca da Percep\u00e7\u00e3o do Coletivo 2015 - em andamento [ver detalhes] Integrantes: Nirce Saffer Medvedovski - Coordenador \/ Adriana Ara\u00fajo Portella - Integrante \/ Elisa Santos Guimar\u00e3es - Integrante \/ Louren\u00e7o Kallil Tomaz - Integrante \/ Adriane Borda da Silva\u2026","rel":"","context":"Post similar","block_context":{"text":"Post similar","link":""},"img":{"alt_text":"","src":"","width":0,"height":0},"classes":[]},{"id":1252,"url":"https:\/\/wp.ufpel.edu.br\/naurb\/projeto-aprendendo-com-o-usuario\/","url_meta":{"origin":676,"position":3},"title":"Projeto Aprendendo com o Usu\u00e1rio","author":"naurb","date":"18\/08\/2021","format":false,"excerpt":"Link para acesso do site do Projeto: https:\/\/wp.ufpel.edu.br\/projeto3a\/ Sobre o Projeto: O espa\u00e7o habitacional \u00e9 um dos pilares necess\u00e1rios para a promo\u00e7\u00e3o do bem-estar e da qualidade de vida. Em alguns casos, a Habita\u00e7\u00e3o de Interesse Social, a Casa M\u00ednima e a Casa Padr\u00e3o, s\u00e3o materializadas objetivando condi\u00e7\u00f5es m\u00ednimas de\u2026","rel":"","context":"Post similar","block_context":{"text":"Post similar","link":""},"img":{"alt_text":"","src":"","width":0,"height":0},"classes":[]},{"id":1187,"url":"https:\/\/wp.ufpel.edu.br\/naurb\/tecnologiassociais\/","url_meta":{"origin":676,"position":4},"title":"Tecnologias Sociais","author":"naurb","date":"26\/07\/2021","format":false,"excerpt":"Tutorial - Painel do Censo IBGE 2010 Tutorial desenvolvido com o intuito de auxiliar o acesso \u00e0 plataforma online do censo populacional de 2010 desenvolvido pelo IBGE. ISBN: 978-65-995554-9-7 \u00a0 Cat\u00e1logo de Arboriza\u00e7\u00e3o \u00a0 Caderno de Recomenda\u00e7\u00f5es Construtivas para Habita\u00e7\u00e3o Social Evolutiva Cat\u00e1logo que cont\u00e9m dicas e t\u00e9cnicas construtivas, como\u2026","rel":"","context":"Post similar","block_context":{"text":"Post similar","link":""},"img":{"alt_text":"","src":"","width":0,"height":0},"classes":[]},{"id":715,"url":"https:\/\/wp.ufpel.edu.br\/naurb\/biblioteca-virtual\/","url_meta":{"origin":676,"position":5},"title":"Links de Interesse","author":"naurb","date":"27\/06\/2016","format":false,"excerpt":"Biblioteca criada com objetivo de disponibilizar alguns trabalhos acad\u00eamicos que nos foram doados e outras refer\u00eancias\u00a0utilizadas nas nossas pesquisas. Avalia\u00e7\u00e3o P\u00f3s Ocupa\u00e7\u00e3o\u00a0 Habita\u00e7\u00e3o\u00a0 Metodologia\u00a0 Pol\u00edticas P\u00fablicas de Habita\u00e7\u00e3o\u00a0 Seguran\u00e7a\u00a0 Urbanismo e Planejamento Urbano\u00a0","rel":"","context":"Post similar","block_context":{"text":"Post similar","link":""},"img":{"alt_text":"","src":"https:\/\/i0.wp.com\/wp.ufpel.edu.br\/naurb\/files\/2016\/06\/Book-Stack02.png?resize=350%2C200&ssl=1","width":350,"height":200},"classes":[]}],"_links":{"self":[{"href":"https:\/\/wp.ufpel.edu.br\/naurb\/wp-json\/wp\/v2\/pages\/676","targetHints":{"allow":["GET"]}}],"collection":[{"href":"https:\/\/wp.ufpel.edu.br\/naurb\/wp-json\/wp\/v2\/pages"}],"about":[{"href":"https:\/\/wp.ufpel.edu.br\/naurb\/wp-json\/wp\/v2\/types\/page"}],"author":[{"embeddable":true,"href":"https:\/\/wp.ufpel.edu.br\/naurb\/wp-json\/wp\/v2\/users\/553"}],"replies":[{"embeddable":true,"href":"https:\/\/wp.ufpel.edu.br\/naurb\/wp-json\/wp\/v2\/comments?post=676"}],"version-history":[{"count":17,"href":"https:\/\/wp.ufpel.edu.br\/naurb\/wp-json\/wp\/v2\/pages\/676\/revisions"}],"predecessor-version":[{"id":1483,"href":"https:\/\/wp.ufpel.edu.br\/naurb\/wp-json\/wp\/v2\/pages\/676\/revisions\/1483"}],"wp:attachment":[{"href":"https:\/\/wp.ufpel.edu.br\/naurb\/wp-json\/wp\/v2\/media?parent=676"}],"curies":[{"name":"wp","href":"https:\/\/api.w.org\/{rel}","templated":true}]}}