{"id":662,"date":"2016-05-24T15:35:24","date_gmt":"2016-05-24T18:35:24","guid":{"rendered":"https:\/\/wp.ufpel.edu.br\/naurb\/?page_id=662"},"modified":"2023-03-15T00:03:33","modified_gmt":"2023-03-15T03:03:33","slug":"equipe","status":"publish","type":"page","link":"https:\/\/wp.ufpel.edu.br\/naurb\/equipe\/","title":{"rendered":"Equipe"},"content":{"rendered":"<h3><span style=\"color: #003366;\"><strong>PROFESSORES CORDENADORES<\/strong><\/span><\/h3>\n<p><span style=\"color: #99ccff;\"><b>Nirce<\/b><b>\u00a0<\/b><b>Saffer<\/b><b>\u00a0<\/b><b>Medvedovski<\/b>\u00a0<\/span><\/p>\n<p><span style=\"color: #003366;\">Lattes:\u00a0<a style=\"color: #003366;\" href=\"http:\/\/lattes.cnpq.br\/7704750589872182\">http:\/\/lattes.cnpq.br\/7704750589872182<\/a>\u00a0<\/span><\/p>\n<p><strong><span style=\"color: #99ccff;\">Luiza F\u00e9lix Dalla Vecchia<\/span><\/strong><\/p>\n<p><span style=\"color: #003366;\">Lattes: <a style=\"color: #003366;\" href=\"http:\/\/lattes.cnpq.br\/3026091557054164\">http:\/\/lattes.cnpq.br\/3026091557054164<\/a><\/span><\/p>\n<p>&nbsp;<\/p>\n<h3><span style=\"color: #003366;\"><strong>PESQUISADORES ASSOCIADOS:\u00a0<\/strong><\/span><\/h3>\n<p><span style=\"color: #99ccff;\"><strong>Adriane Borda Almeida da Silva\u00a0<\/strong><\/span><\/p>\n<p><span style=\"color: #003366;\">Lattes: <a style=\"color: #003366;\" href=\"http:\/\/lattes.cnpq.br\/3860172079417937\">http:\/\/lattes.cnpq.br\/3860172079417937<\/a>\u00a0<\/span><\/p>\n<p><span style=\"color: #99ccff;\"><b>Emanuela Di\u00a0<\/b><b>Felice<\/b>\u00a0<\/span><\/p>\n<p><span style=\"color: #003366;\">Lattes:\u00a0<a style=\"color: #003366;\" href=\"http:\/\/lattes.cnpq.br\/8576013096415713\">http:\/\/lattes.cnpq.br\/8576013096415713<\/a>\u00a0<\/span><\/p>\n<p><span style=\"color: #99ccff;\"><strong>Janice Jara Concei\u00e7\u00e3o Dutra\u00a0<\/strong><\/span><\/p>\n<p><span style=\"color: #003366;\"><span style=\"font-weight: 400;\">Lattes:\u00a0<\/span><a style=\"color: #003366;\" href=\"http:\/\/lattes.cnpq.br\/4506121132596630\"><span style=\"font-weight: 400;\">http:\/\/lattes.cnpq.br\/4506121132596630<\/span><\/a><\/span><\/p>\n<p><span style=\"color: #99ccff;\"><b>Jones Vieira Pinto<\/b><\/span><\/p>\n<p><span style=\"color: #003366;\"><span style=\"font-weight: 400;\">Lattes:\u00a0<\/span><a style=\"color: #003366;\" href=\"http:\/\/lattes.cnpq.br\/8217667183207127\"><span style=\"font-weight: 400;\">http:\/\/lattes.cnpq.br\/8217667183207127<\/span><\/a><\/span><\/p>\n<p><span style=\"color: #99ccff;\"><b>Luisa\u00a0de Azevedo dos Santos<\/b><span style=\"font-weight: 400;\">\u00a0<\/span><\/span><\/p>\n<p><span style=\"color: #003366;\"><span style=\"font-weight: 400;\">Lattes:\u00a0<\/span><a style=\"color: #003366;\" href=\"http:\/\/lattes.cnpq.br\/4241838350220587\"><span style=\"font-weight: 400;\">http:\/\/lattes.cnpq.br\/4241838350220587<\/span><\/a><span style=\"font-weight: 400;\">\u00a0<\/span><\/span><\/p>\n<p><span style=\"color: #99ccff;\"><b>Liziane de Oliveira Jorge<\/b><\/span><\/p>\n<p><span style=\"color: #003366;\"><span style=\"font-weight: 400;\">Lattes:\u00a0<\/span><a style=\"color: #003366;\" href=\"http:\/\/lattes.cnpq.br\/9337220113834468\"><span style=\"font-weight: 400;\">http:\/\/lattes.cnpq.br\/9337220113834468<\/span><\/a><\/span><\/p>\n<p><span style=\"color: #99ccff;\"><b>Matheus Gomes Barbosa<\/b><span style=\"font-weight: 400;\">\u00a0<\/span><\/span><\/p>\n<p><span style=\"color: #003366;\"><span style=\"font-weight: 400;\">Lattes:\u00a0<\/span><a style=\"color: #003366;\" href=\"http:\/\/lattes.cnpq.br\/3426761067072977\"><span style=\"font-weight: 400;\">http:\/\/lattes.cnpq.br\/3426761067072977<\/span><\/a><span style=\"font-weight: 400;\">\u00a0<\/span><\/span><\/p>\n<p><span style=\"color: #99ccff;\"><b>Sara Parlato &#8211; \u00a0<\/b><b>Bolsista PNPD-CAPES 2020-2022<\/b><\/span><\/p>\n<p><span style=\"color: #003366;\"><span style=\"font-weight: 400;\">Lattes:\u00a0<\/span><a style=\"color: #003366;\" href=\"http:\/\/lattes.cnpq.br\/3397462913289868\"><span style=\"font-weight: 400;\">http:\/\/lattes.cnpq.br\/3397462913289868<\/span><\/a><\/span><\/p>\n<p>&nbsp;<\/p>\n<h3><span style=\"color: #003366;\">BOLSISTAS<\/span><\/h3>\n<p><span style=\"color: #003366;\" data-ccp-props=\"{&quot;201341983&quot;:0,&quot;335559739&quot;:160,&quot;335559740&quot;:240}\"><b><span style=\"color: #99ccff;\">Luana Helena Loureiro Alves dos Santos<\/span> &#8211; Bolsa de Extens\u00e3o PREC<\/b><\/span><\/p>\n<p><span style=\"color: #003366;\" data-contrast=\"auto\">Lattes: <a style=\"color: #003366;\" href=\"http:\/\/lattes.cnpq.br\/6421805373378135\">http:\/\/lattes.cnpq.br\/6421805373378135<\/a><\/span><\/p>\n<p><span style=\"color: #003366;\"><strong><span style=\"color: #99ccff;\">Tain\u00e1 da Silva Gauterio<\/span> &#8211; Bolsa de Inova\u00e7\u00e3o Tecnol\u00f3gica CNPQ\u00a0<\/strong><\/span><\/p>\n<p><span style=\"color: #003366;\">Lattes: <a style=\"color: #003366;\" href=\"http:\/\/lattes.cnpq.br\/6857525623103287\">http:\/\/lattes.cnpq.br\/6857525623103287<\/a>\u00a0<\/span><\/p>\n<p>&nbsp;<\/p>\n<h3><span style=\"color: #003366;\">MESTRANDOS<\/span><\/h3>\n<p><span style=\"color: #003366;\"><span style=\"color: #99ccff;\"><b>Matheus Gomes Barbosa<\/b><\/span><span style=\"font-weight: 400;\">\u00a0<\/span><\/span><\/p>\n<p><span style=\"color: #003366;\"><span style=\"font-weight: 400;\">Lattes:\u00a0<\/span><a style=\"color: #003366;\" href=\"http:\/\/lattes.cnpq.br\/3426761067072977\"><span style=\"font-weight: 400;\">http:\/\/lattes.cnpq.br\/3426761067072977<\/span><\/a><span style=\"font-weight: 400;\">\u00a0<\/span><\/span><\/p>\n<p><span style=\"color: #003366;\"><span style=\"color: #99ccff;\"><b>Rafael Oliveira C\u00f4rrea Luz<\/b><\/span><span style=\"font-weight: 400;\">\u00a0<\/span><\/span><\/p>\n<p><span style=\"color: #003366;\"><span style=\"font-weight: 400;\">Lattes:\u00a0<\/span><a style=\"color: #003366;\" href=\"http:\/\/lattes.cnpq.br\/6621938427739687\"><span style=\"font-weight: 400;\">http:\/\/lattes.cnpq.br\/6621938427739687<\/span><\/a><span style=\"font-weight: 400;\">\u00a0<\/span><\/span><\/p>\n<p><span style=\"color: #99ccff;\"><b>Marina Porto Rotta<\/b><span style=\"font-weight: 400;\">\u00a0<\/span><\/span><\/p>\n<p><span style=\"color: #003366;\"><span style=\"font-weight: 400;\">Lattes:\u00a0<\/span><a style=\"color: #003366;\" href=\"http:\/\/lattes.cnpq.br\/2885738659563825\"><span style=\"font-weight: 400;\">http:\/\/lattes.cnpq.br\/2885738659563825<\/span><\/a><span style=\"font-weight: 400;\">\u00a0\u00a0<\/span><\/span><\/p>\n<p>&nbsp;<\/p>\n<p><span style=\"color: #003366;\"><b>Disserta\u00e7\u00f5es de mestrado: orientador principal &#8211; Em andamento\u00a0<\/b><\/span><\/p>\n<p><span style=\"color: #003366;\"><span style=\"color: #99ccff;\"><b>Andressa Viviane Dumke Noviski.<\/b><\/span><span style=\"font-weight: 400;\"> TRATAMENTO DOS RES\u00cdDUOS S\u00d3LIDOS EM LOTEAMENTOSDE INTERESSE SOCIAL: O CASO DO PAC ANGLO EM PELOTAS\/RS. 2021.<\/span><\/span><\/p>\n<p><span style=\"color: #003366;\"><span style=\"color: #99ccff;\"><b>Hellen Zanoletti Firmino<\/b><\/span><span style=\"font-weight: 400;\"><span style=\"color: #99ccff;\">.<\/span> AVALIA\u00c7\u00c3O DA PERCEP\u00c7\u00c3O DO USU\u00c1RIO SOBRE O PARQUE URBANO ORLA DO GUA\u00cdBA \u2013 TRECHO III. 2022.<\/span><\/span><\/p>\n<p><span style=\"color: #003366;\"><span style=\"color: #99ccff;\"><b>Talita Marini Brandelli.<\/b><\/span><span style=\"font-weight: 400;\"> RESILI\u00caNCIA NA HABITA\u00c7\u00c3ODE INTERESSE SOCIAL CONSTRU\u00cdDACOM PAREDES DE CONCRETO ARMADO: ESTUDO DE CASO NA ZONA BIOCLIM\u00c1TICA 2 BRASILEIRA&#8221;. 2022.<\/span><\/span><\/p>\n<p><span style=\"font-weight: 400; color: #003366;\"><span style=\"color: #99ccff;\"><strong>Ma\u00edla\u00a0 Machado Diniz.<\/strong><\/span> ARTE, CULTURA, LAZER E SA\u00daDE ATRAV\u00c9S DA OCUPA\u00c7\u00c3O DE RUAS &#8211; UMA AN\u00c1LISE DA PERCEP\u00c7\u00c3O DE USU\u00c1RIOS DOS EVENTOS DE OCUPA\u00c7\u00c3O DE RUA NA CIDADE DE PELOTAS- RS. 2023<\/span><\/p>\n<p>&nbsp;<\/p>\n<p><span style=\"color: #003366;\"><b>Disserta\u00e7\u00f5es de mestrado: orientador principal &#8211;\u00a0<\/b><\/span><span style=\"color: #003366;\"><b>Conclu\u00eddas<\/b><\/span><\/p>\n<p><span style=\"color: #003366;\"><span style=\"color: #99ccff;\"><strong>Rafael Oliveira Corr\u00eaa Luz<\/strong>.<\/span> ATIVIDADES F\u00cdSICAS NO USO DA CIDADE: percep\u00e7\u00e3o ambiental e apropria\u00e7\u00e3o de vias requalificadas na cidade de Pelotas\/RS. 2021.<\/span><\/p>\n<p><span style=\"color: #003366;\"><span style=\"color: #99ccff;\"><strong>Tanara Gomes da Costa.<\/strong> <\/span>O OLHAR DO IDOSO AO CAMINHAR EM SEU BAIRRO Estudo de caso nas \u00e1reas do Centro, Fragata e Navegantes, em Pelotas\/RS. 2020.<\/span><\/p>\n<p><span style=\"color: #003366;\"><span style=\"color: #99ccff;\"><strong>Matheus Gomes Barbosa.<\/strong><\/span> O caso de infraestrutura de saneamento b\u00e1sico do Conjunto Habitacional Lind\u00f3ia: uma perspectiva mais sustent\u00e1vel do Sistema Condominial de Esgoto. 2020.<\/span><\/p>\n<p><span style=\"color: #003366;\"><span style=\"color: #99ccff;\"><strong>Mariana Porto Rotta.<\/strong><\/span> Percep\u00e7\u00e3o da apropria\u00e7\u00e3o do espa\u00e7o e mapeamento da presen\u00e7a dos idosos em locais p\u00fablicos.. 2020.\u00a0<\/span><\/p>\n<p><span style=\"color: #003366;\"><span style=\"color: #99ccff;\"><strong>Lu\u00edsa de Azevedo dos Santos.<\/strong><\/span> APLICABILIDADES DA ASSIST\u00caNCIA T\u00c9CNICA: um estudo das diferentes modalidades de aplica\u00e7\u00e3o da Lei n\u00ba 11.888\/2008 no contexto atual (2017-2018). 2019.\u00a0<\/span><\/p>\n<p><span style=\"color: #003366;\"><span style=\"color: #99ccff;\"><strong>Elisa Santos Guimar\u00e3es.<\/strong><\/span> O idoso e a rela\u00e7\u00e3o entre seus processos de percep\u00e7\u00e3o e de apropria\u00e7\u00e3o do ambiente constru\u00eddo. O caso de \u00e1reas situadas nos bairros Centro, Fragata e S\u00e3o Gon\u00e7alo, Pelotas, RS.. 2018.<\/span><\/p>\n<p><span style=\"color: #003366;\"><span style=\"color: #99ccff;\"><strong>Janice Jara Concei\u00e7\u00e3o Dutra.<\/strong><\/span> Construindo a cidade e a cidadania, a avalia\u00e7\u00e3o da implementa\u00e7\u00e3o e satisfa\u00e7\u00e3o do PAC &#8211; Urbaniza\u00e7\u00e3o de Assentamentos Prec\u00e1rios no loteamento Anglo, Pelotas-RS. 2017.<\/span><\/p>\n<p><span style=\"color: #003366;\"><span style=\"color: #99ccff;\"><strong>H\u00e9len Vanessa Kerkhoff.<\/strong><\/span> Mobili\u00e1rios para Habita\u00e7\u00e3o de Interesse Social: conflitos, percep\u00e7\u00e3o e satisfa\u00e7\u00e3o dos usu\u00e1rios &#8211; O caso PAC-Anglo, Pelotas, RS.. 2017.\u00a0<\/span><\/p>\n<p><span style=\"color: #003366;\"><span style=\"color: #99ccff;\"><strong>Silvio Frederico da Silva Chaigar<\/strong>.<\/span> O Programa de arrendamento residencial &#8211; PAR em Pelotas e o Imagin\u00e1rio dos arrendat\u00e1rios: Conquistas e desencantamentos.. 2017.<\/span><\/p>\n<p><span style=\"color: #003366;\"><span style=\"color: #99ccff;\"><strong>Manoela Neves Siewerdt.<\/strong><\/span> Vitrines e Visual Merchandising: quais vari\u00e1veis influenciam na qualidade visual das ruas comerciais de Pelotas segundo a percep\u00e7\u00e3o do usu\u00e1rio. 2016.<\/span><\/p>\n<p><span style=\"color: #003366;\"><span style=\"color: #99ccff;\"><strong>Jones Vieira Pinto.<\/strong><\/span> AN\u00c1LISE DE INSER\u00c7\u00c3O URBANA DE HABITA\u00c7\u00d5ES DE INTERESSE SOCIAL EM PELOTAS-RS ? Estudo de caso para o MCMV Faixa I. 2016.<\/span><\/p>\n<p><span style=\"color: #003366;\"><span style=\"color: #99ccff;\"><strong>Donald Martins Fuentes.<\/strong><\/span> Avalia\u00e7\u00e3o das tecnologias inovadoras na produ\u00e7\u00e3o do h\u00e1bitat popular no Uruguai: Cooperativas de vivenda por ajuda m\u00fatua e produ\u00e7\u00e3o de vivenda popular pelo mercado. 2014.\u00a0<\/span><\/p>\n<p><span style=\"color: #003366;\"><span style=\"color: #99ccff;\"><strong>Noe Vega Cotta de Mello.<\/strong><\/span> Ocupa\u00e7\u00e3o e transforma\u00e7\u00e3o dos espa\u00e7os livres do Conjunto Habitacional Guabiroba.. 2013.<\/span><\/p>\n<p><span style=\"color: #003366;\"><span style=\"color: #99ccff;\"><strong>Marcia Beatriz Rotta.<\/strong><\/span> A Qualidade do Lugar na Escola P\u00fablica de Periferia Urbana: O caso da Escola Municipal Ferreira Vianna. Pelotas, RS.. 2012.<\/span><\/p>\n<p><span style=\"color: #003366;\"><span style=\"color: #99ccff;\"><strong>Anelise Anapolski Ferrari.<\/strong><\/span> As ruas como espa\u00e7os p\u00fablicos da periferia: Imagem avaliativa e desempenho ambiental. 2011.\u00a0<\/span><\/p>\n<p><span style=\"color: #003366;\"><span style=\"color: #99ccff;\"><strong>Mateus Treptow Coswig.<\/strong><\/span> A utiliza\u00e7\u00e3o de aparatos de seguran\u00e7a e a satisfa\u00e7\u00e3o dos usu\u00e1rios de habita\u00e7\u00e3o de interesse social: um estudo de caso para o PAR em Pelotas, RS. 2011.<\/span><\/p>\n<p><span style=\"color: #003366;\"><span style=\"color: #99ccff;\"><strong>Angela Cristina Bosenbecker.<\/strong><\/span> Sitio Portu\u00e1rio e Ferrovi\u00e1rio de Pelotas\/Estudo de Metodologias para a Requalifica\u00e7\u00e3o do Patrim\u00f4nio Cultural Edificado. 2009.<\/span><\/p>\n<p><span style=\"color: #003366;\"><span style=\"color: #99ccff;\"><strong>Liciane Machado Almeida.<\/strong><\/span> ?Casas de renda?: um estudo para reabilita\u00e7\u00e3o dos conjuntos residenciais pelotenses do in\u00edcio do s\u00e9culo XX.. 2009.\u00a0<\/span><\/p>\n<p><span style=\"color: #003366;\"><span style=\"color: #99ccff;\"><strong>S\u00edlvio Frederico da Silva Chaigar.<\/strong><\/span> AVIDA CONDOMINIAL E AS SOCIABILIDADES Estudo de caso do PAR ? Quer\u00eancia, Pelotas,RS.. 2008.<\/span><\/p>\n<p><span style=\"color: #003366;\"><span style=\"color: #99ccff;\"><strong>L\u00edgia Maria de \u00c1vila Chiarelli.<\/strong> <\/span>A Promo\u00e7\u00e3o dos conjuntos Residenciais em Pelotas &#8211; Estudo de Caso para o Financiamento adotado pelas Empresas Construtoras ap\u00f3s a Extin\u00e7\u00e3o do BNH &#8211; Per\u00edodo 60-69. 1999.<\/span><\/p>\n<p>&nbsp;<\/p>\n<p><span style=\"color: #003366;\"><b>Disserta\u00e7\u00f5es de mestrado: co-orientador &#8211; Em andamento\u00a0<\/b><\/span><\/p>\n<p><span style=\"font-weight: 400;\"><span style=\"color: #99ccff;\"><strong>Carolina de Mesquita Duarte<\/strong>.<\/span> <span style=\"color: #003366;\">DETERMINA\u00c7\u00c3O DE MODELOS DE REFER\u00caNCIA PARA SIMULA\u00c7\u00c3O TERMO ENEG\u00c9TICA DE HABITA\u00c7\u00d5ES POPULARES PARA PELOTAS. 2021. Orientador principal: Eduardo Grala da Cunha.<\/span><\/span><\/p>\n<p>&nbsp;<\/p>\n<p><span style=\"color: #003366;\"><b>Disserta\u00e7\u00f5es de mestrado: co-orientador &#8211; Conclu\u00eddas<\/b><\/span><\/p>\n<p><span style=\"color: #99ccff;\"><strong>Rodolfo Ba<span style=\"color: #99ccff;\">rbosa Ribeiro<\/span><\/strong>.<\/span> <span style=\"color: #003366;\">O CONFLITO ENTRE FRENTES DE INCORPORA\u00c7\u00c3O IMOBILI\u00c1RIA RECENTES E \u00c1REAS DE URBANIZA\u00c7\u00c3O PREC\u00c1RIA NA CIDADE DE PELOTAS.. 2022.\u00a0<\/span><\/p>\n<p><span style=\"color: #003366;\"><span style=\"color: #99ccff;\"><strong>Fl\u00e1via Pagnoncelli Galbiatti.<\/strong> <\/span>AMPLIA\u00c7\u00c3O DO ACESSO P\u00daBLICO E GRATUITO AOS SERVI\u00c7OS DE ARQUITETURA E URBANISMO: PERSPECTIVAS E CONTRADI\u00c7\u00d5ES NO CONTEXO DE CIDADES M\u00c9DIAS.. 2020.<\/span><\/p>\n<p><span style=\"color: #003366;\"><span style=\"color: #99ccff;\"><strong>Beatriz Maria Fedrizzi.<\/strong><\/span> Qualidade Arquitet\u00f4nica em Espa\u00e7os Abertos em Conjuntos Habitacionais de Interesse Social. 2006.<\/span><\/p>\n<p><span style=\"color: #003366;\"><span style=\"color: #99ccff;\"><strong>L\u00edgia Maria de \u00c1vila Chiarelli.<\/strong><\/span> Recomenda\u00e7\u00f5es para espa\u00e7os abertos de conjuntos habitacionais de m\u00e9dio porte &#8211; estudo de caso para o PAR em Pelotas, 2001-2005.. 2004<\/span><\/p>\n<p>&nbsp;<\/p>\n<p><span style=\"font-size: 14pt;\"><strong><span style=\"color: #003366;\">EX PARTICIPANTES<\/span><\/strong><\/span><\/p>\n<p><span style=\"color: #003366;\"><b>Discentes gradua\u00e7\u00e3o\u00a0\u00a0<\/b><\/span><\/p>\n<p><span style=\"color: #99ccff;\"><b>Anelise Souza Teixeira<\/b><\/span><\/p>\n<p><span style=\"color: #003366;\"><span style=\"font-weight: 400;\">Lattes:\u00a0<\/span><a style=\"color: #003366;\" href=\"http:\/\/lattes.cnpq.br\/7036522229369484\"><span style=\"font-weight: 400;\">http:\/\/lattes.cnpq.br\/7036522229369484<\/span><\/a><\/span><\/p>\n<p><span style=\"color: #99ccff;\"><b>Felipe Aires Thofehrn\u00a0<\/b><\/span><\/p>\n<p><span style=\"color: #003366;\"><span style=\"font-weight: 400;\">Lattes:\u00a0<\/span><a style=\"color: #003366;\" href=\"http:\/\/lattes.cnpq.br\/2471222353866821\"><span style=\"font-weight: 400;\">http:\/\/lattes.cnpq.br\/2471222353866821<\/span><\/a><\/span><\/p>\n<p><span style=\"color: #99ccff;\"><strong>Gustavo Benedetti Santiago<\/strong><\/span><\/p>\n<p><span style=\"font-weight: 400; color: #003366;\">Lattes: <a style=\"color: #003366;\" href=\"http:\/\/lattes.cnpq.br\/2497303966148721\">http:\/\/lattes.cnpq.br\/2497303966148721<\/a>\u00a0<\/span><\/p>\n<p>&nbsp;<\/p>\n<p>&nbsp;<\/p>\n<p>&nbsp;<\/p>\n<p>&nbsp;<\/p>\n","protected":false},"excerpt":{"rendered":"<p>PROFESSORES CORDENADORES Nirce\u00a0Saffer\u00a0Medvedovski\u00a0 Lattes:\u00a0http:\/\/lattes.cnpq.br\/7704750589872182\u00a0 Luiza F\u00e9lix Dalla Vecchia Lattes: http:\/\/lattes.cnpq.br\/3026091557054164 &nbsp; PESQUISADORES ASSOCIADOS:\u00a0 Adriane Borda Almeida da Silva\u00a0 Lattes: http:\/\/lattes.cnpq.br\/3860172079417937\u00a0 Emanuela Di\u00a0Felice\u00a0 Lattes:\u00a0http:\/\/lattes.cnpq.br\/8576013096415713\u00a0 Janice Jara Concei\u00e7\u00e3o Dutra\u00a0 Lattes:\u00a0http:\/\/lattes.cnpq.br\/4506121132596630 Jones Vieira Pinto Lattes:\u00a0http:\/\/lattes.cnpq.br\/8217667183207127 Luisa\u00a0de Azevedo dos Santos\u00a0 Lattes:\u00a0http:\/\/lattes.cnpq.br\/4241838350220587\u00a0 Liziane de Oliveira Jorge Lattes:\u00a0http:\/\/lattes.cnpq.br\/9337220113834468 Matheus Gomes Barbosa\u00a0 Lattes:\u00a0http:\/\/lattes.cnpq.br\/3426761067072977\u00a0 Sara Parlato &#8211; \u00a0Bolsista PNPD-CAPES 2020-2022 Lattes:\u00a0http:\/\/lattes.cnpq.br\/3397462913289868 &nbsp; BOLSISTAS [&hellip;]<\/p>\n","protected":false},"author":553,"featured_media":0,"parent":0,"menu_order":2,"comment_status":"closed","ping_status":"closed","template":"","meta":{"jetpack_post_was_ever_published":false,"footnotes":""},"class_list":["post-662","page","type-page","status-publish","hentry"],"jetpack_sharing_enabled":true,"jetpack_shortlink":"https:\/\/wp.me\/P8X2Zj-aG","jetpack-related-posts":[],"_links":{"self":[{"href":"https:\/\/wp.ufpel.edu.br\/naurb\/wp-json\/wp\/v2\/pages\/662","targetHints":{"allow":["GET"]}}],"collection":[{"href":"https:\/\/wp.ufpel.edu.br\/naurb\/wp-json\/wp\/v2\/pages"}],"about":[{"href":"https:\/\/wp.ufpel.edu.br\/naurb\/wp-json\/wp\/v2\/types\/page"}],"author":[{"embeddable":true,"href":"https:\/\/wp.ufpel.edu.br\/naurb\/wp-json\/wp\/v2\/users\/553"}],"replies":[{"embeddable":true,"href":"https:\/\/wp.ufpel.edu.br\/naurb\/wp-json\/wp\/v2\/comments?post=662"}],"version-history":[{"count":25,"href":"https:\/\/wp.ufpel.edu.br\/naurb\/wp-json\/wp\/v2\/pages\/662\/revisions"}],"predecessor-version":[{"id":748,"href":"https:\/\/wp.ufpel.edu.br\/naurb\/wp-json\/wp\/v2\/pages\/662\/revisions\/748"}],"wp:attachment":[{"href":"https:\/\/wp.ufpel.edu.br\/naurb\/wp-json\/wp\/v2\/media?parent=662"}],"curies":[{"name":"wp","href":"https:\/\/api.w.org\/{rel}","templated":true}]}}