{"id":1252,"date":"2021-08-18T20:05:10","date_gmt":"2021-08-18T23:05:10","guid":{"rendered":"https:\/\/wp.ufpel.edu.br\/naurb\/?page_id=1252"},"modified":"2021-08-23T11:32:52","modified_gmt":"2021-08-23T14:32:52","slug":"projeto-aprendendo-com-o-usuario","status":"publish","type":"page","link":"https:\/\/wp.ufpel.edu.br\/naurb\/projeto-aprendendo-com-o-usuario\/","title":{"rendered":"Projeto Aprendendo com o Usu\u00e1rio"},"content":{"rendered":"<p>Link para acesso do site do Projeto: <a href=\"https:\/\/wp.ufpel.edu.br\/projeto3a\/\">https:\/\/wp.ufpel.edu.br\/projeto3a\/<\/a><\/p>\n<p><strong>Sobre o Projeto:<\/strong><\/p>\n<p>O espa\u00e7o habitacional \u00e9 um dos pilares necess\u00e1rios para a promo\u00e7\u00e3o do bem-estar e da qualidade de vida. Em alguns casos, a Habita\u00e7\u00e3o de Interesse Social, a Casa M\u00ednima e a Casa Padr\u00e3o, s\u00e3o materializadas objetivando condi\u00e7\u00f5es m\u00ednimas de habitabilidade, sem considerar as diferentes necessidades e mudan\u00e7as de cada fam\u00edlia ao longo do ciclo de vida.<\/p>\n<p>Posto isto, observa-se um fen\u00f4meno recorrente de modifica\u00e7\u00e3o e personaliza\u00e7\u00e3o das unidades habitacionais originais a partir de iniciativas espont\u00e2neas de autoconstru\u00e7\u00e3o, sem aux\u00edlio de um profissional especializado. Torna-se necess\u00e1rio, ent\u00e3o, encontrar solu\u00e7\u00f5es habitacionais flex\u00edveis que respeitem as diferentes necessidades e mudan\u00e7as de cada fam\u00edlia ao longo da sua vida, para garantir uma maior satisfa\u00e7\u00e3o com o espa\u00e7o dom\u00e9stico e um espa\u00e7o f\u00edsico adequado para o desempenho para as atividades cotidianas.<\/p>\n<p>O presente Projeto de Extens\u00e3o prop\u00f5e uma aproxima\u00e7\u00e3o com o universo dom\u00e9stico em comunidades populares do munic\u00edpio de Pelotas, aproximando futuros arquitetos-urbanistas e profissionais de \u00e1reas afins da realidade socioespacial dos moradores em \u00e1reas de interesse social. A partir da sele\u00e7\u00e3o pr\u00e9via de uma comunidade de Pelotas\/RS, o projeto pretende, sob uma perspectiva participativa, avaliar a qualidade da inser\u00e7\u00e3o urbana da localidade, conhecer a realidade socioecon\u00f4mica e o perfil familiar dos moradores, compreender o processo de evolu\u00e7\u00e3o das transforma\u00e7\u00f5es executadas espontaneamente pelos moradores em projetos padronizados, em distintas etapas do ciclo de vida, identificando instrumentos de personaliza\u00e7\u00e3o e flexibilidade espacial que possam ser adaptados aos novos projetos em realidade semelhante.<\/p>\n<p>A metodologia do trabalho compreende uma imers\u00e3o no espa\u00e7o dom\u00e9stico das fam\u00edlias, com etapas distintas: caracteriza\u00e7\u00e3o do perfil familiar; coleta de depoimentos e narrativas conectadas \u00e0s transforma\u00e7\u00f5es efetuadas na habita\u00e7\u00e3o; levantamento planialtim\u00e9trico e registro fotogr\u00e1fico das unidades habitacionais; identifica\u00e7\u00e3o de meios t\u00e9cnicos e dispositivos de transforma\u00e7\u00e3o empregados; desenvolvimento de repert\u00f3rio gr\u00e1fico de registro das transforma\u00e7\u00f5es e, por fim, a cria\u00e7\u00e3o de uma cartilha com diretrizes projetuais que considere a flexibilidade continua da habita\u00e7\u00e3o e a personaliza\u00e7\u00e3o, instrumentos que poder\u00e3o servir para futuras interven\u00e7\u00f5es, subsidiadas por profissionais qualificados. O trabalho considera a perspectiva do morador como essencial para a formula\u00e7\u00e3o de concep\u00e7\u00f5es futuras, \u00e0 luz de demandas contempor\u00e2neas e prefer\u00eancias da sociedade em constante transforma\u00e7\u00e3o.<\/p>\n","protected":false},"excerpt":{"rendered":"<p>Link para acesso do site do Projeto: https:\/\/wp.ufpel.edu.br\/projeto3a\/ Sobre o Projeto: O espa\u00e7o habitacional \u00e9 um dos pilares necess\u00e1rios para a promo\u00e7\u00e3o do bem-estar e da qualidade de vida. Em alguns casos, a Habita\u00e7\u00e3o de Interesse Social, a Casa M\u00ednima e a Casa Padr\u00e3o, s\u00e3o materializadas objetivando condi\u00e7\u00f5es m\u00ednimas de habitabilidade, sem considerar as diferentes [&hellip;]<\/p>\n","protected":false},"author":553,"featured_media":0,"parent":0,"menu_order":0,"comment_status":"closed","ping_status":"closed","template":"","meta":{"jetpack_post_was_ever_published":false,"footnotes":""},"class_list":["post-1252","page","type-page","status-publish","hentry"],"jetpack_sharing_enabled":true,"jetpack_shortlink":"https:\/\/wp.me\/P8X2Zj-kc","jetpack-related-posts":[{"id":1064,"url":"https:\/\/wp.ufpel.edu.br\/naurb\/lives\/","url_meta":{"origin":1252,"position":0},"title":"Ciclo de Lives","author":"naurb","date":"02\/08\/2020","format":false,"excerpt":"I ciclo de Lives NAURB - \"Compromisso com a moradia e a cidade\" O NAUrb - Nu\u0301cleo de Arquitetura e Urbanismo foi criado para abrigar as atividades de pesquisa e extensa\u0303o da Faculdade de Arquitetura e Urbanismo da UFPEL que abordam os temas da qualidade do Ambiente Construi\u0301do e de\u2026","rel":"","context":"Post similar","block_context":{"text":"Post similar","link":""},"img":{"alt_text":"","src":"https:\/\/i0.wp.com\/wp.ufpel.edu.br\/naurb\/files\/2020\/08\/4495082-216x318.jpg?resize=350%2C200&ssl=1","width":350,"height":200},"classes":[]},{"id":744,"url":"https:\/\/wp.ufpel.edu.br\/naurb\/historico\/","url_meta":{"origin":1252,"position":1},"title":"Quem somos","author":"naurb","date":"27\/06\/2016","format":false,"excerpt":"O laborat\u00f3rio NAUrb (N\u00facleo de Pesquisa em Arquitetura e Urbanismo) desenvolve projetos de pesquisa, ensino e extens\u00e3o na \u00e1rea de ensino de arquitetura, envolvendo os temas rela\u00e7\u00f5es Ambiente- Comportamento e Habita\u00e7\u00e3o de Interesse Social. Historicamente desde sua cria\u00e7\u00e3o, em 1999, serviu como abrigo para os temas referentes a Qualidade do\u2026","rel":"","context":"Post similar","block_context":{"text":"Post similar","link":""},"img":{"alt_text":"","src":"https:\/\/i0.wp.com\/wp.ufpel.edu.br\/naurb\/files\/2020\/07\/TEMPLATE-CRONOGRAMA-CAPA-1.jpg?fit=1200%2C1200&ssl=1&resize=350%2C200","width":350,"height":200,"srcset":"https:\/\/i0.wp.com\/wp.ufpel.edu.br\/naurb\/files\/2020\/07\/TEMPLATE-CRONOGRAMA-CAPA-1.jpg?fit=1200%2C1200&ssl=1&resize=350%2C200 1x, https:\/\/i0.wp.com\/wp.ufpel.edu.br\/naurb\/files\/2020\/07\/TEMPLATE-CRONOGRAMA-CAPA-1.jpg?fit=1200%2C1200&ssl=1&resize=525%2C300 1.5x, https:\/\/i0.wp.com\/wp.ufpel.edu.br\/naurb\/files\/2020\/07\/TEMPLATE-CRONOGRAMA-CAPA-1.jpg?fit=1200%2C1200&ssl=1&resize=700%2C400 2x, https:\/\/i0.wp.com\/wp.ufpel.edu.br\/naurb\/files\/2020\/07\/TEMPLATE-CRONOGRAMA-CAPA-1.jpg?fit=1200%2C1200&ssl=1&resize=1050%2C600 3x"},"classes":[]},{"id":662,"url":"https:\/\/wp.ufpel.edu.br\/naurb\/equipe\/","url_meta":{"origin":1252,"position":2},"title":"Equipe","author":"naurb","date":"24\/05\/2016","format":false,"excerpt":"PROFESSORES CORDENADORES Nirce\u00a0Saffer\u00a0Medvedovski\u00a0 Lattes:\u00a0http:\/\/lattes.cnpq.br\/7704750589872182\u00a0 Luiza F\u00e9lix Dalla Vecchia Lattes: http:\/\/lattes.cnpq.br\/3026091557054164 \u00a0 PESQUISADORES ASSOCIADOS:\u00a0 Adriane Borda Almeida da Silva\u00a0 Lattes: http:\/\/lattes.cnpq.br\/3860172079417937\u00a0 Emanuela Di\u00a0Felice\u00a0 Lattes:\u00a0http:\/\/lattes.cnpq.br\/8576013096415713\u00a0 Janice Jara Concei\u00e7\u00e3o Dutra\u00a0 Lattes:\u00a0http:\/\/lattes.cnpq.br\/4506121132596630 Jones Vieira Pinto Lattes:\u00a0http:\/\/lattes.cnpq.br\/8217667183207127 Luisa\u00a0de Azevedo dos Santos\u00a0 Lattes:\u00a0http:\/\/lattes.cnpq.br\/4241838350220587\u00a0 Liziane de Oliveira Jorge Lattes:\u00a0http:\/\/lattes.cnpq.br\/9337220113834468 Matheus Gomes Barbosa\u00a0 Lattes:\u00a0http:\/\/lattes.cnpq.br\/3426761067072977\u00a0 Sara Parlato - \u00a0Bolsista\u2026","rel":"","context":"Post similar","block_context":{"text":"Post similar","link":""},"img":{"alt_text":"","src":"","width":0,"height":0},"classes":[]},{"id":771,"url":"https:\/\/wp.ufpel.edu.br\/naurb\/pesquisa-e-extensao\/","url_meta":{"origin":1252,"position":3},"title":"Projetos","author":"naurb","date":"17\/10\/2016","format":false,"excerpt":"PROJETOS DE PESQUISA Inser\u00e7\u00e3o de TIC em Mapas Mentais - Busca da Percep\u00e7\u00e3o do Coletivo 2015 - em andamento [ver detalhes] Integrantes: Nirce Saffer Medvedovski - Coordenador \/ Adriana Ara\u00fajo Portella - Integrante \/ Elisa Santos Guimar\u00e3es - Integrante \/ Louren\u00e7o Kallil Tomaz - Integrante \/ Adriane Borda da Silva\u2026","rel":"","context":"Post similar","block_context":{"text":"Post similar","link":""},"img":{"alt_text":"","src":"","width":0,"height":0},"classes":[]},{"id":1187,"url":"https:\/\/wp.ufpel.edu.br\/naurb\/tecnologiassociais\/","url_meta":{"origin":1252,"position":4},"title":"Tecnologias Sociais","author":"naurb","date":"26\/07\/2021","format":false,"excerpt":"Tutorial - Painel do Censo IBGE 2010 Tutorial desenvolvido com o intuito de auxiliar o acesso \u00e0 plataforma online do censo populacional de 2010 desenvolvido pelo IBGE. ISBN: 978-65-995554-9-7 \u00a0 Cat\u00e1logo de Arboriza\u00e7\u00e3o \u00a0 Caderno de Recomenda\u00e7\u00f5es Construtivas para Habita\u00e7\u00e3o Social Evolutiva Cat\u00e1logo que cont\u00e9m dicas e t\u00e9cnicas construtivas, como\u2026","rel":"","context":"Post similar","block_context":{"text":"Post similar","link":""},"img":{"alt_text":"","src":"","width":0,"height":0},"classes":[]},{"id":757,"url":"https:\/\/wp.ufpel.edu.br\/naurb\/contato\/","url_meta":{"origin":1252,"position":5},"title":"Contato","author":"naurb","date":"27\/06\/2016","format":false,"excerpt":"Devido \u00e0 pandemia do COVID-19 que estamos enfrentando, o contato ao laborat\u00f3rio deve ser realizado temporareamente apenas por e-mail (enquanto as atividades presenciais n\u00e3o retornarem) Endere\u00e7o: \u00a0Rua Benjamin Constant, 1359. Pelotas - RS, 96010-020 - Campus FAUrb, sala 215. Telefone: \u00a0(53) 3284-5507 E-mail:\u00a0naurb.ufpel@gmail.com","rel":"","context":"Post similar","block_context":{"text":"Post similar","link":""},"img":{"alt_text":"","src":"","width":0,"height":0},"classes":[]}],"_links":{"self":[{"href":"https:\/\/wp.ufpel.edu.br\/naurb\/wp-json\/wp\/v2\/pages\/1252","targetHints":{"allow":["GET"]}}],"collection":[{"href":"https:\/\/wp.ufpel.edu.br\/naurb\/wp-json\/wp\/v2\/pages"}],"about":[{"href":"https:\/\/wp.ufpel.edu.br\/naurb\/wp-json\/wp\/v2\/types\/page"}],"author":[{"embeddable":true,"href":"https:\/\/wp.ufpel.edu.br\/naurb\/wp-json\/wp\/v2\/users\/553"}],"replies":[{"embeddable":true,"href":"https:\/\/wp.ufpel.edu.br\/naurb\/wp-json\/wp\/v2\/comments?post=1252"}],"version-history":[{"count":5,"href":"https:\/\/wp.ufpel.edu.br\/naurb\/wp-json\/wp\/v2\/pages\/1252\/revisions"}],"predecessor-version":[{"id":1276,"href":"https:\/\/wp.ufpel.edu.br\/naurb\/wp-json\/wp\/v2\/pages\/1252\/revisions\/1276"}],"wp:attachment":[{"href":"https:\/\/wp.ufpel.edu.br\/naurb\/wp-json\/wp\/v2\/media?parent=1252"}],"curies":[{"name":"wp","href":"https:\/\/api.w.org\/{rel}","templated":true}]}}