{"id":1064,"date":"2020-08-02T02:47:15","date_gmt":"2020-08-02T05:47:15","guid":{"rendered":"https:\/\/wp.ufpel.edu.br\/naurb\/?page_id=1064"},"modified":"2021-07-26T14:51:18","modified_gmt":"2021-07-26T17:51:18","slug":"lives","status":"publish","type":"page","link":"https:\/\/wp.ufpel.edu.br\/naurb\/lives\/","title":{"rendered":"Ciclo de Lives"},"content":{"rendered":"<p>I ciclo de Lives NAURB &#8211; &#8220;Compromisso com a moradia e a cidade&#8221;<br \/>\nO NAUrb &#8211; Nu\u0301cleo de Arquitetura e Urbanismo foi criado para abrigar as atividades de pesquisa e extensa\u0303o da Faculdade de Arquitetura e Urbanismo da UFPEL que abordam os temas da qualidade do Ambiente Construi\u0301do e de seu ciclo produtivo, um conhecimento abrangente relativo aos conceitos, processos e te\u0301cnicas que envolvem a produc\u0327a\u0303o do espac\u0327o e as relac\u0327o\u0303es ambiente-comportamento.<br \/>\nNesse momento de experimentac\u0327a\u0303o do ensino a\u0300 distancia, e de novas formas de comunicac\u0327a\u0303o com os alunos, o dia\u0301logo com a comunidade interna da FAURB \u2013 Faculdade de Arquitetura e Urbanismo, se faz necessa\u0301ria. A opc\u0327a\u0303o de mostrar o que esta\u0301 realizando, mesmo com as limitac\u0327o\u0303es da Pandemia do COVID 19, foi a nossa forma de mostrar como a universidade esta\u0301 ativa e tem um claro compromisso social. Divulgar as atividades de pesquisa e extensa\u0303o realizadas pelo conjunto de professores, alunos de graduac\u0327a\u0303o e de po\u0301s-graduac\u0327a\u0303o do NAURB atrave\u0301s de um ciclo de palestras on line. Seus conteu\u0301dos versam sobre as atividades relacionadas aos temas das relac\u0327o\u0303es ambiente- comportamento, e sua qualidade, com foco principal na produc\u0327a\u0303o do ambiente construi\u0301do coletivo e de interesse social, a qualidade do habitat e o acesso a\u0300 moradia digna e a\u0300 cidade. De 13\/07\/2020 a 03\/09\/2020<br \/>\nCoordena\u00e7\u00e3o : Profa. Nirce Saffer Medvedovski<\/p>\n<h1 class=\"title style-scope ytd-video-primary-info-renderer\">\u00a0<span style=\"font-size: 14pt\">Pesquisa e Extens\u00e3o em ATHIS\u00a0<\/span><\/h1>\n<p>https:\/\/www.youtube.com\/watch?v=q94LpHZYu94<\/p>\n<h1 class=\"title style-scope ytd-video-primary-info-renderer\"><span style=\"font-size: 14pt\">Esclarecendo a Regulariza\u00e7\u00e3o Fundi\u00e1ria<\/span><\/h1>\n<p>https:\/\/www.youtube.com\/watch?v=d6cHgXRgbps<\/p>\n<h1 class=\"title style-scope ytd-video-primary-info-renderer\">\u00a0<span style=\"font-size: 14pt\">Melhorias Habitacionais e Dispositivos Clim\u00e1ticos<\/span><\/h1>\n<p>https:\/\/www.youtube.com\/watch?v=XozZZQmrwc4<\/p>\n<p><strong><span style=\"font-size: 14pt\">CADERNO DE RECOMENDA\u00c7\u00c3O CONSTRUTIVAS PARA HABITA\u00c7\u00c3O SOCIAL\u00a0<\/span>\u00a0<\/strong><\/p>\n<p>https:\/\/www.youtube.com\/watch?v=1QnVFpT73bI&#038;app=desktop<\/p>\n<p><strong><span style=\"font-size: 14pt\">SISTEMA CONDOMINIAL DE ESGOTO: UMA PERSPECTIVA MAIS SUSTENT\u00c1VEL\u00a0 <\/span>\u00a0<\/strong><\/p>\n<p>https:\/\/www.youtube.com\/watch?v=KrOY3XezZLQ<\/p>\n<p><strong><span style=\"font-size: 14pt\">PAC &#8211; URBANIZA\u00c7\u00c3O DE ASSENTAMENTOS PREC\u00c1RIOS: <\/span><\/strong><\/p>\n<p>https:\/\/www.youtube.com\/watch?v=CyvH8CJS0Ew<\/p>\n<p><strong><span style=\"font-size: 14pt\">EXPERI\u00caNCIA DA RESID\u00caNCIA NA ARQUITETURA E URBANISMO: &#8211; UFBA<\/span><\/strong><\/p>\n<p>https:\/\/www.youtube.com\/watch?v=TQG_jTM_91g<\/p>\n<p><strong><span style=\"font-size: 14pt\">O USO DAS VIAS P\u00daBLICAS REQUALIFICADAS EM PELOTAS\/RS:<\/span><\/strong><\/p>\n<p>https:\/\/www.youtube.com\/watch?v=cGuadoVi4pk<\/p>\n<p>&nbsp;<\/p>\n<p>&nbsp;<\/p>\n<p>&nbsp;<\/p>\n<p>&nbsp;<\/p>\n<p><span style=\"font-size: 12pt\"><strong>Vinicius Telheimer indica:<\/strong><\/span><\/p>\n<p><a href=\"https:\/\/i0.wp.com\/wp.ufpel.edu.br\/naurb\/files\/2020\/08\/4495082.jpg?ssl=1\"><img data-recalc-dims=\"1\" loading=\"lazy\" decoding=\"async\" class=\"alignnone size-medium wp-image-1076\" src=\"https:\/\/i0.wp.com\/wp.ufpel.edu.br\/naurb\/files\/2020\/08\/4495082-216x318.jpg?resize=216%2C318&#038;ssl=1\" alt=\"\" width=\"216\" height=\"318\" \/><\/a><\/p>\n<p>DOCUMENT\u00c1RIO:\u00a0 A BARONESA; 2017<\/p>\n<p><span style=\"font-size: 12pt\"><strong>Sara Parlato indica :<\/strong><\/span><\/p>\n<p><a href=\"https:\/\/i0.wp.com\/wp.ufpel.edu.br\/naurb\/files\/2020\/08\/WhatsApp-Image-2020-07-31-at-12.04.47.jpeg?ssl=1\"><img data-recalc-dims=\"1\" loading=\"lazy\" decoding=\"async\" class=\"alignnone size-medium wp-image-1067\" src=\"https:\/\/i0.wp.com\/wp.ufpel.edu.br\/naurb\/files\/2020\/08\/WhatsApp-Image-2020-07-31-at-12.04.47-215x318.jpeg?resize=215%2C318&#038;ssl=1\" alt=\"\" width=\"215\" height=\"318\" \/><\/a><\/p>\n<p><span style=\"font-size: 10pt\">QUARTO DE DESPEJO &#8211; CAROLINA DE JESUS<\/span><\/p>\n<p><a href=\"https:\/\/i0.wp.com\/wp.ufpel.edu.br\/naurb\/files\/2020\/08\/WhatsApp-Image-2020-07-31-at-12.04.46.jpeg?ssl=1\"><img data-recalc-dims=\"1\" loading=\"lazy\" decoding=\"async\" class=\"alignnone size-medium wp-image-1068\" src=\"https:\/\/i0.wp.com\/wp.ufpel.edu.br\/naurb\/files\/2020\/08\/WhatsApp-Image-2020-07-31-at-12.04.46-230x318.jpeg?resize=230%2C318&#038;ssl=1\" alt=\"\" width=\"230\" height=\"318\" \/><\/a><\/p>\n<p><span style=\"font-size: 10pt\">EST\u00c9TICA DA GINGA (<span style=\"font-size: 8pt\">A ARQUITETURA DAS FAVELAS ATRAV\u00c9S DAS OBRAS DE H\u00c9LIO OITICICA<\/span>) &#8211; PAOLA B. JAQUES\u00a0<\/span><\/p>\n<p><strong>Liziane Jorge indica:<\/strong><\/p>\n<p><a href=\"https:\/\/wp.ufpel.edu.br\/naurb\/files\/2020\/08\/Caderno_de_Recomendacoes_Construtivas_NAURB.pdf\">Caderno_de_Recomendacoes_Construtivas -C<\/a>ADERNO DE RECOMENDA\u00c7\u00d5ES CONSTRUTIVAS<\/p>\n<p><a style=\"background-color: #ffffff\" href=\"https:\/\/wp.ufpel.edu.br\/naurb\/files\/2020\/08\/link-para-naurb.pdf\">link para naurb<\/a> &#8211; LINK COM TESES DE LEITURA<\/p>\n<p><strong>Matheus Gomes de Borba indica:<\/strong><\/p>\n<p>SACHS, Ignacy. Estrat\u00e9gias de Transi\u00e7\u00e3o para do s\u00e9culo XXI \u2013 Desenvolvimento e Meio Ambiente. S\u00e3o Paulo: Studio Nobel \u2013 Funda\u00e7\u00e3o para o desenvolvimento administrativo, 1993.<\/p>\n<p>NAZARETH, Perry. Sistemas condominiais de esgotos e sua aplica\u00e7\u00e3o no Distrito Federal. Bras\u00edlia: [s.n.], 1998.<\/p>\n<p>MELO, Jos\u00e9 Carlos. Sistema Condominial de esgotos: Raz\u00f5es, teoria e pr\u00e1tica. Recife: Caixa Econ\u00f4mica Federal, 1994.<\/p>\n<p>MASCAR\u00d3, Juan; YOSHINAGA, M\u00e1rio. Infra-estrutura urbana. 1. ed. Porto Alegre: Masquatro, 2005.<\/p>\n<p><a href=\"https:\/\/wp.ufpel.edu.br\/naurb\/files\/2016\/06\/Tese-de-Doutorado-Nirce-Saffer-Medvedovski.pdf\">MEDVEDOVSKI, Nirce. A vida sem condom\u00ednio: configura\u00e7\u00e3o e servi\u00e7os p\u00fablicos urbanos em conjuntos habitacionais de interesse social. 1998. 493 f. Tese (Doutorado em Arquitetura e Urbanismo) &#8211; Faculdade de Arquitetura e Urbanismo, Universidade de S\u00e3o Paulo, S\u00e3o Paulo, 1998.<\/a><\/p>\n<p>&nbsp;<\/p>\n","protected":false},"excerpt":{"rendered":"<p>I ciclo de Lives NAURB &#8211; &#8220;Compromisso com a moradia e a cidade&#8221; O NAUrb &#8211; Nu\u0301cleo de Arquitetura e Urbanismo foi criado para abrigar as atividades de pesquisa e extensa\u0303o da Faculdade de Arquitetura e Urbanismo da UFPEL que abordam os temas da qualidade do Ambiente Construi\u0301do e de seu ciclo produtivo, um conhecimento [&hellip;]<\/p>\n","protected":false},"author":553,"featured_media":0,"parent":0,"menu_order":5,"comment_status":"closed","ping_status":"closed","template":"","meta":{"jetpack_post_was_ever_published":false,"footnotes":""},"class_list":["post-1064","page","type-page","status-publish","hentry"],"jetpack_sharing_enabled":true,"jetpack_shortlink":"https:\/\/wp.me\/P8X2Zj-ha","jetpack-related-posts":[{"id":744,"url":"https:\/\/wp.ufpel.edu.br\/naurb\/historico\/","url_meta":{"origin":1064,"position":0},"title":"Quem somos","author":"naurb","date":"27\/06\/2016","format":false,"excerpt":"O laborat\u00f3rio NAUrb (N\u00facleo de Pesquisa em Arquitetura e Urbanismo) desenvolve projetos de pesquisa, ensino e extens\u00e3o na \u00e1rea de ensino de arquitetura, envolvendo os temas rela\u00e7\u00f5es Ambiente- Comportamento e Habita\u00e7\u00e3o de Interesse Social. Historicamente desde sua cria\u00e7\u00e3o, em 1999, serviu como abrigo para os temas referentes a Qualidade do\u2026","rel":"","context":"Post similar","block_context":{"text":"Post similar","link":""},"img":{"alt_text":"","src":"https:\/\/i0.wp.com\/wp.ufpel.edu.br\/naurb\/files\/2020\/07\/TEMPLATE-CRONOGRAMA-CAPA-1.jpg?fit=1200%2C1200&ssl=1&resize=350%2C200","width":350,"height":200,"srcset":"https:\/\/i0.wp.com\/wp.ufpel.edu.br\/naurb\/files\/2020\/07\/TEMPLATE-CRONOGRAMA-CAPA-1.jpg?fit=1200%2C1200&ssl=1&resize=350%2C200 1x, https:\/\/i0.wp.com\/wp.ufpel.edu.br\/naurb\/files\/2020\/07\/TEMPLATE-CRONOGRAMA-CAPA-1.jpg?fit=1200%2C1200&ssl=1&resize=525%2C300 1.5x, https:\/\/i0.wp.com\/wp.ufpel.edu.br\/naurb\/files\/2020\/07\/TEMPLATE-CRONOGRAMA-CAPA-1.jpg?fit=1200%2C1200&ssl=1&resize=700%2C400 2x, https:\/\/i0.wp.com\/wp.ufpel.edu.br\/naurb\/files\/2020\/07\/TEMPLATE-CRONOGRAMA-CAPA-1.jpg?fit=1200%2C1200&ssl=1&resize=1050%2C600 3x"},"classes":[]},{"id":1252,"url":"https:\/\/wp.ufpel.edu.br\/naurb\/projeto-aprendendo-com-o-usuario\/","url_meta":{"origin":1064,"position":1},"title":"Projeto Aprendendo com o Usu\u00e1rio","author":"naurb","date":"18\/08\/2021","format":false,"excerpt":"Link para acesso do site do Projeto: https:\/\/wp.ufpel.edu.br\/projeto3a\/ Sobre o Projeto: O espa\u00e7o habitacional \u00e9 um dos pilares necess\u00e1rios para a promo\u00e7\u00e3o do bem-estar e da qualidade de vida. Em alguns casos, a Habita\u00e7\u00e3o de Interesse Social, a Casa M\u00ednima e a Casa Padr\u00e3o, s\u00e3o materializadas objetivando condi\u00e7\u00f5es m\u00ednimas de\u2026","rel":"","context":"Post similar","block_context":{"text":"Post similar","link":""},"img":{"alt_text":"","src":"","width":0,"height":0},"classes":[]},{"id":715,"url":"https:\/\/wp.ufpel.edu.br\/naurb\/biblioteca-virtual\/","url_meta":{"origin":1064,"position":2},"title":"Links de Interesse","author":"naurb","date":"27\/06\/2016","format":false,"excerpt":"Biblioteca criada com objetivo de disponibilizar alguns trabalhos acad\u00eamicos que nos foram doados e outras refer\u00eancias\u00a0utilizadas nas nossas pesquisas. Avalia\u00e7\u00e3o P\u00f3s Ocupa\u00e7\u00e3o\u00a0 Habita\u00e7\u00e3o\u00a0 Metodologia\u00a0 Pol\u00edticas P\u00fablicas de Habita\u00e7\u00e3o\u00a0 Seguran\u00e7a\u00a0 Urbanismo e Planejamento Urbano\u00a0","rel":"","context":"Post similar","block_context":{"text":"Post similar","link":""},"img":{"alt_text":"","src":"https:\/\/i0.wp.com\/wp.ufpel.edu.br\/naurb\/files\/2016\/06\/Book-Stack02.png?resize=350%2C200&ssl=1","width":350,"height":200},"classes":[]},{"id":662,"url":"https:\/\/wp.ufpel.edu.br\/naurb\/equipe\/","url_meta":{"origin":1064,"position":3},"title":"Equipe","author":"naurb","date":"24\/05\/2016","format":false,"excerpt":"PROFESSORES CORDENADORES Nirce\u00a0Saffer\u00a0Medvedovski\u00a0 Lattes:\u00a0http:\/\/lattes.cnpq.br\/7704750589872182\u00a0 Luiza F\u00e9lix Dalla Vecchia Lattes: http:\/\/lattes.cnpq.br\/3026091557054164 \u00a0 PESQUISADORES ASSOCIADOS:\u00a0 Adriane Borda Almeida da Silva\u00a0 Lattes: http:\/\/lattes.cnpq.br\/3860172079417937\u00a0 Emanuela Di\u00a0Felice\u00a0 Lattes:\u00a0http:\/\/lattes.cnpq.br\/8576013096415713\u00a0 Janice Jara Concei\u00e7\u00e3o Dutra\u00a0 Lattes:\u00a0http:\/\/lattes.cnpq.br\/4506121132596630 Jones Vieira Pinto Lattes:\u00a0http:\/\/lattes.cnpq.br\/8217667183207127 Luisa\u00a0de Azevedo dos Santos\u00a0 Lattes:\u00a0http:\/\/lattes.cnpq.br\/4241838350220587\u00a0 Liziane de Oliveira Jorge Lattes:\u00a0http:\/\/lattes.cnpq.br\/9337220113834468 Matheus Gomes Barbosa\u00a0 Lattes:\u00a0http:\/\/lattes.cnpq.br\/3426761067072977\u00a0 Sara Parlato - \u00a0Bolsista\u2026","rel":"","context":"Post similar","block_context":{"text":"Post similar","link":""},"img":{"alt_text":"","src":"","width":0,"height":0},"classes":[]},{"id":1187,"url":"https:\/\/wp.ufpel.edu.br\/naurb\/tecnologiassociais\/","url_meta":{"origin":1064,"position":4},"title":"Tecnologias Sociais","author":"naurb","date":"26\/07\/2021","format":false,"excerpt":"Tutorial - Painel do Censo IBGE 2010 Tutorial desenvolvido com o intuito de auxiliar o acesso \u00e0 plataforma online do censo populacional de 2010 desenvolvido pelo IBGE. ISBN: 978-65-995554-9-7 \u00a0 Cat\u00e1logo de Arboriza\u00e7\u00e3o \u00a0 Caderno de Recomenda\u00e7\u00f5es Construtivas para Habita\u00e7\u00e3o Social Evolutiva Cat\u00e1logo que cont\u00e9m dicas e t\u00e9cnicas construtivas, como\u2026","rel":"","context":"Post similar","block_context":{"text":"Post similar","link":""},"img":{"alt_text":"","src":"","width":0,"height":0},"classes":[]},{"id":757,"url":"https:\/\/wp.ufpel.edu.br\/naurb\/contato\/","url_meta":{"origin":1064,"position":5},"title":"Contato","author":"naurb","date":"27\/06\/2016","format":false,"excerpt":"Devido \u00e0 pandemia do COVID-19 que estamos enfrentando, o contato ao laborat\u00f3rio deve ser realizado temporareamente apenas por e-mail (enquanto as atividades presenciais n\u00e3o retornarem) Endere\u00e7o: \u00a0Rua Benjamin Constant, 1359. Pelotas - RS, 96010-020 - Campus FAUrb, sala 215. Telefone: \u00a0(53) 3284-5507 E-mail:\u00a0naurb.ufpel@gmail.com","rel":"","context":"Post similar","block_context":{"text":"Post similar","link":""},"img":{"alt_text":"","src":"","width":0,"height":0},"classes":[]}],"_links":{"self":[{"href":"https:\/\/wp.ufpel.edu.br\/naurb\/wp-json\/wp\/v2\/pages\/1064","targetHints":{"allow":["GET"]}}],"collection":[{"href":"https:\/\/wp.ufpel.edu.br\/naurb\/wp-json\/wp\/v2\/pages"}],"about":[{"href":"https:\/\/wp.ufpel.edu.br\/naurb\/wp-json\/wp\/v2\/types\/page"}],"author":[{"embeddable":true,"href":"https:\/\/wp.ufpel.edu.br\/naurb\/wp-json\/wp\/v2\/users\/553"}],"replies":[{"embeddable":true,"href":"https:\/\/wp.ufpel.edu.br\/naurb\/wp-json\/wp\/v2\/comments?post=1064"}],"version-history":[{"count":13,"href":"https:\/\/wp.ufpel.edu.br\/naurb\/wp-json\/wp\/v2\/pages\/1064\/revisions"}],"predecessor-version":[{"id":1185,"href":"https:\/\/wp.ufpel.edu.br\/naurb\/wp-json\/wp\/v2\/pages\/1064\/revisions\/1185"}],"wp:attachment":[{"href":"https:\/\/wp.ufpel.edu.br\/naurb\/wp-json\/wp\/v2\/media?parent=1064"}],"curies":[{"name":"wp","href":"https:\/\/api.w.org\/{rel}","templated":true}]}}