{"id":66,"date":"2020-07-07T16:44:20","date_gmt":"2020-07-07T19:44:20","guid":{"rendered":"https:\/\/wp.ufpel.edu.br\/nate\/?page_id=66"},"modified":"2020-08-28T19:39:00","modified_gmt":"2020-08-28T22:39:00","slug":"bolsistas","status":"publish","type":"page","link":"https:\/\/wp.ufpel.edu.br\/nate\/membros\/bolsistas\/","title":{"rendered":"Bolsistas"},"content":{"rendered":"<h3 style=\"text-align: center\">Bolsistas (Gradua\u00e7\u00e3o e P\u00f3s-Gradua\u00e7\u00e3o)<\/h3>\n<p style=\"text-align: center;line-height: 200%;margin: 0cm 0cm 12.0pt 0cm\" align=\"center\">Amanda da Silva Brod<br \/>\nAndr\u00e9 Dessards Jardim<br \/>\nAngela Giovana Fernandez Rocha<br \/>\nBruno Strapazon Figueiredo<br \/>\nCarla Michele Rech<br \/>\nCarlos Eduardo Silva Ferreira<br \/>\nCarolina Foga\u00e7a Tenotti<br \/>\nCintia Ramos Nicoes<br \/>\nCintya Rayssa Dutra Carvalho<br \/>\nCl\u00e1udia Cardoso Goularte<br \/>\nEduardo Abreu Xavier<br \/>\nEliana Aparecida Cadon\u00e1<br \/>\nFabiane Beletti da Silva<br \/>\nGeorge Luis Henrique Costa Vitorino<br \/>\nGreice Dotto Sim\u00f5es<br \/>\nGuilherme Oliveira da Silveira<br \/>\n\u00cdtalo Fontoura Guimar\u00e3es<br \/>\nJanise Ignacio Dos Santos<br \/>\nJonas Machado Rodeghiero<br \/>\nLandressa Rita Schiefelbein<br \/>\nLucia Fialho<br \/>\nMaribel da Rosa Andrade<br \/>\nPedro da Silva Vergara<br \/>\nRafael Rutz dos Santos<br \/>\nRuan Da Silveira Isnardi<br \/>\nThais Rabassa Froner<br \/>\nVer\u00f4nica Porto Gayer<br \/>\nVinicius Britto Moraes<\/p>\n","protected":false},"excerpt":{"rendered":"<p>Bolsistas (Gradua\u00e7\u00e3o e P\u00f3s-Gradua\u00e7\u00e3o) Amanda da Silva Brod Andr\u00e9 Dessards Jardim Angela Giovana Fernandez Rocha Bruno Strapazon Figueiredo Carla Michele Rech Carlos Eduardo Silva Ferreira Carolina Foga\u00e7a Tenotti Cintia Ramos Nicoes Cintya Rayssa Dutra Carvalho Cl\u00e1udia Cardoso Goularte Eduardo Abreu Xavier Eliana Aparecida Cadon\u00e1 Fabiane Beletti da Silva George Luis Henrique Costa Vitorino Greice Dotto [&hellip;]<\/p>\n","protected":false},"author":1033,"featured_media":0,"parent":9,"menu_order":0,"comment_status":"closed","ping_status":"closed","template":"","meta":{"footnotes":""},"class_list":["post-66","page","type-page","status-publish","hentry"],"jetpack_sharing_enabled":true,"jetpack_likes_enabled":false,"_links":{"self":[{"href":"https:\/\/wp.ufpel.edu.br\/nate\/wp-json\/wp\/v2\/pages\/66","targetHints":{"allow":["GET"]}}],"collection":[{"href":"https:\/\/wp.ufpel.edu.br\/nate\/wp-json\/wp\/v2\/pages"}],"about":[{"href":"https:\/\/wp.ufpel.edu.br\/nate\/wp-json\/wp\/v2\/types\/page"}],"author":[{"embeddable":true,"href":"https:\/\/wp.ufpel.edu.br\/nate\/wp-json\/wp\/v2\/users\/1033"}],"replies":[{"embeddable":true,"href":"https:\/\/wp.ufpel.edu.br\/nate\/wp-json\/wp\/v2\/comments?post=66"}],"version-history":[{"count":15,"href":"https:\/\/wp.ufpel.edu.br\/nate\/wp-json\/wp\/v2\/pages\/66\/revisions"}],"predecessor-version":[{"id":817,"href":"https:\/\/wp.ufpel.edu.br\/nate\/wp-json\/wp\/v2\/pages\/66\/revisions\/817"}],"up":[{"embeddable":true,"href":"https:\/\/wp.ufpel.edu.br\/nate\/wp-json\/wp\/v2\/pages\/9"}],"wp:attachment":[{"href":"https:\/\/wp.ufpel.edu.br\/nate\/wp-json\/wp\/v2\/media?parent=66"}],"curies":[{"name":"wp","href":"https:\/\/api.w.org\/{rel}","templated":true}]}}