{"id":625,"date":"2020-09-02T23:15:32","date_gmt":"2020-09-03T02:15:32","guid":{"rendered":"https:\/\/wp.ufpel.edu.br\/nate\/?page_id=625"},"modified":"2020-09-10T16:51:48","modified_gmt":"2020-09-10T19:51:48","slug":"ava","status":"publish","type":"page","link":"https:\/\/wp.ufpel.edu.br\/nate\/ava\/","title":{"rendered":"Ambientes Virtuais de Aprendizagem"},"content":{"rendered":"<div id=\"pl-gb625-69d995dc8d403\"  class=\"panel-layout\" ><div id=\"pg-gb625-69d995dc8d403-0\"  class=\"panel-grid panel-no-style\" ><div id=\"pgc-gb625-69d995dc8d403-0-0\"  class=\"panel-grid-cell\" ><div id=\"panel-gb625-69d995dc8d403-0-0-0\" class=\"widget_text so-panel widget widget_custom_html panel-first-child panel-last-child\" data-index=\"0\" ><div class=\"textwidget custom-html-widget\"><h1 style=\"color:orange\">\n\t<strong>\n\t\tCuradoria NATE UFPel\n\t<\/strong>\n<\/h1>\n<h2 style=\"color:orange\">\n\t<strong>\n\t\tAmbientes Virtuais de Aprendizagem &#8211; Moodle\n\t<\/strong>\n<\/h2><\/div><\/div><\/div><div id=\"pgc-gb625-69d995dc8d403-0-1\"  class=\"panel-grid-cell\" ><div id=\"panel-gb625-69d995dc8d403-0-1-0\" class=\"so-panel widget widget_sow-image panel-first-child panel-last-child\" data-index=\"1\" ><div\n\t\t\t\n\t\t\tclass=\"so-widget-sow-image so-widget-sow-image-default-c67d20f9f743-625\"\n\t\t\t\n\t\t>\n<div class=\"sow-image-container\">\n\t\t\t<a href=\"https:\/\/www.bibsonomy.org\/user\/natedaufpel\/moodle\"\n\t\t\ttarget=\"_blank\" rel=\"noopener noreferrer\" \t\t>\n\t\t\t<img \n\tsrc=\"https:\/\/wp.ufpel.edu.br\/nate\/files\/2020\/08\/moodle.png\" width=\"512\" height=\"263\" srcset=\"https:\/\/wp.ufpel.edu.br\/nate\/files\/2020\/08\/moodle.png 512w, https:\/\/wp.ufpel.edu.br\/nate\/files\/2020\/08\/moodle-400x205.png 400w\" sizes=\"(max-width: 512px) 100vw, 512px\" alt=\"\" \t\tclass=\"so-widget-image\"\/>\n\t\t\t<\/a><\/div>\n\n<\/div><\/div><\/div><\/div><div id=\"pg-gb625-69d995dc8d403-1\"  class=\"panel-grid panel-no-style\" ><div id=\"pgc-gb625-69d995dc8d403-1-0\"  class=\"panel-grid-cell\" ><div id=\"panel-gb625-69d995dc8d403-1-0-0\" class=\"so-panel widget widget_sow-image panel-first-child panel-last-child\" data-index=\"2\" ><div\n\t\t\t\n\t\t\tclass=\"so-widget-sow-image so-widget-sow-image-default-113ccd71f3e6-625\"\n\t\t\t\n\t\t>\n<div class=\"sow-image-container\">\n\t\t\t<a href=\"https:\/\/www.bibsonomy.org\/user\/natedaufpel\/tarefas+moodle\"\n\t\t\ttarget=\"_blank\" rel=\"noopener noreferrer\" \t\t>\n\t\t\t<img \n\tsrc=\"https:\/\/wp.ufpel.edu.br\/nate\/files\/2020\/09\/WhatsApp-Image-2020-09-05-at-17.08.16-200x200.jpeg\" width=\"200\" height=\"200\" srcset=\"https:\/\/wp.ufpel.edu.br\/nate\/files\/2020\/09\/WhatsApp-Image-2020-09-05-at-17.08.16-200x200.jpeg 200w, https:\/\/wp.ufpel.edu.br\/nate\/files\/2020\/09\/WhatsApp-Image-2020-09-05-at-17.08.16.jpeg 400w\" sizes=\"(max-width: 200px) 100vw, 200px\" title=\"Tarefa\" alt=\"S\u00edmbolo de Tarefa - Moodle\" \t\tclass=\"so-widget-image\"\/>\n\t\t\t<\/a><\/div>\n\n<h3 class=\"widget-title\">Tarefa<\/h3><\/div><\/div><\/div><div id=\"pgc-gb625-69d995dc8d403-1-1\"  class=\"panel-grid-cell\" ><div id=\"panel-gb625-69d995dc8d403-1-1-0\" class=\"so-panel widget widget_sow-image panel-first-child panel-last-child\" data-index=\"3\" ><div\n\t\t\t\n\t\t\tclass=\"so-widget-sow-image so-widget-sow-image-default-113ccd71f3e6-625\"\n\t\t\t\n\t\t>\n<div class=\"sow-image-container\">\n\t\t\t<a href=\"https:\/\/www.bibsonomy.org\/user\/natedaufpel\/question\u00e1rios+moodle\"\n\t\t\ttarget=\"_blank\" rel=\"noopener noreferrer\" \t\t>\n\t\t\t<img \n\tsrc=\"https:\/\/wp.ufpel.edu.br\/nate\/files\/2020\/09\/WhatsApp-Image-2020-09-05-at-17.08.15-1-200x200.jpeg\" width=\"200\" height=\"200\" srcset=\"https:\/\/wp.ufpel.edu.br\/nate\/files\/2020\/09\/WhatsApp-Image-2020-09-05-at-17.08.15-1-200x200.jpeg 200w, https:\/\/wp.ufpel.edu.br\/nate\/files\/2020\/09\/WhatsApp-Image-2020-09-05-at-17.08.15-1.jpeg 400w\" sizes=\"(max-width: 200px) 100vw, 200px\" title=\"Question\u00e1rio\" alt=\"S\u00edmbolo do Question\u00e1rio - Moodle\" \t\tclass=\"so-widget-image\"\/>\n\t\t\t<\/a><\/div>\n\n<h3 class=\"widget-title\">Question\u00e1rio<\/h3><\/div><\/div><\/div><div id=\"pgc-gb625-69d995dc8d403-1-2\"  class=\"panel-grid-cell\" ><div id=\"panel-gb625-69d995dc8d403-1-2-0\" class=\"so-panel widget widget_sow-image panel-first-child panel-last-child\" data-index=\"4\" ><div\n\t\t\t\n\t\t\tclass=\"so-widget-sow-image so-widget-sow-image-default-113ccd71f3e6-625\"\n\t\t\t\n\t\t>\n<div class=\"sow-image-container\">\n\t\t\t<a href=\"https:\/\/www.bibsonomy.org\/user\/natedaufpel\/f%C3%B3rum%20moodle\"\n\t\t\ttarget=\"_blank\" rel=\"noopener noreferrer\" \t\t>\n\t\t\t<img \n\tsrc=\"https:\/\/wp.ufpel.edu.br\/nate\/files\/2020\/09\/WhatsApp-Image-2020-09-05-at-17.08.15-200x200.jpeg\" width=\"200\" height=\"200\" srcset=\"https:\/\/wp.ufpel.edu.br\/nate\/files\/2020\/09\/WhatsApp-Image-2020-09-05-at-17.08.15-200x200.jpeg 200w, https:\/\/wp.ufpel.edu.br\/nate\/files\/2020\/09\/WhatsApp-Image-2020-09-05-at-17.08.15.jpeg 400w\" sizes=\"(max-width: 200px) 100vw, 200px\" title=\"F\u00f3rum\" alt=\"S\u00edmbolo do F\u00f3rum - Moodle\" \t\tclass=\"so-widget-image\"\/>\n\t\t\t<\/a><\/div>\n\n<h3 class=\"widget-title\">F\u00f3rum<\/h3><\/div><\/div><\/div><\/div><div id=\"pg-gb625-69d995dc8d403-2\"  class=\"panel-grid panel-no-style\" ><div id=\"pgc-gb625-69d995dc8d403-2-0\"  class=\"panel-grid-cell\" ><div id=\"panel-gb625-69d995dc8d403-2-0-0\" class=\"so-panel widget widget_sow-image panel-first-child panel-last-child\" data-index=\"5\" ><div\n\t\t\t\n\t\t\tclass=\"so-widget-sow-image so-widget-sow-image-default-113ccd71f3e6-625\"\n\t\t\t\n\t\t>\n<div class=\"sow-image-container\">\n\t\t\t<a href=\"https:\/\/www.bibsonomy.org\/user\/natedaufpel\/li%C3%A7%C3%A3o+moodle\"\n\t\t\ttarget=\"_blank\" rel=\"noopener noreferrer\" \t\t>\n\t\t\t<img \n\tsrc=\"https:\/\/wp.ufpel.edu.br\/nate\/files\/2020\/09\/WhatsApp-Image-2020-09-04-at-20.09.48-200x200.jpeg\" width=\"200\" height=\"200\" srcset=\"https:\/\/wp.ufpel.edu.br\/nate\/files\/2020\/09\/WhatsApp-Image-2020-09-04-at-20.09.48-200x200.jpeg 200w, https:\/\/wp.ufpel.edu.br\/nate\/files\/2020\/09\/WhatsApp-Image-2020-09-04-at-20.09.48-400x400.jpeg 400w, https:\/\/wp.ufpel.edu.br\/nate\/files\/2020\/09\/WhatsApp-Image-2020-09-04-at-20.09.48.jpeg 500w\" sizes=\"(max-width: 200px) 100vw, 200px\" title=\"Li\u00e7\u00e3o\" alt=\"S\u00edmbolo de Li\u00e7\u00e3o  - Moodle\" \t\tclass=\"so-widget-image\"\/>\n\t\t\t<\/a><\/div>\n\n<h3 class=\"widget-title\">Li\u00e7\u00e3o<\/h3><\/div><\/div><\/div><div id=\"pgc-gb625-69d995dc8d403-2-1\"  class=\"panel-grid-cell\" ><div id=\"panel-gb625-69d995dc8d403-2-1-0\" class=\"so-panel widget widget_sow-image panel-first-child panel-last-child\" data-index=\"6\" ><div\n\t\t\t\n\t\t\tclass=\"so-widget-sow-image so-widget-sow-image-default-113ccd71f3e6-625\"\n\t\t\t\n\t\t>\n<div class=\"sow-image-container\">\n\t\t\t<a href=\"https:\/\/www.bibsonomy.org\/user\/natedaufpel\/livrodenotas+moodle\"\n\t\t\ttarget=\"_blank\" rel=\"noopener noreferrer\" \t\t>\n\t\t\t<img \n\tsrc=\"https:\/\/wp.ufpel.edu.br\/nate\/files\/2020\/09\/WhatsApp-Image-2020-09-04-at-20.09.48-1-200x200.jpeg\" width=\"200\" height=\"200\" srcset=\"https:\/\/wp.ufpel.edu.br\/nate\/files\/2020\/09\/WhatsApp-Image-2020-09-04-at-20.09.48-1-200x200.jpeg 200w, https:\/\/wp.ufpel.edu.br\/nate\/files\/2020\/09\/WhatsApp-Image-2020-09-04-at-20.09.48-1.jpeg 400w\" sizes=\"(max-width: 200px) 100vw, 200px\" title=\"Livro de Notas\" alt=\"S\u00edmbolo do Livro de Notas - Moodle\" \t\tclass=\"so-widget-image\"\/>\n\t\t\t<\/a><\/div>\n\n<h3 class=\"widget-title\">Livro de Notas<\/h3><\/div><\/div><\/div><div id=\"pgc-gb625-69d995dc8d403-2-2\"  class=\"panel-grid-cell\" ><div id=\"panel-gb625-69d995dc8d403-2-2-0\" class=\"so-panel widget widget_sow-image panel-first-child panel-last-child\" data-index=\"7\" ><div\n\t\t\t\n\t\t\tclass=\"so-widget-sow-image so-widget-sow-image-default-113ccd71f3e6-625\"\n\t\t\t\n\t\t>\n<div class=\"sow-image-container\">\n\t\t\t<a href=\"https:\/\/www.bibsonomy.org\/user\/natedaufpel\/grupos+moodle\"\n\t\t\ttarget=\"_blank\" rel=\"noopener noreferrer\" \t\t>\n\t\t\t<img \n\tsrc=\"https:\/\/wp.ufpel.edu.br\/nate\/files\/2020\/09\/WhatsApp-Image-2020-09-04-at-20.09.47-1-200x200.jpeg\" width=\"200\" height=\"200\" srcset=\"https:\/\/wp.ufpel.edu.br\/nate\/files\/2020\/09\/WhatsApp-Image-2020-09-04-at-20.09.47-1-200x200.jpeg 200w, https:\/\/wp.ufpel.edu.br\/nate\/files\/2020\/09\/WhatsApp-Image-2020-09-04-at-20.09.47-1.jpeg 400w\" sizes=\"(max-width: 200px) 100vw, 200px\" title=\"Grupos\" alt=\"S\u00edmbolo do Grupos - Moodle\" \t\tclass=\"so-widget-image\"\/>\n\t\t\t<\/a><\/div>\n\n<h3 class=\"widget-title\">Grupos<\/h3><\/div><\/div><\/div><\/div><div id=\"pg-gb625-69d995dc8d403-3\"  class=\"panel-grid panel-no-style\" ><div id=\"pgc-gb625-69d995dc8d403-3-0\"  class=\"panel-grid-cell\" ><div id=\"panel-gb625-69d995dc8d403-3-0-0\" class=\"so-panel widget widget_sow-image panel-first-child panel-last-child\" data-index=\"8\" ><div\n\t\t\t\n\t\t\tclass=\"so-widget-sow-image so-widget-sow-image-default-113ccd71f3e6-625\"\n\t\t\t\n\t\t>\n<div class=\"sow-image-container\">\n\t\t\t<a href=\"https:\/\/www.bibsonomy.org\/user\/natedaufpel\/cursoonline%20moodle\"\n\t\t\ttarget=\"_blank\" rel=\"noopener noreferrer\" \t\t>\n\t\t\t<img \n\tsrc=\"https:\/\/wp.ufpel.edu.br\/nate\/files\/2020\/09\/WhatsApp-Image-2020-09-04-at-20.09.47-200x200.jpeg\" width=\"200\" height=\"200\" srcset=\"https:\/\/wp.ufpel.edu.br\/nate\/files\/2020\/09\/WhatsApp-Image-2020-09-04-at-20.09.47-200x200.jpeg 200w, https:\/\/wp.ufpel.edu.br\/nate\/files\/2020\/09\/WhatsApp-Image-2020-09-04-at-20.09.47.jpeg 400w\" sizes=\"(max-width: 200px) 100vw, 200px\" title=\"Cursos\" alt=\"S\u00edmbolo de Cursos - Moodle\" \t\tclass=\"so-widget-image\"\/>\n\t\t\t<\/a><\/div>\n\n<h3 class=\"widget-title\">Cursos<\/h3><\/div><\/div><\/div><div id=\"pgc-gb625-69d995dc8d403-3-1\"  class=\"panel-grid-cell panel-grid-cell-mobile-last\" ><div id=\"panel-gb625-69d995dc8d403-3-1-0\" class=\"so-panel widget widget_sow-image panel-first-child panel-last-child\" data-index=\"9\" ><div\n\t\t\t\n\t\t\tclass=\"so-widget-sow-image so-widget-sow-image-default-113ccd71f3e6-625\"\n\t\t\t\n\t\t>\n<div class=\"sow-image-container\">\n\t\t\t<a href=\"https:\/\/www.bibsonomy.org\/user\/natedaufpel\/tutorial+moodle\"\n\t\t\ttarget=\"_blank\" rel=\"noopener noreferrer\" \t\t>\n\t\t\t<img \n\tsrc=\"https:\/\/wp.ufpel.edu.br\/nate\/files\/2020\/09\/WhatsApp-Image-2020-09-04-at-20.09.48-2-200x200.jpeg\" width=\"200\" height=\"200\" srcset=\"https:\/\/wp.ufpel.edu.br\/nate\/files\/2020\/09\/WhatsApp-Image-2020-09-04-at-20.09.48-2-200x200.jpeg 200w, https:\/\/wp.ufpel.edu.br\/nate\/files\/2020\/09\/WhatsApp-Image-2020-09-04-at-20.09.48-2.jpeg 400w\" sizes=\"(max-width: 200px) 100vw, 200px\" title=\"Tutoriais\" alt=\"S\u00edmbolo de Tutoriais - Moodle\" \t\tclass=\"so-widget-image\"\/>\n\t\t\t<\/a><\/div>\n\n<h3 class=\"widget-title\">Tutoriais<\/h3><\/div><\/div><\/div><div id=\"pgc-gb625-69d995dc8d403-3-2\"  class=\"panel-grid-cell panel-grid-cell-empty\" ><\/div><\/div><\/div>","protected":false},"excerpt":{"rendered":"","protected":false},"author":1033,"featured_media":0,"parent":0,"menu_order":0,"comment_status":"closed","ping_status":"closed","template":"","meta":{"footnotes":""},"class_list":["post-625","page","type-page","status-publish","hentry"],"jetpack_sharing_enabled":true,"jetpack_likes_enabled":false,"_links":{"self":[{"href":"https:\/\/wp.ufpel.edu.br\/nate\/wp-json\/wp\/v2\/pages\/625","targetHints":{"allow":["GET"]}}],"collection":[{"href":"https:\/\/wp.ufpel.edu.br\/nate\/wp-json\/wp\/v2\/pages"}],"about":[{"href":"https:\/\/wp.ufpel.edu.br\/nate\/wp-json\/wp\/v2\/types\/page"}],"author":[{"embeddable":true,"href":"https:\/\/wp.ufpel.edu.br\/nate\/wp-json\/wp\/v2\/users\/1033"}],"replies":[{"embeddable":true,"href":"https:\/\/wp.ufpel.edu.br\/nate\/wp-json\/wp\/v2\/comments?post=625"}],"version-history":[{"count":41,"href":"https:\/\/wp.ufpel.edu.br\/nate\/wp-json\/wp\/v2\/pages\/625\/revisions"}],"predecessor-version":[{"id":970,"href":"https:\/\/wp.ufpel.edu.br\/nate\/wp-json\/wp\/v2\/pages\/625\/revisions\/970"}],"wp:attachment":[{"href":"https:\/\/wp.ufpel.edu.br\/nate\/wp-json\/wp\/v2\/media?parent=625"}],"curies":[{"name":"wp","href":"https:\/\/api.w.org\/{rel}","templated":true}]}}