{"id":260,"date":"2020-07-22T16:23:56","date_gmt":"2020-07-22T19:23:56","guid":{"rendered":"https:\/\/wp.ufpel.edu.br\/nate\/?page_id=260"},"modified":"2020-07-22T16:24:45","modified_gmt":"2020-07-22T19:24:45","slug":"perguntas-freq-faq-teste","status":"publish","type":"page","link":"https:\/\/wp.ufpel.edu.br\/nate\/perguntas-freq-faq-teste\/","title":{"rendered":"Perguntas Freq. (FAQ) &#8211;teste"},"content":{"rendered":"[expand\u00a0id=&#8221;comoacessar&#8221;\u00a0title=&#8221;Como acesso o e-AULA?&#8221; tag=&#8221;strong&#8221; rel=&#8221;-highlander&#8221;]\n<p>Entre no site do e-AULA(https:\/\/e-aula.ufpel.edu.br), clique em acesse, o sistema ir\u00e1 pedir suas credenciais do cobalto (CPF e senha), ap\u00f3s inform\u00e1-las, clique em enviar. Se suas credenciais estiverem corretas, voc\u00ea entrar\u00e1 no e-AULA.<\/p>\n[\/expand]\n","protected":false},"excerpt":{"rendered":"[expand\u00a0id=&#8221;comoacessar&#8221;\u00a0title=&#8221;Como acesso o e-AULA?&#8221; tag=&#8221;strong&#8221; rel=&#8221;-highlander&#8221;] Entre no site do e-AULA(https:\/\/e-aula.ufpel.edu.br), clique em acesse, o sistema ir\u00e1 pedir suas credenciais do cobalto (CPF e senha), ap\u00f3s inform\u00e1-las, clique em enviar. Se suas credenciais estiverem corretas, voc\u00ea entrar\u00e1 no e-AULA. [\/expand]\n","protected":false},"author":296,"featured_media":0,"parent":0,"menu_order":0,"comment_status":"closed","ping_status":"closed","template":"","meta":{"footnotes":""},"class_list":["post-260","page","type-page","status-publish","hentry"],"jetpack_sharing_enabled":true,"jetpack_likes_enabled":false,"_links":{"self":[{"href":"https:\/\/wp.ufpel.edu.br\/nate\/wp-json\/wp\/v2\/pages\/260","targetHints":{"allow":["GET"]}}],"collection":[{"href":"https:\/\/wp.ufpel.edu.br\/nate\/wp-json\/wp\/v2\/pages"}],"about":[{"href":"https:\/\/wp.ufpel.edu.br\/nate\/wp-json\/wp\/v2\/types\/page"}],"author":[{"embeddable":true,"href":"https:\/\/wp.ufpel.edu.br\/nate\/wp-json\/wp\/v2\/users\/296"}],"replies":[{"embeddable":true,"href":"https:\/\/wp.ufpel.edu.br\/nate\/wp-json\/wp\/v2\/comments?post=260"}],"version-history":[{"count":5,"href":"https:\/\/wp.ufpel.edu.br\/nate\/wp-json\/wp\/v2\/pages\/260\/revisions"}],"predecessor-version":[{"id":286,"href":"https:\/\/wp.ufpel.edu.br\/nate\/wp-json\/wp\/v2\/pages\/260\/revisions\/286"}],"wp:attachment":[{"href":"https:\/\/wp.ufpel.edu.br\/nate\/wp-json\/wp\/v2\/media?parent=260"}],"curies":[{"name":"wp","href":"https:\/\/api.w.org\/{rel}","templated":true}]}}