{"id":14,"date":"2020-07-06T19:30:04","date_gmt":"2020-07-06T22:30:04","guid":{"rendered":"https:\/\/wp.ufpel.edu.br\/nate\/?page_id=14"},"modified":"2020-08-05T19:16:59","modified_gmt":"2020-08-05T22:16:59","slug":"quem-somos","status":"publish","type":"page","link":"https:\/\/wp.ufpel.edu.br\/nate\/quem-somos\/","title":{"rendered":"Quem Somos"},"content":{"rendered":"<p style=\"text-align: center\"><b>UFPEL CRIA N\u00daCLEO PARA VENCER AS DEMANDAS E DESAFIOS DO CALEND\u00c1RIO ALTERNATIVO E ENSINO-APRENDIZAGEM REMOTO<\/b><\/p>\n<p><span style=\"font-weight: 400\">Ap\u00f3s aprovar um <\/span><a href=\"https:\/\/bit.ly\/2OPlC1P\"><span style=\"font-weight: 400\">calend\u00e1rio alternativo<\/span><\/a><span style=\"font-weight: 400\">, atrav\u00e9s da portaria n\u00b0 1011 de 08\/06\/2020, a UFPel criou o N\u00facleo de Apoio a Tecnologias Educacionais (NATE), vinculado \u00e0 Pr\u00f3-Reitoria de Ensino. A institui\u00e7\u00e3o&nbsp; tem se tornado refer\u00eancia em iniciativas na gest\u00e3o das demandas surgidas a partir da pandemia e em fun\u00e7\u00e3o do isolamento social.&nbsp;<\/span><\/p>\n<p><span style=\"font-weight: 400\">O NATE, como \u00e9 conhecido, surge para amparar tecnol\u00f3gica e pedagogicamente o ensino superior da UFPel e todo o processo de ensino-aprendizagem digital. Neste primeiro momento, com a necessidade de fortalecer a conex\u00e3o entre docentes e acad\u00eamicos, bem como, capacitar todos no uso das plataformas e ferramentas digitais, prop\u00f5e encontrar formas de romper barreiras e encurtar dist\u00e2ncias no processo de constru\u00e7\u00e3o do conhecimento cient\u00edfico e ensino-aprendizagem.<\/span><span style=\"font-weight: 400\"><br \/>\n<\/span><\/p>\n<p><span style=\"font-weight: 400\">O n\u00facleo \u00e9 formado por 30&nbsp; bolsistas (15 da gradua\u00e7\u00e3o e 15 da p\u00f3s-gradua\u00e7\u00e3o, selecionados mediante edital) sob coordena\u00e7\u00e3o da Prof\u00aa Rosaura Esp\u00edrito Santo e do Prof. Christiano \u00c1vila. O NATE, que est\u00e1 na estrutura da&nbsp; pr\u00f3-reitoria de Ensino, conta, ainda, com um conselho formado por outros 12 professores, al\u00e9m dos j\u00e1 citados, conforme a portaria n\u00ba <\/span><a href=\"https:\/\/bit.ly\/2WMchME\"><span style=\"font-weight: 400\">1094<\/span><\/a><span style=\"font-weight: 400\"> de 29 de junho.<\/span><\/p>\n<p><span style=\"font-weight: 400\">Sempre trabalhando em parceria com as estruturas j\u00e1 existentes, a fim de conectar experi\u00eancias e suprir novas demandas, o NATE enfrenta, em conjunto, \u00e0s principais d\u00favidas latentes entre professores&nbsp; e alunos recebidas, inicialmente, por um e-mail de suporte.<\/span><\/p>\n<p><span style=\"font-weight: 400\">Destacam-se as a\u00e7\u00f5es j\u00e1 realizadas pela equipe rec\u00e9m criada: a REDE-NATE, o Espa\u00e7o NATE Forma\u00e7\u00e3o e a produ\u00e7\u00e3o de pe\u00e7as audiovisuais, tutoriais, guias e manuais \u00fateis \u00e0s quest\u00f5es do ensino remoto.<\/span><\/p>\n<p><span style=\"font-weight: 400\">A REDE NATE \u00e9 um ambiente colaborativo. Neste espa\u00e7o, os professores e alunos podem compor um ambiente direcionado \u00e0s especificidades de cada unidade. A proposta tem girado em torno da articula\u00e7\u00e3o das d\u00favidas e solu\u00e7\u00f5es apresentadas nas unidades, produzindo uma s\u00e9rie de materiais, informativos e estrat\u00e9gias para o ensino-aprendizagem remoto.<\/span><\/p>\n<table>\n<tbody>\n<tr>\n<td>\n<p style=\"text-align: center\"><b>O QUE FAZ O NATE:<\/b><\/p>\n<p><b>&#8211; Auxilia os&nbsp; professores da gradua\u00e7\u00e3o e p\u00f3s-gradua\u00e7\u00e3o;<\/b><\/p>\n<p><b>&#8211; Oferece suporte t\u00e9cnico da plataforma moodle e <\/b><b>de ferramentas de ensino virtual;&nbsp;<\/b><\/p>\n<p><b>&#8211; Media a comunica\u00e7\u00e3o de conte\u00fados entre <\/b><b>professor e alunos;<\/b><\/p>\n<p><b>&#8211; D\u00e1 suporte pedag\u00f3gico para&nbsp; professores de cursos de gradua\u00e7\u00e3o e p\u00f3s-gradua\u00e7\u00e3o;<\/b><\/p>\n<p><b>&#8211; Apoia os professores no desenvolvimento das&nbsp; <\/b><b>atividades relativas \u00e0 utiliza\u00e7\u00e3o do ambiente virtual de aprendizagem;<\/b><\/p>\n<p><b>&#8211; D\u00e1 suporte aos discentes no uso da plataforma <\/b><b>Moodle;<\/b><\/p>\n<p><b>&nbsp;&#8211; Elabora documentos orientadores e tutoriais.<\/b><\/td>\n<\/tr>\n<\/tbody>\n<\/table>\n<p style=\"text-align: center\"><b>&nbsp;&nbsp;<\/b><\/p>\n<p><span style=\"font-weight: 400\">O NATE FORMA\u00c7\u00c3O \u00e9 um espa\u00e7o virtual voltado para os docentes que visa dar suporte e capacita\u00e7\u00e3o nas diferentes ferramentas dos ambientes de ensino-aprendizagem remoto oferecidos neste per\u00edodo de calend\u00e1rio alternativo disponibilizado. Que j\u00e1 est\u00e1 com o primeiro ciclo de forma\u00e7\u00e3o em curso.<\/span><\/p>\n<p><span style=\"font-weight: 400\">Neste espa\u00e7o, os professores da UFPel ter\u00e3o acesso a diversos t\u00f3picos relacionados ao uso das ferramentas do e-AULA, bem como orienta\u00e7\u00f5es de acesso e integra\u00e7\u00e3o com o Cobalto, informa\u00e7\u00f5es sobre direitos autorais e pl\u00e1gio acad\u00eamico, sugest\u00f5es para o planejamento das disciplinas e, ainda, uma biblioteca de compartilhamento de materiais.&nbsp;<\/span><\/p>\n<p><span style=\"font-weight: 400\">Em virtude dos requisitos legais, o NATE entrou em funcionamento a todo vapor, praticamente, no in\u00edcio das aulas. Os coordenadores, o conselho e a rede de bolsistas desenvolveram de l\u00e1 para c\u00e1 um trabalho que aos poucos vai dando resultados. Al\u00e9m dos j\u00e1 citados, enfatiza-se o suporte em tempo real, oferecido pelos bolsistas, tutoriais, videos, ambientes virtuais, estrat\u00e9gias de m\u00eddias sociais e a cria\u00e7\u00e3o de diferentes solu\u00e7\u00f5es e tecnologias educacionais para ensino remoto.<\/span><\/p>\n<p><b>CANAL DE ATENDIMENTO DO NATE:<\/b> <a href=\"http:\/\/atendimento.ufpel.edu.br\"><span style=\"font-weight: 400\">atendimento.ufpel.edu.br<\/span><\/a><\/p>\n<p><b>CONFIRA OS NOMES QUE COMP\u00d5EM O CONSELHO:<\/b><\/p>\n<table>\n<tbody>\n<tr>\n<td><span style=\"font-weight: 400\">Analisa Zorzi; Ant\u00f4nio Maur\u00edcio Medeiros Alves; Christiano Martino Otero \u00c1vila; Edgar \u00c1vila Gandra; Eduardo Ferreira Das Neves Filho; Francisco Dos Santos Kieling; J\u00falio Carlos Balzano De Mattos; Lui N\u00f6rnberg; Regina Trilho Otero Xavier; Rosaura Esp\u00edrito Santo Da Silva; Rose Adriana Andrade De Miranda; Sabrina Bobsin Salazar; Tiago Thompsen Primo; Vania Grim Thies.<\/span><\/td>\n<\/tr>\n<\/tbody>\n<\/table>\n<p><\/p>\n","protected":false},"excerpt":{"rendered":"<p>UFPEL CRIA N\u00daCLEO PARA VENCER AS DEMANDAS E DESAFIOS DO CALEND\u00c1RIO ALTERNATIVO E ENSINO-APRENDIZAGEM REMOTO Ap\u00f3s aprovar um calend\u00e1rio alternativo, atrav\u00e9s da portaria n\u00b0 1011 de 08\/06\/2020, a UFPel criou o N\u00facleo de Apoio a Tecnologias Educacionais (NATE), vinculado \u00e0 Pr\u00f3-Reitoria de Ensino. A institui\u00e7\u00e3o&nbsp; tem se tornado refer\u00eancia em iniciativas na gest\u00e3o das demandas [&hellip;]<\/p>\n","protected":false},"author":1033,"featured_media":0,"parent":0,"menu_order":0,"comment_status":"closed","ping_status":"closed","template":"","meta":{"footnotes":""},"class_list":["post-14","page","type-page","status-publish","hentry"],"jetpack_sharing_enabled":true,"jetpack_likes_enabled":false,"_links":{"self":[{"href":"https:\/\/wp.ufpel.edu.br\/nate\/wp-json\/wp\/v2\/pages\/14","targetHints":{"allow":["GET"]}}],"collection":[{"href":"https:\/\/wp.ufpel.edu.br\/nate\/wp-json\/wp\/v2\/pages"}],"about":[{"href":"https:\/\/wp.ufpel.edu.br\/nate\/wp-json\/wp\/v2\/types\/page"}],"author":[{"embeddable":true,"href":"https:\/\/wp.ufpel.edu.br\/nate\/wp-json\/wp\/v2\/users\/1033"}],"replies":[{"embeddable":true,"href":"https:\/\/wp.ufpel.edu.br\/nate\/wp-json\/wp\/v2\/comments?post=14"}],"version-history":[{"count":7,"href":"https:\/\/wp.ufpel.edu.br\/nate\/wp-json\/wp\/v2\/pages\/14\/revisions"}],"predecessor-version":[{"id":410,"href":"https:\/\/wp.ufpel.edu.br\/nate\/wp-json\/wp\/v2\/pages\/14\/revisions\/410"}],"wp:attachment":[{"href":"https:\/\/wp.ufpel.edu.br\/nate\/wp-json\/wp\/v2\/media?parent=14"}],"curies":[{"name":"wp","href":"https:\/\/api.w.org\/{rel}","templated":true}]}}