{"id":1168,"date":"2020-12-04T15:03:39","date_gmt":"2020-12-04T18:03:39","guid":{"rendered":"https:\/\/wp.ufpel.edu.br\/nate\/?page_id=1168"},"modified":"2020-12-22T15:45:52","modified_gmt":"2020-12-22T18:45:52","slug":"dados-preliminares","status":"publish","type":"page","link":"https:\/\/wp.ufpel.edu.br\/nate\/dados-preliminares\/","title":{"rendered":"Dados Preliminares da Pesquisa sobre o Calend\u00e1rio Acad\u00eamico com Ensino remoto"},"content":{"rendered":"<p><span style=\"font-size: 14pt\"><b>PR\u00d3-REITORIA DE ENSINO E NATE DIVULGAM OS RESULTADOS PRELIMINARES DA PESQUISA DE AVALIA\u00c7\u00c3O DO CALEND\u00c1RIO ACAD\u00caMICO COM ENSINO REMOTO DESTE SEMESTRE<\/b><\/span><\/p>\n<p><span style=\"font-size: 14pt\"><b>Estudantes matriculados\/as e docentes com disciplinas neste calend\u00e1rio foram consultados atrav\u00e9s de um question\u00e1rio. Cerca de 4&nbsp; mil estudantes matriculados\/as e 800 docentes com disciplinas nesta fase do calend\u00e1rio responderam ao question\u00e1rio. A pesquisa visa avaliar as atividades remotas, produzindo um diagn\u00f3stico que possibilite sua gradual qualifica\u00e7\u00e3o. A pesquisa contou com ampla divulga\u00e7\u00e3o dos canais do NATE e o apoio da Coordenadoria de Comunica\u00e7\u00e3o Social da UFPel.<\/b><\/span><\/p>\n<p><span style=\"font-weight: 400;font-size: 14pt\">A pesquisa, com objetivo geral de avaliar quest\u00f5es pertinentes ao calend\u00e1rio remoto iniciado em outubro, busca a qualifica\u00e7\u00e3o das a\u00e7\u00f5es de ensino n\u00e3o-presencial. As quest\u00f5es e question\u00e1rios foram elaborados pela equipe&nbsp; e conselho&nbsp; do NATE e atrav\u00e9s da colabora\u00e7\u00e3o da Progic\/UFPel, os convites foram enviados a partir das informa\u00e7\u00f5es dispon\u00edveis no Cobalto. Nesta etapa, participaram docentes com disciplinas no calend\u00e1rio remoto e estudantes matriculados\/as, tanto de gradua\u00e7\u00e3o como de p\u00f3s-gradua\u00e7\u00e3o.&nbsp;<\/span><\/p>\n<p><span style=\"font-weight: 400;font-size: 14pt\">Utilizando&nbsp; o LimeSurvey (SurveyUFPel), em 23\/11\/2020 foram enviados os convites para os\/as 17.166&nbsp; estudantes&nbsp; matriculados\/as&nbsp; e os\/as 1.297 docentes que ofertaram disciplinas no calend\u00e1rio acad\u00eamico, iniciado em outubro. Os question\u00e1rios ficaram dispon\u00edveis at\u00e9&nbsp; 30\/11\/2020 e,&nbsp; no per\u00edodo, 3.819 estudantes responderam,&nbsp; conforme mostra a Tabela 1. Deste total, 3.105 respondentes s\u00e3o estudantes matriculados\/as na gradua\u00e7\u00e3o e 714 na p\u00f3s-gradua\u00e7\u00e3o.&nbsp;<\/span><\/p>\n<p style=\"text-align: center\"><span style=\"font-size: 14pt\"><img class=\"alignnone size-medium wp-image-1170\" src=\"https:\/\/wp.ufpel.edu.br\/nate\/files\/2020\/12\/WhatsApp-Image-2020-12-04-at-14.17.23-400x265.jpeg\" alt=\"\" width=\"400\" height=\"265\" srcset=\"https:\/\/wp.ufpel.edu.br\/nate\/files\/2020\/12\/WhatsApp-Image-2020-12-04-at-14.17.23-400x265.jpeg 400w, https:\/\/wp.ufpel.edu.br\/nate\/files\/2020\/12\/WhatsApp-Image-2020-12-04-at-14.17.23.jpeg 581w\" sizes=\"(max-width: 400px) 100vw, 400px\" \/><\/span><\/p>\n<p style=\"text-align: center\"><span style=\"font-weight: 400;font-size: 14pt\">Tabela 1. Resumo dos\/as estudantes participantes. Fonte: LimeSurvey<\/span><\/p>\n<p><span style=\"font-weight: 400;font-size: 14pt\">J\u00e1 entre docentes, 786 responderam ao question\u00e1rio, conforme pode ser observado na Tabela abaixo. O n\u00famero representa&nbsp; 60,6%&nbsp; de todos\/as os\/as docentes com disciplinas no calend\u00e1rio acad\u00eamico com ensino remoto emergencial.<\/span><\/p>\n<p><span style=\"font-size: 14pt\"><img class=\"alignnone size-medium wp-image-1171 aligncenter\" src=\"https:\/\/wp.ufpel.edu.br\/nate\/files\/2020\/12\/WhatsApp-Image-2020-12-04-at-14.17.24-400x253.jpeg\" alt=\"\" width=\"400\" height=\"253\" srcset=\"https:\/\/wp.ufpel.edu.br\/nate\/files\/2020\/12\/WhatsApp-Image-2020-12-04-at-14.17.24-400x253.jpeg 400w, https:\/\/wp.ufpel.edu.br\/nate\/files\/2020\/12\/WhatsApp-Image-2020-12-04-at-14.17.24.jpeg 671w\" sizes=\"(max-width: 400px) 100vw, 400px\" \/><\/span><\/p>\n<p style=\"text-align: center\"><span style=\"font-size: 14pt\"><span style=\"font-weight: 400\">Tabela 2. Resumo dos\/as professores participantes. <\/span><span style=\"font-weight: 400\">Fonte: LimeSurvey<\/span><\/span><\/p>\n<p><span style=\"font-weight: 400;font-size: 14pt\">A PRE e o NATE agradecem o apoio e a participa\u00e7\u00e3o de todos\/as. Confira os resultados preliminares:<\/span><\/p>\n<p><\/p>\n\n<div\n\t\t\t\n\t\t\tclass=\"so-widget-sow-button so-widget-sow-button-atom-e787ad1a090d\"\n\t\t\t\n\t\t><div class=\"ow-button-base ow-button-align-center\"\n>\n\t\t\t<a\n\t\t\t\t\thref=\"https:\/\/wp.ufpel.edu.br\/nate\/files\/2020\/12\/Relatorio-preliminar-Pesquisa-NATE-docentes-com-disciplinas-CRE-1.pdf\"\n\t\t\t\t\tclass=\"sowb-button ow-icon-placement-left ow-button-hover\" target=\"_blank\" rel=\"noopener noreferrer\" download=\"\" \t>\n\t\t<span>\n\t\t\t<span class=\"sow-icon-fontawesome sow-far\" data-sow-icon=\"&#xf1c1;\"\n\t\tstyle=\"color: #ffffff\" \n\t\taria-hidden=\"true\"><\/span>\n\t\t\tRelat\u00f3rio Docentes \t\t<\/span>\n\t\t\t<\/a>\n\t<\/div>\n<\/div>\n\n\n<p><\/p>\n\n\n<div\n\t\t\t\n\t\t\tclass=\"so-widget-sow-button so-widget-sow-button-atom-e787ad1a090d\"\n\t\t\t\n\t\t><div class=\"ow-button-base ow-button-align-center\"\n>\n\t\t\t<a\n\t\t\t\t\thref=\"https:\/\/wp.ufpel.edu.br\/nate\/files\/2020\/12\/Relatorio-preliminar-Pesquisa-NATE-estudantes-matriculados-CRE-1.pdf\"\n\t\t\t\t\tclass=\"sowb-button ow-icon-placement-left ow-button-hover\" target=\"_blank\" rel=\"noopener noreferrer\" download=\"\" \t>\n\t\t<span>\n\t\t\t<span class=\"sow-icon-fontawesome sow-far\" data-sow-icon=\"&#xf1c1;\"\n\t\tstyle=\"color: #ffffff\" \n\t\taria-hidden=\"true\"><\/span>\n\t\t\tRelat\u00f3rio Discentes\t\t<\/span>\n\t\t\t<\/a>\n\t<\/div>\n<\/div>","protected":false},"excerpt":{"rendered":"<p>PR\u00d3-REITORIA DE ENSINO E NATE DIVULGAM OS RESULTADOS PRELIMINARES DA PESQUISA DE AVALIA\u00c7\u00c3O DO CALEND\u00c1RIO ACAD\u00caMICO COM ENSINO REMOTO DESTE SEMESTRE Estudantes matriculados\/as e docentes com disciplinas neste calend\u00e1rio foram consultados atrav\u00e9s de um question\u00e1rio. Cerca de 4&nbsp; mil estudantes matriculados\/as e 800 docentes com disciplinas nesta fase do calend\u00e1rio responderam ao question\u00e1rio. A pesquisa [&hellip;]<\/p>\n","protected":false},"author":1033,"featured_media":0,"parent":0,"menu_order":0,"comment_status":"closed","ping_status":"closed","template":"","meta":{"footnotes":""},"class_list":["post-1168","page","type-page","status-publish","hentry"],"jetpack_sharing_enabled":true,"jetpack_likes_enabled":false,"_links":{"self":[{"href":"https:\/\/wp.ufpel.edu.br\/nate\/wp-json\/wp\/v2\/pages\/1168","targetHints":{"allow":["GET"]}}],"collection":[{"href":"https:\/\/wp.ufpel.edu.br\/nate\/wp-json\/wp\/v2\/pages"}],"about":[{"href":"https:\/\/wp.ufpel.edu.br\/nate\/wp-json\/wp\/v2\/types\/page"}],"author":[{"embeddable":true,"href":"https:\/\/wp.ufpel.edu.br\/nate\/wp-json\/wp\/v2\/users\/1033"}],"replies":[{"embeddable":true,"href":"https:\/\/wp.ufpel.edu.br\/nate\/wp-json\/wp\/v2\/comments?post=1168"}],"version-history":[{"count":7,"href":"https:\/\/wp.ufpel.edu.br\/nate\/wp-json\/wp\/v2\/pages\/1168\/revisions"}],"predecessor-version":[{"id":1209,"href":"https:\/\/wp.ufpel.edu.br\/nate\/wp-json\/wp\/v2\/pages\/1168\/revisions\/1209"}],"wp:attachment":[{"href":"https:\/\/wp.ufpel.edu.br\/nate\/wp-json\/wp\/v2\/media?parent=1168"}],"curies":[{"name":"wp","href":"https:\/\/api.w.org\/{rel}","templated":true}]}}