{"id":213,"date":"2009-10-06T01:13:59","date_gmt":"2009-10-06T04:13:59","guid":{"rendered":"https:\/\/wp.ufpel.edu.br\/nals\/?page_id=213"},"modified":"2009-10-06T01:19:18","modified_gmt":"2009-10-06T04:19:18","slug":"inscricoes","status":"publish","type":"page","link":"https:\/\/wp.ufpel.edu.br\/nals\/?page_id=213","title":{"rendered":"Inscri\u00e7\u00f5es"},"content":{"rendered":"<p><a title=\"Inscri\u00e7\u00f5es\" href=\"http:\/\/www.ufpel.edu.br\/fae\/nals\/inscricoes\" target=\"_self\">Fa\u00e7a sua inscri\u00e7\u00e3o clicando aqui &gt;&gt;&gt;&gt;<\/a><\/p>\n<p><a title=\"Administra\u00e7\u00e3o\" href=\"http:\/\/www.ufpel.edu.br\/fae\/nals\/inscricoes\/admin\/login.php\" target=\"_self\">Administra\u00e7\u00e3o das Inscri\u00e7\u00f5es<\/a><\/p>\n","protected":false},"excerpt":{"rendered":"<p>Fa\u00e7a sua inscri\u00e7\u00e3o clicando aqui &gt;&gt;&gt;&gt; Administra\u00e7\u00e3o das Inscri\u00e7\u00f5es<\/p>\n","protected":false},"author":19,"featured_media":0,"parent":0,"menu_order":3,"comment_status":"closed","ping_status":"open","template":"","meta":{"footnotes":""},"class_list":["post-213","page","type-page","status-publish","hentry"],"_links":{"self":[{"href":"https:\/\/wp.ufpel.edu.br\/nals\/index.php?rest_route=\/wp\/v2\/pages\/213","targetHints":{"allow":["GET"]}}],"collection":[{"href":"https:\/\/wp.ufpel.edu.br\/nals\/index.php?rest_route=\/wp\/v2\/pages"}],"about":[{"href":"https:\/\/wp.ufpel.edu.br\/nals\/index.php?rest_route=\/wp\/v2\/types\/page"}],"author":[{"embeddable":true,"href":"https:\/\/wp.ufpel.edu.br\/nals\/index.php?rest_route=\/wp\/v2\/users\/19"}],"replies":[{"embeddable":true,"href":"https:\/\/wp.ufpel.edu.br\/nals\/index.php?rest_route=%2Fwp%2Fv2%2Fcomments&post=213"}],"version-history":[{"count":5,"href":"https:\/\/wp.ufpel.edu.br\/nals\/index.php?rest_route=\/wp\/v2\/pages\/213\/revisions"}],"predecessor-version":[{"id":218,"href":"https:\/\/wp.ufpel.edu.br\/nals\/index.php?rest_route=\/wp\/v2\/pages\/213\/revisions\/218"}],"wp:attachment":[{"href":"https:\/\/wp.ufpel.edu.br\/nals\/index.php?rest_route=%2Fwp%2Fv2%2Fmedia&parent=213"}],"curies":[{"name":"wp","href":"https:\/\/api.w.org\/{rel}","templated":true}]}}