{"id":663,"date":"2017-04-11T11:03:29","date_gmt":"2017-04-11T14:03:29","guid":{"rendered":"https:\/\/wp.ufpel.edu.br\/nai\/?page_id=663"},"modified":"2018-03-08T17:40:32","modified_gmt":"2018-03-08T20:40:32","slug":"equipe-de-traducao-e-interpretacao","status":"publish","type":"page","link":"https:\/\/wp.ufpel.edu.br\/nai\/equipe-de-traducao-e-interpretacao\/","title":{"rendered":"EQUIPE DE TRADU\u00c7\u00c3O E INTERPRETA\u00c7\u00c3O"},"content":{"rendered":"<p>Esp. CRISIANE DE FREITAS SOARES<\/p>\n<p>Me. DAIANA SAN MARTINS GOULART<\/p>\n<p>Me. DANIEL DUARTE SILVEIRA<\/p>\n<p>Esp. ELISABETE DE STRELOW DE\u00a0CASTRO<\/p>\n<p>EMERSON DE SOUZA MADEIRA<\/p>\n<p>Mestranda JOSEANE\u00a0MACIEL VIANA<\/p>\n<p>Me. JULIANA SANCHES DOS SANTOS<\/p>\n<p>Me. MAIT\u00ca MAUS DA SILVA<\/p>\n<p>Mestranda NADIA DOS SANTOS GON\u00c7ALVES PORTO<\/p>\n<p>&nbsp;<\/p>\n","protected":false},"excerpt":{"rendered":"<p>Esp. CRISIANE DE FREITAS SOARES Me. DAIANA SAN MARTINS GOULART Me. DANIEL DUARTE SILVEIRA Esp. ELISABETE DE STRELOW DE\u00a0CASTRO EMERSON DE SOUZA MADEIRA Mestranda JOSEANE\u00a0MACIEL VIANA Me. JULIANA SANCHES DOS SANTOS Me. MAIT\u00ca MAUS DA SILVA Mestranda NADIA DOS SANTOS GON\u00c7ALVES PORTO &nbsp;<\/p>\n","protected":false},"author":359,"featured_media":0,"parent":0,"menu_order":0,"comment_status":"closed","ping_status":"closed","template":"","meta":{"jetpack_post_was_ever_published":false,"footnotes":""},"class_list":["post-663","page","type-page","status-publish","hentry"],"jetpack_sharing_enabled":true,"jetpack_shortlink":"https:\/\/wp.me\/P90IOR-aH","_links":{"self":[{"href":"https:\/\/wp.ufpel.edu.br\/nai\/wp-json\/wp\/v2\/pages\/663","targetHints":{"allow":["GET"]}}],"collection":[{"href":"https:\/\/wp.ufpel.edu.br\/nai\/wp-json\/wp\/v2\/pages"}],"about":[{"href":"https:\/\/wp.ufpel.edu.br\/nai\/wp-json\/wp\/v2\/types\/page"}],"author":[{"embeddable":true,"href":"https:\/\/wp.ufpel.edu.br\/nai\/wp-json\/wp\/v2\/users\/359"}],"replies":[{"embeddable":true,"href":"https:\/\/wp.ufpel.edu.br\/nai\/wp-json\/wp\/v2\/comments?post=663"}],"version-history":[{"count":4,"href":"https:\/\/wp.ufpel.edu.br\/nai\/wp-json\/wp\/v2\/pages\/663\/revisions"}],"predecessor-version":[{"id":2152,"href":"https:\/\/wp.ufpel.edu.br\/nai\/wp-json\/wp\/v2\/pages\/663\/revisions\/2152"}],"wp:attachment":[{"href":"https:\/\/wp.ufpel.edu.br\/nai\/wp-json\/wp\/v2\/media?parent=663"}],"curies":[{"name":"wp","href":"https:\/\/api.w.org\/{rel}","templated":true}]}}