{"id":643,"date":"2017-04-11T10:54:26","date_gmt":"2017-04-11T13:54:26","guid":{"rendered":"https:\/\/wp.ufpel.edu.br\/nai\/?page_id=643"},"modified":"2018-07-10T17:01:58","modified_gmt":"2018-07-10T20:01:58","slug":"traducao-servico-oferecido","status":"publish","type":"page","link":"https:\/\/wp.ufpel.edu.br\/nai\/traducao-servico-oferecido\/","title":{"rendered":"TRADU\u00c7\u00c3O"},"content":{"rendered":"<p>&nbsp;<\/p>\n<p style=\"text-align: left\"><span style=\"font-size: 12pt;font-family: verdana, geneva, sans-serif\">Examinar previamente o texto original a ser traduzido; transpor o texto para a L\u00edngua Brasileira de Sinais e\/ou L\u00edngua Portuguesa, consultando dicion\u00e1rios e outras fontes de informa\u00e7\u00f5es sobre as diferen\u00e7as regionais; traduzir os textos de conte\u00fados curriculares, avaliativos e culturais; traduzir as produ\u00e7\u00f5es de textos, escritas ou sinalizadas das pessoas surdas.<\/span><\/p>\n","protected":false},"excerpt":{"rendered":"<p>&nbsp; Examinar previamente o texto original a ser traduzido; transpor o texto para a L\u00edngua Brasileira de Sinais e\/ou L\u00edngua Portuguesa, consultando dicion\u00e1rios e outras fontes de informa\u00e7\u00f5es sobre as diferen\u00e7as regionais; traduzir os textos de conte\u00fados curriculares, avaliativos e culturais; traduzir as produ\u00e7\u00f5es de textos, escritas ou sinalizadas das pessoas surdas.<\/p>\n","protected":false},"author":359,"featured_media":0,"parent":0,"menu_order":0,"comment_status":"closed","ping_status":"closed","template":"","meta":{"jetpack_post_was_ever_published":false,"footnotes":""},"class_list":["post-643","page","type-page","status-publish","hentry"],"jetpack_sharing_enabled":true,"jetpack_shortlink":"https:\/\/wp.me\/P90IOR-an","_links":{"self":[{"href":"https:\/\/wp.ufpel.edu.br\/nai\/wp-json\/wp\/v2\/pages\/643","targetHints":{"allow":["GET"]}}],"collection":[{"href":"https:\/\/wp.ufpel.edu.br\/nai\/wp-json\/wp\/v2\/pages"}],"about":[{"href":"https:\/\/wp.ufpel.edu.br\/nai\/wp-json\/wp\/v2\/types\/page"}],"author":[{"embeddable":true,"href":"https:\/\/wp.ufpel.edu.br\/nai\/wp-json\/wp\/v2\/users\/359"}],"replies":[{"embeddable":true,"href":"https:\/\/wp.ufpel.edu.br\/nai\/wp-json\/wp\/v2\/comments?post=643"}],"version-history":[{"count":17,"href":"https:\/\/wp.ufpel.edu.br\/nai\/wp-json\/wp\/v2\/pages\/643\/revisions"}],"predecessor-version":[{"id":1540,"href":"https:\/\/wp.ufpel.edu.br\/nai\/wp-json\/wp\/v2\/pages\/643\/revisions\/1540"}],"wp:attachment":[{"href":"https:\/\/wp.ufpel.edu.br\/nai\/wp-json\/wp\/v2\/media?parent=643"}],"curies":[{"name":"wp","href":"https:\/\/api.w.org\/{rel}","templated":true}]}}