{"id":603,"date":"2017-04-11T10:35:50","date_gmt":"2017-04-11T13:35:50","guid":{"rendered":"https:\/\/wp.ufpel.edu.br\/nai\/?page_id=603"},"modified":"2017-08-25T16:14:20","modified_gmt":"2017-08-25T19:14:20","slug":"documentos-tils-libras","status":"publish","type":"page","link":"https:\/\/wp.ufpel.edu.br\/nai\/documentos-tils-libras\/","title":{"rendered":"DOCUMENTOS"},"content":{"rendered":"<p>&nbsp;<\/p>\n<p><span style=\"font-size: 12pt;font-family: verdana, geneva, sans-serif\"><a href=\"https:\/\/wp.ufpel.edu.br\/nai\/regimento-documentos\/\"><strong>REGIMENTO<\/strong><\/a><\/span><\/p>\n<p>&nbsp;<\/p>\n<p><span style=\"font-size: 12pt;font-family: verdana, geneva, sans-serif\"><a href=\"https:\/\/wp.ufpel.edu.br\/nai\/portaria-trabalho-em-dupla-documentos\/\"><strong>PORTARIA DO TRABALHO EM DUPLA<\/strong><\/a><\/span><\/p>\n<p>&nbsp;<\/p>\n<p><span style=\"font-size: 12pt;font-family: verdana, geneva, sans-serif\"><a href=\"https:\/\/wp.ufpel.edu.br\/nai\/autorizacao-do-uso-de-imagem-documentos\/\"><strong>AUTORIZA\u00c7\u00c3O DO USO DE IMAGEM<\/strong><\/a><\/span><\/p>\n<p>&nbsp;<\/p>\n<p><span style=\"font-size: 12pt;font-family: verdana, geneva, sans-serif\"><a href=\"https:\/\/wp.ufpel.edu.br\/nai\/documentos-legislacao\/\"><strong>LEGISLA\u00c7\u00c3O<\/strong><\/a><\/span><\/p>\n","protected":false},"excerpt":{"rendered":"<p>&nbsp; REGIMENTO &nbsp; PORTARIA DO TRABALHO EM DUPLA &nbsp; AUTORIZA\u00c7\u00c3O DO USO DE IMAGEM &nbsp; LEGISLA\u00c7\u00c3O<\/p>\n","protected":false},"author":359,"featured_media":0,"parent":0,"menu_order":0,"comment_status":"closed","ping_status":"closed","template":"","meta":{"jetpack_post_was_ever_published":false,"footnotes":""},"class_list":["post-603","page","type-page","status-publish","hentry"],"jetpack_sharing_enabled":true,"jetpack_shortlink":"https:\/\/wp.me\/P90IOR-9J","_links":{"self":[{"href":"https:\/\/wp.ufpel.edu.br\/nai\/wp-json\/wp\/v2\/pages\/603","targetHints":{"allow":["GET"]}}],"collection":[{"href":"https:\/\/wp.ufpel.edu.br\/nai\/wp-json\/wp\/v2\/pages"}],"about":[{"href":"https:\/\/wp.ufpel.edu.br\/nai\/wp-json\/wp\/v2\/types\/page"}],"author":[{"embeddable":true,"href":"https:\/\/wp.ufpel.edu.br\/nai\/wp-json\/wp\/v2\/users\/359"}],"replies":[{"embeddable":true,"href":"https:\/\/wp.ufpel.edu.br\/nai\/wp-json\/wp\/v2\/comments?post=603"}],"version-history":[{"count":6,"href":"https:\/\/wp.ufpel.edu.br\/nai\/wp-json\/wp\/v2\/pages\/603\/revisions"}],"predecessor-version":[{"id":1550,"href":"https:\/\/wp.ufpel.edu.br\/nai\/wp-json\/wp\/v2\/pages\/603\/revisions\/1550"}],"wp:attachment":[{"href":"https:\/\/wp.ufpel.edu.br\/nai\/wp-json\/wp\/v2\/media?parent=603"}],"curies":[{"name":"wp","href":"https:\/\/api.w.org\/{rel}","templated":true}]}}