{"id":599,"date":"2017-04-11T10:35:20","date_gmt":"2017-04-11T13:35:20","guid":{"rendered":"https:\/\/wp.ufpel.edu.br\/nai\/?page_id=599"},"modified":"2023-10-19T18:11:11","modified_gmt":"2023-10-19T21:11:11","slug":"conheca-a-equipe-tils-libras","status":"publish","type":"page","link":"https:\/\/wp.ufpel.edu.br\/nai\/conheca-a-equipe-tils-libras\/","title":{"rendered":"Se\u00e7\u00e3o de int\u00e9rpretes de Libras"},"content":{"rendered":"<div class=\"wp-block-image\">\n<figure class=\"aligncenter is-resized\"><img data-attachment-id=\"4109\" data-permalink=\"https:\/\/wp.ufpel.edu.br\/nai\/conheca-a-equipe-tils-libras\/whatsapp-image-2021-08-13-at-12-10-27-1\/\" data-orig-file=\"https:\/\/wp.ufpel.edu.br\/nai\/files\/2021\/08\/WhatsApp-Image-2021-08-13-at-12.10.27-1.jpeg\" data-orig-size=\"1280,1024\" data-comments-opened=\"0\" data-image-meta=\"{&quot;aperture&quot;:&quot;0&quot;,&quot;credit&quot;:&quot;&quot;,&quot;camera&quot;:&quot;&quot;,&quot;caption&quot;:&quot;&quot;,&quot;created_timestamp&quot;:&quot;0&quot;,&quot;copyright&quot;:&quot;&quot;,&quot;focal_length&quot;:&quot;0&quot;,&quot;iso&quot;:&quot;0&quot;,&quot;shutter_speed&quot;:&quot;0&quot;,&quot;title&quot;:&quot;&quot;,&quot;orientation&quot;:&quot;0&quot;}\" data-image-title=\"WhatsApp Image 2021-08-13 at 12.10.27 (1)\" data-image-description=\"\" data-image-caption=\"\" data-medium-file=\"https:\/\/wp.ufpel.edu.br\/nai\/files\/2021\/08\/WhatsApp-Image-2021-08-13-at-12.10.27-1-400x320.jpeg\" data-large-file=\"https:\/\/wp.ufpel.edu.br\/nai\/files\/2021\/08\/WhatsApp-Image-2021-08-13-at-12.10.27-1-1024x819.jpeg\" src=\"https:\/\/wp.ufpel.edu.br\/nai\/files\/2021\/08\/WhatsApp-Image-2021-08-13-at-12.10.27-1.jpeg\" alt=\"\" class=\"wp-image-4109\" style=\"width:475px;height:380px\" width=\"475\" height=\"380\" srcset=\"https:\/\/wp.ufpel.edu.br\/nai\/files\/2021\/08\/WhatsApp-Image-2021-08-13-at-12.10.27-1.jpeg 1280w, https:\/\/wp.ufpel.edu.br\/nai\/files\/2021\/08\/WhatsApp-Image-2021-08-13-at-12.10.27-1-400x320.jpeg 400w, https:\/\/wp.ufpel.edu.br\/nai\/files\/2021\/08\/WhatsApp-Image-2021-08-13-at-12.10.27-1-1024x819.jpeg 1024w, https:\/\/wp.ufpel.edu.br\/nai\/files\/2021\/08\/WhatsApp-Image-2021-08-13-at-12.10.27-1-768x614.jpeg 768w\" sizes=\"(max-width: 475px) 100vw, 475px\" \/><\/figure>\n<\/div>\n\n<style>.kt-tabs-id599_50ca45-09 > .kt-tabs-content-wrap > .wp-block-kadence-tab{border-top:4px solid var(--global-palette7, #eeeeee);border-right:4px solid var(--global-palette7, #eeeeee);border-bottom:4px solid var(--global-palette7, #eeeeee);border-left:4px solid var(--global-palette7, #eeeeee);border-top-left-radius:0px;border-top-right-radius:0px;border-bottom-right-radius:0px;border-bottom-left-radius:0px;padding-top:var(--global-kb-spacing-sm, 1.5rem);padding-right:var(--global-kb-spacing-sm, 1.5rem);padding-bottom:var(--global-kb-spacing-sm, 1.5rem);padding-left:var(--global-kb-spacing-sm, 1.5rem);min-height:400px;background:var(--global-palette9, #ffffff);}.wp-block-kadence-tabs .kt-tabs-id599_50ca45-09 > .kt-tabs-title-list li{margin-top:0px;margin-right:-4px;margin-bottom:10px;margin-left:0px;}.wp-block-kadence-tabs .kt-tabs-id599_50ca45-09 > .kt-tabs-title-list li .kt-tab-title, .wp-block-kadence-tabs .kt-tabs-id599_50ca45-09 > .kt-tabs-content-wrap > .kt-tabs-accordion-title .kt-tab-title{line-height:1.4em;font-weight:regular;font-style:normal;border-top-width:4px;border-right-width:0px;border-bottom-width:4px;border-left-width:4px;border-top-left-radius:10px;border-top-right-radius:0px;border-bottom-right-radius:0px;border-bottom-left-radius:10px;padding-top:12px;padding-right:8px;padding-bottom:12px;padding-left:20px;border-color:var(--global-palette7, #eeeeee);color:var(--global-palette5, #444444);background:var(--global-palette7, #eeeeee);}.wp-block-kadence-tabs .kt-tabs-id599_50ca45-09 > .kt-tabs-content-wrap > .kt-tabs-accordion-title .kt-tab-title{margin-top:0px;margin-right:-4px;margin-bottom:10px;margin-left:0px;}.wp-block-kadence-tabs .kt-tabs-id599_50ca45-09 > .kt-tabs-title-list li .kt-tab-title:hover, .wp-block-kadence-tabs .kt-tabs-id599_50ca45-09 > .kt-tabs-content-wrap > .kt-tabs-accordion-title .kt-tab-title:hover{border-color:var(--global-palette8, #F7FAFC);color:var(--global-palette5, #444444);background:var(--global-palette8, #F7FAFC);}.wp-block-kadence-tabs .kt-tabs-id599_50ca45-09 > .kt-tabs-title-list li.kt-tab-title-active .kt-tab-title, .wp-block-kadence-tabs .kt-tabs-id599_50ca45-09 > .kt-tabs-content-wrap > .kt-tabs-accordion-title.kt-tab-title-active .kt-tab-title{border-color:var(--global-palette7, #eeeeee);color:var(--global-palette5, #444444);background:var(--global-palette9, #ffffff);}@media all and (min-width: 1025px){.wp-block-kadence-tabs .kt-tabs-id599_50ca45-09{display:flex;}.wp-block-kadence-tabs .kt-tabs-id599_50ca45-09 > .kt-tabs-title-list{float:none;width:30%;}.wp-block-kadence-tabs .kt-tabs-id599_50ca45-09 > .kt-tabs-content-wrap{float:none;width:auto;-webkit-flex:1;flex:1;}}@media all and (max-width: 1024px){.kt-tabs-id599_50ca45-09 > .kt-tabs-content-wrap > .wp-block-kadence-tab{border-top:4px solid var(--global-palette7, #eeeeee);border-right:4px solid var(--global-palette7, #eeeeee);border-bottom:4px solid var(--global-palette7, #eeeeee);border-left:4px solid var(--global-palette7, #eeeeee);}}@media all and (min-width: 768px) and (max-width: 1024px){.wp-block-kadence-tabs .kt-tabs-id599_50ca45-09{display:flex;}.wp-block-kadence-tabs .kt-tabs-id599_50ca45-09 > .kt-tabs-title-list{float:none;width:30%;}.wp-block-kadence-tabs .kt-tabs-id599_50ca45-09 > .kt-tabs-content-wrap{float:none;width:auto;-webkit-flex:1;flex:1;}}@media all and (max-width: 767px){.kt-tabs-id599_50ca45-09 > .kt-tabs-content-wrap > .wp-block-kadence-tab{border-top:4px solid var(--global-palette7, #eeeeee);border-right:4px solid var(--global-palette7, #eeeeee);border-bottom:4px solid var(--global-palette7, #eeeeee);border-left:4px solid var(--global-palette7, #eeeeee);}}<\/style>\n<div class=\"wp-block-kadence-tabs alignnone\"><div class=\"kt-tabs-wrap kt-tabs-id599_50ca45-09 kt-tabs-has-4-tabs kt-active-tab-1 kt-tabs-layout-vtabs kt-tabs-tablet-layout-inherit kt-tabs-mobile-layout-accordion kt-tab-alignment-left kt-create-accordion\"><ul class=\"kt-tabs-title-list\"><li id=\"tab-sobreaseo\" class=\"kt-title-item kt-title-item-1 kt-tabs-svg-show-always kt-tabs-icon-side-right kt-tab-title-active\"><a href=\"#tab-sobreaseo\" data-tab=\"1\" class=\"kt-tab-title kt-tab-title-1 \"><span class=\"kt-title-text\">Sobre a Se\u00e7\u00e3o<\/span><\/a><\/li><li id=\"tab-servidoresefetivos\" class=\"kt-title-item kt-title-item-2 kt-tabs-svg-show-always kt-tabs-icon-side-right kt-tab-title-inactive\"><a href=\"#tab-servidoresefetivos\" data-tab=\"2\" class=\"kt-tab-title kt-tab-title-2 \"><span class=\"kt-title-text\">SERVIDORES EFETIVOS<\/span><\/a><\/li><li id=\"tab-contratados\" class=\"kt-title-item kt-title-item-3 kt-tabs-svg-show-always kt-tabs-icon-side-right kt-tab-title-inactive\"><a href=\"#tab-contratados\" data-tab=\"3\" class=\"kt-tab-title kt-tab-title-3 \"><span class=\"kt-title-text\">CONTRATADOS <\/span><\/a><\/li><li id=\"tab-passarampelaequipe\" class=\"kt-title-item kt-title-item-4 kt-tabs-svg-show-always kt-tabs-icon-side-right kt-tab-title-inactive\"><a href=\"#tab-passarampelaequipe\" data-tab=\"4\" class=\"kt-tab-title kt-tab-title-4 \"><span class=\"kt-title-text\">PASSARAM PELA EQUIPE<\/span><\/a><\/li><\/ul><div class=\"kt-tabs-content-wrap\">\n<div class=\"wp-block-kadence-tab kt-tab-inner-content kt-inner-tab-1 kt-inner-tab_fea8bf-bf\"><div class=\"kt-tab-inner-content-inner\"><style>.kadence-column599_bf6321-93 > .kt-inside-inner-col,.kadence-column599_bf6321-93 > .kt-inside-inner-col:before{border-top-left-radius:0px;border-top-right-radius:0px;border-bottom-right-radius:0px;border-bottom-left-radius:0px;}.kadence-column599_bf6321-93 > .kt-inside-inner-col{column-gap:var(--global-kb-gap-sm, 1rem);}.kadence-column599_bf6321-93 > .kt-inside-inner-col{flex-direction:column;}.kadence-column599_bf6321-93 > .kt-inside-inner-col > .aligncenter{width:100%;}.kadence-column599_bf6321-93 > .kt-inside-inner-col:before{opacity:0.3;}.kadence-column599_bf6321-93{position:relative;}@media all and (max-width: 1024px){.kadence-column599_bf6321-93 > .kt-inside-inner-col{flex-direction:column;justify-content:center;}}@media all and (max-width: 767px){.kadence-column599_bf6321-93 > .kt-inside-inner-col{flex-direction:column;justify-content:center;}}<\/style>\n<div class=\"wp-block-kadence-column kadence-column599_bf6321-93\"><div class=\"kt-inside-inner-col\"><style>.kadence-column599_214813-88 > .kt-inside-inner-col,.kadence-column599_214813-88 > .kt-inside-inner-col:before{border-top-left-radius:0px;border-top-right-radius:0px;border-bottom-right-radius:0px;border-bottom-left-radius:0px;}.kadence-column599_214813-88 > .kt-inside-inner-col{column-gap:var(--global-kb-gap-sm, 1rem);}.kadence-column599_214813-88 > .kt-inside-inner-col{flex-direction:column;}.kadence-column599_214813-88 > .kt-inside-inner-col > .aligncenter{width:100%;}.kadence-column599_214813-88 > .kt-inside-inner-col:before{opacity:0.3;}.kadence-column599_214813-88{position:relative;}@media all and (max-width: 1024px){.kadence-column599_214813-88 > .kt-inside-inner-col{flex-direction:column;justify-content:center;}}@media all and (max-width: 767px){.kadence-column599_214813-88 > .kt-inside-inner-col{flex-direction:column;justify-content:center;}}<\/style>\n<div class=\"wp-block-kadence-column kadence-column599_214813-88\"><div class=\"kt-inside-inner-col\"><style>.kadence-column599_5c747f-e8 > .kt-inside-inner-col,.kadence-column599_5c747f-e8 > .kt-inside-inner-col:before{border-top-left-radius:0px;border-top-right-radius:0px;border-bottom-right-radius:0px;border-bottom-left-radius:0px;}.kadence-column599_5c747f-e8 > .kt-inside-inner-col{column-gap:var(--global-kb-gap-sm, 1rem);}.kadence-column599_5c747f-e8 > .kt-inside-inner-col{flex-direction:column;}.kadence-column599_5c747f-e8 > .kt-inside-inner-col > .aligncenter{width:100%;}.kadence-column599_5c747f-e8 > .kt-inside-inner-col:before{opacity:0.3;}.kadence-column599_5c747f-e8{position:relative;}@media all and (max-width: 1024px){.kadence-column599_5c747f-e8 > .kt-inside-inner-col{flex-direction:column;justify-content:center;}}@media all and (max-width: 767px){.kadence-column599_5c747f-e8 > .kt-inside-inner-col{flex-direction:column;justify-content:center;}}<\/style>\n<div class=\"wp-block-kadence-column kadence-column599_5c747f-e8\"><div class=\"kt-inside-inner-col\">\n<p>A&nbsp;<strong>Se\u00e7\u00e3o de Tradutores Int\u00e9rpretes de Libras (SI)<\/strong>&nbsp;\u00e9 um departamento ligado ao N\u00facleo de Acessibilidade e Inclus\u00e3o \u2013 NAI, respons\u00e1vel por propiciar acessibilidade lingu\u00edstica \u00e0s Pessoas Surdas da UFPEL e \u00e9 composta pela Equipe de Tradutores Int\u00e9rpretes de L\u00edngua de Sinais \u2013 TILS.<\/p>\n\n\n\n<figure class=\"wp-block-embed is-type-video is-provider-youtube wp-block-embed-youtube wp-embed-aspect-16-9 wp-has-aspect-ratio\"><div class=\"wp-block-embed__wrapper\">\n<iframe title=\"Sobre a SI\" width=\"500\" height=\"281\" src=\"https:\/\/www.youtube.com\/embed\/aHqLmXSMhNw?feature=oembed\" frameborder=\"0\" allow=\"accelerometer; autoplay; clipboard-write; encrypted-media; gyroscope; picture-in-picture; web-share\" referrerpolicy=\"strict-origin-when-cross-origin\" allowfullscreen><\/iframe>\n<\/div><\/figure>\n<\/div><\/div>\n<\/div><\/div>\n<\/div><\/div>\n<\/div><\/div>\n\n\n\n<div class=\"wp-block-kadence-tab kt-tab-inner-content kt-inner-tab-2 kt-inner-tab_a42430-c9\"><div class=\"kt-tab-inner-content-inner\">\n<p><span style=\"font-family: arial, helvetica, sans-serif; font-size: 12pt;\"><u><a href=\"http:\/\/lattes.cnpq.br\/6939646928971494\">M\u00aa<\/a><a href=\"http:\/\/lattes.cnpq.br\/0298109287794350\"> Crisiane de Freitas Soares <\/a><\/u><\/span><\/p>\n\n\n\n<p><a href=\"http:\/\/lattes.cnpq.br\/9730193150096676\">Dr. Daniel Duarte Silveira<\/a><\/p>\n\n\n\n<p><span style=\"font-family: arial, helvetica, sans-serif; font-size: 12pt;\"><u><a href=\"http:\/\/lattes.cnpq.br\/6939646928971494\">M\u00aa Elisabete Strelow de Castro <\/a><\/u><\/span><\/p>\n\n\n\n<p><span style=\"font-family: arial, helvetica, sans-serif; font-size: 12pt;\"><u><a href=\"http:\/\/lattes.cnpq.br\/2869639821544456\">Esp. Emerson de Souza Madeira <\/a><\/u>&nbsp;<\/span><\/p>\n\n\n\n<p><a href=\"http:\/\/lattes.cnpq.br\/3353373521972232\">Doutoranda Joseane Maciel Viana <\/a><\/p>\n\n\n\n<p><span style=\"font-family: arial, helvetica, sans-serif; font-size: 12pt;\"><u><a href=\"http:\/\/lattes.cnpq.br\/3266795025732887\">Esp. Juliana Sanches dos Santos <\/a><\/u><\/span><\/p>\n\n\n\n<p><span style=\"font-family: arial, helvetica, sans-serif; font-size: 12pt;\"><a href=\"http:\/\/lattes.cnpq.br\/9616859320029219\">Esp. Ma\u00edra Maus da Silva<\/a><\/span><\/p>\n\n\n\n<p><a href=\"http:\/\/lattes.cnpq.br\/0205553981123983\">Mestranda M\u00f4nica Mendes Garcia<\/a><\/p>\n\n\n\n<p><a href=\"http:\/\/lattes.cnpq.br\/3582604013469153\">Doutoranda N\u00e1dia dos Santos Gon\u00e7alves Porto <\/a><\/p>\n<\/div><\/div>\n\n\n\n<div class=\"wp-block-kadence-tab kt-tab-inner-content kt-inner-tab-3 kt-inner-tab_d09567-73\"><div class=\"kt-tab-inner-content-inner\">\n<p><span style=\"font-family: arial, helvetica, sans-serif;\"><span style=\"font-family: arial, helvetica, sans-serif;\"><a href=\"http:\/\/lattes.cnpq.br\/7706640252235063\">Esp. Ana Marci de Oliveira Ferreira<\/a><\/span><\/span><\/p>\n\n\n\n<p><a href=\"http:\/\/lattes.cnpq.br\/2660121137906345\">Mestranda Bruna Ferreira Alves<\/a><\/p>\n\n\n\n<p><span style=\"font-family: arial, helvetica, sans-serif;\"><a href=\"http:\/\/lattes.cnpq.br\/6828251068178853\">Lic. Felipe Tavares dos Santos<\/a><\/span><\/p>\n\n\n\n<p><span style=\"font-family: arial, helvetica, sans-serif;\"><a href=\"http:\/\/lattes.cnpq.br\/9628153623388741\">Mestranda Fernanda Sampaio da Silva Couto<\/a><\/span><\/p>\n\n\n\n<p><span style=\"font-family: arial, helvetica, sans-serif;\"><a href=\"http:\/\/lattes.cnpq.br\/9084069140067262\">Esp. Karine Stello de Medeiros<\/a><\/span><\/p>\n\n\n\n<p><span style=\"font-family: arial, helvetica, sans-serif;\"><a href=\"http:\/\/lattes.cnpq.br\/5630089474387480\">Lic. Raquel Leal da Silveira da Rosa<\/a><\/span><\/p>\n\n\n\n<p><span style=\"font-family: arial, helvetica, sans-serif;\"><a href=\"http:\/\/lattes.cnpq.br\/8742192499589427\">M\u00aa Suzana Mendon\u00e7a Abreu<\/a><\/span><\/p>\n\n\n\n<p><a href=\"http:\/\/lattes.cnpq.br\/1311910295710587\">Doutorando Lucas de Almeida Soares<\/a><\/p>\n<\/div><\/div>\n\n\n\n<div class=\"wp-block-kadence-tab kt-tab-inner-content kt-inner-tab-4 kt-inner-tab_792401-76\"><div class=\"kt-tab-inner-content-inner\">\n<p><strong>COMO EFETIVO<\/strong><\/p>\n\n\n\n<p><span style=\"font-family: arial, helvetica, sans-serif;\"><u><a href=\"http:\/\/lattes.cnpq.br\/2752864656608627\">Dra Cristiane Lima Terra Fernandes<\/a><\/u><\/span><\/p>\n\n\n\n<p><span style=\"font-family: arial, helvetica, sans-serif;\"><u><a href=\"http:\/\/lattes.cnpq.br\/6844464824549394\">M\u00aa Mait\u00ea Maus da Silva<\/a><\/u><\/span><\/p>\n\n\n\n<p><a href=\"http:\/\/lattes.cnpq.br\/2502674466938381\">Dra. Daiana San Martins Goulart <\/a><\/p>\n\n\n\n<hr class=\"wp-block-separator has-alpha-channel-opacity\"\/>\n\n\n\n<p><strong>COMO CONTRATADO<\/strong><\/p>\n\n\n\n<p class=\"has-text-align-left\"><span style=\"font-family: arial, helvetica, sans-serif;\"><u><a href=\"http:\/\/lattes.cnpq.br\/7537924711070047\">Lic. Adriana Martins da Silva<\/a><\/u><\/span><\/p>\n\n\n\n<p class=\"has-text-align-left\"><span style=\"font-family: arial, helvetica, sans-serif;\"><u><a href=\"http:\/\/lattes.cnpq.br\/2076620035056802\">Bela. Alexandra Figueir\u00f3 Carvalho da Silva<\/a><\/u><\/span><\/p>\n\n\n\n<p class=\"has-text-align-left\"><span style=\"font-family: arial, helvetica, sans-serif;\"><a href=\"http:\/\/lattes.cnpq.br\/4949808411414212\">Doutoranda Ana Paula Rodrigues Bastos<\/a><\/span><\/p>\n\n\n\n<p class=\"has-text-align-left\"><span style=\"font-family: arial, helvetica, sans-serif;\"><u>Lic. Fernanda Soares Cavalheiro<\/u><\/span><\/p>\n\n\n\n<p class=\"has-text-align-left\"><span style=\"font-family: arial, helvetica, sans-serif;\"><u>Bela. Larissa Lemes Ramos Tavares<\/u><\/span><\/p>\n\n\n\n<p class=\"has-text-align-left\"><span style=\"font-family: arial, helvetica, sans-serif;\"><u>Bela. Maria Jos\u00e9 Rosa de Oliveira Carvalho<\/u><\/span><\/p>\n\n\n\n<p class=\"has-text-align-left\"><span style=\"font-family: arial, helvetica, sans-serif;\"><u><a href=\"http:\/\/lattes.cnpq.br\/6107627910305960\">M\u00aa Nathielle Francos da Silva<\/a><\/u><\/span><\/p>\n\n\n\n<p class=\"has-text-align-left\"><span style=\"font-family: arial, helvetica, sans-serif;\"> <a href=\"http:\/\/lattes.cnpq.br\/0321422367962126\">Lic. Samir Rosa dos Santos<\/a><\/span><\/p>\n\n\n\n<p class=\"has-text-align-left\"><\/p>\n<\/div><\/div>\n<\/div><\/div><\/div>\n\n\n\n<p class=\"has-text-align-center\"><span style=\"font-family: arial, helvetica, sans-serif;\"> &nbsp; &nbsp; &nbsp; &nbsp; &nbsp;<\/span><span style=\"font-family: 'times new roman', times, serif; font-size: 12pt;\">Acompanhe a Se\u00e7\u00e3o no Instagram:&nbsp;<a rel=\"noopener noreferrer\" data-saferedirecturl=\"https:\/\/www.google.com\/url?q=https:\/\/www.instagram.com\/tilsufpel\/&amp;source=gmail&amp;ust=1617222240914000&amp;usg=AFQjCNHihQc-b46GA4ZzLG3YlESaeTvBVA\" href=\"https:\/\/www.instagram.com\/tilsufpel\/\" target=\"_blank\">https:\/\/www.instagram.com\/tilsufpel\/<\/a><\/span><\/p>\n","protected":false},"excerpt":{"rendered":"<p>&nbsp; &nbsp; &nbsp; &nbsp; &nbsp;Acompanhe a Se\u00e7\u00e3o no Instagram:&nbsp;https:\/\/www.instagram.com\/tilsufpel\/<\/p>\n","protected":false},"author":359,"featured_media":0,"parent":0,"menu_order":0,"comment_status":"closed","ping_status":"closed","template":"","meta":{"jetpack_post_was_ever_published":false,"footnotes":""},"class_list":["post-599","page","type-page","status-publish","hentry"],"jetpack_sharing_enabled":true,"jetpack_shortlink":"https:\/\/wp.me\/P90IOR-9F","_links":{"self":[{"href":"https:\/\/wp.ufpel.edu.br\/nai\/wp-json\/wp\/v2\/pages\/599","targetHints":{"allow":["GET"]}}],"collection":[{"href":"https:\/\/wp.ufpel.edu.br\/nai\/wp-json\/wp\/v2\/pages"}],"about":[{"href":"https:\/\/wp.ufpel.edu.br\/nai\/wp-json\/wp\/v2\/types\/page"}],"author":[{"embeddable":true,"href":"https:\/\/wp.ufpel.edu.br\/nai\/wp-json\/wp\/v2\/users\/359"}],"replies":[{"embeddable":true,"href":"https:\/\/wp.ufpel.edu.br\/nai\/wp-json\/wp\/v2\/comments?post=599"}],"version-history":[{"count":66,"href":"https:\/\/wp.ufpel.edu.br\/nai\/wp-json\/wp\/v2\/pages\/599\/revisions"}],"predecessor-version":[{"id":5054,"href":"https:\/\/wp.ufpel.edu.br\/nai\/wp-json\/wp\/v2\/pages\/599\/revisions\/5054"}],"wp:attachment":[{"href":"https:\/\/wp.ufpel.edu.br\/nai\/wp-json\/wp\/v2\/media?parent=599"}],"curies":[{"name":"wp","href":"https:\/\/api.w.org\/{rel}","templated":true}]}}