{"id":584,"date":"2017-04-11T10:00:02","date_gmt":"2017-04-11T13:00:02","guid":{"rendered":"https:\/\/wp.ufpel.edu.br\/nai\/?page_id=584"},"modified":"2023-02-16T09:25:37","modified_gmt":"2023-02-16T12:25:37","slug":"secao","status":"publish","type":"page","link":"https:\/\/wp.ufpel.edu.br\/nai\/secao\/","title":{"rendered":"SE\u00c7\u00c3O"},"content":{"rendered":"<p><img data-attachment-id=\"1263\" data-permalink=\"https:\/\/wp.ufpel.edu.br\/nai\/interpretes-de-libras\/logo-tils-proposta-nova\/\" data-orig-file=\"https:\/\/wp.ufpel.edu.br\/nai\/files\/2014\/04\/LOGO-TILS-proposta-nova.jpg\" data-orig-size=\"960,720\" data-comments-opened=\"0\" data-image-meta=\"{&quot;aperture&quot;:&quot;0&quot;,&quot;credit&quot;:&quot;&quot;,&quot;camera&quot;:&quot;&quot;,&quot;caption&quot;:&quot;&quot;,&quot;created_timestamp&quot;:&quot;0&quot;,&quot;copyright&quot;:&quot;&quot;,&quot;focal_length&quot;:&quot;0&quot;,&quot;iso&quot;:&quot;0&quot;,&quot;shutter_speed&quot;:&quot;0&quot;,&quot;title&quot;:&quot;&quot;,&quot;orientation&quot;:&quot;0&quot;}\" data-image-title=\"LOGO TILS\" data-image-description=\"\" data-image-caption=\"\" data-medium-file=\"https:\/\/wp.ufpel.edu.br\/nai\/files\/2014\/04\/LOGO-TILS-proposta-nova-400x300.jpg\" data-large-file=\"https:\/\/wp.ufpel.edu.br\/nai\/files\/2014\/04\/LOGO-TILS-proposta-nova.jpg\" class=\"alignright wp-image-1263\" src=\"https:\/\/wp.ufpel.edu.br\/nai\/files\/2014\/04\/LOGO-TILS-proposta-nova-400x300.jpg\" alt=\"Logo da Se\u00e7\u00e3o de Tradutores e Int\u00e9rpretes de Libras\" width=\"200\" height=\"150\" srcset=\"https:\/\/wp.ufpel.edu.br\/nai\/files\/2014\/04\/LOGO-TILS-proposta-nova-400x300.jpg 400w, https:\/\/wp.ufpel.edu.br\/nai\/files\/2014\/04\/LOGO-TILS-proposta-nova-768x576.jpg 768w, https:\/\/wp.ufpel.edu.br\/nai\/files\/2014\/04\/LOGO-TILS-proposta-nova.jpg 960w\" sizes=\"(max-width: 200px) 100vw, 200px\" \/><\/p>\n<p><span style=\"font-family: verdana, geneva, sans-serif;\">A <strong>Se\u00e7\u00e3o de Tradutores Int\u00e9rpretes de Libras (SI)<\/strong> \u00e9 um departamento ligado ao N\u00facleo de Acessibilidade e Inclus\u00e3o &#8211; NAI, respons\u00e1vel por propiciar acessibilidade lingu\u00edstica \u00e0s Pessoas Surdas da UFPEL e \u00e9 composta pela Equipe de Tradutores Int\u00e9rpretes de L\u00edngua de Sinais &#8211; TILS.<\/span><\/p>\n<p><a href=\"https:\/\/youtu.be\/aHqLmXSMhNw\" ><img data-attachment-id=\"2963\" data-permalink=\"https:\/\/wp.ufpel.edu.br\/nai\/libras-2\/\" data-orig-file=\"https:\/\/wp.ufpel.edu.br\/nai\/files\/2018\/10\/libras-e1541596773614.png\" data-orig-size=\"30,30\" data-comments-opened=\"0\" data-image-meta=\"{&quot;aperture&quot;:&quot;0&quot;,&quot;credit&quot;:&quot;&quot;,&quot;camera&quot;:&quot;&quot;,&quot;caption&quot;:&quot;&quot;,&quot;created_timestamp&quot;:&quot;0&quot;,&quot;copyright&quot;:&quot;&quot;,&quot;focal_length&quot;:&quot;0&quot;,&quot;iso&quot;:&quot;0&quot;,&quot;shutter_speed&quot;:&quot;0&quot;,&quot;title&quot;:&quot;&quot;,&quot;orientation&quot;:&quot;0&quot;}\" data-image-title=\"Acessibilidade em Libras libras\" data-image-description=\"\" data-image-caption=\"&lt;p&gt;Link tradu\u00e7\u00e3o em Libras&lt;\/p&gt;\n\" data-medium-file=\"https:\/\/wp.ufpel.edu.br\/nai\/files\/2018\/10\/libras-e1541596773614.png\" data-large-file=\"https:\/\/wp.ufpel.edu.br\/nai\/files\/2018\/10\/libras-e1541596773614.png\" class=\"wp-image-2963\" src=\"https:\/\/wp.ufpel.edu.br\/nai\/files\/2018\/10\/libras-200x200.png\" alt=\"simbolo libras\" width=\"50\" height=\"50\" \/><\/a><\/p>\n<div dir=\"ltr\">\n<hr \/>\n<\/div>\n<p><span style=\"font-famrily: georgia, palatino, serif;\"><a href=\"https:\/\/wp.ufpel.edu.br\/nai\/conheca-a-equipe-tils-libras\/\">Conhe\u00e7a a Equipe<\/a><br \/>\n<\/span><\/p>\n<div dir=\"ltr\">\n<div dir=\"ltr\">\n<p style=\"text-align: left;\"><span style=\"font-family: georgia, palatino, serif; font-size: 12pt;\"><strong>\u00a0<\/strong><\/span><\/p>\n<p style=\"text-align: left;\"><span style=\"font-family: verdana, geneva, sans-serif; font-size: 10pt;\"><b>Acompanhe a equipe nas redes sociais.<\/b><\/span><\/p>\n<p><a href=\"http:\/\/instagram\/tilsufpel\"><img data-attachment-id=\"4601\" data-permalink=\"https:\/\/wp.ufpel.edu.br\/nai\/contato\/instagram-icon\/\" data-orig-file=\"https:\/\/wp.ufpel.edu.br\/nai\/files\/2023\/01\/instagram-icon.png\" data-orig-size=\"1024,1024\" data-comments-opened=\"0\" data-image-meta=\"{&quot;aperture&quot;:&quot;0&quot;,&quot;credit&quot;:&quot;&quot;,&quot;camera&quot;:&quot;&quot;,&quot;caption&quot;:&quot;&quot;,&quot;created_timestamp&quot;:&quot;0&quot;,&quot;copyright&quot;:&quot;&quot;,&quot;focal_length&quot;:&quot;0&quot;,&quot;iso&quot;:&quot;0&quot;,&quot;shutter_speed&quot;:&quot;0&quot;,&quot;title&quot;:&quot;&quot;,&quot;orientation&quot;:&quot;0&quot;}\" data-image-title=\"instagram-icon\" data-image-description=\"\" data-image-caption=\"&lt;p&gt;icone do instagram&lt;\/p&gt;\n\" data-medium-file=\"https:\/\/wp.ufpel.edu.br\/nai\/files\/2023\/01\/instagram-icon-400x400.png\" data-large-file=\"https:\/\/wp.ufpel.edu.br\/nai\/files\/2023\/01\/instagram-icon-1024x1024.png\" class=\"wp-image-4601 alignleft\" src=\"https:\/\/wp.ufpel.edu.br\/nai\/files\/2023\/01\/instagram-icon-200x200.png\" alt=\"icone do instagram em preto\" width=\"100\" height=\"100\" srcset=\"https:\/\/wp.ufpel.edu.br\/nai\/files\/2023\/01\/instagram-icon-200x200.png 200w, https:\/\/wp.ufpel.edu.br\/nai\/files\/2023\/01\/instagram-icon-400x400.png 400w, https:\/\/wp.ufpel.edu.br\/nai\/files\/2023\/01\/instagram-icon.png 1024w, https:\/\/wp.ufpel.edu.br\/nai\/files\/2023\/01\/instagram-icon-768x768.png 768w\" sizes=\"(max-width: 100px) 100vw, 100px\" \/><\/a><\/p>\n<\/div>\n<\/div>\n","protected":false},"excerpt":{"rendered":"<p>A Se\u00e7\u00e3o de Tradutores Int\u00e9rpretes de Libras (SI) \u00e9 um departamento ligado ao N\u00facleo de Acessibilidade e Inclus\u00e3o &#8211; NAI, respons\u00e1vel por propiciar acessibilidade lingu\u00edstica \u00e0s Pessoas Surdas da UFPEL e \u00e9 composta pela Equipe de Tradutores Int\u00e9rpretes de L\u00edngua de Sinais &#8211; TILS. Conhe\u00e7a a Equipe \u00a0 Acompanhe a equipe nas redes sociais.<\/p>\n","protected":false},"author":359,"featured_media":0,"parent":0,"menu_order":0,"comment_status":"closed","ping_status":"closed","template":"","meta":{"jetpack_post_was_ever_published":false,"footnotes":""},"class_list":["post-584","page","type-page","status-publish","hentry"],"jetpack_sharing_enabled":true,"jetpack_shortlink":"https:\/\/wp.me\/P90IOR-9q","_links":{"self":[{"href":"https:\/\/wp.ufpel.edu.br\/nai\/wp-json\/wp\/v2\/pages\/584","targetHints":{"allow":["GET"]}}],"collection":[{"href":"https:\/\/wp.ufpel.edu.br\/nai\/wp-json\/wp\/v2\/pages"}],"about":[{"href":"https:\/\/wp.ufpel.edu.br\/nai\/wp-json\/wp\/v2\/types\/page"}],"author":[{"embeddable":true,"href":"https:\/\/wp.ufpel.edu.br\/nai\/wp-json\/wp\/v2\/users\/359"}],"replies":[{"embeddable":true,"href":"https:\/\/wp.ufpel.edu.br\/nai\/wp-json\/wp\/v2\/comments?post=584"}],"version-history":[{"count":48,"href":"https:\/\/wp.ufpel.edu.br\/nai\/wp-json\/wp\/v2\/pages\/584\/revisions"}],"predecessor-version":[{"id":4809,"href":"https:\/\/wp.ufpel.edu.br\/nai\/wp-json\/wp\/v2\/pages\/584\/revisions\/4809"}],"wp:attachment":[{"href":"https:\/\/wp.ufpel.edu.br\/nai\/wp-json\/wp\/v2\/media?parent=584"}],"curies":[{"name":"wp","href":"https:\/\/api.w.org\/{rel}","templated":true}]}}