{"id":5486,"date":"2025-06-21T21:41:38","date_gmt":"2025-06-22T00:41:38","guid":{"rendered":"https:\/\/wp.ufpel.edu.br\/nai\/?page_id=5486"},"modified":"2025-06-27T16:45:14","modified_gmt":"2025-06-27T19:45:14","slug":"tils-em-movimento","status":"publish","type":"page","link":"https:\/\/wp.ufpel.edu.br\/nai\/conheca-a-equipe-tils-libras\/tils-em-movimento\/","title":{"rendered":"TILS EM MOVIMENTO"},"content":{"rendered":"\n<h2 class=\"wp-block-heading\">TILS em Movimento: Forma\u00e7\u00e3o Continuada para Int\u00e9rpretes de Libras e Portugu\u00eas<\/h2>\n\n\n\n<div data-wp-interactive=\"core\/file\" class=\"wp-block-file\"><object data-wp-bind--hidden=\"!state.hasPdfPreview\" hidden class=\"wp-block-file__embed\" data=\"https:\/\/wp.ufpel.edu.br\/nai\/files\/2025\/06\/Homologacao_alunos_curso_assinado.pdf\" type=\"application\/pdf\" style=\"width:100%;height:600px\" aria-label=\"Incorporado de Homologacao_alunos_curso_assinado.\"><\/object><a id=\"wp-block-file--media-f4e846af-a31d-45e2-8f94-6d28da133149\" href=\"https:\/\/wp.ufpel.edu.br\/nai\/files\/2025\/06\/Homologacao_alunos_curso_assinado.pdf\">Homologacao_alunos_curso_assinado<\/a><a href=\"https:\/\/wp.ufpel.edu.br\/nai\/files\/2025\/06\/Homologacao_alunos_curso_assinado.pdf\" class=\"wp-block-file__button wp-element-button\" download aria-describedby=\"wp-block-file--media-f4e846af-a31d-45e2-8f94-6d28da133149\">Baixar<\/a><\/div>\n\n\n<style>.wp-block-kadence-spacer.kt-block-spacer-5486_107815-49 .kt-block-spacer{height:60px;}.wp-block-kadence-spacer.kt-block-spacer-5486_107815-49 .kt-divider{border-top-width:1px;height:1px;border-top-color:#eee;width:80%;border-top-style:solid;}<\/style>\n<div class=\"wp-block-kadence-spacer aligncenter kt-block-spacer-5486_107815-49\"><div class=\"kt-block-spacer kt-block-spacer-halign-center\"><hr class=\"kt-divider\"\/><\/div><\/div>\n\n\n\n<p>       O Projeto \u00e9 uma proposta voltada \u00e0 forma\u00e7\u00e3o continuada de int\u00e9rpretes de Libras e Portugu\u00eas que atuam no contexto educacional. Reconhecendo os m\u00faltiplos desafios enfrentados por esses profissionais no cotidiano escolar e acad\u00eamico, este espa\u00e7o formativo visa promover reflex\u00f5es, trocas de experi\u00eancias e aprofundamentos te\u00f3ricos e pr\u00e1ticos sobre a media\u00e7\u00e3o lingu\u00edstica entre surdos e ouvintes nos processos de ensino-aprendizagem. Tem como objetivo promover a forma\u00e7\u00e3o continuada de int\u00e9rpretes de Libras-Portugu\u00eas que atuam em contextos educacionais, por meio de reflex\u00f5es te\u00f3ricas e pr\u00e1ticas, troca de experi\u00eancias e aprofundamento de temas relevantes \u00e0 media\u00e7\u00e3o lingu\u00edstica entre falantes de Libras e L\u00edngua Portuguesa no processo de ensino-aprendizagem.<\/p>\n\n\n\n<div class=\"wp-block-jetpack-slideshow aligncenter\" data-effect=\"slide\"><div class=\"wp-block-jetpack-slideshow_container swiper-container\"><ul class=\"wp-block-jetpack-slideshow_swiper-wrapper swiper-wrapper\"><li class=\"wp-block-jetpack-slideshow_slide swiper-slide\"><figure><img width=\"1024\" height=\"1024\" alt=\"\" class=\"wp-block-jetpack-slideshow_image wp-image-5489\" data-id=\"5489\" src=\"https:\/\/wp.ufpel.edu.br\/nai\/files\/2025\/06\/WhatsApp-Image-2025-06-21-at-21.24.56-1-1024x1024.jpeg\" srcset=\"https:\/\/wp.ufpel.edu.br\/nai\/files\/2025\/06\/WhatsApp-Image-2025-06-21-at-21.24.56-1-1024x1024.jpeg 1024w, https:\/\/wp.ufpel.edu.br\/nai\/files\/2025\/06\/WhatsApp-Image-2025-06-21-at-21.24.56-1-400x400.jpeg 400w, https:\/\/wp.ufpel.edu.br\/nai\/files\/2025\/06\/WhatsApp-Image-2025-06-21-at-21.24.56-1-200x200.jpeg 200w, https:\/\/wp.ufpel.edu.br\/nai\/files\/2025\/06\/WhatsApp-Image-2025-06-21-at-21.24.56-1-768x768.jpeg 768w, https:\/\/wp.ufpel.edu.br\/nai\/files\/2025\/06\/WhatsApp-Image-2025-06-21-at-21.24.56-1.jpeg 1080w\" sizes=\"(max-width: 1024px) 100vw, 1024px\" \/><\/figure><\/li><li class=\"wp-block-jetpack-slideshow_slide swiper-slide\"><figure><img width=\"1024\" height=\"1024\" alt=\"\" class=\"wp-block-jetpack-slideshow_image wp-image-5490\" data-id=\"5490\" src=\"https:\/\/wp.ufpel.edu.br\/nai\/files\/2025\/06\/WhatsApp-Image-2025-06-21-at-21.24.57-1024x1024.jpeg\" srcset=\"https:\/\/wp.ufpel.edu.br\/nai\/files\/2025\/06\/WhatsApp-Image-2025-06-21-at-21.24.57-1024x1024.jpeg 1024w, https:\/\/wp.ufpel.edu.br\/nai\/files\/2025\/06\/WhatsApp-Image-2025-06-21-at-21.24.57-400x400.jpeg 400w, https:\/\/wp.ufpel.edu.br\/nai\/files\/2025\/06\/WhatsApp-Image-2025-06-21-at-21.24.57-200x200.jpeg 200w, https:\/\/wp.ufpel.edu.br\/nai\/files\/2025\/06\/WhatsApp-Image-2025-06-21-at-21.24.57-768x768.jpeg 768w, https:\/\/wp.ufpel.edu.br\/nai\/files\/2025\/06\/WhatsApp-Image-2025-06-21-at-21.24.57.jpeg 1080w\" sizes=\"(max-width: 1024px) 100vw, 1024px\" \/><\/figure><\/li><li class=\"wp-block-jetpack-slideshow_slide swiper-slide\"><figure><img width=\"1024\" height=\"1024\" alt=\"\" class=\"wp-block-jetpack-slideshow_image wp-image-5491\" data-id=\"5491\" src=\"https:\/\/wp.ufpel.edu.br\/nai\/files\/2025\/06\/WhatsApp-Image-2025-06-21-at-21.24.57-1-1024x1024.jpeg\" srcset=\"https:\/\/wp.ufpel.edu.br\/nai\/files\/2025\/06\/WhatsApp-Image-2025-06-21-at-21.24.57-1-1024x1024.jpeg 1024w, https:\/\/wp.ufpel.edu.br\/nai\/files\/2025\/06\/WhatsApp-Image-2025-06-21-at-21.24.57-1-400x400.jpeg 400w, https:\/\/wp.ufpel.edu.br\/nai\/files\/2025\/06\/WhatsApp-Image-2025-06-21-at-21.24.57-1-200x200.jpeg 200w, https:\/\/wp.ufpel.edu.br\/nai\/files\/2025\/06\/WhatsApp-Image-2025-06-21-at-21.24.57-1-768x768.jpeg 768w, https:\/\/wp.ufpel.edu.br\/nai\/files\/2025\/06\/WhatsApp-Image-2025-06-21-at-21.24.57-1.jpeg 1080w\" sizes=\"(max-width: 1024px) 100vw, 1024px\" \/><\/figure><\/li><li class=\"wp-block-jetpack-slideshow_slide swiper-slide\"><figure><img width=\"1024\" height=\"1024\" alt=\"\" class=\"wp-block-jetpack-slideshow_image wp-image-5492\" data-id=\"5492\" src=\"https:\/\/wp.ufpel.edu.br\/nai\/files\/2025\/06\/WhatsApp-Image-2025-06-21-at-21.24.57-2-1024x1024.jpeg\" srcset=\"https:\/\/wp.ufpel.edu.br\/nai\/files\/2025\/06\/WhatsApp-Image-2025-06-21-at-21.24.57-2-1024x1024.jpeg 1024w, https:\/\/wp.ufpel.edu.br\/nai\/files\/2025\/06\/WhatsApp-Image-2025-06-21-at-21.24.57-2-400x400.jpeg 400w, https:\/\/wp.ufpel.edu.br\/nai\/files\/2025\/06\/WhatsApp-Image-2025-06-21-at-21.24.57-2-200x200.jpeg 200w, https:\/\/wp.ufpel.edu.br\/nai\/files\/2025\/06\/WhatsApp-Image-2025-06-21-at-21.24.57-2-768x768.jpeg 768w, https:\/\/wp.ufpel.edu.br\/nai\/files\/2025\/06\/WhatsApp-Image-2025-06-21-at-21.24.57-2.jpeg 1080w\" sizes=\"(max-width: 1024px) 100vw, 1024px\" \/><\/figure><\/li><li class=\"wp-block-jetpack-slideshow_slide swiper-slide\"><figure><img width=\"1024\" height=\"1024\" alt=\"\" class=\"wp-block-jetpack-slideshow_image wp-image-5493\" data-id=\"5493\" src=\"https:\/\/wp.ufpel.edu.br\/nai\/files\/2025\/06\/WhatsApp-Image-2025-06-21-at-21.24.58-1024x1024.jpeg\" srcset=\"https:\/\/wp.ufpel.edu.br\/nai\/files\/2025\/06\/WhatsApp-Image-2025-06-21-at-21.24.58-1024x1024.jpeg 1024w, https:\/\/wp.ufpel.edu.br\/nai\/files\/2025\/06\/WhatsApp-Image-2025-06-21-at-21.24.58-400x400.jpeg 400w, https:\/\/wp.ufpel.edu.br\/nai\/files\/2025\/06\/WhatsApp-Image-2025-06-21-at-21.24.58-200x200.jpeg 200w, https:\/\/wp.ufpel.edu.br\/nai\/files\/2025\/06\/WhatsApp-Image-2025-06-21-at-21.24.58-768x768.jpeg 768w, https:\/\/wp.ufpel.edu.br\/nai\/files\/2025\/06\/WhatsApp-Image-2025-06-21-at-21.24.58.jpeg 1080w\" sizes=\"(max-width: 1024px) 100vw, 1024px\" \/><\/figure><\/li><li class=\"wp-block-jetpack-slideshow_slide swiper-slide\"><figure><img width=\"1024\" height=\"1024\" alt=\"\" class=\"wp-block-jetpack-slideshow_image wp-image-5494\" data-id=\"5494\" src=\"https:\/\/wp.ufpel.edu.br\/nai\/files\/2025\/06\/WhatsApp-Image-2025-06-21-at-21.24.58-1-1024x1024.jpeg\" srcset=\"https:\/\/wp.ufpel.edu.br\/nai\/files\/2025\/06\/WhatsApp-Image-2025-06-21-at-21.24.58-1-1024x1024.jpeg 1024w, https:\/\/wp.ufpel.edu.br\/nai\/files\/2025\/06\/WhatsApp-Image-2025-06-21-at-21.24.58-1-400x400.jpeg 400w, https:\/\/wp.ufpel.edu.br\/nai\/files\/2025\/06\/WhatsApp-Image-2025-06-21-at-21.24.58-1-200x200.jpeg 200w, https:\/\/wp.ufpel.edu.br\/nai\/files\/2025\/06\/WhatsApp-Image-2025-06-21-at-21.24.58-1-768x768.jpeg 768w, https:\/\/wp.ufpel.edu.br\/nai\/files\/2025\/06\/WhatsApp-Image-2025-06-21-at-21.24.58-1.jpeg 1080w\" sizes=\"(max-width: 1024px) 100vw, 1024px\" \/><\/figure><\/li><li class=\"wp-block-jetpack-slideshow_slide swiper-slide\"><figure><img width=\"1024\" height=\"1024\" alt=\"\" class=\"wp-block-jetpack-slideshow_image wp-image-5495\" data-id=\"5495\" src=\"https:\/\/wp.ufpel.edu.br\/nai\/files\/2025\/06\/WhatsApp-Image-2025-06-21-at-21.24.58-2-1024x1024.jpeg\" srcset=\"https:\/\/wp.ufpel.edu.br\/nai\/files\/2025\/06\/WhatsApp-Image-2025-06-21-at-21.24.58-2-1024x1024.jpeg 1024w, https:\/\/wp.ufpel.edu.br\/nai\/files\/2025\/06\/WhatsApp-Image-2025-06-21-at-21.24.58-2-400x400.jpeg 400w, https:\/\/wp.ufpel.edu.br\/nai\/files\/2025\/06\/WhatsApp-Image-2025-06-21-at-21.24.58-2-200x200.jpeg 200w, https:\/\/wp.ufpel.edu.br\/nai\/files\/2025\/06\/WhatsApp-Image-2025-06-21-at-21.24.58-2-768x768.jpeg 768w, https:\/\/wp.ufpel.edu.br\/nai\/files\/2025\/06\/WhatsApp-Image-2025-06-21-at-21.24.58-2.jpeg 1080w\" sizes=\"(max-width: 1024px) 100vw, 1024px\" \/><\/figure><\/li><\/ul><a class=\"wp-block-jetpack-slideshow_button-prev swiper-button-prev swiper-button-white\" role=\"button\"><\/a><a class=\"wp-block-jetpack-slideshow_button-next swiper-button-next swiper-button-white\" role=\"button\"><\/a><a aria-label=\"Pause Slideshow\" class=\"wp-block-jetpack-slideshow_button-pause\" role=\"button\"><\/a><div class=\"wp-block-jetpack-slideshow_pagination swiper-pagination swiper-pagination-white\"><\/div><\/div><\/div>\n\n\n<style>.wp-block-kadence-spacer.kt-block-spacer-5486_0a1eff-37 .kt-block-spacer{height:60px;}.wp-block-kadence-spacer.kt-block-spacer-5486_0a1eff-37 .kt-divider{border-top-width:1px;height:1px;border-top-color:#eee;width:80%;border-top-style:solid;}<\/style>\n<div class=\"wp-block-kadence-spacer aligncenter kt-block-spacer-5486_0a1eff-37\"><div class=\"kt-block-spacer kt-block-spacer-halign-center\"><hr class=\"kt-divider\"\/><\/div><\/div>\n\n\n\n<div class=\"wp-block-group\"><div class=\"wp-block-group__inner-container is-layout-constrained wp-block-group-is-layout-constrained\">\n<p>EDITAL-SI n\u00ba 003\/2025 EDITAL DE SELE\u00c7\u00c3O DE ALUNOS<br>O projeto de extens\u00e3o TILS EM MOVIMENTO vinculado a PROAFE e a COACE, torna p\u00fablico com este edital a abertura de inscri\u00e7\u00f5es para sele\u00e7\u00e3o de alunos, referente a a\u00e7\u00e3o <em>Forma\u00e7\u00e3o Continuada &#8211; TILS em Movimento <\/em>(2025), dentro do projeto.<\/p>\n<\/div><\/div>\n\n\n\n<div data-wp-interactive=\"core\/file\" class=\"wp-block-file\"><object data-wp-bind--hidden=\"!state.hasPdfPreview\" hidden class=\"wp-block-file__embed\" data=\"https:\/\/wp.ufpel.edu.br\/nai\/files\/2025\/06\/EDITAL-SI_03_2025_SELECAO_DE_ALUNOS_-_TILS_EM_MOVIMENTO_assinado-1.pdf\" type=\"application\/pdf\" style=\"width:100%;height:600px\" aria-label=\"Incorporado de EDITAL-SI_03_2025_SELECAO_DE_ALUNOS_-_TILS_EM_MOVIMENTO_assinado (1).\"><\/object><a id=\"wp-block-file--media-ed16e2ac-9dc4-4b83-af48-42fdf80f7b65\" href=\"https:\/\/wp.ufpel.edu.br\/nai\/files\/2025\/06\/EDITAL-SI_03_2025_SELECAO_DE_ALUNOS_-_TILS_EM_MOVIMENTO_assinado-1.pdf\">EDITAL-SI_03_2025_SELECAO_DE_ALUNOS_-_TILS_EM_MOVIMENTO_assinado (1)<\/a><a href=\"https:\/\/wp.ufpel.edu.br\/nai\/files\/2025\/06\/EDITAL-SI_03_2025_SELECAO_DE_ALUNOS_-_TILS_EM_MOVIMENTO_assinado-1.pdf\" class=\"wp-block-file__button wp-element-button\" download aria-describedby=\"wp-block-file--media-ed16e2ac-9dc4-4b83-af48-42fdf80f7b65\">Baixar<\/a><\/div>\n\n\n\n<p><\/p>\n","protected":false},"excerpt":{"rendered":"<p>TILS em Movimento: Forma\u00e7\u00e3o Continuada para Int\u00e9rpretes de Libras e Portugu\u00eas O Projeto \u00e9 uma proposta voltada \u00e0 forma\u00e7\u00e3o continuada de int\u00e9rpretes de Libras e Portugu\u00eas que atuam no contexto educacional. Reconhecendo os m\u00faltiplos desafios enfrentados por esses profissionais no cotidiano escolar e acad\u00eamico, este espa\u00e7o formativo visa promover reflex\u00f5es, trocas de experi\u00eancias e aprofundamentos [&hellip;]<\/p>\n","protected":false},"author":359,"featured_media":0,"parent":599,"menu_order":0,"comment_status":"closed","ping_status":"closed","template":"","meta":{"jetpack_post_was_ever_published":false,"footnotes":""},"class_list":["post-5486","page","type-page","status-publish","hentry"],"jetpack_sharing_enabled":true,"jetpack_shortlink":"https:\/\/wp.me\/P90IOR-1qu","_links":{"self":[{"href":"https:\/\/wp.ufpel.edu.br\/nai\/wp-json\/wp\/v2\/pages\/5486","targetHints":{"allow":["GET"]}}],"collection":[{"href":"https:\/\/wp.ufpel.edu.br\/nai\/wp-json\/wp\/v2\/pages"}],"about":[{"href":"https:\/\/wp.ufpel.edu.br\/nai\/wp-json\/wp\/v2\/types\/page"}],"author":[{"embeddable":true,"href":"https:\/\/wp.ufpel.edu.br\/nai\/wp-json\/wp\/v2\/users\/359"}],"replies":[{"embeddable":true,"href":"https:\/\/wp.ufpel.edu.br\/nai\/wp-json\/wp\/v2\/comments?post=5486"}],"version-history":[{"count":5,"href":"https:\/\/wp.ufpel.edu.br\/nai\/wp-json\/wp\/v2\/pages\/5486\/revisions"}],"predecessor-version":[{"id":5511,"href":"https:\/\/wp.ufpel.edu.br\/nai\/wp-json\/wp\/v2\/pages\/5486\/revisions\/5511"}],"up":[{"embeddable":true,"href":"https:\/\/wp.ufpel.edu.br\/nai\/wp-json\/wp\/v2\/pages\/599"}],"wp:attachment":[{"href":"https:\/\/wp.ufpel.edu.br\/nai\/wp-json\/wp\/v2\/media?parent=5486"}],"curies":[{"name":"wp","href":"https:\/\/api.w.org\/{rel}","templated":true}]}}