{"id":451,"date":"2017-03-02T14:26:58","date_gmt":"2017-03-02T17:26:58","guid":{"rendered":"https:\/\/wp.ufpel.edu.br\/nai\/?page_id=451"},"modified":"2023-02-03T17:09:32","modified_gmt":"2023-02-03T20:09:32","slug":"sobreonucleo-organograma","status":"publish","type":"page","link":"https:\/\/wp.ufpel.edu.br\/nai\/sobreonucleo-organograma\/","title":{"rendered":"Organograma"},"content":{"rendered":"<p><img data-attachment-id=\"1322\" data-permalink=\"https:\/\/wp.ufpel.edu.br\/nai\/sobreonucleo-organograma\/organograma-nai\/\" data-orig-file=\"https:\/\/wp.ufpel.edu.br\/nai\/files\/2017\/03\/organograma-NAI.png\" data-orig-size=\"1942,1296\" data-comments-opened=\"0\" data-image-meta=\"{&quot;aperture&quot;:&quot;0&quot;,&quot;credit&quot;:&quot;&quot;,&quot;camera&quot;:&quot;&quot;,&quot;caption&quot;:&quot;&quot;,&quot;created_timestamp&quot;:&quot;0&quot;,&quot;copyright&quot;:&quot;&quot;,&quot;focal_length&quot;:&quot;0&quot;,&quot;iso&quot;:&quot;0&quot;,&quot;shutter_speed&quot;:&quot;0&quot;,&quot;title&quot;:&quot;&quot;,&quot;orientation&quot;:&quot;0&quot;}\" data-image-title=\"organograma NAI\" data-image-description=\"\" data-image-caption=\"\" data-medium-file=\"https:\/\/wp.ufpel.edu.br\/nai\/files\/2017\/03\/organograma-NAI-400x267.png\" data-large-file=\"https:\/\/wp.ufpel.edu.br\/nai\/files\/2017\/03\/organograma-NAI-1024x683.png\" class=\"aligncenter wp-image-1322\" src=\"https:\/\/wp.ufpel.edu.br\/nai\/files\/2017\/03\/organograma-NAI-400x267.png\" alt=\"organograma do NAI\" width=\"515\" height=\"343\" srcset=\"https:\/\/wp.ufpel.edu.br\/nai\/files\/2017\/03\/organograma-NAI-400x267.png 400w, https:\/\/wp.ufpel.edu.br\/nai\/files\/2017\/03\/organograma-NAI-768x513.png 768w, https:\/\/wp.ufpel.edu.br\/nai\/files\/2017\/03\/organograma-NAI-1024x683.png 1024w, https:\/\/wp.ufpel.edu.br\/nai\/files\/2017\/03\/organograma-NAI.png 1942w\" sizes=\"(max-width: 515px) 100vw, 515px\" \/><\/p>\n<p>&nbsp;<\/p>\n<p><span style=\"font-size: 18pt;\"><a href=\"https:\/\/wp.ufpel.edu.br\/gabinete\/reitor\/\"><strong><span style=\"font-family: verdana, geneva, sans-serif;\">1. GABINETE DO REITOR<\/span><\/strong><\/a><\/span><\/p>\n<p>&nbsp;<\/p>\n<p style=\"padding-left: 30px;\"><span style=\"font-size: 14pt;\"><a href=\"https:\/\/wp.ufpel.edu.br\/cid\/\"><strong><span style=\"font-family: verdana,geneva,sans-serif;\">1.1. CODIN &#8211; COORDENA\u00c7\u00c3O DE DIVERSIDADE E INCLUS\u00c3O<\/span><\/strong><\/a><\/span><\/p>\n<p style=\"padding-left: 60px;\"><span style=\"font-size: 14pt;\"><a href=\"https:\/\/wp.ufpel.edu.br\/nai\"><span style=\"font-family: verdana,geneva,sans-serif;\"><strong>1.1.1. NAI &#8211; N\u00daCLEO DE ACESSIBILIDADE E INCLUS\u00c3O<\/strong><\/span><\/a><\/span><\/p>\n<p>&nbsp;<\/p>\n<p style=\"padding-left: 90px;\"><span style=\"font-size: 12pt;\"><a href=\"https:\/\/wp.ufpel.edu.br\/nai\/secao\/\"><span style=\"font-family: verdana,geneva,sans-serif;\"><strong>1.1.1.1. TILS &#8211; Se\u00e7\u00e3o dos Tradutores Int\u00e9rpretes de Libras<\/strong><\/span><\/a><\/span><\/p>\n<p>&nbsp;<\/p>\n<p style=\"padding-left: 90px;\"><span style=\"font-size: 12pt;\"><a href=\"https:\/\/wp.ufpel.edu.br\/nai\/secao-de-acompanhamento-educacional-especializado\/\"><span style=\"font-family: verdana,geneva,sans-serif;\"><strong>1.1.1.2. SAEE &#8211; Se\u00e7\u00e3o de Atendimento Educacional Especializado<\/strong><\/span><\/a><\/span><\/p>\n<p>&nbsp;<\/p>\n<p style=\"padding-left: 90px;\"><span style=\"font-size: 12pt;\"><a href=\"https:\/\/wp.ufpel.edu.br\/nai\/comissao-de-apoio-ao-nai\/\"><span style=\"font-family: verdana, geneva, sans-serif;\"><strong>1.1.1.3. CONAI &#8211; Comiss\u00e3o de Apoio ao NAI<\/strong><\/span><\/a><\/span><\/p>\n<p>&nbsp;<\/p>\n<p><strong><span style=\"font-family: verdana, geneva, sans-serif; font-size: 14pt;\">Estrutura do N\u00facleo de Acessibilidade e Inclus\u00e3o<\/span><\/strong><\/p>\n<p><img data-attachment-id=\"3622\" data-permalink=\"https:\/\/wp.ufpel.edu.br\/nai\/sobreonucleo-organograma\/organograma-nai-2\/\" data-orig-file=\"https:\/\/wp.ufpel.edu.br\/nai\/files\/2019\/10\/ORGANOGRAMA-NAI.png\" data-orig-size=\"2339,1654\" data-comments-opened=\"0\" data-image-meta=\"{&quot;aperture&quot;:&quot;0&quot;,&quot;credit&quot;:&quot;&quot;,&quot;camera&quot;:&quot;&quot;,&quot;caption&quot;:&quot;&quot;,&quot;created_timestamp&quot;:&quot;0&quot;,&quot;copyright&quot;:&quot;&quot;,&quot;focal_length&quot;:&quot;0&quot;,&quot;iso&quot;:&quot;0&quot;,&quot;shutter_speed&quot;:&quot;0&quot;,&quot;title&quot;:&quot;&quot;,&quot;orientation&quot;:&quot;0&quot;}\" data-image-title=\"ORGANOGRAMA-NAI\" data-image-description=\"\" data-image-caption=\"\" data-medium-file=\"https:\/\/wp.ufpel.edu.br\/nai\/files\/2019\/10\/ORGANOGRAMA-NAI-400x283.png\" data-large-file=\"https:\/\/wp.ufpel.edu.br\/nai\/files\/2019\/10\/ORGANOGRAMA-NAI-1024x724.png\" class=\"aligncenter size-full wp-image-3622\" src=\"https:\/\/wp.ufpel.edu.br\/nai\/files\/2019\/10\/ORGANOGRAMA-NAI.png\" alt=\"\" width=\"2339\" height=\"1654\" srcset=\"https:\/\/wp.ufpel.edu.br\/nai\/files\/2019\/10\/ORGANOGRAMA-NAI.png 2339w, https:\/\/wp.ufpel.edu.br\/nai\/files\/2019\/10\/ORGANOGRAMA-NAI-400x283.png 400w, https:\/\/wp.ufpel.edu.br\/nai\/files\/2019\/10\/ORGANOGRAMA-NAI-768x543.png 768w, https:\/\/wp.ufpel.edu.br\/nai\/files\/2019\/10\/ORGANOGRAMA-NAI-1024x724.png 1024w\" sizes=\"(max-width: 2339px) 100vw, 2339px\" \/><\/p>\n<p><span style=\"font-family: verdana, geneva, sans-serif; font-size: 8pt;\">#PraCegoVer No topo da imagem, centralizado, est\u00e1 escrito &#8220;Organograma nai&#8221;. \u00c0 direita aparece o s\u00edmbolo do NAI. Abaixo um fluxograma com a estrutura do NAI. A chefia do NAI fica no topo, dela saem quatro setas, uma \u00e0 direita que se liga \u00e0 CONAI (Comiss\u00e3o de apoio ao NAI), abaixo, est\u00e3o as outras tr\u00eas setas, uma que liga a Se\u00e7\u00e3o de Tradutores Int\u00e9rpretes de Libras que est\u00e1 listado o seguinte: Chefia da Se\u00e7\u00e3o; Equipe de Tradutores Int\u00e9rpretes\/ LP; Guia-Interpreta\u00e7\u00e3o . Do lado est\u00e1 a Se\u00e7\u00e3o de Atendimento Educacional Especializado que est\u00e1 listado o seguinte: Chefia da Se\u00e7\u00e3o; Educadoras Especializadas; Psicopedagogas; Terapeuta Ocupacional. E ao lado est\u00e1 a Coordena\u00e7\u00e3o Pedag\u00f3gica, ambas est\u00e3o no mesmo n\u00edvel e est\u00e3o ligadas \u00e0 Bolsistas. E a Se\u00e7\u00e3o de Atendimento Educacional Especializado e Coordena\u00e7\u00e3o Pedag\u00f3gica est\u00e3o ligadas \u00e0 Tutores.\u00a0<\/span><\/p>\n","protected":false},"excerpt":{"rendered":"<p>&nbsp; 1. GABINETE DO REITOR &nbsp; 1.1. CODIN &#8211; COORDENA\u00c7\u00c3O DE DIVERSIDADE E INCLUS\u00c3O 1.1.1. NAI &#8211; N\u00daCLEO DE ACESSIBILIDADE E INCLUS\u00c3O &nbsp; 1.1.1.1. TILS &#8211; Se\u00e7\u00e3o dos Tradutores Int\u00e9rpretes de Libras &nbsp; 1.1.1.2. SAEE &#8211; Se\u00e7\u00e3o de Atendimento Educacional Especializado &nbsp; 1.1.1.3. CONAI &#8211; Comiss\u00e3o de Apoio ao NAI &nbsp; Estrutura do N\u00facleo de [&hellip;]<\/p>\n","protected":false},"author":667,"featured_media":0,"parent":0,"menu_order":4,"comment_status":"closed","ping_status":"closed","template":"","meta":{"jetpack_post_was_ever_published":false,"footnotes":""},"class_list":["post-451","page","type-page","status-publish","hentry"],"jetpack_sharing_enabled":true,"jetpack_shortlink":"https:\/\/wp.me\/P90IOR-7h","_links":{"self":[{"href":"https:\/\/wp.ufpel.edu.br\/nai\/wp-json\/wp\/v2\/pages\/451","targetHints":{"allow":["GET"]}}],"collection":[{"href":"https:\/\/wp.ufpel.edu.br\/nai\/wp-json\/wp\/v2\/pages"}],"about":[{"href":"https:\/\/wp.ufpel.edu.br\/nai\/wp-json\/wp\/v2\/types\/page"}],"author":[{"embeddable":true,"href":"https:\/\/wp.ufpel.edu.br\/nai\/wp-json\/wp\/v2\/users\/667"}],"replies":[{"embeddable":true,"href":"https:\/\/wp.ufpel.edu.br\/nai\/wp-json\/wp\/v2\/comments?post=451"}],"version-history":[{"count":64,"href":"https:\/\/wp.ufpel.edu.br\/nai\/wp-json\/wp\/v2\/pages\/451\/revisions"}],"predecessor-version":[{"id":482,"href":"https:\/\/wp.ufpel.edu.br\/nai\/wp-json\/wp\/v2\/pages\/451\/revisions\/482"}],"wp:attachment":[{"href":"https:\/\/wp.ufpel.edu.br\/nai\/wp-json\/wp\/v2\/media?parent=451"}],"curies":[{"name":"wp","href":"https:\/\/api.w.org\/{rel}","templated":true}]}}