{"id":4310,"date":"2022-05-03T15:05:14","date_gmt":"2022-05-03T18:05:14","guid":{"rendered":"https:\/\/wp.ufpel.edu.br\/nai\/?page_id=4310"},"modified":"2023-02-03T15:55:13","modified_gmt":"2023-02-03T18:55:13","slug":"2022-2","status":"publish","type":"page","link":"https:\/\/wp.ufpel.edu.br\/nai\/2022-2\/","title":{"rendered":"Relat\u00f3rio de Cotas &#8211; 2022"},"content":{"rendered":"<p><span style=\"font-family: verdana, geneva, sans-serif;\"><b>2022\/01<\/b><\/span><\/p>\n<p><span style=\"font-family: verdana, geneva, sans-serif;\"><b>Processo Seletivo \u2013 SISU<\/b><\/span><\/p>\n<p><span style=\"font-weight: 400; font-family: verdana, geneva, sans-serif;\">Processo Seletivo &#8211; SISU 2022\/01 &#8211; Chamada Regular<\/span><\/p>\n<p><a href=\"https:\/\/wp.ufpel.edu.br\/nai\/files\/2022\/03\/relatorio_parecer_cotas_Definitivo-7.pdf\" target=\"_blank\" rel=\"noopener\"><span style=\"font-weight: 400; font-family: verdana, geneva, sans-serif;\">Relat\u00f3rio Parecer Cotas Definitivo<\/span><\/a><\/p>\n<p><span style=\"font-weight: 400; font-family: verdana, geneva, sans-serif;\">Processo Seletivo &#8211; SISU 2022\/01 &#8211; Primeira Convoca\u00e7\u00e3o<\/span><\/p>\n<p><a href=\"https:\/\/wp.ufpel.edu.br\/nai\/files\/2022\/04\/relatorio_parecer_cotas_Definitivo-3.pdf\" target=\"_blank\" rel=\"noopener\"><span style=\"font-weight: 400; font-family: verdana, geneva, sans-serif;\">Relat\u00f3rio Parecer Cotas Definitivo<\/span><\/a><\/p>\n<p><span style=\"font-family: verdana, geneva, sans-serif;\"><strong>Processo Seletivo \u2013 PAVE<\/strong><\/span><\/p>\n<p><span style=\"font-family: verdana, geneva, sans-serif;\">Processo Seletivo \u2013 PAVE 2022\/01 \u2013 Chamada Regular<\/span><\/p>\n<p><span style=\"font-family: verdana, geneva, sans-serif;\"><a href=\"https:\/\/wp.ufpel.edu.br\/nai\/files\/2022\/06\/relatorio_parecer_cotas_Definitivo-10.pdf\">Relat\u00f3rio_Parecer_Cotas_Definitivo<\/a><\/span><\/p>\n<p><span style=\"font-family: verdana, geneva, sans-serif;\">Processo Seletivo \u2013 PAVE 2022\/01 \u2013 Primeira Convoca\u00e7\u00e3o<\/span><\/p>\n<p><span style=\"font-family: verdana, geneva, sans-serif;\"><a href=\"https:\/\/wp.ufpel.edu.br\/nai\/files\/2022\/06\/relatorio_parecer_cotas_Definitivo-4.pdf\">Relat\u00f3rio Parecer Cotas Definitivo<\/a><\/span><\/p>\n<p><span style=\"font-family: verdana, geneva, sans-serif;\"><strong>Processo Seletivo Simplificado<\/strong><\/span><\/p>\n<p><span style=\"font-family: verdana, geneva, sans-serif;\">Processo Seletivo Simplificado &#8211; 2022\/01<\/span><\/p>\n<p><span style=\"font-family: verdana, geneva, sans-serif;\"><a href=\"https:\/\/wp.ufpel.edu.br\/nai\/files\/2022\/07\/relatorio_parecer_cotas_Definitivo-PS-Simplificado.pdf\">Relat\u00f3rio_Parecer_Cotas_Definitivo<\/a><\/span><\/p>\n<p><strong><span style=\"font-family: verdana, geneva, sans-serif;\">Processo Seletivo Transfer\u00eancia<\/span><\/strong><\/p>\n<p><span style=\"font-family: verdana, geneva, sans-serif;\">Processo Seletivo Transfer\u00eancia &#8211; 2022\/01<\/span><\/p>\n<p><span style=\"font-family: verdana, geneva, sans-serif;\"><a href=\"https:\/\/wp.ufpel.edu.br\/nai\/files\/2022\/08\/relatorio_parecer_cotas_Definitivo-PS-Transferencia.pdf\">Relat\u00f3rio_Parecer_Cotas Transfer\u00eancia<\/a><\/span><\/p>\n<p>&nbsp;<\/p>\n<p><strong><span style=\"font-family: verdana, geneva, sans-serif;\">2022\/02<\/span><\/strong><\/p>\n<p><strong><span style=\"font-family: verdana, geneva, sans-serif;\">Processo Seletivo &#8211; SISU<\/span><\/strong><\/p>\n<p><span style=\"font-family: verdana, geneva, sans-serif;\">Processo Seletivo \u2013 SISU 2022\/02 \u2013 Chamada Regular<\/span><\/p>\n<p><span style=\"font-family: verdana, geneva, sans-serif;\"><a href=\"https:\/\/wp.ufpel.edu.br\/nai\/files\/2022\/07\/relatorio_parecer_cotas_Definitivo-SISU-2022-02-Chamada-Regular.pdf\">Relat\u00f3rio_parecer_cotas_Definitivo<\/a><\/span><\/p>\n<p><span style=\"font-family: verdana, geneva, sans-serif;\">Processo Seletivo &#8211; SISU 2022\/02 &#8211; Lista de Espera &#8211; Primeira Chamada<\/span><\/p>\n<p><a href=\"file:\/\/\/C:\/Users\/NAI\/Downloads\/relat%C3%B3rio_parecer_cotas_Definitivo%20(8).pdf\"><span style=\"font-family: verdana, geneva, sans-serif;\">Relat\u00f3rio Parecer Cotas Definitivo<\/span><\/a><\/p>\n","protected":false},"excerpt":{"rendered":"<p>2022\/01 Processo Seletivo \u2013 SISU Processo Seletivo &#8211; SISU 2022\/01 &#8211; Chamada Regular Relat\u00f3rio Parecer Cotas Definitivo Processo Seletivo &#8211; SISU 2022\/01 &#8211; Primeira Convoca\u00e7\u00e3o Relat\u00f3rio Parecer Cotas Definitivo Processo Seletivo \u2013 PAVE Processo Seletivo \u2013 PAVE 2022\/01 \u2013 Chamada Regular Relat\u00f3rio_Parecer_Cotas_Definitivo Processo Seletivo \u2013 PAVE 2022\/01 \u2013 Primeira Convoca\u00e7\u00e3o Relat\u00f3rio Parecer Cotas Definitivo Processo [&hellip;]<\/p>\n","protected":false},"author":359,"featured_media":0,"parent":0,"menu_order":0,"comment_status":"closed","ping_status":"closed","template":"","meta":{"jetpack_post_was_ever_published":false,"footnotes":""},"class_list":["post-4310","page","type-page","status-publish","hentry"],"jetpack_sharing_enabled":true,"jetpack_shortlink":"https:\/\/wp.me\/P90IOR-17w","_links":{"self":[{"href":"https:\/\/wp.ufpel.edu.br\/nai\/wp-json\/wp\/v2\/pages\/4310","targetHints":{"allow":["GET"]}}],"collection":[{"href":"https:\/\/wp.ufpel.edu.br\/nai\/wp-json\/wp\/v2\/pages"}],"about":[{"href":"https:\/\/wp.ufpel.edu.br\/nai\/wp-json\/wp\/v2\/types\/page"}],"author":[{"embeddable":true,"href":"https:\/\/wp.ufpel.edu.br\/nai\/wp-json\/wp\/v2\/users\/359"}],"replies":[{"embeddable":true,"href":"https:\/\/wp.ufpel.edu.br\/nai\/wp-json\/wp\/v2\/comments?post=4310"}],"version-history":[{"count":10,"href":"https:\/\/wp.ufpel.edu.br\/nai\/wp-json\/wp\/v2\/pages\/4310\/revisions"}],"predecessor-version":[{"id":4616,"href":"https:\/\/wp.ufpel.edu.br\/nai\/wp-json\/wp\/v2\/pages\/4310\/revisions\/4616"}],"wp:attachment":[{"href":"https:\/\/wp.ufpel.edu.br\/nai\/wp-json\/wp\/v2\/media?parent=4310"}],"curies":[{"name":"wp","href":"https:\/\/api.w.org\/{rel}","templated":true}]}}