{"id":4309,"date":"2022-05-03T15:05:14","date_gmt":"2022-05-03T18:05:14","guid":{"rendered":"https:\/\/wp.ufpel.edu.br\/nai\/?page_id=4309"},"modified":"2023-02-03T15:54:53","modified_gmt":"2023-02-03T18:54:53","slug":"2021-2","status":"publish","type":"page","link":"https:\/\/wp.ufpel.edu.br\/nai\/2021-2\/","title":{"rendered":"Relat\u00f3rio de Cotas &#8211; 2021"},"content":{"rendered":"<p><span style=\"font-family: verdana, geneva, sans-serif;\"><b>2021\/01<\/b><\/span><\/p>\n<p><span style=\"font-family: verdana, geneva, sans-serif;\">\u00a0<\/span><\/p>\n<p><span style=\"font-family: verdana, geneva, sans-serif;\"><b>Processo Seletivo &#8211; SISU<\/b><\/span><\/p>\n<p>&nbsp;<\/p>\n<p><span style=\"font-weight: 400; font-family: verdana, geneva, sans-serif;\">Processo Seletivo SISU &#8211; 2021\/01 &#8211; Chamada Regular<\/span><\/p>\n<p><a href=\"https:\/\/wp.ufpel.edu.br\/nai\/files\/2021\/05\/relatorio_parecer_cotas_Definitivo-5.pdf\" target=\"_blank\" rel=\"noopener\"><span style=\"font-weight: 400; font-family: verdana, geneva, sans-serif;\">Relat\u00f3rio Parecer Cotas Definitivo<\/span><\/a><\/p>\n<p><span style=\"font-weight: 400; font-family: verdana, geneva, sans-serif;\">Processo Seletivo SISU &#8211; 2021\/01 &#8211; 1\u00aa Convoca\u00e7\u00e3o<\/span><\/p>\n<p><a href=\"https:\/\/wp.ufpel.edu.br\/nai\/files\/2021\/05\/relatorio_parecer_cotas_Definitivo-6.pdf\" target=\"_blank\" rel=\"noopener\"><span style=\"font-weight: 400; font-family: verdana, geneva, sans-serif;\">Relat\u00f3rio Parecer Cotas Definitivo<\/span><\/a><\/p>\n<p><span style=\"font-weight: 400; font-family: verdana, geneva, sans-serif;\">Processo Seletivo SISU &#8211; 2021\/01 &#8211; 2\u00aa Convoca\u00e7\u00e3o<\/span><\/p>\n<p><a href=\"https:\/\/wp.ufpel.edu.br\/nai\/files\/2021\/06\/relatorio_parecer_cotas_Definitivo-7.pdf\" target=\"_blank\" rel=\"noopener\"><span style=\"font-weight: 400; font-family: verdana, geneva, sans-serif;\">Relat\u00f3rio Parecer Cotas Definitivo<\/span><\/a><\/p>\n<p><span style=\"font-weight: 400; font-family: verdana, geneva, sans-serif;\">Processo Seletivo SISU &#8211; 2021\/01 &#8211; 4\u00aa Convoca\u00e7\u00e3o<\/span><\/p>\n<p><a href=\"https:\/\/wp.ufpel.edu.br\/nai\/files\/2021\/07\/relatorio_parecer_cotas_Definitivo-8.pdf\" target=\"_blank\" rel=\"noopener\"><span style=\"font-weight: 400; font-family: verdana, geneva, sans-serif;\">Relat\u00f3rio Parecer Cotas Definitivo<\/span><\/a><\/p>\n<p><span style=\"font-weight: 400; font-family: verdana, geneva, sans-serif;\">Processo Seletivo SISU &#8211; 2021\/01 &#8211; 5\u00aa Convoca\u00e7\u00e3o<\/span><\/p>\n<p><a href=\"https:\/\/wp.ufpel.edu.br\/nai\/files\/2021\/08\/relatorio_parecer_cotas_Definitivo-9.pdf\" target=\"_blank\" rel=\"noopener\"><span style=\"font-weight: 400; font-family: verdana, geneva, sans-serif;\">Relat\u00f3rio Parecer Cotas Definitivo<\/span><\/a><\/p>\n<p>&nbsp;<\/p>\n<p>&nbsp;<\/p>\n<p><strong><span style=\"font-family: verdana, geneva, sans-serif;\">Processo Seletivo &#8211; PAVE<\/span><\/strong><\/p>\n<p><span style=\"font-family: verdana, geneva, sans-serif;\">\u00a0<\/span><\/p>\n<p><span style=\"font-weight: 400; font-family: verdana, geneva, sans-serif;\">Processo Seletivo &#8211; PAVE 2021\/01 &#8211; Chamada Regular<\/span><\/p>\n<p><a href=\"https:\/\/wp.ufpel.edu.br\/nai\/files\/2021\/08\/relatorio_parecer_cotas_Definitivo-10.pdf\" target=\"_blank\" rel=\"noopener\"><span style=\"font-weight: 400; font-family: verdana, geneva, sans-serif;\">Relat\u00f3rio Parecer Cotas Definitivo<\/span><\/a><span style=\"font-family: verdana, geneva, sans-serif;\"><br \/>\n<\/span><\/p>\n<p>&nbsp;<\/p>\n<p><span style=\"font-family: verdana, geneva, sans-serif;\"><b>Processo Seletivo &#8211; Nota do ENEM\u00a0<\/b><\/span><\/p>\n<p><span style=\"font-family: verdana, geneva, sans-serif;\">\u00a0<\/span><\/p>\n<p><span style=\"font-weight: 400; font-family: verdana, geneva, sans-serif;\">Processo Seletivo &#8211; Nota do ENEM &#8211; Chamada Regular<\/span><\/p>\n<p><a href=\"https:\/\/wp.ufpel.edu.br\/nai\/files\/2021\/08\/relatorio_parecer_cotas_Definitivo-11.pdf\" target=\"_blank\" rel=\"noopener\"><span style=\"font-weight: 400; font-family: verdana, geneva, sans-serif;\">Relat\u00f3rio Parecer Cotas Definitivo<\/span><\/a><\/p>\n<p>&nbsp;<\/p>\n<p>&nbsp;<\/p>\n<p>&nbsp;<\/p>\n<hr \/>\n<p><strong><span style=\"font-family: verdana, geneva, sans-serif;\">2021\/02\u00a0<\/span><\/strong><\/p>\n<p><span style=\"font-family: verdana, geneva, sans-serif;\">\u00a0<\/span><\/p>\n<p><strong><span style=\"font-family: verdana, geneva, sans-serif;\">Processo Seletivo &#8211; SISU\u00a0<\/span><\/strong><\/p>\n<p>&nbsp;<\/p>\n<p><span style=\"font-weight: 400; font-family: verdana, geneva, sans-serif;\">Processo Seletivo &#8211; 2021\/02 &#8211; Chamada Regular<\/span><\/p>\n<p><a href=\"https:\/\/wp.ufpel.edu.br\/nai\/files\/2021\/08\/relatorio_parecer_cotas_Definitivo.pdf\" target=\"_blank\" rel=\"noopener\"><span style=\"font-weight: 400; font-family: verdana, geneva, sans-serif;\">Relat\u00f3rio Parecer Cotas Definitivo<\/span><\/a><\/p>\n<p><span style=\"font-weight: 400; font-family: verdana, geneva, sans-serif;\">Processo Seletivo &#8211; SISU 2021\/02 &#8211; 1\u00aa Convoca\u00e7\u00e3o<\/span><\/p>\n<p><a href=\"https:\/\/wp.ufpel.edu.br\/nai\/files\/2021\/09\/relatorio_parecer_cotas_Definitivo-1.pdf\" target=\"_blank\" rel=\"noopener\"><span style=\"font-weight: 400; font-family: verdana, geneva, sans-serif;\">Relat\u00f3rio Parecer Cotas Definitivo<\/span><\/a><\/p>\n<p><span style=\"font-weight: 400; font-family: verdana, geneva, sans-serif;\">Processo Seletivo &#8211; SISU 2021\/02 &#8211; 3\u00aa Convoca\u00e7\u00e3o<\/span><\/p>\n<p><a href=\"https:\/\/wp.ufpel.edu.br\/nai\/files\/2022\/01\/relatorio_parecer_cotas_Definitivo-2.pdf\" target=\"_blank\" rel=\"noopener\"><span style=\"font-weight: 400; font-family: verdana, geneva, sans-serif;\">Relat\u00f3rio Parecer Cotas Definitivo<\/span><\/a><\/p>\n<p><span style=\"font-weight: 400; font-family: verdana, geneva, sans-serif;\">Processo Seletivo &#8211; SISU 2021\/02 &#8211; 5\u00aa Convoca\u00e7\u00e3o<\/span><\/p>\n<p><a href=\"https:\/\/wp.ufpel.edu.br\/nai\/files\/2022\/02\/relatorio_parecer_cotas_Definitivo-6.pdf\" target=\"_blank\" rel=\"noopener\"><span style=\"font-weight: 400; font-family: verdana, geneva, sans-serif;\">Relat\u00f3rio Parecer Cotas Definitivo<\/span><\/a><\/p>\n<p>&nbsp;<\/p>\n","protected":false},"excerpt":{"rendered":"<p>2021\/01 \u00a0 Processo Seletivo &#8211; SISU &nbsp; Processo Seletivo SISU &#8211; 2021\/01 &#8211; Chamada Regular Relat\u00f3rio Parecer Cotas Definitivo Processo Seletivo SISU &#8211; 2021\/01 &#8211; 1\u00aa Convoca\u00e7\u00e3o Relat\u00f3rio Parecer Cotas Definitivo Processo Seletivo SISU &#8211; 2021\/01 &#8211; 2\u00aa Convoca\u00e7\u00e3o Relat\u00f3rio Parecer Cotas Definitivo Processo Seletivo SISU &#8211; 2021\/01 &#8211; 4\u00aa Convoca\u00e7\u00e3o Relat\u00f3rio Parecer Cotas Definitivo [&hellip;]<\/p>\n","protected":false},"author":359,"featured_media":0,"parent":0,"menu_order":0,"comment_status":"closed","ping_status":"closed","template":"","meta":{"jetpack_post_was_ever_published":false,"footnotes":""},"class_list":["post-4309","page","type-page","status-publish","hentry"],"jetpack_sharing_enabled":true,"jetpack_shortlink":"https:\/\/wp.me\/P90IOR-17v","_links":{"self":[{"href":"https:\/\/wp.ufpel.edu.br\/nai\/wp-json\/wp\/v2\/pages\/4309","targetHints":{"allow":["GET"]}}],"collection":[{"href":"https:\/\/wp.ufpel.edu.br\/nai\/wp-json\/wp\/v2\/pages"}],"about":[{"href":"https:\/\/wp.ufpel.edu.br\/nai\/wp-json\/wp\/v2\/types\/page"}],"author":[{"embeddable":true,"href":"https:\/\/wp.ufpel.edu.br\/nai\/wp-json\/wp\/v2\/users\/359"}],"replies":[{"embeddable":true,"href":"https:\/\/wp.ufpel.edu.br\/nai\/wp-json\/wp\/v2\/comments?post=4309"}],"version-history":[{"count":5,"href":"https:\/\/wp.ufpel.edu.br\/nai\/wp-json\/wp\/v2\/pages\/4309\/revisions"}],"predecessor-version":[{"id":4615,"href":"https:\/\/wp.ufpel.edu.br\/nai\/wp-json\/wp\/v2\/pages\/4309\/revisions\/4615"}],"wp:attachment":[{"href":"https:\/\/wp.ufpel.edu.br\/nai\/wp-json\/wp\/v2\/media?parent=4309"}],"curies":[{"name":"wp","href":"https:\/\/api.w.org\/{rel}","templated":true}]}}