{"id":4306,"date":"2022-05-03T15:05:14","date_gmt":"2022-05-03T18:05:14","guid":{"rendered":"https:\/\/wp.ufpel.edu.br\/nai\/?page_id=4306"},"modified":"2023-02-03T15:53:46","modified_gmt":"2023-02-03T18:53:46","slug":"2019-2","status":"publish","type":"page","link":"https:\/\/wp.ufpel.edu.br\/nai\/2019-2\/","title":{"rendered":"Relat\u00f3rio de Cotas &#8211; 2019"},"content":{"rendered":"<p><span style=\"font-family: verdana, geneva, sans-serif;\"><b>2019\/01<\/b><\/span><\/p>\n<p>&nbsp;<\/p>\n<p><span style=\"font-family: verdana, geneva, sans-serif;\"><b>Processo Seletivo &#8211; SISU<\/b><\/span><\/p>\n<p>&nbsp;<\/p>\n<p><span style=\"font-weight: 400; font-family: verdana, geneva, sans-serif;\">Processo Seletivo SISU &#8211; 2019\/01 &#8211; Chamada Regular<\/span><\/p>\n<p><span style=\"font-family: verdana, geneva, sans-serif;\"><a href=\"https:\/\/wp.ufpel.edu.br\/nai\/files\/2019\/02\/relat%C3%B3rio_parecer_cotas_Definitivo-10.pdf\" target=\"_blank\" rel=\"noopener\"><span style=\"font-weight: 400;\">Relat\u00f3rio_Parecer_Cotas_Definitivo<\/span><\/a><\/span><\/p>\n<p><span style=\"font-weight: 400; font-family: verdana, geneva, sans-serif;\">Processo Seletivo SISU &#8211; 2019\/01 &#8211; 1\u00aa Convoca\u00e7\u00e3o<\/span><\/p>\n<p><span style=\"font-family: verdana, geneva, sans-serif;\"><a href=\"https:\/\/wp.ufpel.edu.br\/nai\/files\/2019\/03\/relat%C3%B3rio_parecer_cotas_Definitivo-16.pdf\" target=\"_blank\" rel=\"noopener\"><span style=\"font-weight: 400;\">Relat\u00f3rio Parecer Cotas Definitivo<\/span><\/a><\/span><\/p>\n<p><span style=\"font-weight: 400; font-family: verdana, geneva, sans-serif;\">Processo Seletivo SISU &#8211; 2019\/01 &#8211; 4\u00aa Convoca\u00e7\u00e3o<\/span><\/p>\n<p><span style=\"font-family: verdana, geneva, sans-serif;\"><a href=\"https:\/\/wp.ufpel.edu.br\/nai\/files\/2019\/03\/relat%C3%B3rio_parecer_cotas_Definitivo-17.pdf\" target=\"_blank\" rel=\"noopener\"><span style=\"font-weight: 400;\">Relat\u00f3rio Parecer Cotas Definitivo<\/span><\/a><\/span><\/p>\n<p>&nbsp;<\/p>\n<p><span style=\"font-family: verdana, geneva, sans-serif;\"><b>Processo Seletivo Especial<\/b><\/span><\/p>\n<p>&nbsp;<\/p>\n<p><span style=\"font-weight: 400; font-family: verdana, geneva, sans-serif;\">Processo Seletivo Especial &#8211; 2019\/01 &#8211; Vagas Remanescentes<\/span><\/p>\n<p><span style=\"font-family: verdana, geneva, sans-serif;\"><a href=\"https:\/\/wp.ufpel.edu.br\/nai\/files\/2019\/04\/relat%C3%B3rio_parecer_cotas_Definitivo-18.pdf\" target=\"_blank\" rel=\"noopener\"><span style=\"font-weight: 400;\">Relat\u00f3rio Parecer Cotas Definitivo<\/span><\/a><\/span><\/p>\n<hr \/>\n<p><span style=\"font-family: verdana, geneva, sans-serif;\"><b>2019\/02<\/b><\/span><\/p>\n<p>&nbsp;<\/p>\n<p><span style=\"font-family: verdana, geneva, sans-serif;\"><b>Processo Seletivo &#8211; SISU<\/b><\/span><\/p>\n<p><span style=\"font-weight: 400; font-family: verdana, geneva, sans-serif;\">Processo Seletivo SISU &#8211; 2019\/02 &#8211; Chamada Regular<\/span><\/p>\n<p><span style=\"font-family: verdana, geneva, sans-serif;\"><a href=\"https:\/\/wp.ufpel.edu.br\/nai\/files\/2019\/06\/relat%C3%B3rio_parecer_cotas_Definitivo-23.pdf\" target=\"_blank\" rel=\"noopener\"><span style=\"font-weight: 400;\">Relat\u00f3rio Parecer Cotas Definitivo<\/span><\/a><\/span><\/p>\n<p><span style=\"font-weight: 400; font-family: verdana, geneva, sans-serif;\">Processo Seletivo SISU &#8211; 2019\/02 &#8211; 1\u00aa Convoca\u00e7\u00e3o<\/span><\/p>\n<p><span style=\"font-family: verdana, geneva, sans-serif;\"><a href=\"https:\/\/wp.ufpel.edu.br\/nai\/files\/2019\/07\/relat%C3%B3rio_parecer_cotas_Definitivo-26.pdf\" target=\"_blank\" rel=\"noopener\"><span style=\"font-weight: 400;\">Relat\u00f3rio Parecer Cotas Definitivo<\/span><\/a><\/span><\/p>\n<p><span style=\"font-weight: 400; font-family: verdana, geneva, sans-serif;\">Processo Seletivo SISU &#8211; 2019\/02 &#8211; 3\u00aa Convoca\u00e7\u00e3o<\/span><\/p>\n<p><span style=\"font-family: verdana, geneva, sans-serif;\"><a href=\"https:\/\/wp.ufpel.edu.br\/nai\/files\/2019\/07\/relat%C3%B3rio_parecer_cotas_Definitivo-28.pdf\" target=\"_blank\" rel=\"noopener\"><span style=\"font-weight: 400;\">Relat\u00f3rio Parecer Cotas Definitivo<\/span><\/a><\/span><\/p>\n<p><span style=\"font-weight: 400; font-family: verdana, geneva, sans-serif;\">Processo Seletivo SISU &#8211; 2019\/2 &#8211; 5\u00aa Convoca\u00e7\u00e3o<\/span><\/p>\n<p><span style=\"font-family: verdana, geneva, sans-serif;\"><a href=\"https:\/\/wp.ufpel.edu.br\/nai\/files\/2019\/08\/relat%C3%B3rio_parecer_cotas_Definitivo-29.pdf\" target=\"_blank\" rel=\"noopener\"><span style=\"font-weight: 400;\">Relat\u00f3rio Parecer Cotas Definitivo<\/span><\/a><\/span><\/p>\n<p><span style=\"font-weight: 400; font-family: verdana, geneva, sans-serif;\">Processo Seletivo SISU &#8211; 2019\/2 &#8211; 6\u00aa Convoca\u00e7\u00e3o<\/span><\/p>\n<p><span style=\"font-family: verdana, geneva, sans-serif;\"><a href=\"https:\/\/wp.ufpel.edu.br\/nai\/files\/2019\/08\/relat%C3%B3rio_parecer_cotas_Definitivo-30.pdf\" target=\"_blank\" rel=\"noopener\"><span style=\"font-weight: 400;\">Relat\u00f3rio Parecer Cotas Definitivo<\/span><\/a><\/span><\/p>\n<p>&nbsp;<\/p>\n<p><span style=\"font-family: verdana, geneva, sans-serif;\"><b>Processo Seletivo &#8211; PAVE<\/b><\/span><\/p>\n<p>&nbsp;<\/p>\n<p><span style=\"font-weight: 400; font-family: verdana, geneva, sans-serif;\">Processo Seletivo PAVE &#8211; 2019\/02 &#8211; Chamada Regular<\/span><\/p>\n<p><span style=\"font-family: verdana, geneva, sans-serif;\"><a href=\"https:\/\/wp.ufpel.edu.br\/nai\/files\/2019\/06\/relat%C3%B3rio_parecer_cotas_Definitivo-20.pdf\" target=\"_blank\" rel=\"noopener\"><span style=\"font-weight: 400;\">Relat\u00f3rio Parecer Cotas Definitivo<\/span><\/a><\/span><\/p>\n<p>&nbsp;<\/p>\n<p>&nbsp;<\/p>\n<p>&nbsp;<\/p>\n<p>&nbsp;<\/p>\n","protected":false},"excerpt":{"rendered":"<p>2019\/01 &nbsp; Processo Seletivo &#8211; SISU &nbsp; Processo Seletivo SISU &#8211; 2019\/01 &#8211; Chamada Regular Relat\u00f3rio_Parecer_Cotas_Definitivo Processo Seletivo SISU &#8211; 2019\/01 &#8211; 1\u00aa Convoca\u00e7\u00e3o Relat\u00f3rio Parecer Cotas Definitivo Processo Seletivo SISU &#8211; 2019\/01 &#8211; 4\u00aa Convoca\u00e7\u00e3o Relat\u00f3rio Parecer Cotas Definitivo &nbsp; Processo Seletivo Especial &nbsp; Processo Seletivo Especial &#8211; 2019\/01 &#8211; Vagas Remanescentes Relat\u00f3rio Parecer [&hellip;]<\/p>\n","protected":false},"author":359,"featured_media":0,"parent":0,"menu_order":0,"comment_status":"closed","ping_status":"closed","template":"","meta":{"jetpack_post_was_ever_published":false,"footnotes":""},"class_list":["post-4306","page","type-page","status-publish","hentry"],"jetpack_sharing_enabled":true,"jetpack_shortlink":"https:\/\/wp.me\/P90IOR-17s","_links":{"self":[{"href":"https:\/\/wp.ufpel.edu.br\/nai\/wp-json\/wp\/v2\/pages\/4306","targetHints":{"allow":["GET"]}}],"collection":[{"href":"https:\/\/wp.ufpel.edu.br\/nai\/wp-json\/wp\/v2\/pages"}],"about":[{"href":"https:\/\/wp.ufpel.edu.br\/nai\/wp-json\/wp\/v2\/types\/page"}],"author":[{"embeddable":true,"href":"https:\/\/wp.ufpel.edu.br\/nai\/wp-json\/wp\/v2\/users\/359"}],"replies":[{"embeddable":true,"href":"https:\/\/wp.ufpel.edu.br\/nai\/wp-json\/wp\/v2\/comments?post=4306"}],"version-history":[{"count":8,"href":"https:\/\/wp.ufpel.edu.br\/nai\/wp-json\/wp\/v2\/pages\/4306\/revisions"}],"predecessor-version":[{"id":4613,"href":"https:\/\/wp.ufpel.edu.br\/nai\/wp-json\/wp\/v2\/pages\/4306\/revisions\/4613"}],"wp:attachment":[{"href":"https:\/\/wp.ufpel.edu.br\/nai\/wp-json\/wp\/v2\/media?parent=4306"}],"curies":[{"name":"wp","href":"https:\/\/api.w.org\/{rel}","templated":true}]}}