{"id":2294,"date":"2018-05-24T01:07:42","date_gmt":"2018-05-24T04:07:42","guid":{"rendered":"https:\/\/wp.ufpel.edu.br\/nai\/?page_id=2294"},"modified":"2018-10-23T12:29:35","modified_gmt":"2018-10-23T15:29:35","slug":"aplicativos","status":"publish","type":"page","link":"https:\/\/wp.ufpel.edu.br\/nai\/aplicativos\/","title":{"rendered":"Aplicativos"},"content":{"rendered":"<h1><span style=\"font-family: verdana, geneva, sans-serif\"><strong><span style=\"font-size: 14pt\">APLICATIVOS<\/span><\/strong><\/span><\/h1>\n<p style=\"text-align: left\"><span style=\"font-family: verdana, geneva, sans-serif\">Est\u00e1 se\u00e7\u00e3o lista alguns aplicativos para acessibilidade, que podem ajudar em algumas situa\u00e7\u00f5es do dia a dia. Primeiro aparece o\u00a0 nome do aplicativo, depois uma r\u00e1pida descri\u00e7\u00e3o e por fim os links para fazer o download de acordo com o sistema operacional do seu smartphone, Android ou iOS. Se voc\u00ea estiver acessando pelo celular, quando clicar no link que corresponde a vers\u00e3o do sistema operacional do seu Smartphone ou Tablet, voc\u00ea ser\u00e1 direcionado para a loja de aplicativos do seu aparelho onde poder\u00e1 fazer o download.<\/span><\/p>\n<p>&nbsp;<\/p>\n<p style=\"text-align: left\"><span style=\"font-size: 14pt;font-family: verdana, geneva, sans-serif\"><strong>Guiaderodas<\/strong><\/span><\/p>\n<p style=\"text-align: left;padding-left: 30px\"><span style=\"font-family: verdana, geneva, sans-serif\">O aplicativo guia de Rodas serve para avaliar a acessibilidade dos locais e pesquisar lugares que j\u00e1 foram avaliados. As avalia\u00e7\u00f5es podem ser feitas por qualquer pessoa, mesmo que n\u00e3o possua nenhuma dificuldade de locomo\u00e7\u00e3o, dessa forma voc\u00ea estar\u00e1 ajudando diversas pessoas que querem ir a algum lugar, mas n\u00e3o sabem se v\u00e3o conseguir entrar.<\/span><\/p>\n<p style=\"text-align: left;padding-left: 30px\"><span style=\"font-family: verdana, geneva, sans-serif\"><a href=\"https:\/\/play.google.com\/store\/apps\/details?id=com.parallel30.guiaderodas\" target=\"_blank\" rel=\"noopener\">Vers\u00e3o Android<\/a><\/span><\/p>\n<p style=\"text-align: left;padding-left: 30px\"><span style=\"font-family: verdana, geneva, sans-serif\"><a href=\"https:\/\/itunes.apple.com\/br\/app\/guiaderodas\/id1070335503?mt=8\" target=\"_blank\" rel=\"noopener\">Vers\u00e3o iOS<\/a><\/span><\/p>\n<hr \/>\n<p style=\"text-align: left\"><span style=\"font-size: 14pt;font-family: verdana, geneva, sans-serif\"><strong>Hand Talk<\/strong><\/span><\/p>\n<p style=\"text-align: left;padding-left: 30px\"><span style=\"font-family: verdana, geneva, sans-serif\">O Hand Talk \u00e9 um tradutor de bolso usado como um recurso de tradu\u00e7\u00e3o para L\u00edngua Brasileira de Sinais (Libras). Hugo, um simp\u00e1tico int\u00e9rprete 3D, faz a tradu\u00e7\u00e3o de texto e de voz para Libras estreitando la\u00e7os entre surdos e ouvintes. O aplicativo tamb\u00e9m conta com uma sess\u00e3o educativa chamada Hugo Ensina, com uma s\u00e9rie de v\u00eddeos que ensinam crian\u00e7as e adultos, express\u00f5es e sinais em libras.<\/span><\/p>\n<p style=\"text-align: left;padding-left: 30px\"><span style=\"font-family: verdana, geneva, sans-serif\"><a href=\"https:\/\/play.google.com\/store\/apps\/details?id=br.com.handtalk&amp;hl=pt_BR\" target=\"_blank\" rel=\"noopener\">Vers\u00e3o Android<\/a><\/span><\/p>\n<p style=\"text-align: left;padding-left: 30px\"><span style=\"font-family: verdana, geneva, sans-serif\"><a href=\"https:\/\/itunes.apple.com\/br\/app\/hand-talk-tradutor-para-libras\/id659816995?mt=8\" target=\"_blank\" rel=\"noopener\">Vers\u00e3o iOS<\/a><\/span><\/p>\n<hr \/>\n<p style=\"text-align: left\"><span style=\"font-size: 14pt;font-family: verdana, geneva, sans-serif\"><strong>Acessibilidade &#8211; CittaMobi<\/strong><\/span><\/p>\n<p style=\"text-align: left;padding-left: 30px\"><span style=\"font-family: verdana, geneva, sans-serif\">Voc\u00ea n\u00e3o precisa mais estar no ponto para saber que horas seu \u00f4nibus vai passar. O CittaMobi cuida disso para voc\u00ea. Com ele \u00e9 f\u00e1cil se programar, seja para ir para o trabalho, para casa ou para a balada, saiba em tempo real a que horas seu \u00f4nibus vai chegar. Com a vers\u00e3o Acessibilidade \u00e9 poss\u00edvel consultar as previs\u00f5es atrav\u00e9s do Voice Over do seu iPhone ou ativando o Talk Back no Android.<\/span><\/p>\n<p style=\"text-align: left;padding-left: 30px\"><span style=\"font-family: verdana, geneva, sans-serif\"><a href=\"https:\/\/play.google.com\/store\/apps\/details?id=com.cittabus.acessibilidade&amp;hl=pt\" target=\"_blank\" rel=\"noopener\">Vers\u00e3o Android<\/a><\/span><\/p>\n<p style=\"text-align: left;padding-left: 30px\"><span style=\"font-family: verdana, geneva, sans-serif\"><a href=\"https:\/\/itunes.apple.com\/br\/app\/acessibilidade-cittamobi\/id867764517?mt=8\" target=\"_blank\" rel=\"noopener\">Vers\u00e3o iOS<\/a><\/span><\/p>\n<hr \/>\n<p style=\"text-align: left\"><span style=\"font-family: verdana, geneva, sans-serif\"><strong><span style=\"font-size: 14pt\">Wheelmap<\/span><\/strong><\/span><\/p>\n<p style=\"text-align: left;padding-left: 30px\"><span style=\"font-family: verdana, geneva, sans-serif\">O Wheelmap \u00e9 um aplicativo, desenvolvido por uma ONG alem\u00e3, que serve para encontrar e marcar lugares acess\u00edveis para cadeira de rodas em todo o mundo. Qualquer pessoa pode adicionar lugares p\u00fablicos ao mapa avaliando-os de acordo com um sistema de sem\u00e1foro simples, ajudando pessoas que usam cadeira de rodas a planejar seus dias com mais facilidade.<\/span><\/p>\n<p style=\"text-align: left;padding-left: 30px\"><span style=\"font-family: verdana, geneva, sans-serif\"><a href=\"https:\/\/play.google.com\/store\/apps\/details?id=org.wheelmap.android.online&amp;hl=pt_BR\" target=\"_blank\" rel=\"noopener\">Vers\u00e3o Android<\/a><\/span><\/p>\n<p style=\"text-align: left;padding-left: 30px\"><span style=\"font-family: verdana, geneva, sans-serif\"><a href=\"https:\/\/itunes.apple.com\/br\/app\/wheelmap\/id399239476?mt=8\" target=\"_blank\" rel=\"noopener\">Vers\u00e3o iOS<\/a><\/span><\/p>\n<hr \/>\n<p style=\"text-align: left\"><span style=\"font-family: verdana, geneva, sans-serif\"><strong><span style=\"font-size: 14pt\">\u00a0Be My Eyes\u00a0<\/span><\/strong><\/span><\/p>\n<p style=\"text-align: left;padding-left: 30px\"><span style=\"font-family: verdana, geneva, sans-serif\">O Be My Eyes \u00e9 um app que ajuda a conectar pessoas cegas ou deficientes visuais a volunt\u00e1rios que enxergam, e possibilita que esses volunt\u00e1rios sejam os olhos, atrav\u00e9s de uma conex\u00e3o de v\u00eddeo e \u00e1udio, auxiliando em qualquer coisa desde saber o prazo de validade do leite at\u00e9 saber se suas roupas combinam. As chamadas podem demorar alguns minutos e dependem de pessoas reais para auxiliar, ent\u00e3o se recomenda que o usu\u00e1rio com defici\u00eancia visual seja paciente.<\/span><\/p>\n<p style=\"text-align: left;padding-left: 30px\"><span style=\"font-family: verdana, geneva, sans-serif\"><a href=\"https:\/\/play.google.com\/store\/apps\/details?id=com.bemyeyes.bemyeyes\" target=\"_blank\" rel=\"noopener\">Vers\u00e3o Android<\/a><\/span><\/p>\n<p style=\"text-align: left;padding-left: 30px\"><span style=\"font-family: verdana, geneva, sans-serif\"><a href=\"https:\/\/itunes.apple.com\/br\/app\/be-my-eyes-helping-blind-see\/id905177575?mt=8\" target=\"_blank\" rel=\"noopener\">Vers\u00e3o iOS<\/a><\/span><\/p>\n<hr \/>\n<p style=\"text-align: left\"><span style=\"font-family: verdana, geneva, sans-serif\"><strong><span style=\"font-size: 14pt\">Aramuno<\/span><\/strong><\/span><\/p>\n<p style=\"text-align: left;padding-left: 30px\"><span style=\"font-family: verdana, geneva, sans-serif\">Esse app \u00e9 um jogo com o objetivo de auxiliar no ensino de crian\u00e7as com dist\u00farbios de aprendizagem (especialmente dislexia). Em Aramumo, o jogador dever ouvir um conjunto de palavras e ent\u00e3o arrastar as bolhas flutuantes na tela \u00e0s posi\u00e7\u00f5es corretas na grade quadricular, de forma que as setas correspondam \u00e0s palavras ouvidas. O aplicativo s\u00f3 se encontra dispon\u00edvel para o sistema Android.<\/span><\/p>\n<p style=\"text-align: left;padding-left: 30px\"><span style=\"font-family: verdana, geneva, sans-serif\"><a href=\"https:\/\/play.google.com\/store\/apps\/details?id=com.aramumo.Game&amp;hl=pt_BR&amp;utm_source=blog&amp;utm_campaign=rc_blogpost\" target=\"_blank\" rel=\"noopener\">Vers\u00e3o Android<\/a><\/span><\/p>\n<hr \/>\n<p style=\"text-align: left\"><span style=\"font-size: 14pt;font-family: verdana, geneva, sans-serif\"><strong>ProDeaf tradutor<\/strong><\/span><\/p>\n<p style=\"text-align: left;padding-left: 30px\"><span style=\"font-family: verdana, geneva, sans-serif;font-size: 12pt\">Traduza frases e palavras de portugu\u00eas para L\u00edngua Brasileira de Sinais (Libras), ou de ingl\u00eas para L\u00edngua Americana de Sinais (ASL). O aplicativo foi projetado e desenvolvido com tecnologia totalmente brasileira, vindo para facilitar a comunica\u00e7\u00e3o entre ouvintes e pessoas com defici\u00eancia auditiva.<\/span><\/p>\n<p style=\"text-align: left;padding-left: 30px\"><span style=\"font-family: verdana, geneva, sans-serif;font-size: 12pt\"><a href=\"https:\/\/play.google.com\/store\/apps\/details?id=com.Proativa.ProDeafMovel\" target=\"_blank\" rel=\"noopener\">Vers\u00e3o Android<\/a><\/span><\/p>\n<hr \/>\n<p><span style=\"font-family: verdana, geneva, sans-serif\"><strong><span style=\"font-size: 14pt\">Madness&#8217;s Daze<\/span><\/strong><\/span><\/p>\n<p style=\"text-align: left;padding-left: 30px\"><span style=\"font-family: verdana, geneva, sans-serif\">O aplicativo \u00e9 um jogo baseado em um conto Howard Phillips Lovecraft, escritor norte-americano do g\u00eanero de terror. O jogo possui sons e imagens em 3D, dando ao jogador a sensa\u00e7\u00e3o de imers\u00e3o no cen\u00e1rio. Outro diferencial \u00e9 o VoiceOver, A tecnologia oferece a descri\u00e7\u00e3o de tudo que est\u00e1 na tela e \u00e9 feita por uma integrante do grupo de desenvolvedores do aplicativo. O Desafio do jogo \u00e9 fazer a personagem principal fugir de um hosp\u00edcio encontrando dois objetos que ser\u00e3o usados na fuga.<\/span><\/p>\n<p style=\"padding-left: 30px\"><span style=\"font-family: verdana, geneva, sans-serif\"><a href=\"https:\/\/itunes.apple.com\/br\/app\/madnesss-daze\/id1046060831?mt=8&amp;ign-mscache=1\" target=\"_blank\" rel=\"noopener\">Vers\u00e3o iOS<\/a><\/span><\/p>\n<hr \/>\n<p><span style=\"font-size: 14pt;font-family: verdana, geneva, sans-serif\"><strong>Lookout<\/strong><\/span><\/p>\n<p style=\"text-align: left;padding-left: 30px\"><span style=\"font-family: verdana, geneva, sans-serif\">O Lookout funciona com o aparelho pendurado no pesco\u00e7o ou no bolso de uma camisa, desde que a c\u00e2mera traseira esteja voltada para a vis\u00e3o frontal do usu\u00e1rio. O app promete reconhecer textos, pessoas, objetos, placas de sinaliza\u00e7\u00e3o e outros elementos notificando o usu\u00e1rio via \u00e1udio. Infelizmente o app n\u00e3o se encontra dispon\u00edvel para download, pois ainda est\u00e1 em fase de desenvolvimento pela Google, por\u00e9m quando for lan\u00e7ado se cumprir tudo o que promete deve ser de grande ajuda no dia a dia de pessoas com defici\u00eancia visual.<\/span><\/p>\n","protected":false},"excerpt":{"rendered":"<p>APLICATIVOS Est\u00e1 se\u00e7\u00e3o lista alguns aplicativos para acessibilidade, que podem ajudar em algumas situa\u00e7\u00f5es do dia a dia. Primeiro aparece o\u00a0 nome do aplicativo, depois uma r\u00e1pida descri\u00e7\u00e3o e por fim os links para fazer o download de acordo com o sistema operacional do seu smartphone, Android ou iOS. Se voc\u00ea estiver acessando pelo celular, [&hellip;]<\/p>\n","protected":false},"author":359,"featured_media":0,"parent":0,"menu_order":0,"comment_status":"closed","ping_status":"closed","template":"","meta":{"jetpack_post_was_ever_published":false,"footnotes":""},"class_list":["post-2294","page","type-page","status-publish","hentry"],"jetpack_sharing_enabled":true,"jetpack_shortlink":"https:\/\/wp.me\/P90IOR-B0","_links":{"self":[{"href":"https:\/\/wp.ufpel.edu.br\/nai\/wp-json\/wp\/v2\/pages\/2294","targetHints":{"allow":["GET"]}}],"collection":[{"href":"https:\/\/wp.ufpel.edu.br\/nai\/wp-json\/wp\/v2\/pages"}],"about":[{"href":"https:\/\/wp.ufpel.edu.br\/nai\/wp-json\/wp\/v2\/types\/page"}],"author":[{"embeddable":true,"href":"https:\/\/wp.ufpel.edu.br\/nai\/wp-json\/wp\/v2\/users\/359"}],"replies":[{"embeddable":true,"href":"https:\/\/wp.ufpel.edu.br\/nai\/wp-json\/wp\/v2\/comments?post=2294"}],"version-history":[{"count":14,"href":"https:\/\/wp.ufpel.edu.br\/nai\/wp-json\/wp\/v2\/pages\/2294\/revisions"}],"predecessor-version":[{"id":2946,"href":"https:\/\/wp.ufpel.edu.br\/nai\/wp-json\/wp\/v2\/pages\/2294\/revisions\/2946"}],"wp:attachment":[{"href":"https:\/\/wp.ufpel.edu.br\/nai\/wp-json\/wp\/v2\/media?parent=2294"}],"curies":[{"name":"wp","href":"https:\/\/api.w.org\/{rel}","templated":true}]}}