{"id":210,"date":"2014-09-26T10:21:25","date_gmt":"2014-09-26T13:21:25","guid":{"rendered":"https:\/\/wp.ufpel.edu.br\/nai\/?page_id=210"},"modified":"2018-10-31T09:54:53","modified_gmt":"2018-10-31T12:54:53","slug":"secao-de-acompanhamento-educacional-especializado","status":"publish","type":"page","link":"https:\/\/wp.ufpel.edu.br\/nai\/secao-de-acompanhamento-educacional-especializado\/","title":{"rendered":"Atendimento Educacional Especializado"},"content":{"rendered":"<p><a href=\"https:\/\/drive.google.com\/open?id=1aS7NmFEXA0t9DDb7-4fFKISXmogdZhnj\" target=\"_blank\" rel=\"noopener\"><span style=\"font-family: verdana, geneva, sans-serif\">Texto em Libras &#8211; Clique Aqui<\/span><\/a> <img data-attachment-id=\"2963\" data-permalink=\"https:\/\/wp.ufpel.edu.br\/nai\/libras-2\/\" data-orig-file=\"https:\/\/wp.ufpel.edu.br\/nai\/files\/2018\/10\/libras-e1541596773614.png\" data-orig-size=\"30,30\" data-comments-opened=\"0\" data-image-meta=\"{&quot;aperture&quot;:&quot;0&quot;,&quot;credit&quot;:&quot;&quot;,&quot;camera&quot;:&quot;&quot;,&quot;caption&quot;:&quot;&quot;,&quot;created_timestamp&quot;:&quot;0&quot;,&quot;copyright&quot;:&quot;&quot;,&quot;focal_length&quot;:&quot;0&quot;,&quot;iso&quot;:&quot;0&quot;,&quot;shutter_speed&quot;:&quot;0&quot;,&quot;title&quot;:&quot;&quot;,&quot;orientation&quot;:&quot;0&quot;}\" data-image-title=\"Acessibilidade em Libras libras\" data-image-description=\"\" data-image-caption=\"&lt;p&gt;Link tradu\u00e7\u00e3o em Libras&lt;\/p&gt;\n\" data-medium-file=\"https:\/\/wp.ufpel.edu.br\/nai\/files\/2018\/10\/libras-e1541596773614.png\" data-large-file=\"https:\/\/wp.ufpel.edu.br\/nai\/files\/2018\/10\/libras-e1541596773614.png\" class=\"wp-image-2963 alignleft\" src=\"https:\/\/wp.ufpel.edu.br\/nai\/files\/2018\/10\/libras-200x200.png\" alt=\"\" width=\"30\" height=\"30\" \/><\/p>\n<p>&nbsp;<\/p>\n<p style=\"text-align: left\"><span style=\"font-family: verdana,geneva,sans-serif\">A Se\u00e7\u00e3o de Atendimento Educacional Especializado tem por objetivo promover e auxiliar na acessibilidade e inclus\u00e3o de acad\u00eamicos com Defici\u00eancias, Transtorno do Espectro Autista e Altas Habilidades e\/ou Superdota\u00e7\u00e3o, oriundos dos diversos cursos de Gradua\u00e7\u00e3o e P\u00f3s-Gradua\u00e7\u00e3o da UFPEL. O atendimento aos acad\u00eamicos tem por finalidade elencar as necessidades educativas espec\u00edficas de cada um, para que seu aprendizado se desenvolva de forma qualificada e acess\u00edvel. Ap\u00f3s o atendimento pela se\u00e7\u00e3o de AEE, as educadoras especializadas elaboram um documento orientador a ser encaminhado aos Coordenadores e professores dos Cursos com\u00a0 orienta\u00e7\u00f5es de como desenvolver as habilidades desses acad\u00eamicos,\u00a0 quais adequa\u00e7\u00f5es e recursos ser\u00e3o necess\u00e1rios.<\/span><\/p>\n<p>&nbsp;<\/p>\n<p style=\"text-align: left\"><span style=\"font-family: verdana,geneva,sans-serif\">Cabe, ainda, a se\u00e7\u00e3o de AEE, a forma\u00e7\u00e3o e orienta\u00e7\u00e3o aos tutores destinados ao acompanhamento pedag\u00f3gico dos alunos com defici\u00eancia, o apoio a docentes e t\u00e9cnico-administrativos que necessitam de recursos de acessibilidade.<\/span><\/p>\n<p>&nbsp;<\/p>\n<p style=\"text-align: left\"><span style=\"font-family: verdana,geneva,sans-serif\">Al\u00e9m destas a\u00e7\u00f5es espec\u00edficas envolvendo a aprendizagem dos alunos, a se\u00e7\u00e3o desenvolve parceria com o N\u00facleo Psicopedag\u00f3gico da Pr\u00f3-Reitoria de Assuntos Estudantis no encaminhamento para atendimento psicol\u00f3gico, caso o acad\u00eamico atendido pela SAEE necessite.<\/span><\/p>\n<p style=\"text-align: left\"><span style=\"font-family: verdana, geneva, sans-serif\">\u00a0<\/span><\/p>\n<p style=\"text-align: left\"><span style=\"font-family: verdana,geneva,sans-serif\">Para <strong>solicitar o atendimento da SAEE<\/strong>, acesse a\u00a0 aba\u00a0 &#8220;agendamento de atendimento&#8221; e preencha o formul\u00e1rio <em>online<\/em>.<\/span><\/p>\n<p style=\"text-align: left\"><span style=\"font-family: verdana, geneva, sans-serif\">\u00a0<\/span><\/p>\n","protected":false},"excerpt":{"rendered":"<p>Texto em Libras &#8211; Clique Aqui &nbsp; A Se\u00e7\u00e3o de Atendimento Educacional Especializado tem por objetivo promover e auxiliar na acessibilidade e inclus\u00e3o de acad\u00eamicos com Defici\u00eancias, Transtorno do Espectro Autista e Altas Habilidades e\/ou Superdota\u00e7\u00e3o, oriundos dos diversos cursos de Gradua\u00e7\u00e3o e P\u00f3s-Gradua\u00e7\u00e3o da UFPEL. O atendimento aos acad\u00eamicos tem por finalidade elencar as [&hellip;]<\/p>\n","protected":false},"author":359,"featured_media":0,"parent":0,"menu_order":6,"comment_status":"closed","ping_status":"closed","template":"","meta":{"jetpack_post_was_ever_published":false,"footnotes":""},"class_list":["post-210","page","type-page","status-publish","hentry"],"jetpack_sharing_enabled":true,"jetpack_shortlink":"https:\/\/wp.me\/P90IOR-3o","_links":{"self":[{"href":"https:\/\/wp.ufpel.edu.br\/nai\/wp-json\/wp\/v2\/pages\/210","targetHints":{"allow":["GET"]}}],"collection":[{"href":"https:\/\/wp.ufpel.edu.br\/nai\/wp-json\/wp\/v2\/pages"}],"about":[{"href":"https:\/\/wp.ufpel.edu.br\/nai\/wp-json\/wp\/v2\/types\/page"}],"author":[{"embeddable":true,"href":"https:\/\/wp.ufpel.edu.br\/nai\/wp-json\/wp\/v2\/users\/359"}],"replies":[{"embeddable":true,"href":"https:\/\/wp.ufpel.edu.br\/nai\/wp-json\/wp\/v2\/comments?post=210"}],"version-history":[{"count":22,"href":"https:\/\/wp.ufpel.edu.br\/nai\/wp-json\/wp\/v2\/pages\/210\/revisions"}],"predecessor-version":[{"id":2969,"href":"https:\/\/wp.ufpel.edu.br\/nai\/wp-json\/wp\/v2\/pages\/210\/revisions\/2969"}],"wp:attachment":[{"href":"https:\/\/wp.ufpel.edu.br\/nai\/wp-json\/wp\/v2\/media?parent=210"}],"curies":[{"name":"wp","href":"https:\/\/api.w.org\/{rel}","templated":true}]}}